{"id":8960,"date":"2022-06-21T15:57:06","date_gmt":"2022-06-21T13:57:06","guid":{"rendered":"https:\/\/algerac.dz\/?page_id=8960"},"modified":"2022-06-21T15:59:13","modified_gmt":"2022-06-21T13:59:13","slug":"prix-algerien-de-la-qualite-2022","status":"publish","type":"page","link":"https:\/\/algerac.dz\/en\/prix-algerien-de-la-qualite-2022\/","title":{"rendered":"Prix Alg\u00e9rien de la Qualit\u00e9 2022"},"content":{"rendered":"<div data-elementor-type=\"wp-page\" data-elementor-id=\"8960\" class=\"elementor elementor-8960\">\n\t\t\t\t\t\t<div class=\"elementor-inner\">\n\t\t\t\t<div class=\"elementor-section-wrap\">\n\t\t\t\t\t\t\t\t\t<section class=\"elementor-section elementor-top-section elementor-element elementor-element-0c360aa elementor-section-boxed elementor-section-height-default elementor-section-height-default\" data-id=\"0c360aa\" data-element_type=\"section\">\n\t\t\t\t\t\t<div class=\"elementor-container elementor-column-gap-default\">\n\t\t\t\t\t\t\t<div class=\"elementor-row\">\n\t\t\t\t\t<div class=\"elementor-column elementor-col-100 elementor-top-column elementor-element elementor-element-0038cfe\" data-id=\"0038cfe\" data-element_type=\"column\">\n\t\t\t<div class=\"elementor-column-wrap elementor-element-populated\">\n\t\t\t\t\t\t\t<div class=\"elementor-widget-wrap\">\n\t\t\t\t\t\t<div class=\"elementor-element elementor-element-7014a7a elementor-widget elementor-widget-heading\" data-id=\"7014a7a\" data-element_type=\"widget\" data-widget_type=\"heading.default\">\n\t\t\t\t<div class=\"elementor-widget-container\">\n\t\t\t<h2 class=\"elementor-heading-title elementor-size-default\">National Competition for Obtaining\nof the Algerian Quality Award Year 2022<\/h2>\t\t<\/div>\n\t\t\t\t<\/div>\n\t\t\t\t\t\t<\/div>\n\t\t\t\t\t<\/div>\n\t\t<\/div>\n\t\t\t\t\t\t\t\t<\/div>\n\t\t\t\t\t<\/div>\n\t\t<\/section>\n\t\t\t\t<section class=\"elementor-section elementor-top-section elementor-element elementor-element-a195242 elementor-section-boxed elementor-section-height-default elementor-section-height-default\" data-id=\"a195242\" data-element_type=\"section\">\n\t\t\t\t\t\t<div class=\"elementor-container elementor-column-gap-default\">\n\t\t\t\t\t\t\t<div class=\"elementor-row\">\n\t\t\t\t\t<div class=\"elementor-column elementor-col-100 elementor-top-column elementor-element elementor-element-9554879\" data-id=\"9554879\" data-element_type=\"column\">\n\t\t\t<div class=\"elementor-column-wrap elementor-element-populated\">\n\t\t\t\t\t\t\t<div class=\"elementor-widget-wrap\">\n\t\t\t\t\t\t<div class=\"elementor-element elementor-element-d8d1cf2 elementor-widget elementor-widget-text-editor\" data-id=\"d8d1cf2\" data-element_type=\"widget\" data-widget_type=\"text-editor.default\">\n\t\t\t\t<div class=\"elementor-widget-container\">\n\t\t\t\t\t\t\t\t<div class=\"elementor-text-editor elementor-clearfix\">\n\t\t\t\t<p>Le Minist\u00e8re de l\u2019Industrie lance un concours national visant l\u2019attribution du Prix Alg\u00e9rien<br \/>de la Qualit\u00e9 au titre de l\u2019\u00e9dition 2022 afin de r\u00e9compenser les entreprises et les organismes<br \/>pour les efforts consentis en faveur de l\u2019am\u00e9lioration et du d\u00e9veloppement de la qualit\u00e9.<br \/>Le Prix Alg\u00e9rien de la Qualit\u00e9 comporte :<\/p><ul><li>Une r\u00e9compense financi\u00e8re d\u2019un montant de deux millions de dinars alg\u00e9riens (2.000.000 DA),<\/li><li>Un troph\u00e9e honorifique,<\/li><li>Un dipl\u00f4me d\u2019honneur.<br \/><br \/>Les entreprises et organismes certifi\u00e9s selon les diff\u00e9rents syst\u00e8mes de management, int\u00e9ress\u00e9s par le pr\u00e9sent avis, sont invit\u00e9s \u00e0 retirer le cahier des charges relatif au concours \u00e0 l\u2019adresse suivante :<\/li><\/ul><p>Minist\u00e8re de l\u2019Industrie<br \/>Division de la Qualit\u00e9 et de la Propri\u00e9t\u00e9 Industrielle &#8211; 5\u00e8me \u00e9tage &#8211; Immeuble le Colis\u00e9e, 2 rue Ahmed Bey &#8211; Alger &#8211; Alg\u00e9rie<br \/>Ou bien le t\u00e9l\u00e9charger du site Internet du Minist\u00e8re : <a href=\"https:\/\/www.industrie.gov.dz\/?Prix-Algerien-de-la-Qualite-Annee,1420\" target=\"_blank\" rel=\"noopener\">www.industrie.gov.dz<\/a><br \/>La date limite de d\u00e9p\u00f4t des dossiers de participation est fix\u00e9e au 30 juin 2022.<\/p>\t\t\t\t\t<\/div>\n\t\t\t\t\t\t<\/div>\n\t\t\t\t<\/div>\n\t\t\t\t\t\t<\/div>\n\t\t\t\t\t<\/div>\n\t\t<\/div>\n\t\t\t\t\t\t\t\t<\/div>\n\t\t\t\t\t<\/div>\n\t\t<\/section>\n\t\t\t\t\t\t\t\t\t<\/div>\n\t\t\t<\/div>\n\t\t\t\t\t<\/div>","protected":false},"excerpt":{"rendered":"<p>Concours National pour L\u2019obtention du Prix Alg\u00e9rien de la Qualit\u00e9 Ann\u00e9e 2022 Le Minist\u00e8re de l\u2019Industrie lance un concours national visant l\u2019attribution du Prix Alg\u00e9riende la Qualit\u00e9 au titre de l\u2019\u00e9dition 2022 afin de r\u00e9compenser les entreprises et les organismespour les efforts consentis en faveur de l\u2019am\u00e9lioration et du d\u00e9veloppement de la qualit\u00e9.Le Prix Alg\u00e9rien&#8230;<\/p>","protected":false},"author":1,"featured_media":0,"parent":0,"menu_order":0,"comment_status":"closed","ping_status":"closed","template":"","meta":{"_kad_post_transparent":"","_kad_post_title":"hide","_kad_post_layout":"fullwidth","_kad_post_sidebar_id":"","_kad_post_content_style":"unboxed","_kad_post_vertical_padding":"hide","_kad_post_feature":"hide","_kad_post_feature_position":"","_kad_post_header":false,"_kad_post_footer":false},"_links":{"self":[{"href":"https:\/\/algerac.dz\/en\/wp-json\/wp\/v2\/pages\/8960"}],"collection":[{"href":"https:\/\/algerac.dz\/en\/wp-json\/wp\/v2\/pages"}],"about":[{"href":"https:\/\/algerac.dz\/en\/wp-json\/wp\/v2\/types\/page"}],"author":[{"embeddable":true,"href":"https:\/\/algerac.dz\/en\/wp-json\/wp\/v2\/users\/1"}],"replies":[{"embeddable":true,"href":"https:\/\/algerac.dz\/en\/wp-json\/wp\/v2\/comments?post=8960"}],"version-history":[{"count":7,"href":"https:\/\/algerac.dz\/en\/wp-json\/wp\/v2\/pages\/8960\/revisions"}],"predecessor-version":[{"id":8967,"href":"https:\/\/algerac.dz\/en\/wp-json\/wp\/v2\/pages\/8960\/revisions\/8967"}],"wp:attachment":[{"href":"https:\/\/algerac.dz\/en\/wp-json\/wp\/v2\/media?parent=8960"}],"curies":[{"name":"wp","href":"https:\/\/api.w.org\/{rel}","templated":true}]}}