{"id":8493,"date":"2022-05-10T16:12:25","date_gmt":"2022-05-10T14:12:25","guid":{"rendered":"https:\/\/algerac.dz\/?page_id=8493"},"modified":"2022-05-10T16:26:10","modified_gmt":"2022-05-10T14:26:10","slug":"recrutement_experts_iso_22000","status":"publish","type":"page","link":"https:\/\/algerac.dz\/en\/recrutement_experts_iso_22000\/","title":{"rendered":"Recrutement_Experts_ISO_22000"},"content":{"rendered":"<div data-elementor-type=\"wp-page\" data-elementor-id=\"8493\" class=\"elementor elementor-8493\">\n\t\t\t\t\t\t<div class=\"elementor-inner\">\n\t\t\t\t<div class=\"elementor-section-wrap\">\n\t\t\t\t\t\t\t\t\t<section class=\"elementor-section elementor-top-section elementor-element elementor-element-55aaba0 elementor-section-boxed elementor-section-height-default elementor-section-height-default\" data-id=\"55aaba0\" data-element_type=\"section\">\n\t\t\t\t\t\t<div class=\"elementor-container elementor-column-gap-default\">\n\t\t\t\t\t\t\t<div class=\"elementor-row\">\n\t\t\t\t\t<div class=\"elementor-column elementor-col-100 elementor-top-column elementor-element elementor-element-e311d99\" data-id=\"e311d99\" data-element_type=\"column\">\n\t\t\t<div class=\"elementor-column-wrap elementor-element-populated\">\n\t\t\t\t\t\t\t<div class=\"elementor-widget-wrap\">\n\t\t\t\t\t\t<div class=\"elementor-element elementor-element-0477bb9 elementor-widget elementor-widget-heading\" data-id=\"0477bb9\" data-element_type=\"widget\" data-widget_type=\"heading.default\">\n\t\t\t\t<div class=\"elementor-widget-container\">\n\t\t\t<h2 class=\"elementor-heading-title elementor-size-default\">Appel \u00e0 candidature pour le recrutement d'experts dans le domaine de certification ISO 22000<\/h2>\t\t<\/div>\n\t\t\t\t<\/div>\n\t\t\t\t<div class=\"elementor-element elementor-element-1765116 elementor-widget elementor-widget-text-editor\" data-id=\"1765116\" data-element_type=\"widget\" data-widget_type=\"text-editor.default\">\n\t\t\t\t<div class=\"elementor-widget-container\">\n\t\t\t\t\t\t\t\t<div class=\"elementor-text-editor elementor-clearfix\">\n\t\t\t\t<p><strong>Appel \u00e0 candidature pour le recrutement des experts dans le domaine de certification ISO 22000 pour les secteurs d\u2019activit\u00e9s\u00a0:\u00a0 <\/strong><\/p><p><strong>Productions animales : <\/strong><\/p><p><strong>\u00a0\u00a0\u00a0\u00a0 <\/strong>Sous-cat\u00e9gorie\u00a0:<\/p><ul><li>Viande, lait, \u0153ufs, miel<\/li><li>\u00c9levage de poissons et de produits de la mer<\/li><\/ul><p><strong>Productions v\u00e9g\u00e9tales\u00a0: <\/strong><\/p><p>Sous-cat\u00e9gorie\u00a0:<\/p><ul><li>Productions v\u00e9g\u00e9tales (autres que les c\u00e9r\u00e9ales, ol\u00e9agineux et prot\u00e9agineux)<\/li><li>Productions de c\u00e9r\u00e9ales, d\u2019ol\u00e9agineux et de prot\u00e9agineux<\/li><\/ul><p><strong>\u00a0Fabrication de denr\u00e9es alimentaires : <\/strong><\/p><p><strong>\u00a0\u00a0\u00a0\u00a0\u00a0\u00a0\u00a0\u00a0\u00a0 <\/strong>Sous-cat\u00e9gorie\u00a0:<\/p><ul><li>Transformation de denr\u00e9es p\u00e9rissables d\u2019origine animale<\/li><li>Transformation de denr\u00e9es p\u00e9rissables d\u2019origine v\u00e9g\u00e9tale<\/li><li>Transformation de denr\u00e9es p\u00e9rissables d\u2019origine animale et v\u00e9g\u00e9tale (denr\u00e9es mixtes)<\/li><\/ul><ul><li>Transformation de denr\u00e9es stables \u00e0 temp\u00e9rature ambiante<\/li><\/ul><p><strong>\u00a0 Fabrication d\u2019aliments pour animaux <\/strong><\/p><p><strong>\u00a0\u00a0\u00a0 <\/strong>Sous-cat\u00e9gorie\u00a0:<\/p><ul><li>Transformation d\u2019aliments pour animaux<\/li><li>Transformation d\u2019aliments pour animaux de compagnie<\/li><li><strong>Restauration <\/strong><\/li><\/ul><p>Sous-cat\u00e9gorie\u00a0:<\/p><ul><li>Restauration<\/li><\/ul><p><strong>Vente au d\u00e9tail, transport et stockage <\/strong><\/p><p>Sous-cat\u00e9gorie\u00a0:<\/p><ul><li>Distribution Prestations de services de transport et de stockage<\/li><\/ul><p><strong>Services auxiliaires <\/strong><\/p><p>Sous-cat\u00e9gorie\u00a0:<\/p><ul><li>Services<\/li><li>Production d\u2019emballages destin\u00e9s aux denr\u00e9es alimentaires et de mat\u00e9riaux d\u2019emballage<\/li><li>Fabrication d\u2019\u00e9quipements<\/li><\/ul><p><strong>Produits biochimiques <\/strong><\/p><p>Sous-cat\u00e9gorie\u00a0:<\/p><ul><li>Production de produits (bio)chimiques<\/li><\/ul>\t\t\t\t\t<\/div>\n\t\t\t\t\t\t<\/div>\n\t\t\t\t<\/div>\n\t\t\t\t<div class=\"elementor-element elementor-element-16ce62c elementor-widget elementor-widget-premium-addon-modal-box\" data-id=\"16ce62c\" data-element_type=\"widget\" data-settings=\"{&quot;premium_modal_box_animation&quot;:&quot;fadeInDown&quot;}\" data-widget_type=\"premium-addon-modal-box.default\">\n\t\t\t\t<div class=\"elementor-widget-container\">\n\t\t\t\n\t\t<div class=\"premium-modal-box-container\" data-settings=\"{&quot;trigger&quot;:&quot;button&quot;}\">\n\t\t\t<div class=\"premium-modal-trigger-container\">\n\t\t\t\t\t\t\t\t\t<button data-toggle=\"premium-modal\" data-target=\"#premium-modal-16ce62c\" type=\"button\" class=\"premium-modal-trigger-btn premium-btn-lg\">\n\t\t\t\t\t\t\t\t\t\t\t\t<span>Apply<\/span>\n\t\t\t\t\t\t\t\t\t\t\t<\/button>\n\t\t\t\t\t\t\t<\/div>\n\n\t\t\t<div id=\"premium-modal-16ce62c\" class=\"premium-modal-box-modal\" role=\"dialog\" style=\"display: none\">\n\t\t\t\t<div class=\"premium-modal-box-modal-dialog\" data-delay-animation=\"\" data-modal-animation=\"fadeInDown animated-fast\">\n\t\t\t\t\t\t\t\t\t\t\t<div class=\"premium-modal-box-modal-header\">\n\t\t\t\t\t\t\t\t\t\t\t\t\t\t\t<h3 class=\"premium-modal-box-modal-title\">\n\t\t\t\t\t\t\t\t\tModal Box Title\t\t\t\t\t\t\t\t<\/h3>\n\t\t\t\t\t\t\t\t\t\t\t\t\t\t\t\t\t\t\t\t\t\t<div class=\"premium-modal-box-close-button-container\">\n\t\t\t\t\t\t\t\t\t<button type=\"button\" class=\"premium-modal-box-modal-close\" data-dismiss=\"premium-modal\">&times;<\/button>\n\t\t\t\t\t\t\t\t<\/div>\n\t\t\t\t\t\t\t\t\t\t\t\t\t<\/div>\n\t\t\t\t\t\t\t\t\t\t<div class=\"premium-modal-box-modal-body\">\n\t\t\t\t\t\t<section class=\"elementor-section elementor-top-section elementor-element elementor-element-3823465 elementor-section-boxed elementor-section-height-default elementor-section-height-default\" data-id=\"3823465\" data-element_type=\"section\"><div class=\"elementor-container elementor-column-gap-default\"><div class=\"elementor-row\"><div class=\"elementor-column elementor-col-100 elementor-top-column elementor-element elementor-element-8041184\" data-id=\"8041184\" data-element_type=\"column\"><div class=\"elementor-column-wrap elementor-element-populated\"><div class=\"elementor-widget-wrap\"><div class=\"elementor-element elementor-element-1d85d52 elementor-widget elementor-widget-heading\" data-id=\"1d85d52\" data-element_type=\"widget\" data-widget_type=\"heading.default\"><div class=\"elementor-widget-container\"><h2 class=\"elementor-heading-title elementor-size-default\"><b>Become an ALGERAC Expert \/ Evaluator \/ Trainer<\/b><\/h2><\/div><\/div><\/div><\/div><\/div><\/div><\/div><\/section><section class=\"elementor-section elementor-top-section elementor-element elementor-element-626b607 elementor-section-boxed elementor-section-height-default elementor-section-height-default\" data-id=\"626b607\" data-element_type=\"section\"><div class=\"elementor-container elementor-column-gap-default\"><div class=\"elementor-row\"><div class=\"elementor-column elementor-col-100 elementor-top-column elementor-element elementor-element-9f3faf2\" data-id=\"9f3faf2\" data-element_type=\"column\"><div class=\"elementor-column-wrap elementor-element-populated\"><div class=\"elementor-widget-wrap\"><div class=\"elementor-element elementor-element-f7b42ac elementor-widget elementor-widget-text-editor\" data-id=\"f7b42ac\" data-element_type=\"widget\" data-widget_type=\"text-editor.default\"><div class=\"elementor-widget-container\"><div class=\"elementor-text-editor elementor-clearfix\"><p>Each year, ALGERAC launches a call for applications for the recruitment of assessor, expert and trainer with skills and know-how in the fields of testing and calibration laboratories, inspection and certification. .<\/p><p>Whether you are an expert, evaluator, teacher, trainer, researcher, or qualified employee within an establishment and that you have the necessary skills to independently carry out short-term evaluation missions for compliance, we invite you to join ALGERAC and contribute through your knowledge and know-how.<\/p><p><b>Terms :<\/b><\/p><p>\u2022 Being active or not having left the activity for more than 02 years.<br \/>\u2022 Be under 65 years old.<br \/>\u2022 Possess diplomas, qualifications and references in a defined field of competence.<br \/>\u2022 Be available to carry out short-term assignments.<br \/>\u2022 Demonstrate independence, objectivity, impartiality and confidentiality.<br \/>\u2022 Possess verbal and written communication skills.<br \/>\u2022 Mastering the regulatory framework and methods relating to evaluation would be an added value.<\/p><p><a href=\"https:\/\/algerac.dz\/wp-content\/uploads\/2020\/12\/PRO-06-Selection-Qualification-et-Suivi-Competences-Evaluateurs-Experts-Rev-11.pdf\" target=\"_blank\" rel=\"noopener\"><b>Voir les crit\u00e8res et exigences de s\u00e9lection de candidat (PR06) \u2013 [pdf]<\/b><\/a><\/p><p><b>Advantages :<\/b><\/p><p>Being an expert, evaluator or trainer within ALGERAC allows you to:<\/p><p>\u2022 Develop your contact network by meeting other national and international experts;<br \/>\u2022 To enrich your personal experience;<br \/>\u2022 To perfect your knowledge and know-how thanks to the various technical aspects to be studied and evaluated;<br \/>\u2022 To benefit from free training in the areas of intervention;<br \/>\u2022 A daily remuneration corresponding to the ALGERAC remuneration grid.<\/p><p><b>Registration procedure:<\/b><\/p><p>To register on the national file of experts, evaluators and trainers of ALGERAC, you just have to fill in and return the application form\u00a0<a href=\"https:\/\/algerac.dz\/wp-content\/uploads\/2019\/10\/FOR-20-Curriculum-vitae.docx\" target=\"_blank\" rel=\"noopener\">FOR 20<\/a> to the following email address: recrutement@algerac.dz<\/p><\/div><\/div><\/div><\/div><\/div><\/div><\/div><\/div><\/section>\t\t\t\t\t<\/div>\n\t\t\t\t\t\t\t\t\t\t\t<div class=\"premium-modal-box-modal-footer\">\n\t\t\t\t\t\t\t<button type=\"button\" class=\"premium-modal-box-modal-lower-close\" data-dismiss=\"premium-modal\">\n\t\t\t\t\t\t\t\tClose\t\t\t\t\t\t\t<\/button>\n\t\t\t\t\t\t<\/div>\n\t\t\t\t\t\t\t\t\t<\/div>\n\t\t\t<\/div>\n\t\t<\/div>\n\n\t\t\t\t<\/div>\n\t\t\t\t<\/div>\n\t\t\t\t\t\t<\/div>\n\t\t\t\t\t<\/div>\n\t\t<\/div>\n\t\t\t\t\t\t\t\t<\/div>\n\t\t\t\t\t<\/div>\n\t\t<\/section>\n\t\t\t\t\t\t\t\t\t<\/div>\n\t\t\t<\/div>\n\t\t\t\t\t<\/div>","protected":false},"excerpt":{"rendered":"<p>Appel \u00e0 candidature pour le recrutement d&rsquo;experts dans le domaine de certification ISO 22000 Appel \u00e0 candidature pour le recrutement des experts dans le domaine de certification ISO 22000 pour les secteurs d\u2019activit\u00e9s\u00a0:\u00a0 Productions animales : \u00a0\u00a0\u00a0\u00a0 Sous-cat\u00e9gorie\u00a0: Viande, lait, \u0153ufs, miel \u00c9levage de poissons et de produits de la mer Productions v\u00e9g\u00e9tales\u00a0: Sous-cat\u00e9gorie\u00a0: Productions&#8230;<\/p>","protected":false},"author":1,"featured_media":0,"parent":0,"menu_order":0,"comment_status":"closed","ping_status":"closed","template":"","meta":{"_kad_post_transparent":"","_kad_post_title":"hide","_kad_post_layout":"fullwidth","_kad_post_sidebar_id":"","_kad_post_content_style":"unboxed","_kad_post_vertical_padding":"hide","_kad_post_feature":"hide","_kad_post_feature_position":"","_kad_post_header":false,"_kad_post_footer":false},"_links":{"self":[{"href":"https:\/\/algerac.dz\/en\/wp-json\/wp\/v2\/pages\/8493"}],"collection":[{"href":"https:\/\/algerac.dz\/en\/wp-json\/wp\/v2\/pages"}],"about":[{"href":"https:\/\/algerac.dz\/en\/wp-json\/wp\/v2\/types\/page"}],"author":[{"embeddable":true,"href":"https:\/\/algerac.dz\/en\/wp-json\/wp\/v2\/users\/1"}],"replies":[{"embeddable":true,"href":"https:\/\/algerac.dz\/en\/wp-json\/wp\/v2\/comments?post=8493"}],"version-history":[{"count":28,"href":"https:\/\/algerac.dz\/en\/wp-json\/wp\/v2\/pages\/8493\/revisions"}],"predecessor-version":[{"id":8531,"href":"https:\/\/algerac.dz\/en\/wp-json\/wp\/v2\/pages\/8493\/revisions\/8531"}],"wp:attachment":[{"href":"https:\/\/algerac.dz\/en\/wp-json\/wp\/v2\/media?parent=8493"}],"curies":[{"name":"wp","href":"https:\/\/api.w.org\/{rel}","templated":true}]}}