{"id":8378,"date":"2022-05-08T16:37:13","date_gmt":"2022-05-08T14:37:13","guid":{"rendered":"https:\/\/algerac.dz\/?page_id=8378"},"modified":"2022-06-15T15:57:29","modified_gmt":"2022-06-15T13:57:29","slug":"journee-mondiale-de-laccreditation-wad-2022","status":"publish","type":"page","link":"https:\/\/algerac.dz\/en\/journee-mondiale-de-laccreditation-wad-2022\/","title":{"rendered":"Journ\u00e9e Mondiale de l&rsquo;Accr\u00e9ditation WAD 2022"},"content":{"rendered":"<div data-elementor-type=\"wp-page\" data-elementor-id=\"8378\" class=\"elementor elementor-8378\">\n\t\t\t\t\t\t<div class=\"elementor-inner\">\n\t\t\t\t<div class=\"elementor-section-wrap\">\n\t\t\t\t\t\t\t\t\t<section class=\"elementor-section elementor-top-section elementor-element elementor-element-557e76d elementor-section-boxed elementor-section-height-default elementor-section-height-default\" data-id=\"557e76d\" data-element_type=\"section\">\n\t\t\t\t\t\t<div class=\"elementor-container elementor-column-gap-default\">\n\t\t\t\t\t\t\t<div class=\"elementor-row\">\n\t\t\t\t\t<div class=\"elementor-column elementor-col-100 elementor-top-column elementor-element elementor-element-4427091\" data-id=\"4427091\" data-element_type=\"column\">\n\t\t\t<div class=\"elementor-column-wrap elementor-element-populated\">\n\t\t\t\t\t\t\t<div class=\"elementor-widget-wrap\">\n\t\t\t\t\t\t<div class=\"elementor-element elementor-element-a93fa10 elementor-widget elementor-widget-heading\" data-id=\"a93fa10\" data-element_type=\"widget\" data-widget_type=\"heading.default\">\n\t\t\t\t<div class=\"elementor-widget-container\">\n\t\t\t<h2 class=\"elementor-heading-title elementor-size-default\">World Accreditation Day - June 09, 2022<\/h2>\t\t<\/div>\n\t\t\t\t<\/div>\n\t\t\t\t<div class=\"elementor-element elementor-element-4073f6d elementor-widget-divider--view-line elementor-widget elementor-widget-divider\" data-id=\"4073f6d\" data-element_type=\"widget\" data-widget_type=\"divider.default\">\n\t\t\t\t<div class=\"elementor-widget-container\">\n\t\t\t\t\t<div class=\"elementor-divider\">\n\t\t\t<span class=\"elementor-divider-separator\">\n\t\t\t\t\t\t<\/span>\n\t\t<\/div>\n\t\t\t\t<\/div>\n\t\t\t\t<\/div>\n\t\t\t\t<div class=\"elementor-element elementor-element-cbdd683 elementor-widget elementor-widget-video\" data-id=\"cbdd683\" data-element_type=\"widget\" data-settings=\"{&quot;youtube_url&quot;:&quot;https:\\\/\\\/www.youtube.com\\\/watch?v=WmvYvV0X6uk&quot;,&quot;video_type&quot;:&quot;youtube&quot;,&quot;controls&quot;:&quot;yes&quot;}\" data-widget_type=\"video.default\">\n\t\t\t\t<div class=\"elementor-widget-container\">\n\t\t\t\t\t<div class=\"elementor-wrapper elementor-open-inline\">\n\t\t\t<div class=\"elementor-video\"><\/div>\t\t<\/div>\n\t\t\t\t<\/div>\n\t\t\t\t<\/div>\n\t\t\t\t\t\t<\/div>\n\t\t\t\t\t<\/div>\n\t\t<\/div>\n\t\t\t\t\t\t\t\t<\/div>\n\t\t\t\t\t<\/div>\n\t\t<\/section>\n\t\t\t\t<section class=\"elementor-section elementor-top-section elementor-element elementor-element-9d546b4 elementor-section-boxed elementor-section-height-default elementor-section-height-default\" data-id=\"9d546b4\" data-element_type=\"section\">\n\t\t\t\t\t\t<div class=\"elementor-container elementor-column-gap-default\">\n\t\t\t\t\t\t\t<div class=\"elementor-row\">\n\t\t\t\t\t<div class=\"elementor-column elementor-col-100 elementor-top-column elementor-element elementor-element-1e30732\" data-id=\"1e30732\" data-element_type=\"column\">\n\t\t\t<div class=\"elementor-column-wrap elementor-element-populated\">\n\t\t\t\t\t\t\t<div class=\"elementor-widget-wrap\">\n\t\t\t\t\t\t<div class=\"elementor-element elementor-element-6179eb7 elementor-widget elementor-widget-text-editor\" data-id=\"6179eb7\" data-element_type=\"widget\" data-widget_type=\"text-editor.default\">\n\t\t\t\t<div class=\"elementor-widget-container\">\n\t\t\t\t\t\t\t\t<div class=\"elementor-text-editor elementor-clearfix\">\n\t\t\t\t<p>On June 09, 2022, the Algerian Accreditation Body celebrated World Accreditation Day, highlighting in this edition the contribution of the accreditation of conformity assessment bodies to economic growth and environmental performance playing an unwavering role in sustainable development.<\/p><p><br \/>On this occasion and under the patronage of the Minister of Industry, a meeting was held at the SEAAL training center devoted to the theme \"Accreditation: Sustainability of economic growth and the environment\" in which took part Mr. Minister of Industry, Ahmed Zeghdar, representatives of several ministerial departments, economic operators and experts.<\/p><p><br \/>This opportunity gave rise to a rich debate around the role of accreditation and its impact on sustainable development, its support for the economy and the promotion of industrial competitiveness.<\/p><p><br \/>This day was also used for the delivery of more than 50 accreditation certificates to public and private organizations and companies, also, at the signing of a cooperation agreement between the Employers' Union - the Council of Algerian Economic Renewal - (CREA) and the Algerian Accreditation Body (ALGERAC) mainly aimed at promoting quality and compliance among economic operators with the aim of improving the competitiveness of companies and ensuring effective and efficient growth. economy.<br \/>As such, the Director General of ALGERAC made a point of addressing during his speech, the employers' organizations, to ask them to accompany him in the popularization and expansion of the scope of accreditation with the companies concerned, mainly quality control and compliance laboratories.<\/p>\t\t\t\t\t<\/div>\n\t\t\t\t\t\t<\/div>\n\t\t\t\t<\/div>\n\t\t\t\t<div class=\"elementor-element elementor-element-b6431c3 elementor-widget elementor-widget-text-editor\" data-id=\"b6431c3\" data-element_type=\"widget\" data-widget_type=\"text-editor.default\">\n\t\t\t\t<div class=\"elementor-widget-container\">\n\t\t\t\t\t\t\t\t<div class=\"elementor-text-editor elementor-clearfix\">\n\t\t\t\t<ul><li><a href=\"http:\/\/algerac.dz\/wp-content\/uploads\/2022\/05\/WAD2022-Brochure-WEB.pdf\" target=\"_blank\" rel=\"noopener\">WAD 2022 Event Brochure<\/a><\/li><\/ul>\t\t\t\t\t<\/div>\n\t\t\t\t\t\t<\/div>\n\t\t\t\t<\/div>\n\t\t\t\t<div class=\"elementor-element elementor-element-725ccde elementor-widget elementor-widget-text-editor\" data-id=\"725ccde\" data-element_type=\"widget\" data-widget_type=\"text-editor.default\">\n\t\t\t\t<div class=\"elementor-widget-container\">\n\t\t\t\t\t\t\t\t<div class=\"elementor-text-editor elementor-clearfix\">\n\t\t\t\t<ul><li><a href=\"http:\/\/algerac.dz\/wp-content\/uploads\/2022\/05\/Joint-Statement_WAD2022_ILAC_IAF.pdf\" target=\"_blank\" rel=\"noopener\">Joint statement<\/a><br \/><a href=\"\/en\/_wp_link_placeholder\/\">by Emanuele Riva, IAF President, and Etty Feller, ILAC President [pdf]<\/a><\/li><\/ul>\t\t\t\t\t<\/div>\n\t\t\t\t\t\t<\/div>\n\t\t\t\t<\/div>\n\t\t\t\t<div class=\"elementor-element elementor-element-b149092 elementor-widget elementor-widget-text-editor\" data-id=\"b149092\" data-element_type=\"widget\" data-widget_type=\"text-editor.default\">\n\t\t\t\t<div class=\"elementor-widget-container\">\n\t\t\t\t\t\t\t\t<div class=\"elementor-text-editor elementor-clearfix\">\n\t\t\t\t<ul><li><a href=\"http:\/\/algerac.dz\/wp-content\/uploads\/2022\/06\/Revue_de_Presse_JMA_2022.pdf\" target=\"_blank\" rel=\"noopener\">Newspaper [pdf]<\/a><\/li><\/ul>\t\t\t\t\t<\/div>\n\t\t\t\t\t\t<\/div>\n\t\t\t\t<\/div>\n\t\t\t\t<div class=\"elementor-element elementor-element-050b34a elementor-widget elementor-widget-image\" data-id=\"050b34a\" data-element_type=\"widget\" data-widget_type=\"image.default\">\n\t\t\t\t<div class=\"elementor-widget-container\">\n\t\t\t\t\t\t\t\t<div class=\"elementor-image\">\n\t\t\t\t\t\t\t\t\t\t\t\t<img decoding=\"async\" width=\"652\" height=\"1024\" src=\"https:\/\/algerac.dz\/wp-content\/uploads\/2022\/04\/WAD_2022_Poster-652x1024.png\" class=\"attachment-large size-large wp-image-8345\" alt=\"\" loading=\"lazy\" srcset=\"https:\/\/algerac.dz\/wp-content\/uploads\/2022\/04\/WAD_2022_Poster-652x1024.png 652w, https:\/\/algerac.dz\/wp-content\/uploads\/2022\/04\/WAD_2022_Poster-191x300.png 191w, https:\/\/algerac.dz\/wp-content\/uploads\/2022\/04\/WAD_2022_Poster-768x1206.png 768w, https:\/\/algerac.dz\/wp-content\/uploads\/2022\/04\/WAD_2022_Poster-979x1536.png 979w, https:\/\/algerac.dz\/wp-content\/uploads\/2022\/04\/WAD_2022_Poster-1305x2048.png 1305w, https:\/\/algerac.dz\/wp-content\/uploads\/2022\/04\/WAD_2022_Poster-8x12.png 8w, https:\/\/algerac.dz\/wp-content\/uploads\/2022\/04\/WAD_2022_Poster.png 1320w\" sizes=\"(max-width: 652px) 100vw, 652px\" \/>\t\t\t\t\t\t\t\t\t\t\t\t\t\t<\/div>\n\t\t\t\t\t\t<\/div>\n\t\t\t\t<\/div>\n\t\t\t\t\t\t<\/div>\n\t\t\t\t\t<\/div>\n\t\t<\/div>\n\t\t\t\t\t\t\t\t<\/div>\n\t\t\t\t\t<\/div>\n\t\t<\/section>\n\t\t\t\t\t\t\t\t\t<\/div>\n\t\t\t<\/div>\n\t\t\t\t\t<\/div>","protected":false},"excerpt":{"rendered":"<p>Journ\u00e9e Mondiale de l&rsquo;Accr\u00e9ditation &#8211; World Accreditation Day &#8211; 09\/06\/2022 https:\/\/www.youtube.com\/watch?v=WmvYvV0X6uk En date du 09 juin 2022, l\u2019Organisme Alg\u00e9rien d\u2019Accr\u00e9ditation a c\u00e9l\u00e9br\u00e9 la Journ\u00e9e Mondiale de l\u2019Accr\u00e9ditation mettant en \u00e9vidence \u00e0 cette \u00e9dition l\u2019apport de l\u2019accr\u00e9ditation des organismes d\u2019\u00e9valuation de la conformit\u00e9 sur la croissance \u00e9conomique et la performance environnementale jouant un r\u00f4le ind\u00e9fectible pour&#8230;<\/p>","protected":false},"author":1,"featured_media":0,"parent":0,"menu_order":0,"comment_status":"closed","ping_status":"closed","template":"","meta":{"_kad_post_transparent":"","_kad_post_title":"hide","_kad_post_layout":"fullwidth","_kad_post_sidebar_id":"","_kad_post_content_style":"unboxed","_kad_post_vertical_padding":"hide","_kad_post_feature":"hide","_kad_post_feature_position":"","_kad_post_header":false,"_kad_post_footer":false},"_links":{"self":[{"href":"https:\/\/algerac.dz\/en\/wp-json\/wp\/v2\/pages\/8378"}],"collection":[{"href":"https:\/\/algerac.dz\/en\/wp-json\/wp\/v2\/pages"}],"about":[{"href":"https:\/\/algerac.dz\/en\/wp-json\/wp\/v2\/types\/page"}],"author":[{"embeddable":true,"href":"https:\/\/algerac.dz\/en\/wp-json\/wp\/v2\/users\/1"}],"replies":[{"embeddable":true,"href":"https:\/\/algerac.dz\/en\/wp-json\/wp\/v2\/comments?post=8378"}],"version-history":[{"count":64,"href":"https:\/\/algerac.dz\/en\/wp-json\/wp\/v2\/pages\/8378\/revisions"}],"predecessor-version":[{"id":8905,"href":"https:\/\/algerac.dz\/en\/wp-json\/wp\/v2\/pages\/8378\/revisions\/8905"}],"wp:attachment":[{"href":"https:\/\/algerac.dz\/en\/wp-json\/wp\/v2\/media?parent=8378"}],"curies":[{"name":"wp","href":"https:\/\/api.w.org\/{rel}","templated":true}]}}