{"id":819,"date":"2019-10-21T22:46:54","date_gmt":"2019-10-21T20:46:54","guid":{"rendered":"http:\/\/algerac.dz\/?page_id=819"},"modified":"2020-02-18T20:03:08","modified_gmt":"2020-02-18T19:03:08","slug":"version-francaise","status":"publish","type":"page","link":"https:\/\/algerac.dz\/en\/version-francaise\/","title":{"rendered":"Version Fran\u00e7aise"},"content":{"rendered":"<h4 class=\"docman-title\"><span style=\"color: #000000;\"><a style=\"color: #000000;\" href=\"http:\/\/http:\/\/http:\/\/algerac.dz\/wp-content\/uploads\/2022\/02\/telechargement-1-1.jpg.dz\/wp-content\/uploads\/2022\/02\/telechargement-1.jpg.dz\/procedures\/\" target=\"_blank\" rel=\"noopener noreferrer\">Procedures<\/a><\/span><\/h4>\n<h4 class=\"docman-title\"><span style=\"color: #000000;\"><a style=\"color: #000000;\" href=\"http:\/\/http:\/\/http:\/\/algerac.dz\/wp-content\/uploads\/2022\/02\/telechargement-1-1.jpg.dz\/wp-content\/uploads\/2022\/02\/telechargement-1.jpg.dz\/formulaires\/\" target=\"_blank\" rel=\"noopener noreferrer\">Forms<\/a><\/span><\/h4>\n<h4 class=\"docman-title\"><span style=\"color: #000000;\"><a style=\"color: #000000;\" href=\"http:\/\/http:\/\/http:\/\/algerac.dz\/wp-content\/uploads\/2022\/02\/telechargement-1-1.jpg.dz\/wp-content\/uploads\/2022\/02\/telechargement-1.jpg.dz\/documents-generaux\/\" target=\"_blank\" rel=\"noopener noreferrer\">Documents G\u00e9n\u00e9raux<\/a><\/span><\/h4>\n<h4 class=\"docman-title\"><span style=\"color: #000000;\"><a style=\"color: #000000;\" href=\"http:\/\/http:\/\/http:\/\/algerac.dz\/wp-content\/uploads\/2022\/02\/telechargement-1-1.jpg.dz\/wp-content\/uploads\/2022\/02\/telechargement-1.jpg.dz\/tarification\/\" target=\"_blank\" rel=\"noopener noreferrer\">Accreditation quotations<\/a><\/span><\/h4>\n<h4 class=\"docman-title\"><span style=\"color: #000000;\"><a style=\"color: #000000;\" href=\"http:\/\/http:\/\/http:\/\/algerac.dz\/wp-content\/uploads\/2022\/02\/telechargement-1-1.jpg.dz\/wp-content\/uploads\/2022\/02\/telechargement-1.jpg.dz\/politiques\/\" target=\"_blank\" rel=\"noopener noreferrer\">Politiques<\/a><\/span><\/h4>","protected":false},"excerpt":{"rendered":"<p>Proc\u00e9dures Formulaires Documents G\u00e9n\u00e9raux Tarification Politiques<\/p>","protected":false},"author":1,"featured_media":0,"parent":0,"menu_order":0,"comment_status":"closed","ping_status":"closed","template":"","meta":{"_kad_post_transparent":"","_kad_post_title":"","_kad_post_layout":"","_kad_post_sidebar_id":"","_kad_post_content_style":"","_kad_post_vertical_padding":"","_kad_post_feature":"","_kad_post_feature_position":"","_kad_post_header":false,"_kad_post_footer":false},"_links":{"self":[{"href":"https:\/\/algerac.dz\/en\/wp-json\/wp\/v2\/pages\/819"}],"collection":[{"href":"https:\/\/algerac.dz\/en\/wp-json\/wp\/v2\/pages"}],"about":[{"href":"https:\/\/algerac.dz\/en\/wp-json\/wp\/v2\/types\/page"}],"author":[{"embeddable":true,"href":"https:\/\/algerac.dz\/en\/wp-json\/wp\/v2\/users\/1"}],"replies":[{"embeddable":true,"href":"https:\/\/algerac.dz\/en\/wp-json\/wp\/v2\/comments?post=819"}],"version-history":[{"count":4,"href":"https:\/\/algerac.dz\/en\/wp-json\/wp\/v2\/pages\/819\/revisions"}],"predecessor-version":[{"id":1275,"href":"https:\/\/algerac.dz\/en\/wp-json\/wp\/v2\/pages\/819\/revisions\/1275"}],"wp:attachment":[{"href":"https:\/\/algerac.dz\/en\/wp-json\/wp\/v2\/media?parent=819"}],"curies":[{"name":"wp","href":"https:\/\/api.w.org\/{rel}","templated":true}]}}