{"id":7519,"date":"2022-04-01T20:53:22","date_gmt":"2022-04-01T18:53:22","guid":{"rendered":"https:\/\/algerac.dz\/qui-sommes-nous-2\/"},"modified":"2025-11-06T11:03:28","modified_gmt":"2025-11-06T10:03:28","slug":"qui-sommes-nous-2","status":"publish","type":"page","link":"https:\/\/algerac.dz\/en\/qui-sommes-nous-2\/","title":{"rendered":"about us"},"content":{"rendered":"<div data-elementor-type=\"wp-page\" data-elementor-id=\"7519\" class=\"elementor elementor-7519\">\n\t\t\t\t\t\t<div class=\"elementor-inner\">\n\t\t\t\t<div class=\"elementor-section-wrap\">\n\t\t\t\t\t\t\t\t\t<section class=\"elementor-section elementor-top-section elementor-element elementor-element-4deb55c7 elementor-section-boxed elementor-section-height-default elementor-section-height-default\" data-id=\"4deb55c7\" data-element_type=\"section\">\n\t\t\t\t\t\t<div class=\"elementor-container elementor-column-gap-default\">\n\t\t\t\t\t\t\t<div class=\"elementor-row\">\n\t\t\t\t\t<div class=\"elementor-column elementor-col-100 elementor-top-column elementor-element elementor-element-17605bea\" data-id=\"17605bea\" data-element_type=\"column\">\n\t\t\t<div class=\"elementor-column-wrap elementor-element-populated\">\n\t\t\t\t\t\t\t<div class=\"elementor-widget-wrap\">\n\t\t\t\t\t\t<div class=\"elementor-element elementor-element-428a9978 elementor-widget elementor-widget-text-editor\" data-id=\"428a9978\" data-element_type=\"widget\" data-widget_type=\"text-editor.default\">\n\t\t\t\t<div class=\"elementor-widget-container\">\n\t\t\t\t\t\t\t\t<div class=\"elementor-text-editor elementor-clearfix\">\n\t\t\t\t<p>Ever since 2000 Algeria came to be aware of the need to set up an operational national accreditation body to adjust to the requirements of globalisation.<\/p><p>Operating under the authority of the Ministry of Industry, the Algerian Accreditation Body, ALGERAC, was established by Executive Decree No 05-466 of 6 December 2005, and is acknowledged by its peers as the only national organisation to have the power to deliver accreditations- following an evaluation based on international standards- in favour of conformity assessing bodies testifying their technical and organisational competence to provide services relating to testing, analysing, calibration, inspection, or certification.<\/p><p class=\" translation-block\">Likewise, ALGERAC is periodically evaluated by its pairs (European Accreditation, EA), and operates with a management system based on international requirements that are in line with the standard ISO\/CEI 17011. It is also committed to observing the three (03) fundamental criteria of impartiality, objectivity, and independence as required in that standard.<\/p>\t\t\t\t\t<\/div>\n\t\t\t\t\t\t<\/div>\n\t\t\t\t<\/div>\n\t\t\t\t<div class=\"elementor-element elementor-element-5ab5c979 elementor-widget elementor-widget-eael-adv-tabs\" data-id=\"5ab5c979\" data-element_type=\"widget\" data-widget_type=\"eael-adv-tabs.default\">\n\t\t\t\t<div class=\"elementor-widget-container\">\n\t\t\t        <div id=\"eael-advance-tabs-5ab5c979\" class=\"eael-advance-tabs eael-tabs-horizontal eael-tab-auto-active\" data-tabid=\"5ab5c979\">\n            <div class=\"eael-tabs-nav\">\n                <ul class=\"eael-tab-inline-icon\">\n                                            <li id=\"nos-missions\" class=\"inactive eael-tab-item-trigger\" aria-selected=\"true\" data-tab=\"1\" role=\"tab\" tabindex=\"0\" aria-controls=\"nos-missions-tab\" aria-expanded=\"false\">\n                            \n                                                        \n                                                            <span class=\"eael-tab-title  title-after-icon\">Our missions<\/span>                            \n                                                    <\/li>\n                                            <li id=\"nos-activits\" class=\"inactive eael-tab-item-trigger\" aria-selected=\"false\" data-tab=\"2\" role=\"tab\" tabindex=\"-1\" aria-controls=\"nos-activits-tab\" aria-expanded=\"false\">\n                            \n                                                        \n                                                            <span class=\"eael-tab-title  title-after-icon\">Our Activities<\/span>                            \n                                                    <\/li>\n                                            <li id=\"organes-dappui-dalgerac\" class=\"inactive eael-tab-item-trigger\" aria-selected=\"false\" data-tab=\"3\" role=\"tab\" tabindex=\"-1\" aria-controls=\"organes-dappui-dalgerac-tab\" aria-expanded=\"false\">\n                            \n                                                        \n                                                            <span class=\"eael-tab-title  title-after-icon\">Organes d'appui d'ALGERAC<\/span>                            \n                                                    <\/li>\n                                            <li id=\"coopration-internationale\" class=\"inactive eael-tab-item-trigger\" aria-selected=\"false\" data-tab=\"4\" role=\"tab\" tabindex=\"-1\" aria-controls=\"coopration-internationale-tab\" aria-expanded=\"false\">\n                            \n                                                        \n                                                            <span class=\"eael-tab-title  title-after-icon\">International cooperation<\/span>                            \n                                                    <\/li>\n                                            <li id=\"notre-politique-qualit\" class=\"inactive eael-tab-item-trigger\" aria-selected=\"false\" data-tab=\"5\" role=\"tab\" tabindex=\"-1\" aria-controls=\"notre-politique-qualit-tab\" aria-expanded=\"false\">\n                            \n                                                                                                                            \n                                                            <span class=\"eael-tab-title  title-after-icon\">Our quality policy<\/span>                            \n                                                    <\/li>\n                                            <li id=\"droits-et-obligations-des-oec\" class=\"inactive eael-tab-item-trigger\" aria-selected=\"false\" data-tab=\"6\" role=\"tab\" tabindex=\"-1\" aria-controls=\"droits-et-obligations-des-oec-tab\" aria-expanded=\"false\">\n                            \n                                                                                                                            \n                                                            <span class=\"eael-tab-title  title-after-icon\">Droits et Obligations des OEC<\/span>                            \n                                                    <\/li>\n                                    <\/ul>\n            <\/div>\n            \n            <div class=\"eael-tabs-content\">\n\t\t        \n                    <div id=\"nos-missions-tab\" class=\"clearfix eael-tab-content-item inactive\" data-title-link=\"nos-missions-tab\">\n\t\t\t\t        \t\t\t\t\t        <ul><li>Establishing rules and procedures relating to the accreditation of conformity assessment bodies,<\/li><li>Assessing applications and delivering decisions of accreditation to conformity assessment bodies in accordance with the relevant national and international standards<\/li><li>Proceeding to the renewal, suspension, and withdrawal of accreditation decisions,<\/li><li>Developing periodic programmes relating to conformity assessment,<\/li><li>Concluding any arrangements and agreements with similar foreign bodies, and embracing efforts leading to mutual recognition agreements,<\/li><li>Representing Algeria when with similar regional and international bodies,<\/li><li>Editing and diffusing journals, brochures, or specialised bulletins relating to our activities,<\/li><\/ul>\t\t\t\t                            <\/div>\n\t\t        \n                    <div id=\"nos-activits-tab\" class=\"clearfix eael-tab-content-item inactive\" data-title-link=\"nos-activits-tab\">\n\t\t\t\t        \t\t\t\t\t        <p style=\"text-align: justify;\">\u2022 Competence for testing and calibration laboratories ISO\/IEC 17025<\/p><p style=\"text-align: justify;\">\u2022 Medical laboratories ISO 15189<\/p><p style=\"text-align: justify;\">\u2022 Inspection bodies ISO\/IEC 17020<\/p><p style=\"text-align: justify;\">\u2022 Bodies providing audit and certification of management systems based on ISO\/IEC 17021 standard<\/p><p style=\"text-align: justify;\">\u2022 Bodies certifying products, processes and services ISO\/IEC 17065<\/p><p style=\"text-align: justify;\">\u2022 Bodies operating certification of persons ISO\/IEC 17024 (Activity being launched)<\/p><p style=\"text-align: justify;\">\u2022 Proficiency testing ISO\/IEC 17043 (Activity being launched)<\/p>\t\t\t\t                            <\/div>\n\t\t        \n                    <div id=\"organes-dappui-dalgerac-tab\" class=\"clearfix eael-tab-content-item inactive\" data-title-link=\"organes-dappui-dalgerac-tab\">\n\t\t\t\t        \t\t\t\t\t        <p>\u00a0<\/p><ul><li style=\"text-align: justify;\"><a href=\"http:\/\/algerac.dz\/wp-content\/uploads\/2023\/02\/Liste_Membres_CAS_ALGERAC_08_02_2023_sww.pdf\" target=\"_blank\" rel=\"noopener\">Members of Specialized Accreditation Committees \u201cSAC\u201d - Updated : 08\/02\/2023 [pdf]<\/a><\/li><\/ul>\t\t\t\t                            <\/div>\n\t\t        \n                    <div id=\"coopration-internationale-tab\" class=\"clearfix eael-tab-content-item inactive\" data-title-link=\"coopration-internationale-tab\">\n\t\t\t\t        \t\t\t\t\t        <ul><li><a href=\"https:\/\/european-accreditation.org\/ea-members\/directory-of-ea-members-and-mla-signatories\/#ALGERIA\" target=\"_blank\" rel=\"noopener\">European Accreditation (EA) MLA Signatory<\/a><\/li><li><a href=\"https:\/\/ilac.org\/signatory-detail\/?id=127\" target=\"_blank\" rel=\"noopener\">International Laboratory Accreditation Cooperation (ILAC) MRA Signatory<\/a><\/li><li><a href=\"https:\/\/arab-accreditation.org\/arac-members\/associate-members\/\" target=\"_blank\" rel=\"noopener\">Arab Accreditation Cooperation (ARAC) Associate Member<\/a><\/li><li><a href=\"https:\/\/www.intra-afrac.com\/Pages\/Full-Members.aspx\" target=\"_blank\" rel=\"noopener\">African Accreditation Cooperation (AFRAC) Full Member<\/a><\/li><\/ul>\t\t\t\t                            <\/div>\n\t\t        \n                    <div id=\"notre-politique-qualit-tab\" class=\"clearfix eael-tab-content-item inactive\" data-title-link=\"notre-politique-qualit-tab\">\n\t\t\t\t        \t\t\t\t\t        <p>A l\u2019Organisme Alg\u00e9rien d\u2019Accr\u00e9ditation (ALGERAC), nous nous effor\u00e7ons \u00e0 assurer l\u2019objectivit\u00e9 de nos activit\u00e9s et gagner la confiance de toutes les parties impliqu\u00e9es dans nos op\u00e9rations par l\u2019application d\u2019un syst\u00e8me de management conforme \u00e0 la norme ISO\/IEC 17011, aux r\u00e8gles \u00e9tablies par les accords de reconnaissance mutuelle EA\/MLA et ILAC\/MRA, aux normes d\u2019\u00e9valuation appliqu\u00e9es par les Organismes d\u2019Evaluation de la Conformit\u00e9, \u00e0 la r\u00e9glementation en vigueur et aux dispositions du d\u00e9cret ex\u00e9cutif n\u00b005-466 du 06 d\u00e9cembre 2005 portant sur la cr\u00e9ation, l\u2019organisation et le fonctionnement de l\u2019Organisme Alg\u00e9rien d'Accr\u00e9ditation.<\/p><p>Dans le souci de garantir la fiabilit\u00e9 et l\u2019acceptation internationale des certificats et rapports \u00e9mis sous accr\u00e9ditation, ALGERAC est :<\/p><ul><li>Membre associ\u00e9 et signataire d\u2019un accord de reconnaissance multilat\u00e9rale avec l\u2019EA;<\/li><li>Membre \u00e0 part enti\u00e8re et signataire d\u2019un accord de reconnaissance mutuelle avec l\u2019ILAC depuis 2017, pour les activit\u00e9s d\u2019essais, d\u2019\u00e9talonnage et d\u2019inspection.<\/li><\/ul><p>Ces reconnaissances sont r\u00e9guli\u00e8rement renouvel\u00e9es \u00e0 l\u2019issue d\u2019\u00e9valuations internationales rigoureuses, confirmant la comp\u00e9tence, la conformit\u00e9 et la cr\u00e9dibilit\u00e9 d\u2019ALGERAC sur la sc\u00e8ne internationale.<\/p><p>Conscient de son r\u00f4le strat\u00e9gique dans le d\u00e9veloppement \u00e9conomique, industriel et technologique du pays, ALGERAC s\u2019engage dans une dynamique continue d\u2019am\u00e9lioration et d\u2019\u00e9largissement de ses domaines d\u2019intervention afin de r\u00e9pondre aux besoins nationaux \u00e9mergents et aux exigences du march\u00e9 mondial.<\/p><p>\u00c0 cet effet, plusieurs axes prioritaires guident son action :<\/p><ul><li>Extension de la reconnaissance internationale aux activit\u00e9s d\u2019accr\u00e9ditation des organismes de certification des syst\u00e8mes de management (ISO\/IEC 17021-1), accompagn\u00e9e d\u2019une mise \u00e0 niveau continue du syst\u00e8me de management pour garantir sa conformit\u00e9 aux exigences de l\u2019EA, de l\u2019IAF et des r\u00e9f\u00e9rentiels internationaux ;<\/li><li>D\u00e9ploiement de nouveaux programmes d\u2019accr\u00e9ditation, notamment pour les organismes de certification des personnes (ISO\/IEC 17024) et les organisateurs d\u2019essais d\u2019aptitude (ISO\/IEC 17043), afin de diversifier les domaines d\u2019intervention ;<\/li><li>\u00c9largissement du champ d\u2019accr\u00e9ditation \u00e0 la certification de produits, proc\u00e9d\u00e9s et services conform\u00e9ment \u00e0 la norme ISO\/IEC 17065, dans une optique de soutien \u00e0 la comp\u00e9titivit\u00e9 des entreprises nationales ;<\/li><li>Ouverture \u00e0 l\u2019international, \u00e0 travers le lancement du processus d\u2019accr\u00e9ditation des OEC \u00e9trangers, en particulier en Afrique, pour renforcer la coop\u00e9ration r\u00e9gionale et la reconnaissance mutuelle des comp\u00e9tences.<\/li><\/ul><p>Afin d\u2019accomplir pleinement ses missions et d\u2019assurer la confiance du public, ALGERAC s\u2019engage \u00e0 :<\/p><ul><li>Garantir en toutes circonstances son ind\u00e9pendance, son impartialit\u00e9, son objectivit\u00e9 et sa transparence ;<\/li><li>D\u00e9montrer et maintenir sa comp\u00e9tence technique et organisationnelle conform\u00e9ment aux exigences internationales;<\/li><li>Promouvoir un dialogue ouvert et constructif avec l\u2019ensemble des parties prenantes (organismes accr\u00e9dit\u00e9s, institutions publiques, partenaires techniques, consommateurs, etc.) afin d\u2019assurer la pertinence et la performance de ses activit\u00e9s d\u2019accr\u00e9ditation ;<\/li><li>Veiller \u00e0 l\u2019am\u00e9lioration continue de son syst\u00e8me de management de la qualit\u00e9, \u00e0 travers la formation, l\u2019\u00e9valuation interne et l\u2019adaptation permanente aux \u00e9volutions normatives et r\u00e9glementaires.<\/li><\/ul><p>Notre vision est de faire de l\u2019accr\u00e9ditation un levier essentiel de la qualit\u00e9, de la comp\u00e9titivit\u00e9 et de la confiance, au service du d\u00e9veloppement durable du pays et de son rayonnement r\u00e9gional et international.<\/p><p style=\"text-align: center;\">\u00ab L\u2019accr\u00e9ditation, une preuve de comp\u00e9tence et de confiance \u00bb<\/p><p style=\"text-align: center;\"><strong>Wafa BOULSNANE<\/strong><br \/><strong>Directrice G\u00e9n\u00e9rale de l\u2019Organisme Alg\u00e9rien d\u2019Accr\u00e9ditation <\/strong><strong>(ALGERAC)<\/strong><\/p>\t\t\t\t                            <\/div>\n\t\t        \n                    <div id=\"droits-et-obligations-des-oec-tab\" class=\"clearfix eael-tab-content-item inactive\" data-title-link=\"droits-et-obligations-des-oec-tab\">\n\t\t\t\t        \t\t\t\t\t        <p><strong>1) Droits de l\u2019organisme d\u2019\u00e9valuation de la conformit\u00e9 :<\/strong><\/p><p>L\u2019organisme d\u2019\u00e9valuation de la conformit\u00e9, peut formuler des objections \u00e0 l\u2019\u00e9gard de la participation d\u2019un ou des membres des \u00e9quipes d\u2019\u00e9valuation, ainsi qu\u2019\u00e0 l\u2019encontre d\u2019un ou des membres du comit\u00e9 d\u2019accr\u00e9ditation sp\u00e9cialis\u00e9 (CAS) en charge de l\u2019examen de son dossier.<br \/>Il peut \u00e0 cet effet, interjeter un appel contre toute ou partie des d\u00e9cisions qui lui sont d\u00e9favorables, et ce dans les conditions fix\u00e9es par les dispositions du r\u00e8glement int\u00e9rieur de la commission de recours d\u2019ALGERAC (GEN 04).<br \/>A l\u2019obtention de son accr\u00e9ditation, l\u2019organisme peut en faire \u00e9tat, et utiliser le logo d\u2019ALGERAC, selon les r\u00e8gles de r\u00e9f\u00e9rence \u00e0 l\u2019accr\u00e9ditation fix\u00e9es dans la proc\u00e9dure (PRO 19).<\/p><p><strong>2) Obligations de l\u2019organisme d\u2019\u00e9valuation de la conformit\u00e9 :<\/strong><\/p><ul><li>Prendre connaissance du d\u00e9cret ex\u00e9cutif N\u00b005-466 du 06 d\u00e9cembre 2005, portant cr\u00e9ation ; organisation et fonctionnement de l\u2019organisme alg\u00e9rien d\u2019accr\u00e9ditation \u00ab ALGERAC \u00bb, ainsi que, des crit\u00e8res et des proc\u00e9dures d\u2019accr\u00e9ditation d\u2019ALGERAC et les textes subs\u00e9quents ; Ordonnance N\u00b0 95-07 du 25 janvier 1995 relative aux assurances, modifi\u00e9e et compl\u00e9t\u00e9e par la loi N\u00b0 06-04 du 20 f\u00e9vrier 2006.<br \/>Respecter la politique transfrontali\u00e8re d\u2019ALGERAC (GEN 06) ;<\/li><li>Satisfaire aux exigences d\u00e9finies par ALGERAC en mati\u00e8re d\u2019accr\u00e9ditation (pr\u00e9sentation des preuves), de la port\u00e9e pour laquelle il a demand\u00e9 ou obtenu l\u2019accr\u00e9ditation. Il s\u2019engage \u00e9galement \u00e0 s\u2019adapter \u00e0 tout changement pertinent des crit\u00e8res d\u2019accr\u00e9ditation ; <\/li><li>Autoriser l\u2019acc\u00e8s aux sites, \u00e9quipements, informations, documents et enregistrements n\u00e9cessaires pour l\u2019\u00e9valuation et\/ou le maintien de l\u2019accr\u00e9ditation et notamment, le cas \u00e9ch\u00e9ant, aux documents qui indiquent son degr\u00e9 d\u2019ind\u00e9pendance et d\u2019impartialit\u00e9 vis-\u00e0-vis de ses organismes apparent\u00e9s, et aussi \u00e0 toutes les informations qui ont \u00e9t\u00e9 mises \u00e0 jour sur ces derniers ainsi que sur les mesures pr\u00e9ventives adopt\u00e9es pour sauvegarder son impartialit\u00e9 ;<\/li><li>Prendre en charge l\u2019\u00e9quipe d\u2019\u00e9valuation (H\u00e9bergement, transport, restauration) ;<\/li><li>Ne pas utiliser son accr\u00e9ditation d\u2019une mani\u00e8re qui puisse nuire \u00e0 la r\u00e9putation d\u2019ALGERAC ou plus g\u00e9n\u00e9ralement, \u00e0 celle du syst\u00e8me national d\u2019accr\u00e9ditation.<\/li><li>Informer sans d\u00e9lais ses clients concern\u00e9s de la suspension, de la r\u00e9duction ou du retrait de son accr\u00e9ditation ainsi que des cons\u00e9quences associ\u00e9es, par notification ;<\/li><li>Respecter les r\u00e8gles d\u2019utilisation du symbole d\u2019accr\u00e9ditation et\/ou de la marque combin\u00e9e (ILAC MRA\/ALGERAC) selon la (PRO 19) ; <\/li><li>Fournir toutes les facilit\u00e9s n\u00e9cessaires \u00e0 ALGERAC pour :<br \/>\u00a0 \u00a0 \u00a0 \u00a0- l\u2019examen de la documentation ; <br \/>\u00a0 \u00a0 \u00a0 \u00a0- la conduite des \u00e9valuations ; <br \/>\u00a0 \u00a0 \u00a0 \u00a0- l\u2019acc\u00e8s aux enregistrements et \u00e0 tous les lieux concern\u00e9s par la port\u00e9e d\u2019accr\u00e9ditation.<\/li><li>S\u2019acquitter des frais relatifs \u00e0 l\u2019instruction des demandes d\u2019accr\u00e9ditation, aux \u00e9valuations, ainsi que les redevances annuelles et les frais li\u00e9s aux activit\u00e9s de surveillances, les tarifs et les frais d\u2019accr\u00e9ditation nationales sont pr\u00e9cis\u00e9s dans la (PRO 18), quant au paiement des tarifs et des frais li\u00e9s \u00e0 l\u2019accr\u00e9ditation \u00e0 l\u2019\u00e9tranger, la (PRO 18-1) est d\u2019application ;<\/li><li>S\u2019acquitter des frais li\u00e9s \u00e0 la redevance annuelle en cas de suspension de l\u2019accr\u00e9ditation ;<\/li><li>Informer les tiers qu\u2019il n\u2019est accr\u00e9dit\u00e9 que pour les activit\u00e9s couvertes par l\u2019accr\u00e9ditation ;<\/li><li>Ne faire \u00e9tat de son accr\u00e9ditation que dans les formes et r\u00e8gles d\u00e9finies par ALGERAC et ne faire aucune d\u00e9claration concernant cette accr\u00e9ditation qu\u2019ALGERAC pourrait consid\u00e9rer comme abusive, ou g\u00e9n\u00e9ratrice de confusion ;<\/li><li>Cesser imm\u00e9diatement, d\u00e8s la suspension, le retrait de l\u2019accr\u00e9ditation, ou \u00e0 l\u2019\u00e9ch\u00e9ance de sa dur\u00e9e de validit\u00e9, toute publicit\u00e9 qui, d\u2019une mani\u00e8re ou d\u2019une autre s\u2019y r\u00e9f\u00e8re ;<\/li><li>Ne pas permettre que son accr\u00e9ditation soit utilis\u00e9e de fa\u00e7on \u00e0 laisser supposer qu\u2019ALGERAC homologue un produit, un proc\u00e9d\u00e9, un syst\u00e8me ou de personne ;<\/li><li>Veiller \u00e0 ce qu\u2019aucun document, symbole d\u2019accr\u00e9ditation ou rapport d\u2019accr\u00e9ditation ne soit utilis\u00e9 en totalit\u00e9 ou en partie de fa\u00e7on abusive ;<\/li><li>Se conformer, en plus des normes internationales en vigueur, aux exigences d\u2019ALGERAC, \u00e0 la r\u00e9glementation nationale, ainsi qu\u2019aux documents et guides (EA, ILAC, IAF) ;<\/li><li>Mettre en \u0153uvre les am\u00e9nagements et les modifications par rapport aux exigences d'accr\u00e9ditation, pouvant r\u00e9sulter, notamment, d'une r\u00e9vision des normes nationales et internationales de r\u00e9f\u00e9rence.<\/li><li>Faciliter l\u2019observation des activit\u00e9s, \u00e0 la demande d\u2019ALGERAC et notamment la participation \u00e0 des r\u00e9unions de commission, comit\u00e9s, ou groupes de travail de l\u2019organisme ;<\/li><li>Obtenir de ses clients, si n\u00e9cessaire les autorisations n\u00e9cessaires permettant l\u2019acc\u00e8s aux \u00e9quipes d\u2019\u00e9valuation pour \u00e9valuer les performances de l\u2019OEC.<\/li><li>L\u2019OEC doit informer ALGERAC sans d\u00e9lai de tout changement relatif \u00e0 son accr\u00e9ditation, intervenu dans tout aspect de son statut ou de son fonctionnement :<\/li><\/ul><p>\u00a0 \u00a0 \u00a0 \u00a0 \u00a0 \u00a0 - son statut juridique, commercial, de propri\u00e9t\u00e9 ou organisationnel ;<br \/>\u00a0 \u00a0 \u00a0 \u00a0 \u00a0 \u00a0 - son organisation, sa direction et son personnel occupant des postes cl\u00e9s ;<br \/>\u00a0 \u00a0 \u00a0 \u00a0 \u00a0 \u00a0 - ses ressources et son ou ses sites ;<br \/>\u00a0 \u00a0 \u00a0 \u00a0 \u00a0 \u00a0 - la port\u00e9e d\u2019accr\u00e9ditation ;<br \/>\u00a0 \u00a0 \u00a0 \u00a0 \u00a0 \u00a0 - tout autre \u00e9l\u00e9ment pouvant influer sur la capacit\u00e9 de l\u2019organisme d\u2019\u00e9valuation de la conformit\u00e9 \u00e0 satisfaire aux exigences d\u2019accr\u00e9ditation.<\/p><ul><li>Prendre en charge toutes les plaintes de ses clients relatives \u00e0 ses activit\u00e9s accr\u00e9dit\u00e9es, soumises par ALGERAC.<\/li><\/ul><p><strong>Obligations sp\u00e9cifiques aux organismes de certifications :<\/strong><br \/>L\u2019organisme certificateur accr\u00e9dit\u00e9 par ALGERAC :<\/p><ul><li>Ne doit pas fournir une certification selon toute norme utilis\u00e9e comme base pour l'accr\u00e9ditation des OEC (exemple : ISO\/IEC 17025, ISO 15189, \u2026) ;<\/li><li>Doit disposer d\u2019une exigence contractuelle avec ses clients leurs imposant d\u2019accepter les \u00e9valuations d\u2019observation r\u00e9alises dans le cadre de son cycle d\u2019accr\u00e9ditation.<\/li><\/ul>\t\t\t\t                            <\/div>\n\t\t                    <\/div>\n        <\/div>\n\t\t<\/div>\n\t\t\t\t<\/div>\n\t\t\t\t\t\t<\/div>\n\t\t\t\t\t<\/div>\n\t\t<\/div>\n\t\t\t\t\t\t\t\t<\/div>\n\t\t\t\t\t<\/div>\n\t\t<\/section>\n\t\t\t\t\t\t\t\t\t<\/div>\n\t\t\t<\/div>\n\t\t\t\t\t<\/div>","protected":false},"excerpt":{"rendered":"<p>D\u00e8s l\u2019ann\u00e9e 2000, l\u2019Alg\u00e9rie a pris conscience de l\u2019urgence de la mise en place d\u2019un organisme d\u2019accr\u00e9ditation national op\u00e9rationnel afin de pouvoir s\u2019adapter aux exigences de la mondialisation. Plac\u00e9 sous l\u2019autorit\u00e9 du Minist\u00e8re de l\u2019Industrie, l\u2019Organisme Alg\u00e9rien d\u2019Accr\u00e9ditation \u2013 ALGERAC\u00a0 a \u00e9t\u00e9 cr\u00e9\u00e9 par le d\u00e9cret ex\u00e9cutif n\u00b0 05 \u2013 466 du 6 d\u00e9cembre 2005&#8230;.<\/p>","protected":false},"author":1,"featured_media":0,"parent":0,"menu_order":0,"comment_status":"closed","ping_status":"closed","template":"elementor_header_footer","meta":{"_kad_post_transparent":"","_kad_post_title":"","_kad_post_layout":"","_kad_post_sidebar_id":"","_kad_post_content_style":"","_kad_post_vertical_padding":"","_kad_post_feature":"","_kad_post_feature_position":"","_kad_post_header":false,"_kad_post_footer":false},"_links":{"self":[{"href":"https:\/\/algerac.dz\/en\/wp-json\/wp\/v2\/pages\/7519"}],"collection":[{"href":"https:\/\/algerac.dz\/en\/wp-json\/wp\/v2\/pages"}],"about":[{"href":"https:\/\/algerac.dz\/en\/wp-json\/wp\/v2\/types\/page"}],"author":[{"embeddable":true,"href":"https:\/\/algerac.dz\/en\/wp-json\/wp\/v2\/users\/1"}],"replies":[{"embeddable":true,"href":"https:\/\/algerac.dz\/en\/wp-json\/wp\/v2\/comments?post=7519"}],"version-history":[{"count":171,"href":"https:\/\/algerac.dz\/en\/wp-json\/wp\/v2\/pages\/7519\/revisions"}],"predecessor-version":[{"id":19394,"href":"https:\/\/algerac.dz\/en\/wp-json\/wp\/v2\/pages\/7519\/revisions\/19394"}],"wp:attachment":[{"href":"https:\/\/algerac.dz\/en\/wp-json\/wp\/v2\/media?parent=7519"}],"curies":[{"name":"wp","href":"https:\/\/api.w.org\/{rel}","templated":true}]}}