{"id":7511,"date":"2022-04-01T20:53:20","date_gmt":"2022-04-01T18:53:20","guid":{"rendered":"https:\/\/algerac.dz\/laccreditation-2\/"},"modified":"2026-01-14T05:36:10","modified_gmt":"2026-01-14T04:36:10","slug":"laccreditation-2","status":"publish","type":"page","link":"https:\/\/algerac.dz\/en\/laccreditation-2\/","title":{"rendered":"Accreditation"},"content":{"rendered":"<div data-elementor-type=\"wp-page\" data-elementor-id=\"7511\" class=\"elementor elementor-7511\">\n\t\t\t\t\t\t<div class=\"elementor-inner\">\n\t\t\t\t<div class=\"elementor-section-wrap\">\n\t\t\t\t\t\t\t\t\t<section class=\"elementor-section elementor-top-section elementor-element elementor-element-61118fd4 elementor-section-boxed elementor-section-height-default elementor-section-height-default\" data-id=\"61118fd4\" data-element_type=\"section\">\n\t\t\t\t\t\t<div class=\"elementor-container elementor-column-gap-default\">\n\t\t\t\t\t\t\t<div class=\"elementor-row\">\n\t\t\t\t\t<div class=\"elementor-column elementor-col-100 elementor-top-column elementor-element elementor-element-1e2ef8e4\" data-id=\"1e2ef8e4\" data-element_type=\"column\">\n\t\t\t<div class=\"elementor-column-wrap\">\n\t\t\t\t\t\t\t<div class=\"elementor-widget-wrap\">\n\t\t\t\t\t\t\t\t<\/div>\n\t\t\t\t\t<\/div>\n\t\t<\/div>\n\t\t\t\t\t\t\t\t<\/div>\n\t\t\t\t\t<\/div>\n\t\t<\/section>\n\t\t\t\t<section class=\"elementor-section elementor-top-section elementor-element elementor-element-62382321 elementor-section-boxed elementor-section-height-default elementor-section-height-default\" data-id=\"62382321\" data-element_type=\"section\">\n\t\t\t\t\t\t<div class=\"elementor-container elementor-column-gap-default\">\n\t\t\t\t\t\t\t<div class=\"elementor-row\">\n\t\t\t\t\t<div class=\"elementor-column elementor-col-100 elementor-top-column elementor-element elementor-element-639033b8\" data-id=\"639033b8\" data-element_type=\"column\">\n\t\t\t<div class=\"elementor-column-wrap elementor-element-populated\">\n\t\t\t\t\t\t\t<div class=\"elementor-widget-wrap\">\n\t\t\t\t\t\t<div class=\"elementor-element elementor-element-278c982 elementor-widget elementor-widget-text-editor\" data-id=\"278c982\" data-element_type=\"widget\" data-widget_type=\"text-editor.default\">\n\t\t\t\t<div class=\"elementor-widget-container\">\n\t\t\t\t\t\t\t\t<div class=\"elementor-text-editor elementor-clearfix\">\n\t\t\t\t<p class=\" translation-block\">Accreditation is, by definition, an attestation delivered by a third party in favour of a conformity assessment body. This attestation provides formal evidence of the competence of the body to perform specific tasks of conformity assessment.\n\nIn other words, an accredited conformity assessment body shall demonstrate, in addition to creating an atmosphere of confidence with its clients, that:<\/p><ul><li>it has the qualification and necessary technical competence to perform its operations,<\/li><li>it fully masters the processes and systems relating to its missions,<\/li><li>it produces reliable and valid results,<\/li><li>it complies with the requirements specified internationally.<\/li><\/ul><p class=\" translation-block\">As a matter of fact, a testing, analysis, calibration or inspection report, or a conformity certificate issued about a system, product, or person is more credible once it is delivered by a body whose impartiality, and technical and organisational competence have been demonstrated according to specific criteria agreed upon internationally.<\/p>\t\t\t\t\t<\/div>\n\t\t\t\t\t\t<\/div>\n\t\t\t\t<\/div>\n\t\t\t\t\t\t<\/div>\n\t\t\t\t\t<\/div>\n\t\t<\/div>\n\t\t\t\t\t\t\t\t<\/div>\n\t\t\t\t\t<\/div>\n\t\t<\/section>\n\t\t\t\t<section class=\"elementor-section elementor-top-section elementor-element elementor-element-7cd63b8e elementor-section-boxed elementor-section-height-default elementor-section-height-default\" data-id=\"7cd63b8e\" data-element_type=\"section\">\n\t\t\t\t\t\t<div class=\"elementor-container elementor-column-gap-default\">\n\t\t\t\t\t\t\t<div class=\"elementor-row\">\n\t\t\t\t\t<div class=\"elementor-column elementor-col-100 elementor-top-column elementor-element elementor-element-41bb13db\" data-id=\"41bb13db\" data-element_type=\"column\">\n\t\t\t<div class=\"elementor-column-wrap elementor-element-populated\">\n\t\t\t\t\t\t\t<div class=\"elementor-widget-wrap\">\n\t\t\t\t\t\t<div class=\"elementor-element elementor-element-12e49fc0 elementor-widget elementor-widget-eael-adv-tabs\" data-id=\"12e49fc0\" data-element_type=\"widget\" data-widget_type=\"eael-adv-tabs.default\">\n\t\t\t\t<div class=\"elementor-widget-container\">\n\t\t\t        <div id=\"eael-advance-tabs-12e49fc0\" class=\"eael-advance-tabs eael-tabs-horizontal eael-tab-auto-active responsive-vertical-layout\" data-tabid=\"12e49fc0\">\n            <div class=\"eael-tabs-nav\">\n                <ul class=\"\">\n                                            <li id=\"accrditation-et-certification-\" class=\"inactive eael-tab-item-trigger\" aria-selected=\"true\" data-tab=\"1\" role=\"tab\" tabindex=\"0\" aria-controls=\"accrditation-et-certification--tab\" aria-expanded=\"false\">\n                            \n                            \n                            \n                                                            <span class=\"eael-tab-title  title-after-icon\">Accreditation and certification ?<\/span>                                                    <\/li>\n                                            <li id=\"avantages-et-intrt-de-laccrditation\" class=\"inactive eael-tab-item-trigger\" aria-selected=\"false\" data-tab=\"2\" role=\"tab\" tabindex=\"-1\" aria-controls=\"avantages-et-intrt-de-laccrditation-tab\" aria-expanded=\"false\">\n                            \n                            \n                            \n                                                            <span class=\"eael-tab-title  title-after-icon\">Benefits of accreditation<\/span>                                                    <\/li>\n                                            <li id=\"les-rfrentiels-daccrditation\" class=\"inactive eael-tab-item-trigger\" aria-selected=\"false\" data-tab=\"3\" role=\"tab\" tabindex=\"-1\" aria-controls=\"les-rfrentiels-daccrditation-tab\" aria-expanded=\"false\">\n                            \n                            \n                            \n                                                            <span class=\"eael-tab-title  title-after-icon\">Accreditation standards<\/span>                                                    <\/li>\n                                            <li id=\"procdure-daccrditation\" class=\"inactive eael-tab-item-trigger\" aria-selected=\"false\" data-tab=\"4\" role=\"tab\" tabindex=\"-1\" aria-controls=\"procdure-daccrditation-tab\" aria-expanded=\"false\">\n                            \n                            \n                            \n                                                            <span class=\"eael-tab-title  title-after-icon\">Accreditation procedure<\/span>                                                    <\/li>\n                                            <li id=\"tarifs-daccrditation\" class=\"inactive eael-tab-item-trigger\" aria-selected=\"false\" data-tab=\"5\" role=\"tab\" tabindex=\"-1\" aria-controls=\"tarifs-daccrditation-tab\" aria-expanded=\"false\">\n                            \n                            \n                            \n                                                            <span class=\"eael-tab-title  title-after-icon\">Accreditation quotations<\/span>                                                    <\/li>\n                                    <\/ul>\n            <\/div>\n            \n            <div class=\"eael-tabs-content\">\n\t\t        \n                    <div id=\"accrditation-et-certification--tab\" class=\"clearfix eael-tab-content-item inactive\" data-title-link=\"accrditation-et-certification--tab\">\n\t\t\t\t        \t\t\t\t\t        <p>Accreditation and certification are actually verification procedures which, as a rule, are both often considered as supplementary assessment processes. Nevertheless, they are distinguished by the context in which they are utilised.<\/p><p class=\" translation-block\">Accreditation is awarded by an accreditation body, following an assessment, and serves as a recognition that the conformity assessment bodies have the necessary technical and organisational competence to perform testings, analyses, and inspection and certification activities.<\/p><p class=\" translation-block\">As for certification, it is an attestation delivered after an assessment by an accredited conformity assessment body which confirms with competence and impartiality that a product, service, management system, or person conforms to the required criteria laid out in a recognised standard.<\/p>\t\t\t\t                            <\/div>\n\t\t        \n                    <div id=\"avantages-et-intrt-de-laccrditation-tab\" class=\"clearfix eael-tab-content-item inactive\" data-title-link=\"avantages-et-intrt-de-laccrditation-tab\">\n\t\t\t\t        \t\t\t\t\t        <p>Based on the notion that accreditation is a simple tool that brings into the national market an atmosphere of confidence and security, it is also awarded a key role that can contribute to:<\/p><ul><li>control, monitor, and regulate the national market,\u00a0<\/li><li>ensure the quality of products and services in use,<\/li><li>guarantee the health and safety of the consumer, and the protection of the environment,<\/li><li>facilitate the free flow of goods and services.<\/li><\/ul><p>An organisation that is accredited and recognised for its competence should be able to :<\/p><ul><li>Further improve its brand image and reputation among clients,<\/li><li>Minimise the technical and financial barriers that may result from (cross-border) trading,<\/li><li>Continuously develop knowledge and performance relating to its scope of activities,<\/li><li>Bravely face competition and climb the national and international business ladder.<\/li><\/ul>\t\t\t\t                            <\/div>\n\t\t        \n                    <div id=\"les-rfrentiels-daccrditation-tab\" class=\"clearfix eael-tab-content-item inactive\" data-title-link=\"les-rfrentiels-daccrditation-tab\">\n\t\t\t\t        \t\t\t\t\t        <section class=\"elementor-section elementor-top-section elementor-element elementor-element-0166bdb elementor-section-boxed elementor-section-height-default elementor-section-height-default\" data-id=\"0166bdb\" data-element_type=\"section\"><div class=\"elementor-container elementor-column-gap-default\"><div class=\"elementor-row\"><div class=\"elementor-column elementor-col-100 elementor-top-column elementor-element elementor-element-2e26b7e\" data-id=\"2e26b7e\" data-element_type=\"column\"><div class=\"elementor-column-wrap elementor-element-populated\"><div class=\"elementor-widget-wrap\"><div class=\"elementor-element elementor-element-f6c91af elementor-widget elementor-widget-heading\" data-id=\"f6c91af\" data-element_type=\"widget\" data-widget_type=\"heading.default\"><div class=\"elementor-widget-container\"><p>So as to confirm a conformity assessment body seeking accreditation has the technical and organisational competence, ALGERAC performs assessments on the basis of the requirements of international accreditation standards and rules as defined below :<\/p><\/div><\/div><\/div><\/div><\/div><\/div><\/div><\/section><section class=\"elementor-section elementor-top-section elementor-element elementor-element-9741760 elementor-section-boxed elementor-section-height-default elementor-section-height-default\" data-id=\"9741760\" data-element_type=\"section\"><div class=\"elementor-container elementor-column-gap-default\"><div class=\"elementor-row\"><div class=\"elementor-column elementor-col-100 elementor-top-column elementor-element elementor-element-6c8c074\" data-id=\"6c8c074\" data-element_type=\"column\"><div class=\"elementor-column-wrap elementor-element-populated\"><div class=\"elementor-widget-wrap\"><div class=\"elementor-element elementor-element-d37fe8a elementor-widget elementor-widget-text-editor\" data-id=\"d37fe8a\" data-element_type=\"widget\" data-widget_type=\"text-editor.default\"><div class=\"elementor-widget-container\"><div class=\"elementor-text-editor elementor-clearfix\"><table border=\"1\" width=\"98%\"><tbody><tr><td width=\"307\"><strong>Accreditation standards<\/strong><\/td><td width=\"307\"><strong>Organisations concerned<\/strong><\/td><\/tr><tr><td width=\"307\">ISO\/IEC 17025<\/td><td width=\"307\">Testing &amp; and  calibration, and analysis laboratories<\/td><\/tr><tr><td width=\"307\">ISO 15189<\/td><td width=\"307\">Medical laboratories<\/td><\/tr><tr><td width=\"307\">ISO\/IEC 17020<\/td><td width=\"307\">Inspection bodies<\/td><\/tr><tr><td width=\"307\">ISO\/IEC 17021-1<\/td><td width=\"307\">Management system certification bodies<\/td><\/tr><tr><td width=\"307\">ISO\/IEC 17065<\/td><td width=\"307\">Bodies certifying products, processes and services<\/td><\/tr><tr><td width=\"307\">ISO\/IEC 17024<\/td><td width=\"307\">Bodies operating certification of persons<\/td><\/tr><tr><td width=\"307\">ISO\/IEC 17043<\/td><td width=\"307\">Profeciency testing<\/td><\/tr><\/tbody><\/table><\/div><\/div><\/div><\/div><\/div><\/div><\/div><\/div><\/section>\t\t\t\t                            <\/div>\n\t\t        \n                    <div id=\"procdure-daccrditation-tab\" class=\"clearfix eael-tab-content-item inactive\" data-title-link=\"procdure-daccrditation-tab\">\n\t\t\t\t        \t\t\t\t\t        <section class=\"elementor-section elementor-top-section elementor-element elementor-element-6718e7a elementor-section-boxed elementor-section-height-default elementor-section-height-default\" data-id=\"6718e7a\" data-element_type=\"section\"><div class=\"elementor-container elementor-column-gap-default\"><div class=\"elementor-row\"><div class=\"elementor-column elementor-col-100 elementor-top-column elementor-element elementor-element-9481a1c\" data-id=\"9481a1c\" data-element_type=\"column\"><div class=\"elementor-column-wrap elementor-element-populated\"><div class=\"elementor-widget-wrap\"><div class=\"elementor-element elementor-element-52c55dd elementor-widget elementor-widget-heading\" data-id=\"52c55dd\" data-element_type=\"widget\" data-widget_type=\"heading.default\"><div class=\"elementor-widget-container\"><p>Comme indiqu\u00e9 dans son document<a href=\"https:\/\/algerac.dz\/en\/sdm_downloads\/pro-12-procedure-daccreditation-ver-13\/\" target=\"_blank\" rel=\"noopener\"> PRO 12\u00a0 (Proc\u00e9dure d\u2019Accr\u00e9ditation ALGERAC)<\/a>, le processus d\u2019accr\u00e9ditation est compos\u00e9 de cinq (05) \u00e9tapes essentielles<\/p><\/div><\/div><\/div><\/div><\/div><\/div><\/div><\/section><section class=\"elementor-section elementor-top-section elementor-element elementor-element-e2c0c9e elementor-section-boxed elementor-section-height-default elementor-section-height-default\" data-id=\"e2c0c9e\" data-element_type=\"section\"><div class=\"elementor-container elementor-column-gap-default\"><div class=\"elementor-row\"><div class=\"elementor-column elementor-col-100 elementor-top-column elementor-element elementor-element-9ff1f4a\" data-id=\"9ff1f4a\" data-element_type=\"column\"><div class=\"elementor-column-wrap elementor-element-populated\"><div class=\"elementor-widget-wrap\"><div class=\"elementor-element elementor-element-c3781b4 elementor-widget elementor-widget-text-editor\" data-id=\"c3781b4\" data-element_type=\"widget\" data-widget_type=\"text-editor.default\"><div class=\"elementor-widget-container\"><div class=\"elementor-text-editor elementor-clearfix\"><p><\/p><\/div><\/div><\/div><\/div><\/div><\/div><\/div><\/div><\/section>\t\t\t\t                            <\/div>\n\t\t        \n                    <div id=\"tarifs-daccrditation-tab\" class=\"clearfix eael-tab-content-item inactive\" data-title-link=\"tarifs-daccrditation-tab\">\n\t\t\t\t        \t\t\t\t\t        <h1>Accreditation quotations<\/h1><p class=\" translation-block\">For any request of accreditation, conformity assessment bodies are required to pay the corresponding fees according to procedure <a href=\"https:\/\/algerac.dz\/wp-content\/uploads\/2020\/12\/PRO-18-TARIFS-ET-FRAIS-DACCREDITATION.pdf\" target=\"_blank\" rel=\"noopener\">PRO 18 (Accreditation fees)<\/a> as well as its <a href=\"https:\/\/algerac.dz\/wp-content\/uploads\/2021\/10\/Annexe_PRO_18_Tarification_24_03_2021.pdf\" target=\"_blank\" rel=\"noopener\">Annex (Charging conditions) <\/a> established by ALGERAC.<\/p><p>Moreover, bodies from outside Algeria seeking accreditation are requested to apply at <a href=\"mailto:contact@algerac.dz\">contact@algerac.dz<\/a><\/p><p>Payment shall be made in the name of the Algerian Accreditation Body via one of the following methods :<\/p><ul><li>Bank or postal cheque,<\/li><li>Bank or postal transfer,<\/li><li>Remitment to ALGERAC\u2019s bank account.<\/li><\/ul>\t\t\t\t                            <\/div>\n\t\t                    <\/div>\n        <\/div>\n\t\t<\/div>\n\t\t\t\t<\/div>\n\t\t\t\t\t\t<\/div>\n\t\t\t\t\t<\/div>\n\t\t<\/div>\n\t\t\t\t\t\t\t\t<\/div>\n\t\t\t\t\t<\/div>\n\t\t<\/section>\n\t\t\t\t\t\t\t\t\t<\/div>\n\t\t\t<\/div>\n\t\t\t\t\t<\/div>","protected":false},"excerpt":{"rendered":"<p>Par d\u00e9finition, l\u2019accr\u00e9ditation est une attestation \u00e9mise par une tierce partie au profit d\u2019un organisme d\u2019\u00e9valuation de la conformit\u00e9. Cette attestation apporte la preuve formelle de la comp\u00e9tence de l\u2019organisme \u00e0 ex\u00e9cuter des t\u00e2ches sp\u00e9cifiques d\u2019\u00e9valuation de la conformit\u00e9. En d\u2019autre terme, un organisme d\u2019\u00e9valuation de la conformit\u00e9\u00a0accr\u00e9dit\u00e9\u00a0d\u00e9montre en plus de cr\u00e9er un climat de&#8230;<\/p>","protected":false},"author":1,"featured_media":0,"parent":0,"menu_order":0,"comment_status":"closed","ping_status":"closed","template":"elementor_header_footer","meta":{"_kad_post_transparent":"","_kad_post_title":"","_kad_post_layout":"","_kad_post_sidebar_id":"","_kad_post_content_style":"","_kad_post_vertical_padding":"","_kad_post_feature":"","_kad_post_feature_position":"","_kad_post_header":false,"_kad_post_footer":false},"_links":{"self":[{"href":"https:\/\/algerac.dz\/en\/wp-json\/wp\/v2\/pages\/7511"}],"collection":[{"href":"https:\/\/algerac.dz\/en\/wp-json\/wp\/v2\/pages"}],"about":[{"href":"https:\/\/algerac.dz\/en\/wp-json\/wp\/v2\/types\/page"}],"author":[{"embeddable":true,"href":"https:\/\/algerac.dz\/en\/wp-json\/wp\/v2\/users\/1"}],"replies":[{"embeddable":true,"href":"https:\/\/algerac.dz\/en\/wp-json\/wp\/v2\/comments?post=7511"}],"version-history":[{"count":87,"href":"https:\/\/algerac.dz\/en\/wp-json\/wp\/v2\/pages\/7511\/revisions"}],"predecessor-version":[{"id":19911,"href":"https:\/\/algerac.dz\/en\/wp-json\/wp\/v2\/pages\/7511\/revisions\/19911"}],"wp:attachment":[{"href":"https:\/\/algerac.dz\/en\/wp-json\/wp\/v2\/media?parent=7511"}],"curies":[{"name":"wp","href":"https:\/\/api.w.org\/{rel}","templated":true}]}}