{"id":7503,"date":"2022-04-01T20:53:18","date_gmt":"2022-04-01T18:53:18","guid":{"rendered":"https:\/\/algerac.dz\/documentation-2\/"},"modified":"2026-04-02T15:57:19","modified_gmt":"2026-04-02T13:57:19","slug":"documentation-2","status":"publish","type":"page","link":"https:\/\/algerac.dz\/en\/documentation-2\/","title":{"rendered":"Documentation"},"content":{"rendered":"<div data-elementor-type=\"wp-page\" data-elementor-id=\"7503\" class=\"elementor elementor-7503\">\n\t\t\t\t\t\t<div class=\"elementor-inner\">\n\t\t\t\t<div class=\"elementor-section-wrap\">\n\t\t\t\t\t\t\t\t\t<section class=\"elementor-section elementor-top-section elementor-element elementor-element-49cc6906 elementor-section-boxed elementor-section-height-default elementor-section-height-default\" data-id=\"49cc6906\" data-element_type=\"section\">\n\t\t\t\t\t\t<div class=\"elementor-container elementor-column-gap-default\">\n\t\t\t\t\t\t\t<div class=\"elementor-row\">\n\t\t\t\t\t<div class=\"elementor-column elementor-col-100 elementor-top-column elementor-element elementor-element-2eca38c5\" data-id=\"2eca38c5\" data-element_type=\"column\">\n\t\t\t<div class=\"elementor-column-wrap elementor-element-populated\">\n\t\t\t\t\t\t\t<div class=\"elementor-widget-wrap\">\n\t\t\t\t\t\t<div class=\"elementor-element elementor-element-5d1e7288 elementor-widget elementor-widget-text-editor\" data-id=\"5d1e7288\" data-element_type=\"widget\" data-widget_type=\"text-editor.default\">\n\t\t\t\t<div class=\"elementor-widget-container\">\n\t\t\t\t\t\t\t\t<div class=\"elementor-text-editor elementor-clearfix\">\n\t\t\t\t<p>ALGERAC publishes documents that establish the requirements, policies and conditions linked to accreditation requests expressed by each type of conformity assessment bodies.<\/p><p>It is the same thing with international organisations, European Cooperation for Accreditation (EA) and International Laboratory Cooperation (ILAC) that publish mandatory documents and manuals applicable to different accreditation standards.<\/p><p>ALGERAC\u2019s documents are indexed as shown below :<\/p>\t\t\t\t\t<\/div>\n\t\t\t\t\t\t<\/div>\n\t\t\t\t<\/div>\n\t\t\t\t<div class=\"elementor-element elementor-element-3c760a92 elementor-widget elementor-widget-eael-adv-tabs\" data-id=\"3c760a92\" data-element_type=\"widget\" data-widget_type=\"eael-adv-tabs.default\">\n\t\t\t\t<div class=\"elementor-widget-container\">\n\t\t\t        <div id=\"eael-advance-tabs-3c760a92\" class=\"eael-advance-tabs eael-tabs-vertical eael-tab-auto-active\" data-tabid=\"3c760a92\">\n            <div class=\"eael-tabs-nav\">\n                <ul class=\"eael-tab-inline-icon\">\n                                            <li id=\"inscription-laccrditation\" class=\"inactive eael-tab-item-trigger\" aria-selected=\"true\" data-tab=\"1\" role=\"tab\" tabindex=\"0\" aria-controls=\"inscription-laccrditation-tab\" aria-expanded=\"false\">\n                            \n                                                        \n                                                            <span class=\"eael-tab-title  title-after-icon\">Accreditation registration<\/span>                            \n                                                    <\/li>\n                                            <li id=\"documents-gnraux\" class=\"inactive eael-tab-item-trigger\" aria-selected=\"false\" data-tab=\"2\" role=\"tab\" tabindex=\"-1\" aria-controls=\"documents-gnraux-tab\" aria-expanded=\"false\">\n                            \n                                                        \n                                                            <span class=\"eael-tab-title  title-after-icon\">General documents<\/span>                            \n                                                    <\/li>\n                                            <li id=\"procdures\" class=\"inactive eael-tab-item-trigger\" aria-selected=\"false\" data-tab=\"3\" role=\"tab\" tabindex=\"-1\" aria-controls=\"procdures-tab\" aria-expanded=\"false\">\n                            \n                                                        \n                                                            <span class=\"eael-tab-title  title-after-icon\">Procedures<\/span>                            \n                                                    <\/li>\n                                            <li id=\"veille-normative\" class=\"inactive eael-tab-item-trigger\" aria-selected=\"false\" data-tab=\"4\" role=\"tab\" tabindex=\"-1\" aria-controls=\"veille-normative-tab\" aria-expanded=\"false\">\n                            \n                                                                                                                            \n                                                            <span class=\"eael-tab-title  title-after-icon\">Normative watch<\/span>                            \n                                                    <\/li>\n                                            <li id=\"utilisation-de-la-marque-combine-ilac-mra-algerac\" class=\"inactive eael-tab-item-trigger\" aria-selected=\"false\" data-tab=\"5\" role=\"tab\" tabindex=\"-1\" aria-controls=\"utilisation-de-la-marque-combine-ilac-mra-algerac-tab\" aria-expanded=\"false\">\n                            \n                                                                                                                            \n                                                            <span class=\"eael-tab-title  title-after-icon\">Use of the combined ILAC MRA \u2013 ALGERAC trademark<\/span>                            \n                                                    <\/li>\n                                    <\/ul>\n            <\/div>\n            \n            <div class=\"eael-tabs-content\">\n\t\t        \n                    <div id=\"inscription-laccrditation-tab\" class=\"clearfix eael-tab-content-item inactive\" data-title-link=\"inscription-laccrditation-tab\">\n\t\t\t\t        \t\t\t\t\t        <table width=\"945\"><tbody><tr><td width=\"189\"><h2><span style=\"color: #ff0000;\">Testing and Analysis Laboratories<\/span><\/h2><ul><li><a href=\"https:\/\/algerac.dz\/en\/sdm_downloads\/doc-01-demande-daccreditation-version-11\/\" target=\"_blank\" rel=\"noopener\">DOC 01 - Demande d'Accr\u00e9ditation - Version 11<\/a><\/li><li><a href=\"https:\/\/algerac.dz\/en\/sdm_downloads\/for-05-renseignement-techniques-pour-les-laboratoires-dessais-et-danalyses-rev-04\/\" target=\"_blank\" rel=\"noopener\">FOR 05 Technical information about testing and analysis laboratories Rev 04<\/a><\/li><\/ul><h2><span style=\"color: #ff0000;\">Calibration Laboratories<\/span><\/h2><ul><li><a href=\"https:\/\/algerac.dz\/en\/sdm_downloads\/doc-01-demande-daccreditation-version-11\/\" target=\"_blank\" rel=\"noopener\">DOC 01 - Demande d'Accr\u00e9ditation - Version 11<\/a><\/li><li><a href=\"https:\/\/algerac.dz\/en\/sdm_downloads\/for-06-renseignements-techniques-pour-les-laboratoires-detalonnage-rev-04\/\" target=\"_blank\" rel=\"noopener\">FOR 06 Renseignements techniques pour les laboratoires d'\u00e9talonnage R\u00e9v 04<\/a><\/li><\/ul><h2><span style=\"color: #ff0000;\">Medical Laboratories<\/span><\/h2><ul><li><a href=\"https:\/\/algerac.dz\/en\/sdm_downloads\/doc-01-demande-daccreditation-version-11\/\" target=\"_blank\" rel=\"noopener\">DOC 01 - Demande d\u2019Accr\u00e9ditation - Version 11<\/a><\/li><li><a href=\"https:\/\/algerac.dz\/en\/sdm_downloads\/for-05-1-renseignements-techniques-pour-les-laboratoires-de-biologie-medicale-rev-03\/\" target=\"_blank\" rel=\"noopener\">FOR 05-1 Renseignements Techniques pour les Laboratoires de Biologie M\u00e9dicale R\u00e9v 03<\/a><\/li><li><a href=\"https:\/\/algerac.dz\/en\/sdm_downloads\/for-05-2-questionnaire-auto-evaluation-iso-151892022-rev-01\/\" target=\"_blank\" rel=\"noopener\">FOR 05-2 Questionnaire Auto \u00e9valuation ISO 15189:2022 R\u00e9v 01<\/a><\/li><li><a href=\"https:\/\/algerac.dz\/en\/sdm_downloads\/for-05-3-certificat-daptitude-validation-verification-dune-methode-de-biologie-medicale-rev-01\/\" target=\"_blank\" rel=\"noopener\">FOR 05-3 Certificat d\u2019Aptitude : Validation \/ V\u00e9rification d\u2019une M\u00e9thode de Biologie M\u00e9dicale R\u00e9v 01<\/a><\/li><\/ul><h2><span style=\"color: #ff0000;\">Inspection Bodies<\/span><\/h2><ul><li><a href=\"https:\/\/algerac.dz\/en\/sdm_downloads\/doc-01-demande-daccreditation-version-11\/\" target=\"_blank\" rel=\"noopener\">DOC 01 - Demande d\u2019Accr\u00e9ditation - Version 11<\/a><\/li><li><a href=\"https:\/\/algerac.dz\/en\/sdm_downloads\/for-04-renseignements-techniques-inspection-rev-08\/\" target=\"_blank\" rel=\"noopener\">FOR 04 Inspection technical information Rev 08<\/a><\/li><li><a href=\"https:\/\/algerac.dz\/en\/sdm_downloads\/questionnaire-pour-accreditation-dorganisme-dinspection-iso-cei-17020-2012\/\" target=\"_blank\" rel=\"noopener\">FOR 04-1 Questionnaire d\u2019accr\u00e9ditation dans le domaine INSPECTION selon la norme ISO CEI 17020 2012 R\u00e9v 03<\/a><\/li><\/ul><h2><span style=\"color: #ff0000;\">Management Systems Certification Bodies<\/span><\/h2><ul><li><a href=\"https:\/\/algerac.dz\/en\/sdm_downloads\/doc-01-demande-daccreditation-version-11\/\" target=\"_blank\" rel=\"noopener\">DOC 01 - Demande d\u2019Accr\u00e9ditation - Version 11<\/a><\/li><li><a href=\"https:\/\/algerac.dz\/en\/sdm_downloads\/for-07-renseignements-techniques-pour-les-organismes-de-certification-systemes-de-management-version-09\/\" target=\"_blank\" rel=\"noopener\">FOR 07 Renseignements techniques pour les organismes de certification syst\u00e8mes de management Version 09<\/a><\/li><li><a href=\"https:\/\/algerac.dz\/en\/sdm_downloads\/for-79-questionnaire-dauto-evaluation-et-revue-du-systeme-documentaire-des-ocsm-version-00\/\" target=\"_blank\" rel=\"noopener\">FOR 79 Questionnaire d\u2019auto \u00e9valuation et revue du syst\u00e8me documentaire des OCSM Version 00<\/a><\/li><\/ul><h2><span style=\"color: #ff0000;\"><span style=\"color: #ff0000;\">Product, Process and Service Certification Bodies<\/span><\/span><\/h2><ul><li><a href=\"https:\/\/algerac.dz\/en\/sdm_downloads\/doc-01-demande-daccreditation-version-11\/\" target=\"_blank\" rel=\"noopener\">DOC 01 - Demande d\u2019Accr\u00e9ditation - Version 11<\/a><\/li><li><a href=\"https:\/\/algerac.dz\/en\/sdm_downloads\/for-07-5-renseignement_techniques_organisme_certification_produit_rev00_03_11_2019-docx\/\" target=\"_blank\" rel=\"noopener\">FOR 07-5 Technical information about bodies certifying products, processes and services Rev 00<\/a><\/li><li><a href=\"https:\/\/algerac.dz\/en\/sdm_downloads\/for-85-evaluation-du-schema-devaluation-de-la-conformite-version-00\/\" target=\"_blank\" rel=\"noopener\">FOR 85 - Evaluation du sch\u00e9ma d\u2019\u00e9valuation de la conformit\u00e9 - Version 00<\/a><\/li><\/ul><h2><span style=\"color: #ff0000;\">Certification Bodies of Persons<\/span><\/h2><ul><li><a href=\"https:\/\/algerac.dz\/en\/sdm_downloads\/doc-01-demande-daccreditation-version-11\/\" target=\"_blank\" rel=\"noopener\">DOC 01 - Demande d\u2019Accr\u00e9ditation - Version 11<\/a><\/li><li><a href=\"https:\/\/algerac.dz\/en\/sdm_downloads\/for-07-8-renseignements-techniques-pour-les-organismes-de-certification-de-personnes-version-00\/\" target=\"_blank\" rel=\"noopener\">FOR 07-8 Renseignements techniques pour les organismes de certification de personnes -Version 00<\/a><\/li><li><a href=\"https:\/\/algerac.dz\/en\/sdm_downloads\/for-85-evaluation-du-schema-devaluation-de-la-conformite-version-00\/\" target=\"_blank\" rel=\"noopener\">FOR 85 - Evaluation du sch\u00e9ma d\u2019\u00e9valuation de la conformit\u00e9 - Version 00<\/a><\/li><li><a href=\"https:\/\/algerac.dz\/en\/sdm_downloads\/for-90-questionnaire-dauto-evaluation-et-revue-documentaire-iso-17024\/\" target=\"_blank\" rel=\"noopener\">FOR 90 - Questionnaire d'Auto-Evaluation et revue documentaire ISO 17024<\/a><\/li><\/ul><\/td><\/tr><\/tbody><\/table>\t\t\t\t                            <\/div>\n\t\t        \n                    <div id=\"documents-gnraux-tab\" class=\"clearfix eael-tab-content-item inactive\" data-title-link=\"documents-gnraux-tab\">\n\t\t\t\t        \t\t\t\t\t        <table width=\"945\"><tbody><tr><td width=\"189\"><ul><li><a href=\"https:\/\/algerac.dz\/en\/sdm_downloads\/gen-01-manuel-qualite-dalgerac-version-07\/\" target=\"_blank\" rel=\"noopener\">GEN 01 - Manuel Qualit\u00e9 d'ALGERAC - Version 07<\/a><\/li><li><a href=\"http:\/\/algerac.dz\/wp-content\/uploads\/2025\/05\/GEN_03_Policy_on_measurement_result_traceability_of_ALGERAC_Rev06_EN_sw.pdf\" target=\"_blank\" rel=\"noopener\">GEN 03 - Politique sur la tra\u00e7abilit\u00e9 des r\u00e9sultats de mesures d\u2019ALGERAC - R\u00e9v 06<\/a><\/li><li><a href=\"https:\/\/algerac.dz\/en\/sdm_downloads\/gen-04-reglement-interieur-de-la-commission-des-appels-version-06\/\" target=\"_blank\" rel=\"noopener\">GEN 04 - R\u00e8glement int\u00e9rieur de la Commission des Appels - Version 06<\/a><\/li><li><a href=\"https:\/\/algerac.dz\/wp-content\/uploads\/2024\/08\/GEN_05_Politique_ALGERAC_Essais_Aptitudes_Comparaisons_Interlaboratoire_Rev07_19_08_2024_sw.pdf\" target=\"_blank\" rel=\"noopener\">GEN 05 - Politique d\u2019ALGERAC sur les Comparaisons Inter Laboratoire \/ les Essais d\u2019Aptitudes - R\u00e9v 07<\/a><\/li><li><a href=\"https:\/\/algerac.dz\/en\/sdm_downloads\/gen-06-politique-daccreditation-transfrontaliere-version-04\/\" target=\"_blank\" rel=\"noopener\">GEN 06 - Politique d'accr\u00e9ditation transfrontali\u00e8re - Version 04<\/a><\/li><li><a href=\"https:\/\/algerac.dz\/wp-content\/uploads\/2023\/02\/GEN_10_Politique_Incertitudes_domaine_Etalonnage_ALGERAC_Rev03.pdf\" target=\"_blank\" rel=\"noopener\">GEN 10 - Politique sur les incertitudes dans le domaine d\u2019\u00e9talonnage d\u2019ALGERAC - R\u00e9v 03<\/a><\/li><li><a href=\"https:\/\/algerac.dz\/wp-content\/uploads\/2021\/05\/GEN_11_Politique_expression_et_evaluation_des_portees_accreditation_en_Biologie_Medicale.pdf\" target=\"_blank\" rel=\"noopener\">GEN 11 - Politiques expressions et \u00e9valuation des port\u00e9es d\u2019accr\u00e9ditation en Biologie M\u00e9dicale - R\u00e9v 01<\/a><\/li><li><a href=\"https:\/\/algerac.dz\/en\/sdm_downloads\/gen-14-matrice-des-competences-version-21\/\" target=\"_blank\" rel=\"noopener\">GEN 14 - Matrice des comp\u00e9tences - Version 21<\/a><\/li><li><a href=\"https:\/\/algerac.dz\/en\/sdm_downloads\/gen-18-politique-dalgerac-sur-les-avis-et-interpretations-version-02\/\" target=\"_blank\" rel=\"noopener\">GEN 18 - Politique d\u2019ALGERAC sur les avis et interpr\u00e9tations - Version 02<\/a><\/li><li><a href=\"https:\/\/algerac.dz\/wp-content\/uploads\/2020\/12\/GEN-19-Politique-generale-relative-aux-activites-reglementees.pdf\" target=\"_blank\" rel=\"noopener\">GEN 19 - Politique g\u00e9n\u00e9rale relative aux activit\u00e9s r\u00e8glement\u00e9es - R\u00e9v 00<\/a><\/li><li><a href=\"https:\/\/algerac.dz\/wp-content\/uploads\/2021\/05\/GEN_20_Politique_ALGERAC_sur_la_description_de_la_portee_pour_les_Organismes_Inspection.pdf\" target=\"_blank\" rel=\"noopener\">GEN 20 - Politique d\u2019ALGERAC sur la description de la port\u00e9e pour les Organismes d\u2019inspection - R\u00e9v 01<\/a><\/li><li><a href=\"https:\/\/algerac.dz\/wp-content\/uploads\/2023\/02\/GEN_21_Politique_Expression_et_evaluation_portees_fixes_et_flexibles_Essais_Etalonnages_Rev01_FR_sw.pdf\" target=\"_blank\" rel=\"noopener\">GEN 21 - Politique expression et \u00e9valuation des port\u00e9es d\u2019accr\u00e9ditation fixes et flexibles pour les laboratoires d'Essais et d'Etalonnages - R\u00e9v 01<\/a><\/li><li><a href=\"https:\/\/algerac.dz\/en\/sdm_downloads\/gen-23-regles-daccreditation-des-ocsm-version-01-22-11-2025\/\" target=\"_blank\" rel=\"noopener\">GEN 23 - R\u00e8gles d'accr\u00e9ditation des OCSM - Version 01<\/a><\/li><li><a href=\"https:\/\/algerac.dz\/en\/sdm_downloads\/gen-24-description-de-la-portee-daccreditation-pour-lactivite-certification-version-01\/\" target=\"_blank\" rel=\"noopener\">GEN 24 - Description de la port\u00e9e d'accr\u00e9ditation pour l'activit\u00e9 Certification - Version 01<\/a><\/li><\/ul><\/td><\/tr><\/tbody><\/table>\t\t\t\t                            <\/div>\n\t\t        \n                    <div id=\"procdures-tab\" class=\"clearfix eael-tab-content-item inactive\" data-title-link=\"procdures-tab\">\n\t\t\t\t        \t\t\t\t\t        <table width=\"945\"><tbody><tr><td width=\"189\"><ul><li><a href=\"https:\/\/algerac.dz\/en\/sdm_downloads\/pro-06-selection-qualification-et-suivi-des-competences-evaluateurs-et-experts-version-14\/\" target=\"_blank\" rel=\"noopener\">PRO 06 - S\u00e9lection, Qualification et Suivi des Comp\u00e9tences des \u00c9valuateurs et Experts - Version 14<\/a><\/li><li><a href=\"https:\/\/algerac.dz\/en\/sdm_downloads\/pro-07-procedure-de-gestion-des-comites-daccreditation-specialises-version-17\/\" target=\"_blank\" rel=\"noopener\">PRO 07 - Proc\u00e9dure de Gestion des Comit\u00e9s d\u2019Accr\u00e9ditation Sp\u00e9cialis\u00e9s - Version 17<\/a><\/li><li><a href=\"https:\/\/algerac.dz\/en\/sdm_downloads\/pro-12-procedure-daccreditation-version-14\/\" target=\"_blank\" rel=\"noopener\">PRO 12 - Proc\u00e9dure d\u2019Accr\u00e9ditation - Version 14<\/a><\/li><li><a href=\"https:\/\/algerac.dz\/en\/sdm_downloads\/pro-13-1-procedure-dechantillonnage-dans-les-domaines-des-laboratoires-et-inspection-ver-02\/\" target=\"_blank\" rel=\"noopener\">PRO 13-1\u00a0 Proc\u00e9dure d'\u00e9chantillonnage - Version 02<\/a><\/li><li><a href=\"https:\/\/algerac.dz\/en\/sdm_downloads\/pro-17-procedure-de-developpement-des-domaines-dactivite-dalgerac-version-07\/\" target=\"_blank\" rel=\"noopener\">PRO 17 - D\u00e9veloppement des domaines d'activit\u00e9 d\u2019ALGERAC - Version 07<\/a><\/li><li><a href=\"https:\/\/algerac.dz\/en\/sdm_downloads\/pro-18-procedure-tarifs-et-frais-daccreditation-oec-nationaux\/\" target=\"_blank\" rel=\"noopener\">PRO 18 - Proc\u00e9dure Tarifs et Frais D\u2019Accr\u00e9ditation - OEC nationaux - Version 09<\/a><\/li><li><a href=\"https:\/\/algerac.dz\/en\/sdm_downloads\/pro-18-1-procedure-tarifs-et-frais-daccreditation-des-oec-etrangers-version-02\/\" target=\"_blank\" rel=\"noopener\">PRO 18-1\u00a0 - Proc\u00e9dure Tarifs et frais d\u2019accr\u00e9ditation des OEC \u00e9trangers - Version 02<\/a><\/li><li><a href=\"https:\/\/algerac.dz\/en\/sdm_downloads\/pro-19-procedure-des-regles-de-reference-a-laccreditation-version-08\/\" target=\"_blank\" rel=\"noopener\">PRO 19 - Proc\u00e9dure des r\u00e8gles de r\u00e9f\u00e9rence \u00e0 l\u2019accr\u00e9ditation - Version 08\u00a0<br \/><\/a><\/li><li><a href=\"https:\/\/algerac.dz\/en\/sdm_downloads\/pro-21-procedure-traitement-des-plaintes-rev-04\/\" target=\"_blank\" rel=\"noopener\">PRO 21 - Proc\u00e9dure Traitement Des Plaintes R\u00e9v 04<\/a><\/li><li><a href=\"https:\/\/algerac.dz\/en\/sdm_downloads\/pro-22-procedure-de-traitement-des-recusations-ver-02\/\" target=\"_blank\" rel=\"noopener\">PRO 22 - Proc\u00e9dure Traitement des r\u00e9cusations Version 02<\/a><\/li><li><a href=\"https:\/\/algerac.dz\/en\/sdm_downloads\/pro-23-procedure-de-suspension-reduction-et-retrait-daccreditation-version-08\/\" target=\"_blank\" rel=\"noopener\">PRO 23 - Proc\u00e9dure de suspension, r\u00e9duction et retrait d'une accr\u00e9ditation - Version 08<\/a><\/li><li><a href=\"https:\/\/algerac.dz\/en\/sdm_downloads\/pro-25-procedure-de-surveillance-de-renouvellement-et-dextension-ver-08\/\" target=\"_blank\" rel=\"noopener\">PRO 25 - Proc\u00e9dure de surveillance, de renouvellement et d'extension - Version 08<\/a><\/li><li><a href=\"http:\/\/algerac.dz\/wp-content\/uploads\/2025\/05\/PRO_26_Accreditation_procedure_for_multi-site_CABs_Rev03_EN_sw.pdf\" target=\"_blank\" rel=\"noopener\">PRO 26 - Accreditation procedure for multi-site CABs  Rev 03<\/a><\/li><li><a href=\"https:\/\/algerac.dz\/en\/sdm_downloads\/pro-29-procedure-devaluation-a-distance-ver-02\/\" target=\"_blank\" rel=\"noopener\">PRO 29 - Proc\u00e9dure d'\u00e9valuation \u00e0 distance - Version 02<\/a><\/li><li><a href=\"https:\/\/algerac.dz\/en\/sdm_downloads\/pro-30-procedure-de-gestion-des-risques-et-opportunites-version-01\/\" target=\"_blank\" rel=\"noopener\">PRO 30 - Proc\u00e9dure de Gestion des risques et opportunit\u00e9s - Version 01<\/a><\/li><li><a href=\"https:\/\/algerac.dz\/en\/sdm_downloads\/pro-31-procedure-de-transfert-de-laccreditation-ver-01\/\" target=\"_blank\" rel=\"noopener\">PRO 31 - Proc\u00e9dure de transfert de l\u2019accr\u00e9ditation - Version 01<\/a><\/li><\/ul><\/td><\/tr><\/tbody><\/table>\t\t\t\t                            <\/div>\n\t\t        \n                    <div id=\"veille-normative-tab\" class=\"clearfix eael-tab-content-item inactive\" data-title-link=\"veille-normative-tab\">\n\t\t\t\t        \t\t\t\t\t        <ul><li><a href=\"https:\/\/algerac.dz\/en\/sdm_downloads\/lis-02-liste-des-documents-externes-mise-a-jour-du-12-10-2025\/\" target=\"_blank\" rel=\"noopener\">LIS 02 - Liste des documents externes (Mise \u00e0 jour du 12\/10\/2025)<\/a><\/li><\/ul>\t\t\t\t                            <\/div>\n\t\t        \n                    <div id=\"utilisation-de-la-marque-combine-ilac-mra-algerac-tab\" class=\"clearfix eael-tab-content-item inactive\" data-title-link=\"utilisation-de-la-marque-combine-ilac-mra-algerac-tab\">\n\t\t\t\t        \t\t\t\t\t        <ul><li><a href=\"https:\/\/algerac.dz\/en\/sdm_downloads\/for-76-version-05-demande-et-engagement-dutilisation-de-la-marque-combinee-ilac-mra-algerac-la-reference-au-statut-daccord-de-ea-mla\/\" target=\"_blank\" rel=\"noopener\">FOR 76 - Demande et engagement d\u2019utilisation de la marque combin\u00e9e ILAC MRA,\u00a0 la R\u00e9f\u00e9rence au statut d\u2019accord de (EA MLA) - Version 05<\/a><\/li><\/ul>\t\t\t\t                            <\/div>\n\t\t                    <\/div>\n        <\/div>\n\t\t<\/div>\n\t\t\t\t<\/div>\n\t\t\t\t\t\t<\/div>\n\t\t\t\t\t<\/div>\n\t\t<\/div>\n\t\t\t\t\t\t\t\t<\/div>\n\t\t\t\t\t<\/div>\n\t\t<\/section>\n\t\t\t\t<section class=\"elementor-section elementor-top-section elementor-element elementor-element-4af72d84 elementor-section-boxed elementor-section-height-default elementor-section-height-default\" data-id=\"4af72d84\" data-element_type=\"section\">\n\t\t\t\t\t\t<div class=\"elementor-container elementor-column-gap-default\">\n\t\t\t\t\t\t\t<div class=\"elementor-row\">\n\t\t\t\t\t<div class=\"elementor-column elementor-col-100 elementor-top-column elementor-element elementor-element-3dde9d07\" data-id=\"3dde9d07\" data-element_type=\"column\">\n\t\t\t<div class=\"elementor-column-wrap\">\n\t\t\t\t\t\t\t<div class=\"elementor-widget-wrap\">\n\t\t\t\t\t\t\t\t<\/div>\n\t\t\t\t\t<\/div>\n\t\t<\/div>\n\t\t\t\t\t\t\t\t<\/div>\n\t\t\t\t\t<\/div>\n\t\t<\/section>\n\t\t\t\t\t\t\t\t\t<\/div>\n\t\t\t<\/div>\n\t\t\t\t\t<\/div>","protected":false},"excerpt":{"rendered":"<p>ALGERAC publie des documents qui \u00e9tablissent les exigences, les politiques et les conditions li\u00e9s aux demandes d\u2019accr\u00e9ditation \u00e9mises par chacun des types d\u2019organismes d\u2019\u00e9valuation de la conformit\u00e9. De m\u00eame, pour les organisations internationales &#8211; European Cooperation for Accreditation (EA) et International Laboratory Cooperation (ILAC) qui publient des documents obligatoires et des guides applicables aux diff\u00e9rentes&#8230;<\/p>","protected":false},"author":1,"featured_media":0,"parent":0,"menu_order":0,"comment_status":"closed","ping_status":"closed","template":"elementor_header_footer","meta":{"_kad_post_transparent":"","_kad_post_title":"","_kad_post_layout":"","_kad_post_sidebar_id":"","_kad_post_content_style":"","_kad_post_vertical_padding":"","_kad_post_feature":"","_kad_post_feature_position":"","_kad_post_header":false,"_kad_post_footer":false},"_links":{"self":[{"href":"https:\/\/algerac.dz\/en\/wp-json\/wp\/v2\/pages\/7503"}],"collection":[{"href":"https:\/\/algerac.dz\/en\/wp-json\/wp\/v2\/pages"}],"about":[{"href":"https:\/\/algerac.dz\/en\/wp-json\/wp\/v2\/types\/page"}],"author":[{"embeddable":true,"href":"https:\/\/algerac.dz\/en\/wp-json\/wp\/v2\/users\/1"}],"replies":[{"embeddable":true,"href":"https:\/\/algerac.dz\/en\/wp-json\/wp\/v2\/comments?post=7503"}],"version-history":[{"count":1690,"href":"https:\/\/algerac.dz\/en\/wp-json\/wp\/v2\/pages\/7503\/revisions"}],"predecessor-version":[{"id":20312,"href":"https:\/\/algerac.dz\/en\/wp-json\/wp\/v2\/pages\/7503\/revisions\/20312"}],"wp:attachment":[{"href":"https:\/\/algerac.dz\/en\/wp-json\/wp\/v2\/media?parent=7503"}],"curies":[{"name":"wp","href":"https:\/\/api.w.org\/{rel}","templated":true}]}}