{"id":7217,"date":"2022-02-19T15:49:46","date_gmt":"2022-02-19T15:49:46","guid":{"rendered":"https:\/\/algerac.dz\/accueil\/"},"modified":"2022-02-19T15:49:46","modified_gmt":"2022-02-19T15:49:46","slug":"accueil","status":"publish","type":"page","link":"https:\/\/algerac.dz\/en\/accueil\/","title":{"rendered":"home"},"content":{"rendered":"<style>\/*! elementor-pro - v3.5.2 - 28-11-2021 *\/\n.elementor-slides .swiper-slide-bg{-webkit-background-size:cover;background-size:cover;background-position:50%;background-repeat:no-repeat;min-width:100%;min-height:100%}.elementor-slides .swiper-slide-inner{background-repeat:no-repeat;background-position:50%;position:absolute;top:0;left:0;bottom:0;right:0;padding:50px;margin:auto}.elementor-slides .swiper-slide-inner,.elementor-slides .swiper-slide-inner:hover{color:#fff;display:-webkit-box;display:-ms-flexbox;display:flex}.elementor-slides .swiper-slide-inner .elementor-background-overlay{position:absolute;z-index:0;top:0;bottom:0;left:0;right:0}.elementor-slides .swiper-slide-inner .elementor-slide-content{position:relative;z-index:1;width:100%}.elementor-slides .swiper-slide-inner .elementor-slide-heading{font-size:35px;font-weight:700;line-height:1}.elementor-slides .swiper-slide-inner .elementor-slide-description{font-size:17px;line-height:1.4}.elementor-slides .swiper-slide-inner .elementor-slide-description:not(:last-child),.elementor-slides .swiper-slide-inner .elementor-slide-heading:not(:last-child){margin-bottom:30px}.elementor-slides .swiper-slide-inner .elementor-slide-button{border:2px solid #fff;color:#fff;background:transparent;display:inline-block}.elementor-slides .swiper-slide-inner .elementor-slide-button,.elementor-slides .swiper-slide-inner .elementor-slide-button:hover{background:transparent;color:inherit;text-decoration:none}.elementor--v-position-top .swiper-slide-inner{-webkit-box-align:start;-ms-flex-align:start;align-items:flex-start}.elementor--v-position-bottom .swiper-slide-inner{-webkit-box-align:end;-ms-flex-align:end;align-items:flex-end}.elementor--v-position-middle .swiper-slide-inner{-webkit-box-align:center;-ms-flex-align:center;align-items:center}.elementor--h-position-left .swiper-slide-inner{-webkit-box-pack:start;-ms-flex-pack:start;justify-content:flex-start}.elementor--h-position-right .swiper-slide-inner{-webkit-box-pack:end;-ms-flex-pack:end;justify-content:flex-end}.elementor--h-position-center .swiper-slide-inner{-webkit-box-pack:center;-ms-flex-pack:center;justify-content:center}body.rtl .elementor-widget-slides .elementor-swiper-button-next{left:10px;right:auto}body.rtl .elementor-widget-slides .elementor-swiper-button-prev{right:10px;left:auto}.elementor-slides-wrapper div:not(.swiper-slide)>.swiper-slide-inner{display:none}@media (max-width:767px){.elementor-slides .swiper-slide-inner{padding:30px}.elementor-slides .swiper-slide-inner .elementor-slide-heading{font-size:23px;line-height:1;margin-bottom:15px}.elementor-slides .swiper-slide-inner .elementor-slide-description{font-size:13px;line-height:1.4;margin-bottom:15px}}<\/style>\n<p>\t\t\t\t\t\t\t\t\t\tD\u00e9cret ex\u00e9cutif fixant les conditions et les modalit\u00e9s de pr\u00e9l\u00e8vement d\u2019\u00e9chantillons, d\u2019exercice des analyses et d\u2019expertises en douane et de r\u00e8glement des frais y aff\u00e9rentsLire la suiteAccr\u00e9ditation des organismes d\u2019inspection exer\u00e7ant dans le domaine des \u00e9quipements sous pression.Lire la suiteNouvelle opportunit\u00e9 au profit des organismes d\u2019inspection accr\u00e9dit\u00e9s \u0153uvrant dans le domaine de l\u2019agr\u00e9ageLire la suite<br \/>\n\t\t\t\t\t\t\t\t\t\t\t\t\t\tPrevious<br \/>\n\t\t\t\t\t\t\t\t\t\t\t\t\t\tNext<\/p>\n<style>\/*! elementor - v3.5.3 - 28-12-2021 *\/\n.elementor-heading-title{padding:0;margin:0;line-height:1}.elementor-widget-heading .elementor-heading-title[class*=elementor-size-]>a{color:inherit;font-size:inherit;line-height:inherit}.elementor-widget-heading .elementor-heading-title.elementor-size-small{font-size:15px}.elementor-widget-heading .elementor-heading-title.elementor-size-medium{font-size:19px}.elementor-widget-heading .elementor-heading-title.elementor-size-large{font-size:29px}.elementor-widget-heading .elementor-heading-title.elementor-size-xl{font-size:39px}.elementor-widget-heading .elementor-heading-title.elementor-size-xxl{font-size:59px}<\/style>\n<h2>Directory of accredited CAB  <\/h2>\n<ul>\n<li>\n\t\t\t\t Laboratoires d\u2019essais et d\u2019analyses\n\t\t\t<\/li>\n<li>\n\t\t\t\t Calibration laboratories\n\t\t\t<\/li>\n<li>\n\t\t\t\t Laboratoire de biologie m\u00e9dicale\n\t\t\t<\/li>\n<li>\n\t\t\t\t Inspection bodies\n\t\t\t<\/li>\n<li>\n\t\t\t\t Organismes de certification\n\t\t\t<\/li>\n<li>\n\t\t\t\t suspensions\/retrait d\u2019accr\u00e9ditation\n\t\t\t<\/li>\n<\/ul>\n<style>\/*! elementor - v3.5.3 - 28-12-2021 *\/\n.elementor-widget-divider{--divider-border-style:none;--divider-border-width:1px;--divider-color:#2c2c2c;--divider-icon-size:20px;--divider-element-spacing:10px;--divider-pattern-height:24px;--divider-pattern-size:20px;--divider-pattern-url:none;--divider-pattern-repeat:repeat-x}.elementor-widget-divider .elementor-divider{display:-webkit-box;display:-ms-flexbox;display:flex}.elementor-widget-divider .elementor-divider__text{font-size:15px;line-height:1;max-width:95%}.elementor-widget-divider .elementor-divider__element{margin:0 var(--divider-element-spacing);-ms-flex-negative:0;flex-shrink:0}.elementor-widget-divider .elementor-icon{font-size:var(--divider-icon-size)}.elementor-widget-divider .elementor-divider-separator{display:-webkit-box;display:-ms-flexbox;display:flex;margin:0;direction:ltr}.elementor-widget-divider--view-line_icon .elementor-divider-separator,.elementor-widget-divider--view-line_text .elementor-divider-separator{-webkit-box-align:center;-ms-flex-align:center;align-items:center}.elementor-widget-divider--view-line_icon .elementor-divider-separator:after,.elementor-widget-divider--view-line_icon .elementor-divider-separator:before,.elementor-widget-divider--view-line_text .elementor-divider-separator:after,.elementor-widget-divider--view-line_text .elementor-divider-separator:before{display:block;content:\"\";border-bottom:0;-webkit-box-flex:1;-ms-flex-positive:1;flex-grow:1;border-top:var(--divider-border-width) var(--divider-border-style) var(--divider-color)}.elementor-widget-divider--element-align-left .elementor-divider .elementor-divider-separator>.elementor-divider__svg:first-of-type{-webkit-box-flex:0;-ms-flex-positive:0;flex-grow:0;-ms-flex-negative:100;flex-shrink:100}.elementor-widget-divider--element-align-left .elementor-divider-separator:before{content:none}.elementor-widget-divider--element-align-left .elementor-divider__element{margin-left:0}.elementor-widget-divider--element-align-right .elementor-divider .elementor-divider-separator>.elementor-divider__svg:last-of-type{-webkit-box-flex:0;-ms-flex-positive:0;flex-grow:0;-ms-flex-negative:100;flex-shrink:100}.elementor-widget-divider--element-align-right .elementor-divider-separator:after{content:none}.elementor-widget-divider--element-align-right .elementor-divider__element{margin-right:0}.elementor-widget-divider:not(.elementor-widget-divider--view-line_text):not(.elementor-widget-divider--view-line_icon) .elementor-divider-separator{border-top:var(--divider-border-width) var(--divider-border-style) var(--divider-color)}.elementor-widget-divider--separator-type-pattern{--divider-border-style:none}.elementor-widget-divider--separator-type-pattern.elementor-widget-divider--view-line .elementor-divider-separator,.elementor-widget-divider--separator-type-pattern:not(.elementor-widget-divider--view-line) .elementor-divider-separator:after,.elementor-widget-divider--separator-type-pattern:not(.elementor-widget-divider--view-line) .elementor-divider-separator:before,.elementor-widget-divider--separator-type-pattern:not([class*=elementor-widget-divider--view]) .elementor-divider-separator{width:100%;min-height:var(--divider-pattern-height);-webkit-mask-size:var(--divider-pattern-size) 100%;mask-size:var(--divider-pattern-size) 100%;-webkit-mask-repeat:var(--divider-pattern-repeat);mask-repeat:var(--divider-pattern-repeat);background-color:var(--divider-color);-webkit-mask-image:var(--divider-pattern-url);mask-image:var(--divider-pattern-url)}.elementor-widget-divider--no-spacing{--divider-pattern-size:auto}.elementor-widget-divider--bg-round{--divider-pattern-repeat:round}.rtl .elementor-widget-divider .elementor-divider__text{direction:rtl}<\/style>\n<h2>ALGERAC is hiring  <\/h2>\n<ul>\n<li>\n\t\t\t\t  Experts in physicochemical analyzes of drinking water and wastewater\n\t\t\t<\/li>\n<li>\n\t\t\t\t  Experts in physicochemical analyzes of cereals and cereal products\n\t\t\t<\/li>\n<li>\n\t\t\t\t Expert Metrologists in the calibration of pyranometers\n\t\t\t<\/li>\n<li>\n\t\t\t\t Experts in microbiological analyzes of drinking water\n\t\t\t<\/li>\n<li>\n\t\t\t\t  Experts in Cereal and Cereal Product Sampling\n\t\t\t<\/li>\n<li>\n\t\t\t\t Experts dans le domaine des essais physico-chimiques des produits p\u00e9troliers.\n\t\t\t<\/li>\n<\/ul>\n<p>\t\t\t\t\t\t\t\t\t<button data-toggle=\"premium-modal\" data-target=\"#premium-modal-e9f4556\" type=\"button\"><br \/>\n\t\t\t\t\t\t\t\t\t\t\t\tApply<br \/>\n\t\t\t\t\t\t\t\t\t\t\t<\/button><br \/>\n\t\t\t\t\t\t\t\t\t<button type=\"button\" data-dismiss=\"premium-modal\">&times;<\/button><\/p>\n<section data-id=\"3823465\" data-element_type=\"section\">\n<h2><b>Become an ALGERAC Expert \/ Evaluator \/ Trainer<\/b><\/h2>\n<\/section>\n<section data-id=\"626b607\" data-element_type=\"section\">Each year, ALGERAC launches a call for applications for the recruitment of assessor, expert and trainer with skills and know-how in the fields of testing and calibration laboratories, inspection and certification. .<\/p>\n<p>Whether you are an expert, evaluator, teacher, trainer, researcher, or qualified employee within an establishment and that you have the necessary skills to independently carry out short-term evaluation missions for compliance, we invite you to join ALGERAC and contribute through your knowledge and know-how.<\/p>\n<p><b>Terms :<\/b><\/p>\n<p>\u2022 Being active or not having left the activity for more than 02 years.<br \/>\u2022 Be under 65 years old.<br \/>\u2022 Possess diplomas, qualifications and references in a defined field of competence.<br \/>\u2022 Be available to carry out short-term assignments.<br \/>\u2022 Demonstrate independence, objectivity, impartiality and confidentiality.<br \/>\u2022 Possess verbal and written communication skills.<br \/>\u2022 Mastering the regulatory framework and methods relating to evaluation would be an added value.<\/p>\n<p><a href=\"https:\/\/http:\/\/http:\/\/algerac.dz\/wp-content\/uploads\/2022\/02\/telechargement-1-1.jpg.dz\/wp-content\/uploads\/2022\/02\/telechargement-1.jpg.dz\/wp-content\/uploads\/2020\/12\/PRO-06-Selection-Qualification-et-Suivi-Competences-Evaluateurs-Experts-Rev-11.pdf\" target=\"_blank\" rel=\"noopener\"><b>Voir les crit\u00e8res et exigences de s\u00e9lection de candidat (PR06) \u2013 [pdf]<\/b><\/a><\/p>\n<p><b>Advantages :<\/b><\/p>\n<p>Being an expert, evaluator or trainer within ALGERAC allows you to:<\/p>\n<p>\u2022 Develop your contact network by meeting other national and international experts;<br \/>\u2022 To enrich your personal experience;<br \/>\u2022 To perfect your knowledge and know-how thanks to the various technical aspects to be studied and evaluated;<br \/>\u2022 To benefit from free training in the areas of intervention;<br \/>\u2022 A daily remuneration corresponding to the ALGERAC remuneration grid.<\/p>\n<p><b>Registration procedure:<\/b><\/p>\n<p>To register on the national file of experts, evaluators and trainers of ALGERAC, you just have to fill in and return the application form\u00a0<a href=\"https:\/\/http:\/\/http:\/\/algerac.dz\/wp-content\/uploads\/2022\/02\/telechargement-1-1.jpg.dz\/wp-content\/uploads\/2022\/02\/telechargement-1.jpg.dz\/wp-content\/uploads\/2019\/10\/FOR-20-Curriculum-vitae.docx\" target=\"_blank\" rel=\"noopener\">FOR 20<\/a>\u00a0\u00e0 l\u2019adresse mail suivante :\u00a0contact@http:\/\/http:\/\/algerac.dz\/wp-content\/uploads\/2022\/02\/telechargement-1-1.jpg.dz\/wp-content\/uploads\/2022\/02\/telechargement-1.jpg.dz<\/section>\n<p>\t\t\t\t\t\t\t<button type=\"button\" data-dismiss=\"premium-modal\"><br \/>\n\t\t\t\t\t\t\t\tClose\t\t\t\t\t\t\t<\/button><\/p>\n<h2>ALGERAC informs you<\/h2>\n<h2>News<\/h2>","protected":false},"excerpt":{"rendered":"<p>D\u00e9cret ex\u00e9cutif fixant les conditions et les modalit\u00e9s de pr\u00e9l\u00e8vement d\u2019\u00e9chantillons, d\u2019exercice des analyses et d\u2019expertises en douane et de r\u00e8glement des frais y aff\u00e9rentsLire la suiteAccr\u00e9ditation des organismes d\u2019inspection exer\u00e7ant dans le domaine des \u00e9quipements sous pression.Lire la suiteNouvelle opportunit\u00e9 au profit des organismes d\u2019inspection accr\u00e9dit\u00e9s \u0153uvrant dans le domaine de l\u2019agr\u00e9ageLire la suite&#8230;<\/p>","protected":false},"author":1,"featured_media":0,"parent":0,"menu_order":0,"comment_status":"closed","ping_status":"closed","template":"","meta":{"_kad_post_transparent":"","_kad_post_title":"hide","_kad_post_layout":"fullwidth","_kad_post_sidebar_id":"","_kad_post_content_style":"unboxed","_kad_post_vertical_padding":"hide","_kad_post_feature":"hide","_kad_post_feature_position":"","_kad_post_header":false,"_kad_post_footer":false},"_links":{"self":[{"href":"https:\/\/algerac.dz\/en\/wp-json\/wp\/v2\/pages\/7217"}],"collection":[{"href":"https:\/\/algerac.dz\/en\/wp-json\/wp\/v2\/pages"}],"about":[{"href":"https:\/\/algerac.dz\/en\/wp-json\/wp\/v2\/types\/page"}],"author":[{"embeddable":true,"href":"https:\/\/algerac.dz\/en\/wp-json\/wp\/v2\/users\/1"}],"replies":[{"embeddable":true,"href":"https:\/\/algerac.dz\/en\/wp-json\/wp\/v2\/comments?post=7217"}],"version-history":[{"count":0,"href":"https:\/\/algerac.dz\/en\/wp-json\/wp\/v2\/pages\/7217\/revisions"}],"wp:attachment":[{"href":"https:\/\/algerac.dz\/en\/wp-json\/wp\/v2\/media?parent=7217"}],"curies":[{"name":"wp","href":"https:\/\/api.w.org\/{rel}","templated":true}]}}