{"id":7162,"date":"2022-03-30T14:04:20","date_gmt":"2022-03-30T12:04:20","guid":{"rendered":"https:\/\/algerac.dz\/?page_id=7162"},"modified":"2022-03-30T16:58:06","modified_gmt":"2022-03-30T14:58:06","slug":"journee_technique_sh_lqs","status":"publish","type":"page","link":"https:\/\/algerac.dz\/en\/journee_technique_sh_lqs\/","title":{"rendered":"journee_technique_SH_LQS"},"content":{"rendered":"<div data-elementor-type=\"wp-page\" data-elementor-id=\"7162\" class=\"elementor elementor-7162\">\n\t\t\t\t\t\t<div class=\"elementor-inner\">\n\t\t\t\t<div class=\"elementor-section-wrap\">\n\t\t\t\t\t\t\t\t\t<section class=\"elementor-section elementor-top-section elementor-element elementor-element-5f85be0 elementor-section-boxed elementor-section-height-default elementor-section-height-default\" data-id=\"5f85be0\" data-element_type=\"section\">\n\t\t\t\t\t\t<div class=\"elementor-container elementor-column-gap-default\">\n\t\t\t\t\t\t\t<div class=\"elementor-row\">\n\t\t\t\t\t<div class=\"elementor-column elementor-col-100 elementor-top-column elementor-element elementor-element-908d852\" data-id=\"908d852\" data-element_type=\"column\">\n\t\t\t<div class=\"elementor-column-wrap elementor-element-populated\">\n\t\t\t\t\t\t\t<div class=\"elementor-widget-wrap\">\n\t\t\t\t\t\t<div class=\"elementor-element elementor-element-322685c elementor-widget elementor-widget-heading\" data-id=\"322685c\" data-element_type=\"widget\" data-widget_type=\"heading.default\">\n\t\t\t\t<div class=\"elementor-widget-container\">\n\t\t\t<h2 class=\"elementor-heading-title elementor-size-default\">ALGERAC intervient \u00e0 la journ\u00e9e technique organis\u00e9e par Sonatrach activit\u00e9s LQS (ORAN - 09\/11\/2021)<\/h2>\t\t<\/div>\n\t\t\t\t<\/div>\n\t\t\t\t<div class=\"elementor-element elementor-element-ed5dd6b elementor-widget-divider--view-line elementor-widget elementor-widget-divider\" data-id=\"ed5dd6b\" data-element_type=\"widget\" data-widget_type=\"divider.default\">\n\t\t\t\t<div class=\"elementor-widget-container\">\n\t\t\t\t\t<div class=\"elementor-divider\">\n\t\t\t<span class=\"elementor-divider-separator\">\n\t\t\t\t\t\t<\/span>\n\t\t<\/div>\n\t\t\t\t<\/div>\n\t\t\t\t<\/div>\n\t\t\t\t\t\t<\/div>\n\t\t\t\t\t<\/div>\n\t\t<\/div>\n\t\t\t\t\t\t\t\t<\/div>\n\t\t\t\t\t<\/div>\n\t\t<\/section>\n\t\t\t\t<section class=\"elementor-section elementor-top-section elementor-element elementor-element-e269ec2 elementor-section-boxed elementor-section-height-default elementor-section-height-default\" data-id=\"e269ec2\" data-element_type=\"section\">\n\t\t\t\t\t\t<div class=\"elementor-container elementor-column-gap-default\">\n\t\t\t\t\t\t\t<div class=\"elementor-row\">\n\t\t\t\t\t<div class=\"elementor-column elementor-col-100 elementor-top-column elementor-element elementor-element-9e82544\" data-id=\"9e82544\" data-element_type=\"column\">\n\t\t\t<div class=\"elementor-column-wrap elementor-element-populated\">\n\t\t\t\t\t\t\t<div class=\"elementor-widget-wrap\">\n\t\t\t\t\t\t<div class=\"elementor-element elementor-element-b71ad36 elementor-widget elementor-widget-text-editor\" data-id=\"b71ad36\" data-element_type=\"widget\" data-widget_type=\"text-editor.default\">\n\t\t\t\t<div class=\"elementor-widget-container\">\n\t\t\t\t\t\t\t\t<div class=\"elementor-text-editor elementor-clearfix\">\n\t\t\t\t<p>L\u2019Organisme Alg\u00e9rien d\u2019Accr\u00e9ditation (ALGERAC) a marqu\u00e9 sa pr\u00e9sence \u00e0 la journ\u00e9e technique organis\u00e9e \u00e0 Oran le 09 novembre 2021 d\u00e9di\u00e9e au \u00ab D\u00e9fi de la certification du syst\u00e8me de management de la qualit\u00e9 selon la norme ISO 9001 :2015 et de l\u2019accr\u00e9ditation des laboratoires selon la norme ISO\/CEI 27005 :2017 au sein des activit\u00e9s LQS \u00bb, organis\u00e9e par SONATRACH activit\u00e9 Liqu\u00e9faction et S\u00e9paration.<\/p><p>A cette occasion, une communication d\u2019ALGERAC a \u00e9t\u00e9 pr\u00e9sent\u00e9e sur l\u2019\u00e9tat des lieux de l\u2019infrastructure qualit\u00e9.<\/p>\t\t\t\t\t<\/div>\n\t\t\t\t\t\t<\/div>\n\t\t\t\t<\/div>\n\t\t\t\t\t\t<\/div>\n\t\t\t\t\t<\/div>\n\t\t<\/div>\n\t\t\t\t\t\t\t\t<\/div>\n\t\t\t\t\t<\/div>\n\t\t<\/section>\n\t\t\t\t<section class=\"elementor-section elementor-top-section elementor-element elementor-element-db4d6e3 elementor-section-boxed elementor-section-height-default elementor-section-height-default\" data-id=\"db4d6e3\" data-element_type=\"section\">\n\t\t\t\t\t\t<div class=\"elementor-container elementor-column-gap-default\">\n\t\t\t\t\t\t\t<div class=\"elementor-row\">\n\t\t\t\t\t<div class=\"elementor-column elementor-col-100 elementor-top-column elementor-element elementor-element-7dcf453\" data-id=\"7dcf453\" data-element_type=\"column\">\n\t\t\t<div class=\"elementor-column-wrap elementor-element-populated\">\n\t\t\t\t\t\t\t<div class=\"elementor-widget-wrap\">\n\t\t\t\t\t\t<div class=\"elementor-element elementor-element-7e9b300 elementor-arrows-position-inside elementor-pagination-position-outside elementor-widget elementor-widget-image-carousel\" data-id=\"7e9b300\" data-element_type=\"widget\" data-settings=\"{&quot;navigation&quot;:&quot;both&quot;,&quot;autoplay&quot;:&quot;yes&quot;,&quot;pause_on_hover&quot;:&quot;yes&quot;,&quot;pause_on_interaction&quot;:&quot;yes&quot;,&quot;autoplay_speed&quot;:5000,&quot;infinite&quot;:&quot;yes&quot;,&quot;speed&quot;:500}\" data-widget_type=\"image-carousel.default\">\n\t\t\t\t<div class=\"elementor-widget-container\">\n\t\t\t\t\t<div class=\"elementor-image-carousel-wrapper swiper-container\" dir=\"ltr\">\n\t\t\t<div class=\"elementor-image-carousel swiper-wrapper\">\n\t\t\t\t\t\t\t\t<div class=\"swiper-slide\"><figure class=\"swiper-slide-inner\"><img decoding=\"async\" class=\"swiper-slide-image\" src=\"https:\/\/algerac.dz\/wp-content\/uploads\/2022\/03\/Sonatrach-Oran-2.png\" alt=\"Sonatrach Oran 2\" \/><\/figure><\/div>\t\t\t<\/div>\n\t\t\t\t\t<\/div>\n\t\t\t\t<\/div>\n\t\t\t\t<\/div>\n\t\t\t\t\t\t<\/div>\n\t\t\t\t\t<\/div>\n\t\t<\/div>\n\t\t\t\t\t\t\t\t<\/div>\n\t\t\t\t\t<\/div>\n\t\t<\/section>\n\t\t\t\t\t\t\t\t\t<\/div>\n\t\t\t<\/div>\n\t\t\t\t\t<\/div>","protected":false},"excerpt":{"rendered":"<p>ALGERAC intervient \u00e0 la journ\u00e9e technique organis\u00e9e par Sonatrach activit\u00e9s LQS (ORAN &#8211; 09\/11\/2021) L\u2019Organisme Alg\u00e9rien d\u2019Accr\u00e9ditation (ALGERAC) a marqu\u00e9 sa pr\u00e9sence \u00e0 la journ\u00e9e technique organis\u00e9e \u00e0 Oran le 09 novembre 2021 d\u00e9di\u00e9e au \u00ab D\u00e9fi de la certification du syst\u00e8me de management de la qualit\u00e9 selon la norme ISO 9001 :2015 et de&#8230;<\/p>","protected":false},"author":1,"featured_media":0,"parent":0,"menu_order":0,"comment_status":"closed","ping_status":"closed","template":"","meta":{"_kad_post_transparent":"","_kad_post_title":"","_kad_post_layout":"","_kad_post_sidebar_id":"","_kad_post_content_style":"","_kad_post_vertical_padding":"","_kad_post_feature":"","_kad_post_feature_position":"","_kad_post_header":false,"_kad_post_footer":false},"_links":{"self":[{"href":"https:\/\/algerac.dz\/en\/wp-json\/wp\/v2\/pages\/7162"}],"collection":[{"href":"https:\/\/algerac.dz\/en\/wp-json\/wp\/v2\/pages"}],"about":[{"href":"https:\/\/algerac.dz\/en\/wp-json\/wp\/v2\/types\/page"}],"author":[{"embeddable":true,"href":"https:\/\/algerac.dz\/en\/wp-json\/wp\/v2\/users\/1"}],"replies":[{"embeddable":true,"href":"https:\/\/algerac.dz\/en\/wp-json\/wp\/v2\/comments?post=7162"}],"version-history":[{"count":13,"href":"https:\/\/algerac.dz\/en\/wp-json\/wp\/v2\/pages\/7162\/revisions"}],"predecessor-version":[{"id":7190,"href":"https:\/\/algerac.dz\/en\/wp-json\/wp\/v2\/pages\/7162\/revisions\/7190"}],"wp:attachment":[{"href":"https:\/\/algerac.dz\/en\/wp-json\/wp\/v2\/media?parent=7162"}],"curies":[{"name":"wp","href":"https:\/\/api.w.org\/{rel}","templated":true}]}}