{"id":7154,"date":"2022-03-30T13:58:07","date_gmt":"2022-03-30T11:58:07","guid":{"rendered":"https:\/\/algerac.dz\/?page_id=7154"},"modified":"2022-03-30T14:16:03","modified_gmt":"2022-03-30T12:16:03","slug":"anpp","status":"publish","type":"page","link":"https:\/\/algerac.dz\/en\/anpp\/","title":{"rendered":"ANPP"},"content":{"rendered":"<div data-elementor-type=\"wp-page\" data-elementor-id=\"7154\" class=\"elementor elementor-7154\">\n\t\t\t\t\t\t<div class=\"elementor-inner\">\n\t\t\t\t<div class=\"elementor-section-wrap\">\n\t\t\t\t\t\t\t\t\t<section class=\"elementor-section elementor-top-section elementor-element elementor-element-10a4b87 elementor-section-boxed elementor-section-height-default elementor-section-height-default\" data-id=\"10a4b87\" data-element_type=\"section\">\n\t\t\t\t\t\t<div class=\"elementor-container elementor-column-gap-default\">\n\t\t\t\t\t\t\t<div class=\"elementor-row\">\n\t\t\t\t\t<div class=\"elementor-column elementor-col-100 elementor-top-column elementor-element elementor-element-f0c19ec\" data-id=\"f0c19ec\" data-element_type=\"column\">\n\t\t\t<div class=\"elementor-column-wrap elementor-element-populated\">\n\t\t\t\t\t\t\t<div class=\"elementor-widget-wrap\">\n\t\t\t\t\t\t<div class=\"elementor-element elementor-element-a130e64 elementor-widget elementor-widget-heading\" data-id=\"a130e64\" data-element_type=\"widget\" data-widget_type=\"heading.default\">\n\t\t\t\t<div class=\"elementor-widget-container\">\n\t\t\t<h2 class=\"elementor-heading-title elementor-size-default\">Rencontre sur l\u2019Industrie Pharmaceutique, plac\u00e9e sous le th\u00e8me de l\u2019apport de l\u2019accr\u00e9ditation sur la qualit\u00e9 des dispositifs m\u00e9dicaux. (ALGER - CIC - 28\/03\/2022)<\/h2>\t\t<\/div>\n\t\t\t\t<\/div>\n\t\t\t\t<div class=\"elementor-element elementor-element-b8baff9 elementor-widget-divider--view-line elementor-widget elementor-widget-divider\" data-id=\"b8baff9\" data-element_type=\"widget\" data-widget_type=\"divider.default\">\n\t\t\t\t<div class=\"elementor-widget-container\">\n\t\t\t\t\t<div class=\"elementor-divider\">\n\t\t\t<span class=\"elementor-divider-separator\">\n\t\t\t\t\t\t<\/span>\n\t\t<\/div>\n\t\t\t\t<\/div>\n\t\t\t\t<\/div>\n\t\t\t\t\t\t<\/div>\n\t\t\t\t\t<\/div>\n\t\t<\/div>\n\t\t\t\t\t\t\t\t<\/div>\n\t\t\t\t\t<\/div>\n\t\t<\/section>\n\t\t\t\t<section class=\"elementor-section elementor-top-section elementor-element elementor-element-0e1b8bf elementor-section-boxed elementor-section-height-default elementor-section-height-default\" data-id=\"0e1b8bf\" data-element_type=\"section\">\n\t\t\t\t\t\t<div class=\"elementor-container elementor-column-gap-default\">\n\t\t\t\t\t\t\t<div class=\"elementor-row\">\n\t\t\t\t\t<div class=\"elementor-column elementor-col-100 elementor-top-column elementor-element elementor-element-5062a25\" data-id=\"5062a25\" data-element_type=\"column\">\n\t\t\t<div class=\"elementor-column-wrap elementor-element-populated\">\n\t\t\t\t\t\t\t<div class=\"elementor-widget-wrap\">\n\t\t\t\t\t\t<div class=\"elementor-element elementor-element-ea429f2 elementor-widget elementor-widget-text-editor\" data-id=\"ea429f2\" data-element_type=\"widget\" data-widget_type=\"text-editor.default\">\n\t\t\t\t<div class=\"elementor-widget-container\">\n\t\t\t\t\t\t\t\t<div class=\"elementor-text-editor elementor-clearfix\">\n\t\t\t\t<p>Sous le parrainage de Monsieur le Ministre de l\u2019Industrie Pharmaceutique, L\u2019agence nationale des produits pharmaceutiques (ANPP) en collaboration avec l\u2019Organisme Alg\u00e9rien d\u2019Accr\u00e9ditation (ALGERAC) a organis\u00e9 le 28 mars 2022 au CIC Alger, une rencontre sur l\u2019Industrie Pharmaceutique plac\u00e9e sous le th\u00e8me de l\u2019apport de l\u2019accr\u00e9ditation sur la qualit\u00e9 des dispositifs m\u00e9dicaux.<\/p><p>Cet \u00e9v\u00e8nement, rehauss\u00e9 par la pr\u00e9sence et par l\u2019intervention de Monsieur le Ministre de l\u2019industrie Monsieur \u00ab Ahmed Zeghdar \u00bb ainsi que celle de Monsieur le Ministre de l\u2019industrie pharmaceutique \u00ab Lotfi Benbahmed \u00bb, a rassembl\u00e9 quelques 300 invit\u00e9s du secteur de l\u2019industrie pharmaceutique, des importateurs, des fabricants et producteurs de dispositifs m\u00e9dicaux, et des organismes de certification.<\/p><p>Au cours des travaux, plusieurs communications ont \u00e9t\u00e9 au programme, pour informer et sensibiliser les parties prenantes sur l\u2019apport du dispositif d\u2019accr\u00e9ditation et de son processus ainsi que de l\u2019int\u00e9r\u00eat de la certification des dispositifs m\u00e9dicaux tout en \u00e9voquant les bases r\u00e9glementaires devant \u00eatre structur\u00e9es afin d&rsquo;assurer la qualit\u00e9 et la conformit\u00e9 du produit m\u00e9dical mis en circulation sur le march\u00e9 et de pouvoir se conformer aux standards internationaux et satisfaire aux exigences de la norme ISO 13485.<\/p><p>Cette rencontre a \u00e9t\u00e9 conclue par une c\u00e9r\u00e9monie de signature d\u2019une convention de coop\u00e9ration entre \u00ab ALGERAC \u00bb et \u00ab ANPP \u00bb visant \u00e0 offrir un appui technique dans le cadre du renforcement des capacit\u00e9s des laboratoires de contr\u00f4le de la qualit\u00e9, la formation des cadres d&rsquo;\u00e9valuation responsables de l&rsquo;inspection et l&rsquo;\u00e9laboration d&rsquo;un programme prescrit pour l&rsquo;accr\u00e9ditation des laboratoires d\u2019essais pour les entreprises pharmaceutiques agr\u00e9\u00e9s. Elle permettra \u00e9galement la mise en \u0153uvre de la norme internationale ISO 13485 destin\u00e9 \u00e0 la mise sur le march\u00e9 local des dispositifs m\u00e9dicaux, de m\u00eame que l\u2019accompagnement pour la reconnaissance des laboratoires de contr\u00f4le de qualit\u00e9 dans le domaine de l\u2019Industrie Pharmaceutique \u00e0 l\u2019\u00e9chelle nationale et internationale et la reconnaissance par l\u2019ANPP des laboratoires accr\u00e9dit\u00e9s en vue\u00a0 du\u00a0 contr\u00f4le de qualit\u00e9 et la performance des dispositifs m\u00e9dicaux dans le cadre de leurs homologations et leur mise sur le march\u00e9.\u00a0 Enfin, la convention visera \u00e9galement \u00e0\u00a0 contribuer \u00e0\u00a0 l\u2019\u00e9laboration des projets de\u00a0 textes l\u00e9gislatifs et\u00a0 r\u00e9glementaires relatifs \u00e0 l\u2019accr\u00e9ditation des organismes de contr\u00f4le de qualit\u00e9 et\/ou de performance des produits pharmaceutiques et des dispositifs m\u00e9dicaux.<\/p>\t\t\t\t\t<\/div>\n\t\t\t\t\t\t<\/div>\n\t\t\t\t<\/div>\n\t\t\t\t\t\t<\/div>\n\t\t\t\t\t<\/div>\n\t\t<\/div>\n\t\t\t\t\t\t\t\t<\/div>\n\t\t\t\t\t<\/div>\n\t\t<\/section>\n\t\t\t\t<section class=\"elementor-section elementor-top-section elementor-element elementor-element-7949027 elementor-section-boxed elementor-section-height-default elementor-section-height-default\" data-id=\"7949027\" data-element_type=\"section\">\n\t\t\t\t\t\t<div class=\"elementor-container elementor-column-gap-default\">\n\t\t\t\t\t\t\t<div class=\"elementor-row\">\n\t\t\t\t\t<div class=\"elementor-column elementor-col-100 elementor-top-column elementor-element elementor-element-f907e8f\" data-id=\"f907e8f\" data-element_type=\"column\">\n\t\t\t<div class=\"elementor-column-wrap elementor-element-populated\">\n\t\t\t\t\t\t\t<div class=\"elementor-widget-wrap\">\n\t\t\t\t\t\t<div class=\"elementor-element elementor-element-3e526a1 elementor-arrows-position-inside elementor-pagination-position-outside elementor-widget elementor-widget-image-carousel\" data-id=\"3e526a1\" data-element_type=\"widget\" data-settings=\"{&quot;navigation&quot;:&quot;both&quot;,&quot;autoplay&quot;:&quot;yes&quot;,&quot;pause_on_hover&quot;:&quot;yes&quot;,&quot;pause_on_interaction&quot;:&quot;yes&quot;,&quot;autoplay_speed&quot;:5000,&quot;infinite&quot;:&quot;yes&quot;,&quot;speed&quot;:500}\" data-widget_type=\"image-carousel.default\">\n\t\t\t\t<div class=\"elementor-widget-container\">\n\t\t\t\t\t<div class=\"elementor-image-carousel-wrapper swiper-container\" dir=\"ltr\">\n\t\t\t<div class=\"elementor-image-carousel swiper-wrapper\">\n\t\t\t\t\t\t\t\t<div class=\"swiper-slide\"><figure class=\"swiper-slide-inner\"><img decoding=\"async\" class=\"swiper-slide-image\" src=\"https:\/\/algerac.dz\/wp-content\/uploads\/2022\/03\/P1080196-150x150.jpg\" alt=\"P1080196\" \/><\/figure><\/div><div class=\"swiper-slide\"><figure class=\"swiper-slide-inner\"><img decoding=\"async\" class=\"swiper-slide-image\" src=\"https:\/\/algerac.dz\/wp-content\/uploads\/2022\/03\/P1080187-150x150.jpg\" alt=\"P1080187\" \/><\/figure><\/div><div class=\"swiper-slide\"><figure class=\"swiper-slide-inner\"><img decoding=\"async\" class=\"swiper-slide-image\" src=\"https:\/\/algerac.dz\/wp-content\/uploads\/2022\/03\/P1080193-150x150.jpg\" alt=\"P1080193\" \/><\/figure><\/div><div class=\"swiper-slide\"><figure class=\"swiper-slide-inner\"><img decoding=\"async\" class=\"swiper-slide-image\" src=\"https:\/\/algerac.dz\/wp-content\/uploads\/2022\/03\/P1080195-150x150.jpg\" alt=\"P1080195\" \/><\/figure><\/div><div class=\"swiper-slide\"><figure class=\"swiper-slide-inner\"><img decoding=\"async\" class=\"swiper-slide-image\" src=\"https:\/\/algerac.dz\/wp-content\/uploads\/2022\/03\/P1080184-150x150.jpg\" alt=\"P1080184\" \/><\/figure><\/div>\t\t\t<\/div>\n\t\t\t\t\t\t\t\t\t\t\t\t<div class=\"swiper-pagination\"><\/div>\n\t\t\t\t\t\t\t\t\t\t\t\t\t<div class=\"elementor-swiper-button elementor-swiper-button-prev\">\n\t\t\t\t\t\t<i aria-hidden=\"true\" class=\"eicon-chevron-left\"><\/i>\t\t\t\t\t\t<span class=\"elementor-screen-only\">Previous<\/span>\n\t\t\t\t\t<\/div>\n\t\t\t\t\t<div class=\"elementor-swiper-button elementor-swiper-button-next\">\n\t\t\t\t\t\t<i aria-hidden=\"true\" class=\"eicon-chevron-right\"><\/i>\t\t\t\t\t\t<span class=\"elementor-screen-only\">Next<\/span>\n\t\t\t\t\t<\/div>\n\t\t\t\t\t\t\t\t\t<\/div>\n\t\t\t\t<\/div>\n\t\t\t\t<\/div>\n\t\t\t\t\t\t<\/div>\n\t\t\t\t\t<\/div>\n\t\t<\/div>\n\t\t\t\t\t\t\t\t<\/div>\n\t\t\t\t\t<\/div>\n\t\t<\/section>\n\t\t\t\t\t\t\t\t\t<\/div>\n\t\t\t<\/div>\n\t\t\t\t\t<\/div>","protected":false},"excerpt":{"rendered":"<p>Rencontre sur l\u2019Industrie Pharmaceutique, plac\u00e9e sous le th\u00e8me de l\u2019apport de l\u2019accr\u00e9ditation sur la qualit\u00e9 des dispositifs m\u00e9dicaux. (ALGER &#8211; CIC &#8211; 28\/03\/2022) Sous le parrainage de Monsieur le Ministre de l\u2019Industrie Pharmaceutique, L\u2019agence nationale des produits pharmaceutiques (ANPP) en collaboration avec l\u2019Organisme Alg\u00e9rien d\u2019Accr\u00e9ditation (ALGERAC) a organis\u00e9 le 28 mars 2022 au CIC Alger,&#8230;<\/p>","protected":false},"author":1,"featured_media":0,"parent":0,"menu_order":0,"comment_status":"closed","ping_status":"closed","template":"","meta":{"_kad_post_transparent":"","_kad_post_title":"","_kad_post_layout":"","_kad_post_sidebar_id":"","_kad_post_content_style":"","_kad_post_vertical_padding":"","_kad_post_feature":"","_kad_post_feature_position":"","_kad_post_header":false,"_kad_post_footer":false},"_links":{"self":[{"href":"https:\/\/algerac.dz\/en\/wp-json\/wp\/v2\/pages\/7154"}],"collection":[{"href":"https:\/\/algerac.dz\/en\/wp-json\/wp\/v2\/pages"}],"about":[{"href":"https:\/\/algerac.dz\/en\/wp-json\/wp\/v2\/types\/page"}],"author":[{"embeddable":true,"href":"https:\/\/algerac.dz\/en\/wp-json\/wp\/v2\/users\/1"}],"replies":[{"embeddable":true,"href":"https:\/\/algerac.dz\/en\/wp-json\/wp\/v2\/comments?post=7154"}],"version-history":[{"count":8,"href":"https:\/\/algerac.dz\/en\/wp-json\/wp\/v2\/pages\/7154\/revisions"}],"predecessor-version":[{"id":8200,"href":"https:\/\/algerac.dz\/en\/wp-json\/wp\/v2\/pages\/7154\/revisions\/8200"}],"wp:attachment":[{"href":"https:\/\/algerac.dz\/en\/wp-json\/wp\/v2\/media?parent=7154"}],"curies":[{"name":"wp","href":"https:\/\/api.w.org\/{rel}","templated":true}]}}