{"id":6121,"date":"2021-11-28T13:46:43","date_gmt":"2021-11-28T12:46:43","guid":{"rendered":"https:\/\/algerac.dz\/?page_id=6121"},"modified":"2026-04-12T15:13:51","modified_gmt":"2026-04-12T13:13:51","slug":"organismes-de-biologie-medicale","status":"publish","type":"page","link":"https:\/\/algerac.dz\/en\/organismes-de-biologie-medicale\/","title":{"rendered":"Organismes de Biologie M\u00e9dicale"},"content":{"rendered":"<div data-elementor-type=\"wp-page\" data-elementor-id=\"6121\" class=\"elementor elementor-6121\">\n\t\t\t\t\t\t<div class=\"elementor-inner\">\n\t\t\t\t<div class=\"elementor-section-wrap\">\n\t\t\t\t\t\t\t\t\t<section class=\"elementor-section elementor-top-section elementor-element elementor-element-f13d925 elementor-section-boxed elementor-section-height-default elementor-section-height-default\" data-id=\"f13d925\" data-element_type=\"section\">\n\t\t\t\t\t\t<div class=\"elementor-container elementor-column-gap-default\">\n\t\t\t\t\t\t\t<div class=\"elementor-row\">\n\t\t\t\t\t<div class=\"elementor-column elementor-col-100 elementor-top-column elementor-element elementor-element-83f2de7\" data-id=\"83f2de7\" data-element_type=\"column\">\n\t\t\t<div class=\"elementor-column-wrap elementor-element-populated\">\n\t\t\t\t\t\t\t<div class=\"elementor-widget-wrap\">\n\t\t\t\t\t\t<div class=\"elementor-element elementor-element-55a926d elementor-widget-divider--view-line elementor-widget elementor-widget-divider\" data-id=\"55a926d\" data-element_type=\"widget\" data-widget_type=\"divider.default\">\n\t\t\t\t<div class=\"elementor-widget-container\">\n\t\t\t\t\t<div class=\"elementor-divider\">\n\t\t\t<span class=\"elementor-divider-separator\">\n\t\t\t\t\t\t<\/span>\n\t\t<\/div>\n\t\t\t\t<\/div>\n\t\t\t\t<\/div>\n\t\t\t\t\t\t<\/div>\n\t\t\t\t\t<\/div>\n\t\t<\/div>\n\t\t\t\t\t\t\t\t<\/div>\n\t\t\t\t\t<\/div>\n\t\t<\/section>\n\t\t\t\t<section class=\"elementor-section elementor-top-section elementor-element elementor-element-89b732b elementor-section-boxed elementor-section-height-default elementor-section-height-default\" data-id=\"89b732b\" data-element_type=\"section\">\n\t\t\t\t\t\t<div class=\"elementor-container elementor-column-gap-default\">\n\t\t\t\t\t\t\t<div class=\"elementor-row\">\n\t\t\t\t\t<div class=\"elementor-column elementor-col-100 elementor-top-column elementor-element elementor-element-76e13fc\" data-id=\"76e13fc\" data-element_type=\"column\">\n\t\t\t<div class=\"elementor-column-wrap elementor-element-populated\">\n\t\t\t\t\t\t\t<div class=\"elementor-widget-wrap\">\n\t\t\t\t\t\t<div class=\"elementor-element elementor-element-c984ccf elementor-widget elementor-widget-heading\" data-id=\"c984ccf\" data-element_type=\"widget\" data-widget_type=\"heading.default\">\n\t\t\t\t<div class=\"elementor-widget-container\">\n\t\t\t<h2 class=\"elementor-heading-title elementor-size-default\">Accredited Bodies - Medical Biology<\/h2>\t\t<\/div>\n\t\t\t\t<\/div>\n\t\t\t\t\t\t<\/div>\n\t\t\t\t\t<\/div>\n\t\t<\/div>\n\t\t\t\t\t\t\t\t<\/div>\n\t\t\t\t\t<\/div>\n\t\t<\/section>\n\t\t\t\t<section class=\"elementor-section elementor-top-section elementor-element elementor-element-7c0f86a elementor-section-boxed elementor-section-height-default elementor-section-height-default\" data-id=\"7c0f86a\" data-element_type=\"section\">\n\t\t\t\t\t\t<div class=\"elementor-container elementor-column-gap-default\">\n\t\t\t\t\t\t\t<div class=\"elementor-row\">\n\t\t\t\t\t<div class=\"elementor-column elementor-col-100 elementor-top-column elementor-element elementor-element-06f3168\" data-id=\"06f3168\" data-element_type=\"column\">\n\t\t\t<div class=\"elementor-column-wrap elementor-element-populated\">\n\t\t\t\t\t\t\t<div class=\"elementor-widget-wrap\">\n\t\t\t\t\t\t<div class=\"elementor-element elementor-element-675a7b9 elementor-widget-divider--view-line elementor-widget elementor-widget-divider\" data-id=\"675a7b9\" data-element_type=\"widget\" data-widget_type=\"divider.default\">\n\t\t\t\t<div class=\"elementor-widget-container\">\n\t\t\t\t\t<div class=\"elementor-divider\">\n\t\t\t<span class=\"elementor-divider-separator\">\n\t\t\t\t\t\t<\/span>\n\t\t<\/div>\n\t\t\t\t<\/div>\n\t\t\t\t<\/div>\n\t\t\t\t\t\t<\/div>\n\t\t\t\t\t<\/div>\n\t\t<\/div>\n\t\t\t\t\t\t\t\t<\/div>\n\t\t\t\t\t<\/div>\n\t\t<\/section>\n\t\t\t\t<section class=\"elementor-section elementor-top-section elementor-element elementor-element-5e46bef elementor-section-boxed elementor-section-height-default elementor-section-height-default\" data-id=\"5e46bef\" data-element_type=\"section\">\n\t\t\t\t\t\t<div class=\"elementor-container elementor-column-gap-default\">\n\t\t\t\t\t\t\t<div class=\"elementor-row\">\n\t\t\t\t\t<div class=\"elementor-column elementor-col-100 elementor-top-column elementor-element elementor-element-19502b5\" data-id=\"19502b5\" data-element_type=\"column\">\n\t\t\t<div class=\"elementor-column-wrap elementor-element-populated\">\n\t\t\t\t\t\t\t<div class=\"elementor-widget-wrap\">\n\t\t\t\t\t\t<div class=\"elementor-element elementor-element-37f1f9e elementor-widget elementor-widget-text-editor\" data-id=\"37f1f9e\" data-element_type=\"widget\" data-widget_type=\"text-editor.default\">\n\t\t\t\t<div class=\"elementor-widget-container\">\n\t\t\t\t\t\t\t\t<div class=\"elementor-text-editor elementor-clearfix\">\n\t\t\t\t<table border=\"1\"><tbody><tr><td width=\"99\"><p style=\"text-align: center;\"><strong>Accredited Bodies\u00a0<\/strong><\/p><\/td><td width=\"137\"><p style=\"text-align: center;\"><strong>Certificat et Annexe Technique<\/strong><\/p><\/td><td width=\"86\"><p style=\"text-align: center;\"><strong>Observations<\/strong><\/p><\/td><\/tr><tr><td width=\"99\">Centre de Procr\u00e9ation M\u00e9dicalement Assist\u00e9e EL MAWLOUD<\/td><td width=\"137\"><p style=\"text-align: center;\"><a href=\"https:\/\/algerac.dz\/wp-content\/uploads\/2025\/09\/Certificat_CPMA_El_Mawloud_4_004_Rev00_28_07_2025_sw_Annexe_Technique_Rev00_28_07_2025_sw.pdf\">Certificat et Annexe Technique 4-004<\/a><\/p><\/td><td width=\"86\"><p style=\"text-align: center;\">\/<\/p><\/td><\/tr><tr><td width=\"99\">Centre d\u2019Assistance M\u00e9dicale \u00e0 la Procr\u00e9ation &#8211; TIZIRI<\/td><td width=\"137\"><p style=\"text-align: center;\"><a href=\"https:\/\/algerac.dz\/wp-content\/uploads\/2026\/04\/Certificat_CPMA_TIZIR_4_005_Rev00_25_03_2026_sw_Annexe_Technique_Rev00_25_03_2026_sw.pdf\" target=\"_blank\" rel=\"noopener\">Certificat et Annexe Technique 4-005<\/a><\/p><\/td><td width=\"86\"><p style=\"text-align: center;\">\/<\/p><\/td><\/tr><\/tbody><\/table>\t\t\t\t\t<\/div>\n\t\t\t\t\t\t<\/div>\n\t\t\t\t<\/div>\n\t\t\t\t\t\t<\/div>\n\t\t\t\t\t<\/div>\n\t\t<\/div>\n\t\t\t\t\t\t\t\t<\/div>\n\t\t\t\t\t<\/div>\n\t\t<\/section>\n\t\t\t\t\t\t\t\t\t<\/div>\n\t\t\t<\/div>\n\t\t\t\t\t<\/div>","protected":false},"excerpt":{"rendered":"<p>Organismes Accr\u00e9dit\u00e9s &#8211; Biologie M\u00e9dicale organismes accr\u00e9dit\u00e9s\u00a0 Certificat et Annexe Technique Observations Centre de Procr\u00e9ation M\u00e9dicalement Assist\u00e9e EL MAWLOUD Certificat et Annexe Technique 4-004 \/ Centre d\u2019Assistance M\u00e9dicale \u00e0 la Procr\u00e9ation &#8211; TIZIRI Certificat et Annexe Technique 4-005 \/<\/p>","protected":false},"author":1,"featured_media":0,"parent":0,"menu_order":0,"comment_status":"closed","ping_status":"closed","template":"elementor_header_footer","meta":{"_kad_post_transparent":"","_kad_post_title":"","_kad_post_layout":"","_kad_post_sidebar_id":"","_kad_post_content_style":"","_kad_post_vertical_padding":"","_kad_post_feature":"","_kad_post_feature_position":"","_kad_post_header":false,"_kad_post_footer":false},"_links":{"self":[{"href":"https:\/\/algerac.dz\/en\/wp-json\/wp\/v2\/pages\/6121"}],"collection":[{"href":"https:\/\/algerac.dz\/en\/wp-json\/wp\/v2\/pages"}],"about":[{"href":"https:\/\/algerac.dz\/en\/wp-json\/wp\/v2\/types\/page"}],"author":[{"embeddable":true,"href":"https:\/\/algerac.dz\/en\/wp-json\/wp\/v2\/users\/1"}],"replies":[{"embeddable":true,"href":"https:\/\/algerac.dz\/en\/wp-json\/wp\/v2\/comments?post=6121"}],"version-history":[{"count":79,"href":"https:\/\/algerac.dz\/en\/wp-json\/wp\/v2\/pages\/6121\/revisions"}],"predecessor-version":[{"id":20369,"href":"https:\/\/algerac.dz\/en\/wp-json\/wp\/v2\/pages\/6121\/revisions\/20369"}],"wp:attachment":[{"href":"https:\/\/algerac.dz\/en\/wp-json\/wp\/v2\/media?parent=6121"}],"curies":[{"name":"wp","href":"https:\/\/api.w.org\/{rel}","templated":true}]}}