{"id":6086,"date":"2021-11-28T12:28:19","date_gmt":"2021-11-28T11:28:19","guid":{"rendered":"https:\/\/algerac.dz\/?page_id=6086"},"modified":"2025-12-14T14:41:40","modified_gmt":"2025-12-14T13:41:40","slug":"organismes-de-certification","status":"publish","type":"page","link":"https:\/\/algerac.dz\/en\/organismes-de-certification\/","title":{"rendered":"Certification Bodies"},"content":{"rendered":"<div data-elementor-type=\"wp-page\" data-elementor-id=\"6086\" class=\"elementor elementor-6086\">\n\t\t\t\t\t\t<div class=\"elementor-inner\">\n\t\t\t\t<div class=\"elementor-section-wrap\">\n\t\t\t\t\t\t\t\t\t<section class=\"elementor-section elementor-top-section elementor-element elementor-element-89b732b elementor-section-boxed elementor-section-height-default elementor-section-height-default\" data-id=\"89b732b\" data-element_type=\"section\">\n\t\t\t\t\t\t<div class=\"elementor-container elementor-column-gap-default\">\n\t\t\t\t\t\t\t<div class=\"elementor-row\">\n\t\t\t\t\t<div class=\"elementor-column elementor-col-100 elementor-top-column elementor-element elementor-element-76e13fc\" data-id=\"76e13fc\" data-element_type=\"column\">\n\t\t\t<div class=\"elementor-column-wrap elementor-element-populated\">\n\t\t\t\t\t\t\t<div class=\"elementor-widget-wrap\">\n\t\t\t\t\t\t<div class=\"elementor-element elementor-element-c984ccf elementor-widget elementor-widget-heading\" data-id=\"c984ccf\" data-element_type=\"widget\" data-widget_type=\"heading.default\">\n\t\t\t\t<div class=\"elementor-widget-container\">\n\t\t\t<h2 class=\"elementor-heading-title elementor-size-default\">Organismes Accr\u00e9dit\u00e9s - Certification de Syst\u00e8mes de Management<\/h2>\t\t<\/div>\n\t\t\t\t<\/div>\n\t\t\t\t\t\t<\/div>\n\t\t\t\t\t<\/div>\n\t\t<\/div>\n\t\t\t\t\t\t\t\t<\/div>\n\t\t\t\t\t<\/div>\n\t\t<\/section>\n\t\t\t\t<section class=\"elementor-section elementor-top-section elementor-element elementor-element-666beba elementor-section-boxed elementor-section-height-default elementor-section-height-default\" data-id=\"666beba\" data-element_type=\"section\">\n\t\t\t\t\t\t<div class=\"elementor-container elementor-column-gap-default\">\n\t\t\t\t\t\t\t<div class=\"elementor-row\">\n\t\t\t\t\t<div class=\"elementor-column elementor-col-100 elementor-top-column elementor-element elementor-element-c88a630\" data-id=\"c88a630\" data-element_type=\"column\">\n\t\t\t<div class=\"elementor-column-wrap elementor-element-populated\">\n\t\t\t\t\t\t\t<div class=\"elementor-widget-wrap\">\n\t\t\t\t\t\t<div class=\"elementor-element elementor-element-31c3aec elementor-widget-divider--view-line elementor-widget elementor-widget-divider\" data-id=\"31c3aec\" data-element_type=\"widget\" data-widget_type=\"divider.default\">\n\t\t\t\t<div class=\"elementor-widget-container\">\n\t\t\t\t\t<div class=\"elementor-divider\">\n\t\t\t<span class=\"elementor-divider-separator\">\n\t\t\t\t\t\t<\/span>\n\t\t<\/div>\n\t\t\t\t<\/div>\n\t\t\t\t<\/div>\n\t\t\t\t\t\t<\/div>\n\t\t\t\t\t<\/div>\n\t\t<\/div>\n\t\t\t\t\t\t\t\t<\/div>\n\t\t\t\t\t<\/div>\n\t\t<\/section>\n\t\t\t\t<section class=\"elementor-section elementor-top-section elementor-element elementor-element-5e46bef elementor-section-boxed elementor-section-height-default elementor-section-height-default\" data-id=\"5e46bef\" data-element_type=\"section\">\n\t\t\t\t\t\t<div class=\"elementor-container elementor-column-gap-default\">\n\t\t\t\t\t\t\t<div class=\"elementor-row\">\n\t\t\t\t\t<div class=\"elementor-column elementor-col-100 elementor-top-column elementor-element elementor-element-19502b5\" data-id=\"19502b5\" data-element_type=\"column\">\n\t\t\t<div class=\"elementor-column-wrap elementor-element-populated\">\n\t\t\t\t\t\t\t<div class=\"elementor-widget-wrap\">\n\t\t\t\t\t\t<div class=\"elementor-element elementor-element-37f1f9e elementor-widget elementor-widget-text-editor\" data-id=\"37f1f9e\" data-element_type=\"widget\" data-widget_type=\"text-editor.default\">\n\t\t\t\t<div class=\"elementor-widget-container\">\n\t\t\t\t\t\t\t\t<div class=\"elementor-text-editor elementor-clearfix\">\n\t\t\t\t<table border=\"1\"><tbody><tr><td style=\"text-align: center;\" width=\"99\"><strong>Accredited Bodies<\/strong><\/td><td style=\"text-align: center;\" width=\"137\"><strong>Certificat et Annexe Technique<\/strong><\/td><td style=\"text-align: center;\" width=\"99\"><strong>Observations<\/strong><\/td><\/tr><tr><td width=\"99\">ALICEF SPA<\/td><td width=\"137\"><p style=\"text-align: center;\"><a href=\"https:\/\/algerac.dz\/wp-content\/uploads\/2025\/12\/Certificat_ALICEF_3_1_001_Rev08_10_11_2025_sw_Annexe_Technique_Rev11_07_12_2025_sw.pdf\" target=\"_blank\" rel=\"noopener\">Certificat et Annexe Technique\u00a0 3-1-001<\/a><\/p><\/td><\/tr><tr><td width=\"99\">SARL VERA CONFORMITE<\/td><td width=\"137\"><p style=\"text-align: center;\"><a href=\"https:\/\/algerac.dz\/wp-content\/uploads\/2025\/11\/Certificat_VERA_Conformite_3_1_006_Rev02_10_11_2025_sw_Annexe_Technique_Rev04_10_11_2025_sw.pdf\" target=\"_blank\" rel=\"noopener\">Certificat et Annexe Technique\u00a0 3-1-006<\/a><\/p><\/td><\/tr><tr><td width=\"99\">SARL BCI\u00a0 ALG\u00c9RIE<\/td><td width=\"137\"><p style=\"text-align: center;\"><a href=\"https:\/\/algerac.dz\/wp-content\/uploads\/2025\/11\/Certificat_BCI_3_1_007_Rev01_10_11_2025_sw_Annexe_Technique_Rev02_10_11_2025_sw.pdf\" target=\"_blank\" rel=\"noopener\">Certificat et Annexe Technique\u00a0 3-1-007<\/a><\/p><\/td><\/tr><tr><td width=\"99\">Eurl INTERTEK ALGERIA LTD<\/td><td width=\"137\"><p style=\"text-align: center;\"><a href=\"https:\/\/algerac.dz\/wp-content\/uploads\/2025\/12\/Certificat_INTERTEK_3_1_008_Rev01_23_10_2025_Annexe_Technique_Rev04_07_12_2025_sw.pdf\" target=\"_blank\" rel=\"noopener\">Certificat et Annexe Technique\u00a0 3-1-008<\/a><\/p><\/td><\/tr><tr><td width=\"99\">SGS QUALITEST Alg\u00e9rie SPA<\/td><td width=\"137\"><p style=\"text-align: center;\"><a href=\"https:\/\/algerac.dz\/wp-content\/uploads\/2025\/12\/Certificat_SGS_3_1_009_Rev01_18_09_2025_sw_Annexe_Technique_Rev04_07_12_2025_sw.pdf\" target=\"_blank\" rel=\"noopener\">Certificat et Annexe Technique\u00a0 3-1-009<\/a><\/p><\/td><\/tr><\/tbody><\/table>\t\t\t\t\t<\/div>\n\t\t\t\t\t\t<\/div>\n\t\t\t\t<\/div>\n\t\t\t\t\t\t<\/div>\n\t\t\t\t\t<\/div>\n\t\t<\/div>\n\t\t\t\t\t\t\t\t<\/div>\n\t\t\t\t\t<\/div>\n\t\t<\/section>\n\t\t\t\t\t\t\t\t\t<\/div>\n\t\t\t<\/div>\n\t\t\t\t\t<\/div>","protected":false},"excerpt":{"rendered":"<p>Organismes Accr\u00e9dit\u00e9s &#8211; Certification de Syst\u00e8mes de Management organismes accr\u00e9dit\u00e9s Certificat et Annexe Technique Observations ALICEF SPA Certificat et Annexe Technique\u00a0 3-1-001 SARL VERA CONFORMITE Certificat et Annexe Technique\u00a0 3-1-006 SARL BCI\u00a0 ALG\u00c9RIE Certificat et Annexe Technique\u00a0 3-1-007 Eurl INTERTEK ALGERIA LTD Certificat et Annexe Technique\u00a0 3-1-008 SGS QUALITEST Alg\u00e9rie SPA Certificat et Annexe Technique\u00a0&#8230;<\/p>","protected":false},"author":1,"featured_media":0,"parent":0,"menu_order":0,"comment_status":"closed","ping_status":"closed","template":"elementor_header_footer","meta":{"_kad_post_transparent":"","_kad_post_title":"","_kad_post_layout":"","_kad_post_sidebar_id":"","_kad_post_content_style":"","_kad_post_vertical_padding":"","_kad_post_feature":"","_kad_post_feature_position":"","_kad_post_header":false,"_kad_post_footer":false},"_links":{"self":[{"href":"https:\/\/algerac.dz\/en\/wp-json\/wp\/v2\/pages\/6086"}],"collection":[{"href":"https:\/\/algerac.dz\/en\/wp-json\/wp\/v2\/pages"}],"about":[{"href":"https:\/\/algerac.dz\/en\/wp-json\/wp\/v2\/types\/page"}],"author":[{"embeddable":true,"href":"https:\/\/algerac.dz\/en\/wp-json\/wp\/v2\/users\/1"}],"replies":[{"embeddable":true,"href":"https:\/\/algerac.dz\/en\/wp-json\/wp\/v2\/comments?post=6086"}],"version-history":[{"count":220,"href":"https:\/\/algerac.dz\/en\/wp-json\/wp\/v2\/pages\/6086\/revisions"}],"predecessor-version":[{"id":19718,"href":"https:\/\/algerac.dz\/en\/wp-json\/wp\/v2\/pages\/6086\/revisions\/19718"}],"wp:attachment":[{"href":"https:\/\/algerac.dz\/en\/wp-json\/wp\/v2\/media?parent=6086"}],"curies":[{"name":"wp","href":"https:\/\/api.w.org\/{rel}","templated":true}]}}