{"id":5697,"date":"2021-10-06T11:03:27","date_gmt":"2021-10-06T09:03:27","guid":{"rendered":"https:\/\/algerac.dz\/?page_id=5697"},"modified":"2021-12-20T15:54:01","modified_gmt":"2021-12-20T14:54:01","slug":"espace-communication","status":"publish","type":"page","link":"https:\/\/algerac.dz\/en\/espace-communication\/","title":{"rendered":"Espace Communication"},"content":{"rendered":"<div data-elementor-type=\"wp-page\" data-elementor-id=\"5697\" class=\"elementor elementor-5697\">\n\t\t\t\t\t\t<div class=\"elementor-inner\">\n\t\t\t\t<div class=\"elementor-section-wrap\">\n\t\t\t\t\t\t\t\t\t<section class=\"elementor-section elementor-top-section elementor-element elementor-element-ebfe5c2 elementor-section-boxed elementor-section-height-default elementor-section-height-default\" data-id=\"ebfe5c2\" data-element_type=\"section\">\n\t\t\t\t\t\t<div class=\"elementor-container elementor-column-gap-default\">\n\t\t\t\t\t\t\t<div class=\"elementor-row\">\n\t\t\t\t\t<div class=\"elementor-column elementor-col-100 elementor-top-column elementor-element elementor-element-f4a9ac7\" data-id=\"f4a9ac7\" data-element_type=\"column\">\n\t\t\t<div class=\"elementor-column-wrap elementor-element-populated\">\n\t\t\t\t\t\t\t<div class=\"elementor-widget-wrap\">\n\t\t\t\t\t\t<div class=\"elementor-element elementor-element-2327627 elementor-widget elementor-widget-heading\" data-id=\"2327627\" data-element_type=\"widget\" data-widget_type=\"heading.default\">\n\t\t\t\t<div class=\"elementor-widget-container\">\n\t\t\t<h2 class=\"elementor-heading-title elementor-size-default\">Espace Communication<\/h2>\t\t<\/div>\n\t\t\t\t<\/div>\n\t\t\t\t\t\t<\/div>\n\t\t\t\t\t<\/div>\n\t\t<\/div>\n\t\t\t\t\t\t\t\t<\/div>\n\t\t\t\t\t<\/div>\n\t\t<\/section>\n\t\t\t\t<section class=\"elementor-section elementor-top-section elementor-element elementor-element-4820b86 elementor-section-boxed elementor-section-height-default elementor-section-height-default\" data-id=\"4820b86\" data-element_type=\"section\">\n\t\t\t\t\t\t<div class=\"elementor-container elementor-column-gap-default\">\n\t\t\t\t\t\t\t<div class=\"elementor-row\">\n\t\t\t\t\t<div class=\"elementor-column elementor-col-100 elementor-top-column elementor-element elementor-element-615c5d3\" data-id=\"615c5d3\" data-element_type=\"column\">\n\t\t\t<div class=\"elementor-column-wrap elementor-element-populated\">\n\t\t\t\t\t\t\t<div class=\"elementor-widget-wrap\">\n\t\t\t\t\t\t<div class=\"elementor-element elementor-element-5ff54b2 elementor-widget-divider--view-line elementor-widget elementor-widget-divider\" data-id=\"5ff54b2\" data-element_type=\"widget\" data-widget_type=\"divider.default\">\n\t\t\t\t<div class=\"elementor-widget-container\">\n\t\t\t\t\t<div class=\"elementor-divider\">\n\t\t\t<span class=\"elementor-divider-separator\">\n\t\t\t\t\t\t<\/span>\n\t\t<\/div>\n\t\t\t\t<\/div>\n\t\t\t\t<\/div>\n\t\t\t\t<div class=\"elementor-element elementor-element-a26b9fd elementor-widget elementor-widget-text-editor\" data-id=\"a26b9fd\" data-element_type=\"widget\" data-widget_type=\"text-editor.default\">\n\t\t\t\t<div class=\"elementor-widget-container\">\n\t\t\t\t\t\t\t\t<div class=\"elementor-text-editor elementor-clearfix\">\n\t\t\t\t<ul><li><span style=\"color: #000000;\"><a style=\"color: #000000;\" href=\"https:\/\/algerac.dz\/wp-content\/uploads\/2021\/Media\/BOUDISSA_Chaine03_19_12_2021_Invite_R%C3%A9daction.mp3\" target=\"_blank\" rel=\"noopener\">Passage de Monsieur BOUDISSA Noureddine , Directeur G\u00e9n\u00e9ral d&rsquo;ALGERAC \u00e0 l&#8217;emission \u00ab\u00a0L&rsquo;invit\u00e9 de la r\u00e9daction\u00a0\u00bb de la Radio Chaine 3\u00a0 le 19\/12\/2021. <span style=\"color: #ff0000;\">[Ecouter]<\/span><\/a><\/span><\/li><\/ul>\t\t\t\t\t<\/div>\n\t\t\t\t\t\t<\/div>\n\t\t\t\t<\/div>\n\t\t\t\t<div class=\"elementor-element elementor-element-ddf169e elementor-widget-divider--view-line elementor-widget elementor-widget-divider\" data-id=\"ddf169e\" data-element_type=\"widget\" data-widget_type=\"divider.default\">\n\t\t\t\t<div class=\"elementor-widget-container\">\n\t\t\t\t\t<div class=\"elementor-divider\">\n\t\t\t<span class=\"elementor-divider-separator\">\n\t\t\t\t\t\t<\/span>\n\t\t<\/div>\n\t\t\t\t<\/div>\n\t\t\t\t<\/div>\n\t\t\t\t\t\t<\/div>\n\t\t\t\t\t<\/div>\n\t\t<\/div>\n\t\t\t\t\t\t\t\t<\/div>\n\t\t\t\t\t<\/div>\n\t\t<\/section>\n\t\t\t\t<section class=\"elementor-section elementor-top-section elementor-element elementor-element-4ab317f elementor-section-boxed elementor-section-height-default elementor-section-height-default\" data-id=\"4ab317f\" data-element_type=\"section\">\n\t\t\t\t\t\t<div class=\"elementor-container elementor-column-gap-default\">\n\t\t\t\t\t\t\t<div class=\"elementor-row\">\n\t\t\t\t\t<div class=\"elementor-column elementor-col-100 elementor-top-column elementor-element elementor-element-430bb7c\" data-id=\"430bb7c\" data-element_type=\"column\">\n\t\t\t<div class=\"elementor-column-wrap elementor-element-populated\">\n\t\t\t\t\t\t\t<div class=\"elementor-widget-wrap\">\n\t\t\t\t\t\t<div class=\"elementor-element elementor-element-f825201 elementor-widget elementor-widget-text-editor\" data-id=\"f825201\" data-element_type=\"widget\" data-widget_type=\"text-editor.default\">\n\t\t\t\t<div class=\"elementor-widget-container\">\n\t\t\t\t\t\t\t\t<div class=\"elementor-text-editor elementor-clearfix\">\n\t\t\t\t<ul><li><span style=\"color: #000000;\"><a style=\"color: #000000;\" href=\"https:\/\/algerac.dz\/wp-content\/uploads\/2021\/Media\/BOUDISSA_Echourouk_News_29_11_2021_Echourouk_Morning.mp4\" target=\"_blank\" rel=\"noopener\">Passage de Monsieur BOUDISSA Noureddine , Directeur G\u00e9n\u00e9ral d&rsquo;ALGERAC \u00e0 l&#8217;emission Echourouk Morning de la chaine Echourouk News le 29\/11\/2021. <span style=\"color: #ff0000;\">[Voir]<\/span><\/a><\/span><\/li><\/ul>\t\t\t\t\t<\/div>\n\t\t\t\t\t\t<\/div>\n\t\t\t\t<\/div>\n\t\t\t\t\t\t<\/div>\n\t\t\t\t\t<\/div>\n\t\t<\/div>\n\t\t\t\t\t\t\t\t<\/div>\n\t\t\t\t\t<\/div>\n\t\t<\/section>\n\t\t\t\t<section class=\"elementor-section elementor-top-section elementor-element elementor-element-fed7201 elementor-section-boxed elementor-section-height-default elementor-section-height-default\" data-id=\"fed7201\" data-element_type=\"section\">\n\t\t\t\t\t\t<div class=\"elementor-container elementor-column-gap-default\">\n\t\t\t\t\t\t\t<div class=\"elementor-row\">\n\t\t\t\t\t<div class=\"elementor-column elementor-col-100 elementor-top-column elementor-element elementor-element-2ad301b\" data-id=\"2ad301b\" data-element_type=\"column\">\n\t\t\t<div class=\"elementor-column-wrap\">\n\t\t\t\t\t\t\t<div class=\"elementor-widget-wrap\">\n\t\t\t\t\t\t\t\t<\/div>\n\t\t\t\t\t<\/div>\n\t\t<\/div>\n\t\t\t\t\t\t\t\t<\/div>\n\t\t\t\t\t<\/div>\n\t\t<\/section>\n\t\t\t\t\t\t\t\t\t<\/div>\n\t\t\t<\/div>\n\t\t\t\t\t<\/div>","protected":false},"excerpt":{"rendered":"<p>Espace Communication Passage de Monsieur BOUDISSA Noureddine , Directeur G\u00e9n\u00e9ral d&rsquo;ALGERAC \u00e0 l&#8217;emission \u00ab\u00a0L&rsquo;invit\u00e9 de la r\u00e9daction\u00a0\u00bb de la Radio Chaine 3\u00a0 le 19\/12\/2021. [Ecouter] Passage de Monsieur BOUDISSA Noureddine , Directeur G\u00e9n\u00e9ral d&rsquo;ALGERAC \u00e0 l&#8217;emission Echourouk Morning de la chaine Echourouk News le 29\/11\/2021. [Voir]<\/p>","protected":false},"author":1,"featured_media":0,"parent":0,"menu_order":0,"comment_status":"closed","ping_status":"closed","template":"","meta":{"_kad_post_transparent":"","_kad_post_title":"","_kad_post_layout":"","_kad_post_sidebar_id":"","_kad_post_content_style":"","_kad_post_vertical_padding":"","_kad_post_feature":"","_kad_post_feature_position":"","_kad_post_header":false,"_kad_post_footer":false},"_links":{"self":[{"href":"https:\/\/algerac.dz\/en\/wp-json\/wp\/v2\/pages\/5697"}],"collection":[{"href":"https:\/\/algerac.dz\/en\/wp-json\/wp\/v2\/pages"}],"about":[{"href":"https:\/\/algerac.dz\/en\/wp-json\/wp\/v2\/types\/page"}],"author":[{"embeddable":true,"href":"https:\/\/algerac.dz\/en\/wp-json\/wp\/v2\/users\/1"}],"replies":[{"embeddable":true,"href":"https:\/\/algerac.dz\/en\/wp-json\/wp\/v2\/comments?post=5697"}],"version-history":[{"count":31,"href":"https:\/\/algerac.dz\/en\/wp-json\/wp\/v2\/pages\/5697\/revisions"}],"predecessor-version":[{"id":6412,"href":"https:\/\/algerac.dz\/en\/wp-json\/wp\/v2\/pages\/5697\/revisions\/6412"}],"wp:attachment":[{"href":"https:\/\/algerac.dz\/en\/wp-json\/wp\/v2\/media?parent=5697"}],"curies":[{"name":"wp","href":"https:\/\/api.w.org\/{rel}","templated":true}]}}