{"id":5530,"date":"2021-10-05T11:33:44","date_gmt":"2021-10-05T09:33:44","guid":{"rendered":"https:\/\/algerac.dz\/?page_id=5530"},"modified":"2022-03-07T14:19:15","modified_gmt":"2022-03-07T13:19:15","slug":"evaluateurs-et-experts","status":"publish","type":"page","link":"https:\/\/algerac.dz\/en\/evaluateurs-et-experts\/","title":{"rendered":"Recrutement_Evaluateurs_Experts"},"content":{"rendered":"<div data-elementor-type=\"wp-page\" data-elementor-id=\"5530\" class=\"elementor elementor-5530\">\n\t\t\t\t\t\t<div class=\"elementor-inner\">\n\t\t\t\t<div class=\"elementor-section-wrap\">\n\t\t\t\t\t\t\t\t\t<section class=\"elementor-section elementor-top-section elementor-element elementor-element-3823465 elementor-section-boxed elementor-section-height-default elementor-section-height-default\" data-id=\"3823465\" data-element_type=\"section\">\n\t\t\t\t\t\t<div class=\"elementor-container elementor-column-gap-default\">\n\t\t\t\t\t\t\t<div class=\"elementor-row\">\n\t\t\t\t\t<div class=\"elementor-column elementor-col-100 elementor-top-column elementor-element elementor-element-8041184\" data-id=\"8041184\" data-element_type=\"column\">\n\t\t\t<div class=\"elementor-column-wrap elementor-element-populated\">\n\t\t\t\t\t\t\t<div class=\"elementor-widget-wrap\">\n\t\t\t\t\t\t<div class=\"elementor-element elementor-element-1d85d52 elementor-widget elementor-widget-heading\" data-id=\"1d85d52\" data-element_type=\"widget\" data-widget_type=\"heading.default\">\n\t\t\t\t<div class=\"elementor-widget-container\">\n\t\t\t<h2 class=\"elementor-heading-title elementor-size-default\"><b>Become an ALGERAC Expert \/ Evaluator \/ Trainer<\/b><\/h2>\t\t<\/div>\n\t\t\t\t<\/div>\n\t\t\t\t\t\t<\/div>\n\t\t\t\t\t<\/div>\n\t\t<\/div>\n\t\t\t\t\t\t\t\t<\/div>\n\t\t\t\t\t<\/div>\n\t\t<\/section>\n\t\t\t\t<section class=\"elementor-section elementor-top-section elementor-element elementor-element-626b607 elementor-section-boxed elementor-section-height-default elementor-section-height-default\" data-id=\"626b607\" data-element_type=\"section\">\n\t\t\t\t\t\t<div class=\"elementor-container elementor-column-gap-default\">\n\t\t\t\t\t\t\t<div class=\"elementor-row\">\n\t\t\t\t\t<div class=\"elementor-column elementor-col-100 elementor-top-column elementor-element elementor-element-9f3faf2\" data-id=\"9f3faf2\" data-element_type=\"column\">\n\t\t\t<div class=\"elementor-column-wrap elementor-element-populated\">\n\t\t\t\t\t\t\t<div class=\"elementor-widget-wrap\">\n\t\t\t\t\t\t<div class=\"elementor-element elementor-element-f7b42ac elementor-widget elementor-widget-text-editor\" data-id=\"f7b42ac\" data-element_type=\"widget\" data-widget_type=\"text-editor.default\">\n\t\t\t\t<div class=\"elementor-widget-container\">\n\t\t\t\t\t\t\t\t<div class=\"elementor-text-editor elementor-clearfix\">\n\t\t\t\t<p>Each year, ALGERAC launches a call for applications for the recruitment of assessor, expert and trainer with skills and know-how in the fields of testing and calibration laboratories, inspection and certification. .<\/p><p>Que vous soyez, expert, \u00e9valuateur, enseignant, formateur, chercheur, ou salari\u00e9 qualifi\u00e9 au sein d\u2019un \u00e9tablissement et que vous disposez des capacit\u00e9s n\u00e9cessaires \u00e0 mener en toute autonomie des missions d\u2019\u00e9valuation de courte dur\u00e9e d&rsquo;organismes d\u2019\u00e9valuation de la conformit\u00e9, nous vous invitons \u00e0 rejoindre ALGERAC et contribuer \u00e0 travers vos connaissances et votre savoir-faire.<\/p><p><b>Terms :<\/b><\/p><p>\u2022 Being active or not having left the activity for more than 02 years.<br \/>\u2022 Be under 65 years old.<br \/>\u2022 Possess diplomas, qualifications and references in a defined field of competence.<br \/>\u2022 Be available to carry out short-term assignments.<br \/>\u2022 Demonstrate independence, objectivity, impartiality and confidentiality.<br \/>\u2022 Possess verbal and written communication skills.<br \/>\u2022 Mastering the regulatory framework and methods relating to evaluation would be an added value.<\/p><p style=\"text-align: center;\"><a href=\"https:\/\/algerac.dz\/wp-content\/uploads\/2020\/12\/PRO-06-Selection-Qualification-et-Suivi-Competences-Evaluateurs-Experts-Rev-11.pdf\" target=\"_blank\" rel=\"noopener\"><span style=\"color: #ff0000;\"><b>Voir les crit\u00e8res et exigences de s\u00e9lection de candidat (PRO 06) &#8211; [pdf]<\/b><\/span><\/a><\/p><p style=\"text-align: center;\"><strong><a href=\"https:\/\/algerac.dz\/wp-content\/uploads\/2022\/02\/GEN_14_Matrice_des_Competences_Rev12_23_01_2022_sw.pdf\" target=\"_blank\" rel=\"noopener\">Voir les domaines de comp\u00e9tence (GEN 14) &#8211; [pdf]<\/a><\/strong><\/p><p style=\"text-align: left;\"><b>Advantages :<\/b><\/p><p style=\"text-align: left;\">Being an expert, evaluator or trainer within ALGERAC allows you to:<\/p><p>\u2022 Develop your contact network by meeting other national and international experts;<br \/>\u2022 To enrich your personal experience;<br \/>\u2022 To perfect your knowledge and know-how thanks to the various technical aspects to be studied and evaluated;<br \/>\u2022 To benefit from free training in the areas of intervention;<br \/>\u2022 A daily remuneration corresponding to the ALGERAC remuneration grid.<\/p><p><b>Registration procedure:<\/b><\/p><p>To register on the national file of experts, evaluators and trainers of ALGERAC, you just have to fill in and return the application form <a href=\"https:\/\/algerac.dz\/wp-content\/uploads\/2019\/10\/FOR-20-Curriculum-vitae.docx\" target=\"_blank\" rel=\"noopener\">FOR 20<\/a> \u00e0 l&rsquo;adresse mail suivante : <span style=\"color: #ff0000;\">recrutement@algerac.dz<\/span><\/p>\t\t\t\t\t<\/div>\n\t\t\t\t\t\t<\/div>\n\t\t\t\t<\/div>\n\t\t\t\t<div class=\"elementor-element elementor-element-0b680f3 elementor-widget-divider--view-line elementor-widget elementor-widget-divider\" data-id=\"0b680f3\" data-element_type=\"widget\" data-widget_type=\"divider.default\">\n\t\t\t\t<div class=\"elementor-widget-container\">\n\t\t\t\t\t<div class=\"elementor-divider\">\n\t\t\t<span class=\"elementor-divider-separator\">\n\t\t\t\t\t\t<\/span>\n\t\t<\/div>\n\t\t\t\t<\/div>\n\t\t\t\t<\/div>\n\t\t\t\t\t\t<\/div>\n\t\t\t\t\t<\/div>\n\t\t<\/div>\n\t\t\t\t\t\t\t\t<\/div>\n\t\t\t\t\t<\/div>\n\t\t<\/section>\n\t\t\t\t\t\t\t\t\t<\/div>\n\t\t\t<\/div>\n\t\t\t\t\t<\/div>","protected":false},"excerpt":{"rendered":"<p>Devenir Expert \/ Evaluateur \/ Formateur d&rsquo;ALGERAC Chaque ann\u00e9e, ALGERAC lance un appel \u00e0 candidature pour le recrutement d\u2019\u00e9valuateur, d\u2019expert et de formateur disposant de comp\u00e9tences et savoir-faire dans les domaines de laboratoires d\u2019essais et d\u2019\u00e9talonnage, de l\u2019inspection et de la certification. Que vous soyez, expert, \u00e9valuateur, enseignant, formateur, chercheur, ou salari\u00e9 qualifi\u00e9 au sein&#8230;<\/p>","protected":false},"author":1,"featured_media":0,"parent":0,"menu_order":0,"comment_status":"closed","ping_status":"closed","template":"","meta":{"_kad_post_transparent":"","_kad_post_title":"","_kad_post_layout":"","_kad_post_sidebar_id":"","_kad_post_content_style":"","_kad_post_vertical_padding":"","_kad_post_feature":"","_kad_post_feature_position":"","_kad_post_header":false,"_kad_post_footer":false},"_links":{"self":[{"href":"https:\/\/algerac.dz\/en\/wp-json\/wp\/v2\/pages\/5530"}],"collection":[{"href":"https:\/\/algerac.dz\/en\/wp-json\/wp\/v2\/pages"}],"about":[{"href":"https:\/\/algerac.dz\/en\/wp-json\/wp\/v2\/types\/page"}],"author":[{"embeddable":true,"href":"https:\/\/algerac.dz\/en\/wp-json\/wp\/v2\/users\/1"}],"replies":[{"embeddable":true,"href":"https:\/\/algerac.dz\/en\/wp-json\/wp\/v2\/comments?post=5530"}],"version-history":[{"count":35,"href":"https:\/\/algerac.dz\/en\/wp-json\/wp\/v2\/pages\/5530\/revisions"}],"predecessor-version":[{"id":7010,"href":"https:\/\/algerac.dz\/en\/wp-json\/wp\/v2\/pages\/5530\/revisions\/7010"}],"wp:attachment":[{"href":"https:\/\/algerac.dz\/en\/wp-json\/wp\/v2\/media?parent=5530"}],"curies":[{"name":"wp","href":"https:\/\/api.w.org\/{rel}","templated":true}]}}