{"id":5484,"date":"2021-10-04T10:44:59","date_gmt":"2021-10-04T08:44:59","guid":{"rendered":"https:\/\/algerac.dz\/?page_id=5484"},"modified":"2021-10-04T10:55:00","modified_gmt":"2021-10-04T08:55:00","slug":"important_inspection_02","status":"publish","type":"page","link":"https:\/\/algerac.dz\/en\/important_inspection_02\/","title":{"rendered":"Important_Inspection_02"},"content":{"rendered":"<div data-elementor-type=\"wp-page\" data-elementor-id=\"5484\" class=\"elementor elementor-5484\">\n\t\t\t\t\t\t<div class=\"elementor-inner\">\n\t\t\t\t<div class=\"elementor-section-wrap\">\n\t\t\t\t\t\t\t\t\t<section class=\"elementor-section elementor-top-section elementor-element elementor-element-20a252b elementor-section-boxed elementor-section-height-default elementor-section-height-default\" data-id=\"20a252b\" data-element_type=\"section\">\n\t\t\t\t\t\t<div class=\"elementor-container elementor-column-gap-default\">\n\t\t\t\t\t\t\t<div class=\"elementor-row\">\n\t\t\t\t\t<div class=\"elementor-column elementor-col-100 elementor-top-column elementor-element elementor-element-d0f1e95\" data-id=\"d0f1e95\" data-element_type=\"column\">\n\t\t\t<div class=\"elementor-column-wrap elementor-element-populated\">\n\t\t\t\t\t\t\t<div class=\"elementor-widget-wrap\">\n\t\t\t\t\t\t<div class=\"elementor-element elementor-element-100fe1e elementor-widget elementor-widget-heading\" data-id=\"100fe1e\" data-element_type=\"widget\" data-widget_type=\"heading.default\">\n\t\t\t\t<div class=\"elementor-widget-container\">\n\t\t\t<h2 class=\"elementor-heading-title elementor-size-default\">New opportunity for accredited inspection bodies working in the field of certification<\/h2>\t\t<\/div>\n\t\t\t\t<\/div>\n\t\t\t\t\t\t<\/div>\n\t\t\t\t\t<\/div>\n\t\t<\/div>\n\t\t\t\t\t\t\t\t<\/div>\n\t\t\t\t\t<\/div>\n\t\t<\/section>\n\t\t\t\t<section class=\"elementor-section elementor-top-section elementor-element elementor-element-02a8c78 elementor-section-boxed elementor-section-height-default elementor-section-height-default\" data-id=\"02a8c78\" data-element_type=\"section\">\n\t\t\t\t\t\t<div class=\"elementor-container elementor-column-gap-default\">\n\t\t\t\t\t\t\t<div class=\"elementor-row\">\n\t\t\t\t\t<div class=\"elementor-column elementor-col-100 elementor-top-column elementor-element elementor-element-0c37106\" data-id=\"0c37106\" data-element_type=\"column\">\n\t\t\t<div class=\"elementor-column-wrap elementor-element-populated\">\n\t\t\t\t\t\t\t<div class=\"elementor-widget-wrap\">\n\t\t\t\t\t\t<div class=\"elementor-element elementor-element-4cb8ef5 elementor-widget elementor-widget-text-editor\" data-id=\"4cb8ef5\" data-element_type=\"widget\" data-widget_type=\"text-editor.default\">\n\t\t\t\t<div class=\"elementor-widget-container\">\n\t\t\t\t\t\t\t\t<div class=\"elementor-text-editor elementor-clearfix\">\n\t\t\t\tExecutive Decree No. 21-200 of 29 Ramadhan 1442 Corresponding to May 11, 2021 was published in the official journal No. 38 of May 20, 2021 in which it is indicated that only inspection bodies accredited by ALGERAC or, if applicable, by an accreditation body signatory to a multilateral or bilateral mutual accreditation recognition agreement with ALGERAC are authorized for carrying out the expertise on the renovated production lines and equipment.<br><br>\n\n\n<strong>\u00a0 <a href=\"https:\/\/algerac.dz\/wp-content\/uploads\/2021\/10\/JO_38_Decret_21_200_Inspection_Equipements_renoves_sw.pdf\" target=\"_blank\" rel=\"noopener\"><u>Consult the corresponding official journal \/ JO n\u00b038<\/u><\/a><\/strong><br><br>\t\t\t\t\t<\/div>\n\t\t\t\t\t\t<\/div>\n\t\t\t\t<\/div>\n\t\t\t\t\t\t<\/div>\n\t\t\t\t\t<\/div>\n\t\t<\/div>\n\t\t\t\t\t\t\t\t<\/div>\n\t\t\t\t\t<\/div>\n\t\t<\/section>\n\t\t\t\t\t\t\t\t\t<\/div>\n\t\t\t<\/div>\n\t\t\t\t\t<\/div>","protected":false},"excerpt":{"rendered":"<p>Nouvelle opportunit\u00e9 au profit des organismes d\u2019inspection accr\u00e9dit\u00e9s \u0153uvrant dans le domaine de l\u2019agr\u00e9age Un D\u00e9cret ex\u00e9cutif n\u00b0 21-200 du 29 Ramadhan 1442 Correspondant au 11 mai 2021 a \u00e9t\u00e9 publi\u00e9 dans le journal officielle n\u00b038 du 20 mai 2021 dans lequel il est indiqu\u00e9 que seuls les organismes d&rsquo;inspection accr\u00e9dit\u00e9s par ALGERAC ou, le&#8230;<\/p>","protected":false},"author":1,"featured_media":0,"parent":0,"menu_order":0,"comment_status":"closed","ping_status":"closed","template":"","meta":{"_kad_post_transparent":"","_kad_post_title":"","_kad_post_layout":"","_kad_post_sidebar_id":"","_kad_post_content_style":"","_kad_post_vertical_padding":"","_kad_post_feature":"","_kad_post_feature_position":"","_kad_post_header":false,"_kad_post_footer":false},"_links":{"self":[{"href":"https:\/\/algerac.dz\/en\/wp-json\/wp\/v2\/pages\/5484"}],"collection":[{"href":"https:\/\/algerac.dz\/en\/wp-json\/wp\/v2\/pages"}],"about":[{"href":"https:\/\/algerac.dz\/en\/wp-json\/wp\/v2\/types\/page"}],"author":[{"embeddable":true,"href":"https:\/\/algerac.dz\/en\/wp-json\/wp\/v2\/users\/1"}],"replies":[{"embeddable":true,"href":"https:\/\/algerac.dz\/en\/wp-json\/wp\/v2\/comments?post=5484"}],"version-history":[{"count":13,"href":"https:\/\/algerac.dz\/en\/wp-json\/wp\/v2\/pages\/5484\/revisions"}],"predecessor-version":[{"id":5502,"href":"https:\/\/algerac.dz\/en\/wp-json\/wp\/v2\/pages\/5484\/revisions\/5502"}],"wp:attachment":[{"href":"https:\/\/algerac.dz\/en\/wp-json\/wp\/v2\/media?parent=5484"}],"curies":[{"name":"wp","href":"https:\/\/api.w.org\/{rel}","templated":true}]}}