{"id":5453,"date":"2021-10-04T10:21:40","date_gmt":"2021-10-04T08:21:40","guid":{"rendered":"https:\/\/algerac.dz\/?page_id=5453"},"modified":"2022-01-06T14:21:10","modified_gmt":"2022-01-06T13:21:10","slug":"veille_reglementaire_btn","status":"publish","type":"page","link":"https:\/\/algerac.dz\/en\/veille_reglementaire_btn\/","title":{"rendered":"Veille_Reglementaire_btn"},"content":{"rendered":"<div data-elementor-type=\"wp-page\" data-elementor-id=\"5453\" class=\"elementor elementor-5453\">\n\t\t\t\t\t\t<div class=\"elementor-inner\">\n\t\t\t\t<div class=\"elementor-section-wrap\">\n\t\t\t\t\t\t\t\t\t<section class=\"elementor-section elementor-top-section elementor-element elementor-element-2407eb3 elementor-section-boxed elementor-section-height-default elementor-section-height-default\" data-id=\"2407eb3\" data-element_type=\"section\">\n\t\t\t\t\t\t<div class=\"elementor-container elementor-column-gap-default\">\n\t\t\t\t\t\t\t<div class=\"elementor-row\">\n\t\t\t\t\t<div class=\"elementor-column elementor-col-100 elementor-top-column elementor-element elementor-element-3558c8a\" data-id=\"3558c8a\" data-element_type=\"column\">\n\t\t\t<div class=\"elementor-column-wrap elementor-element-populated\">\n\t\t\t\t\t\t\t<div class=\"elementor-widget-wrap\">\n\t\t\t\t\t\t<div class=\"elementor-element elementor-element-f5ea6f4 elementor-widget elementor-widget-heading\" data-id=\"f5ea6f4\" data-element_type=\"widget\" data-widget_type=\"heading.default\">\n\t\t\t\t<div class=\"elementor-widget-container\">\n\t\t\t<h2 class=\"elementor-heading-title elementor-size-default\">Nouvel arr\u00eat\u00e9 minist\u00e9riel fixant les modalit\u00e9s et les conditions d'agr\u00e9ment des organismes de v\u00e9rification de contr\u00f4le (Inspection) des \u00e9quipements fonctionnant sous pression<\/h2>\t\t<\/div>\n\t\t\t\t<\/div>\n\t\t\t\t\t\t<\/div>\n\t\t\t\t\t<\/div>\n\t\t<\/div>\n\t\t\t\t\t\t\t\t<\/div>\n\t\t\t\t\t<\/div>\n\t\t<\/section>\n\t\t\t\t<section class=\"elementor-section elementor-top-section elementor-element elementor-element-5c03e8a elementor-section-boxed elementor-section-height-default elementor-section-height-default\" data-id=\"5c03e8a\" data-element_type=\"section\">\n\t\t\t\t\t\t<div class=\"elementor-container elementor-column-gap-default\">\n\t\t\t\t\t\t\t<div class=\"elementor-row\">\n\t\t\t\t\t<div class=\"elementor-column elementor-col-100 elementor-top-column elementor-element elementor-element-4737cf2\" data-id=\"4737cf2\" data-element_type=\"column\">\n\t\t\t<div class=\"elementor-column-wrap elementor-element-populated\">\n\t\t\t\t\t\t\t<div class=\"elementor-widget-wrap\">\n\t\t\t\t\t\t<div class=\"elementor-element elementor-element-3683e6c elementor-widget elementor-widget-text-editor\" data-id=\"3683e6c\" data-element_type=\"widget\" data-widget_type=\"text-editor.default\">\n\t\t\t\t<div class=\"elementor-widget-container\">\n\t\t\t\t\t\t\t\t<div class=\"elementor-text-editor elementor-clearfix\">\n\t\t\t\t<p>La r\u00e9glementation fixant les modalit\u00e9s et les conditions d&rsquo;agr\u00e9ment et d&rsquo;habilitation des organismes (d\u2019inspection) de v\u00e9rification et de contr\u00f4le r\u00e9glementaire des \u00e9quipements \u00e0 pression (ESP) a \u00e9t\u00e9 \u00a0publi\u00e9e sur le <a href=\"https:\/\/algerac.dz\/wp-content\/uploads\/2020\/12\/JO_N_76.pdf\" target=\"_blank\" rel=\"noopener\">Journal officiel N\u00b0 76 du 17 d\u00e9cembre 2020<\/a>.<\/p><p>Les domaines concern\u00e9s par cette r\u00e9glementation sont\u00a0:<\/p><ul><li>La v\u00e9rification, le contr\u00f4le et l\u2019expertise des \u00e9quipements \u00e0 pression, y compris les requalifications p\u00e9riodiques\u00a0;<\/li><li>Le contr\u00f4le non destructif des \u00e9quipements \u00e0 pression, en utilisant les techniques et proc\u00e9d\u00e9s requis;<\/li><li>La qualification des soudeurs et modes op\u00e9ratoires de soudage des \u00e9quipements \u00e0 us pression\u00a0;<\/li><\/ul><p>Les principaux \u00e9l\u00e9ments de l\u2019arr\u00eat\u00e9 minist\u00e9riel sont\u00a0:<\/p><ul><li>Le contr\u00f4le et la supervision des \u00e9preuves\/r\u00e9\u00e9preuves y compris les essais m\u00e9caniques requis sur les ESP sont effectu\u00e9s par\u00a0des experts des mines comp\u00e9tents relevant du Minist\u00e8re des Mines.<\/li><\/ul><p>Sur d\u00e9cision d\u2019habilitation du minist\u00e8re charg\u00e9 des mines, ils peuvent \u00eatre ex\u00e9cut\u00e9s \u00e9galement sous la supervision :<\/p><ul><li style=\"list-style-type: none;\"><ul><li>des organismes ind\u00e9pendants <strong>accr\u00e9dit\u00e9s <\/strong>et agr\u00e9es par le minist\u00e8re charg\u00e9 des mines<\/li><\/ul><\/li><\/ul><ul><li>des organismes <strong>accr\u00e9dit\u00e9s<\/strong> relevant des soci\u00e9t\u00e9s exploitantes des ESP intervenant seulement en interne pour le compte de leurs soci\u00e9t\u00e9s et pour les t\u00e2ches pr\u00e9cises.<\/li><\/ul><p>Parmi les principales conditions pour les organismes d\u2019inspection pour se pr\u00e9valoir \u00e0 l\u2019agr\u00e9ment et \u00e0 l\u2019habilitation permettant d\u2019intervenir dans les domaines suscit\u00e9s\u00a0:<\/p><ul><li>D\u00e9tention d\u2019un <strong>certificat d\u2019accr\u00e9ditation<\/strong> d\u00e9livr\u00e9e par ALGERAC<\/li><li>Disposer d\u2019un personnel qualifi\u00e9 dans les sp\u00e9cialit\u00e9s techniques avec une exp\u00e9rience d\u2019au moins cinq (05) ans,<\/li><\/ul><p>Les organismes agr\u00e9\u00e9s, non accr\u00e9dit\u00e9s avant la publication du pr\u00e9sent arr\u00eat\u00e9 disposent d\u2019un d\u00e9lai de dix-huit (18) mois pour se conformer aux dispositions d\u00e9finies.<br \/><br \/><\/p>\t\t\t\t\t<\/div>\n\t\t\t\t\t\t<\/div>\n\t\t\t\t<\/div>\n\t\t\t\t\t\t<\/div>\n\t\t\t\t\t<\/div>\n\t\t<\/div>\n\t\t\t\t\t\t\t\t<\/div>\n\t\t\t\t\t<\/div>\n\t\t<\/section>\n\t\t\t\t<section class=\"elementor-section elementor-top-section elementor-element elementor-element-f00db68 elementor-section-boxed elementor-section-height-default elementor-section-height-default\" data-id=\"f00db68\" data-element_type=\"section\">\n\t\t\t\t\t\t<div class=\"elementor-container elementor-column-gap-default\">\n\t\t\t\t\t\t\t<div class=\"elementor-row\">\n\t\t\t\t\t<div class=\"elementor-column elementor-col-100 elementor-top-column elementor-element elementor-element-e8cf822\" data-id=\"e8cf822\" data-element_type=\"column\">\n\t\t\t<div class=\"elementor-column-wrap elementor-element-populated\">\n\t\t\t\t\t\t\t<div class=\"elementor-widget-wrap\">\n\t\t\t\t\t\t<div class=\"elementor-element elementor-element-c1f8c70 elementor-widget-divider--view-line elementor-widget elementor-widget-divider\" data-id=\"c1f8c70\" data-element_type=\"widget\" data-widget_type=\"divider.default\">\n\t\t\t\t<div class=\"elementor-widget-container\">\n\t\t\t\t\t<div class=\"elementor-divider\">\n\t\t\t<span class=\"elementor-divider-separator\">\n\t\t\t\t\t\t<\/span>\n\t\t<\/div>\n\t\t\t\t<\/div>\n\t\t\t\t<\/div>\n\t\t\t\t\t\t<\/div>\n\t\t\t\t\t<\/div>\n\t\t<\/div>\n\t\t\t\t\t\t\t\t<\/div>\n\t\t\t\t\t<\/div>\n\t\t<\/section>\n\t\t\t\t\t\t\t\t\t<\/div>\n\t\t\t<\/div>\n\t\t\t\t\t<\/div>","protected":false},"excerpt":{"rendered":"<p>Nouvel arr\u00eat\u00e9 minist\u00e9riel fixant les modalit\u00e9s et les conditions d&rsquo;agr\u00e9ment des organismes de v\u00e9rification de contr\u00f4le (Inspection) des \u00e9quipements fonctionnant sous pression La r\u00e9glementation fixant les modalit\u00e9s et les conditions d&rsquo;agr\u00e9ment et d&rsquo;habilitation des organismes (d\u2019inspection) de v\u00e9rification et de contr\u00f4le r\u00e9glementaire des \u00e9quipements \u00e0 pression (ESP) a \u00e9t\u00e9 \u00a0publi\u00e9e sur le Journal officiel N\u00b0&#8230;<\/p>","protected":false},"author":1,"featured_media":0,"parent":0,"menu_order":0,"comment_status":"closed","ping_status":"closed","template":"","meta":{"_kad_post_transparent":"","_kad_post_title":"","_kad_post_layout":"","_kad_post_sidebar_id":"","_kad_post_content_style":"","_kad_post_vertical_padding":"","_kad_post_feature":"","_kad_post_feature_position":"","_kad_post_header":false,"_kad_post_footer":false},"_links":{"self":[{"href":"https:\/\/algerac.dz\/en\/wp-json\/wp\/v2\/pages\/5453"}],"collection":[{"href":"https:\/\/algerac.dz\/en\/wp-json\/wp\/v2\/pages"}],"about":[{"href":"https:\/\/algerac.dz\/en\/wp-json\/wp\/v2\/types\/page"}],"author":[{"embeddable":true,"href":"https:\/\/algerac.dz\/en\/wp-json\/wp\/v2\/users\/1"}],"replies":[{"embeddable":true,"href":"https:\/\/algerac.dz\/en\/wp-json\/wp\/v2\/comments?post=5453"}],"version-history":[{"count":25,"href":"https:\/\/algerac.dz\/en\/wp-json\/wp\/v2\/pages\/5453\/revisions"}],"predecessor-version":[{"id":6517,"href":"https:\/\/algerac.dz\/en\/wp-json\/wp\/v2\/pages\/5453\/revisions\/6517"}],"wp:attachment":[{"href":"https:\/\/algerac.dz\/en\/wp-json\/wp\/v2\/media?parent=5453"}],"curies":[{"name":"wp","href":"https:\/\/api.w.org\/{rel}","templated":true}]}}