{"id":5445,"date":"2021-10-04T10:13:32","date_gmt":"2021-10-04T08:13:32","guid":{"rendered":"https:\/\/algerac.dz\/?page_id=5445"},"modified":"2022-04-02T13:33:29","modified_gmt":"2022-04-02T11:33:29","slug":"important_inspection_01","status":"publish","type":"page","link":"https:\/\/algerac.dz\/en\/important_inspection_01\/","title":{"rendered":"Important_Inspection_01"},"content":{"rendered":"<div data-elementor-type=\"wp-page\" data-elementor-id=\"5445\" class=\"elementor elementor-5445\">\n\t\t\t\t\t\t<div class=\"elementor-inner\">\n\t\t\t\t<div class=\"elementor-section-wrap\">\n\t\t\t\t\t\t\t\t\t<section class=\"elementor-section elementor-top-section elementor-element elementor-element-95bf5af elementor-section-boxed elementor-section-height-default elementor-section-height-default\" data-id=\"95bf5af\" data-element_type=\"section\">\n\t\t\t\t\t\t<div class=\"elementor-container elementor-column-gap-default\">\n\t\t\t\t\t\t\t<div class=\"elementor-row\">\n\t\t\t\t\t<div class=\"elementor-column elementor-col-100 elementor-top-column elementor-element elementor-element-76698fa\" data-id=\"76698fa\" data-element_type=\"column\">\n\t\t\t<div class=\"elementor-column-wrap elementor-element-populated\">\n\t\t\t\t\t\t\t<div class=\"elementor-widget-wrap\">\n\t\t\t\t\t\t<div class=\"elementor-element elementor-element-537418e elementor-widget elementor-widget-heading\" data-id=\"537418e\" data-element_type=\"widget\" data-widget_type=\"heading.default\">\n\t\t\t\t<div class=\"elementor-widget-container\">\n\t\t\t<h2 class=\"elementor-heading-title elementor-size-default\">Accreditation of inspection bodies operating in the field of pressure equipment<\/h2>\t\t<\/div>\n\t\t\t\t<\/div>\n\t\t\t\t\t\t<\/div>\n\t\t\t\t\t<\/div>\n\t\t<\/div>\n\t\t\t\t\t\t\t\t<\/div>\n\t\t\t\t\t<\/div>\n\t\t<\/section>\n\t\t\t\t<section class=\"elementor-section elementor-top-section elementor-element elementor-element-c8e5e97 elementor-section-boxed elementor-section-height-default elementor-section-height-default\" data-id=\"c8e5e97\" data-element_type=\"section\">\n\t\t\t\t\t\t<div class=\"elementor-container elementor-column-gap-default\">\n\t\t\t\t\t\t\t<div class=\"elementor-row\">\n\t\t\t\t\t<div class=\"elementor-column elementor-col-100 elementor-top-column elementor-element elementor-element-57e3faf\" data-id=\"57e3faf\" data-element_type=\"column\">\n\t\t\t<div class=\"elementor-column-wrap elementor-element-populated\">\n\t\t\t\t\t\t\t<div class=\"elementor-widget-wrap\">\n\t\t\t\t\t\t<div class=\"elementor-element elementor-element-4d7215a elementor-widget elementor-widget-text-editor\" data-id=\"4d7215a\" data-element_type=\"widget\" data-widget_type=\"text-editor.default\">\n\t\t\t\t<div class=\"elementor-widget-container\">\n\t\t\t\t\t\t\t\t<div class=\"elementor-text-editor elementor-clearfix\">\n\t\t\t\tPursuant to the Order of 26 Rabie El Aouel 1442 corresponding to November 12, 2020 setting the terms and conditions for the approval and authorization of bodies for the verification and control of equipment operating under pressure, the inspection bodies which work in this line of business are required to initiate the accreditation process as soon as possible in order to comply with the following deadlines:<br><br>\n<ul>\n \t<li><strong>Avant le 17 mars 2021<\/strong>: confirmation de l\u2019engagement \u00e0 d\u00e9poser le dossier aupr\u00e8s d\u2019ALGERAC et \u00e0 obtenir l\u2019accr\u00e9ditation dans les d\u00e9lais fix\u00e9s,<\/li>\n \t<li><strong>Avant le 18 juillet 2021<\/strong>: recevabilit\u00e9 technique reconnue par ALGERAC du dossier de demande d\u2019accr\u00e9ditation<\/li>\n \t<li><strong>Avant le 16 juin 2022\u00a0:<\/strong> obtention de l\u2019accr\u00e9ditation<\/li>\n<\/ul>\nSi les dates limites ci-dessus de sont pas respect\u00e9es, les agr\u00e9ments seront suspendus et les organismes devront cesser d\u2019intervenir dans ce domaine.<br><br>\t\t\t\t\t<\/div>\n\t\t\t\t\t\t<\/div>\n\t\t\t\t<\/div>\n\t\t\t\t\t\t<\/div>\n\t\t\t\t\t<\/div>\n\t\t<\/div>\n\t\t\t\t\t\t\t\t<\/div>\n\t\t\t\t\t<\/div>\n\t\t<\/section>\n\t\t\t\t\t\t\t\t\t<\/div>\n\t\t\t<\/div>\n\t\t\t\t\t<\/div>","protected":false},"excerpt":{"rendered":"<p>Accr\u00e9ditation des organismes d\u2019inspection exer\u00e7ant dans le domaine des \u00e9quipements sous pression En vertu de l\u2019Arr\u00eat\u00e9 du 26 Rabie El Aouel 1442 correspondant au 12 novembre 2020 fixant les modalit\u00e9s et les conditions d\u2019agr\u00e9ment et d\u2019habilitation des organismes de v\u00e9rification et de contr\u00f4le des \u00e9quipements fonctionnant sous pressions, les organismes d\u2019inspection qui \u0153uvrent dans ce&#8230;<\/p>","protected":false},"author":1,"featured_media":0,"parent":0,"menu_order":0,"comment_status":"closed","ping_status":"closed","template":"elementor_header_footer","meta":{"_kad_post_transparent":"","_kad_post_title":"","_kad_post_layout":"","_kad_post_sidebar_id":"","_kad_post_content_style":"","_kad_post_vertical_padding":"","_kad_post_feature":"","_kad_post_feature_position":"","_kad_post_header":false,"_kad_post_footer":false},"_links":{"self":[{"href":"https:\/\/algerac.dz\/en\/wp-json\/wp\/v2\/pages\/5445"}],"collection":[{"href":"https:\/\/algerac.dz\/en\/wp-json\/wp\/v2\/pages"}],"about":[{"href":"https:\/\/algerac.dz\/en\/wp-json\/wp\/v2\/types\/page"}],"author":[{"embeddable":true,"href":"https:\/\/algerac.dz\/en\/wp-json\/wp\/v2\/users\/1"}],"replies":[{"embeddable":true,"href":"https:\/\/algerac.dz\/en\/wp-json\/wp\/v2\/comments?post=5445"}],"version-history":[{"count":16,"href":"https:\/\/algerac.dz\/en\/wp-json\/wp\/v2\/pages\/5445\/revisions"}],"predecessor-version":[{"id":7661,"href":"https:\/\/algerac.dz\/en\/wp-json\/wp\/v2\/pages\/5445\/revisions\/7661"}],"wp:attachment":[{"href":"https:\/\/algerac.dz\/en\/wp-json\/wp\/v2\/media?parent=5445"}],"curies":[{"name":"wp","href":"https:\/\/api.w.org\/{rel}","templated":true}]}}