{"id":5283,"date":"2021-09-15T16:52:07","date_gmt":"2021-09-15T14:52:07","guid":{"rendered":"https:\/\/algerac.dz\/?page_id=5283"},"modified":"2021-10-11T16:34:23","modified_gmt":"2021-10-11T14:34:23","slug":"salon-sivecc","status":"publish","type":"page","link":"https:\/\/algerac.dz\/en\/salon-sivecc\/","title":{"rendered":"Salon SIVECC"},"content":{"rendered":"<div data-elementor-type=\"wp-page\" data-elementor-id=\"5283\" class=\"elementor elementor-5283\">\n\t\t\t\t\t\t<div class=\"elementor-inner\">\n\t\t\t\t<div class=\"elementor-section-wrap\">\n\t\t\t\t\t\t\t\t\t<section class=\"elementor-section elementor-top-section elementor-element elementor-element-396a8df elementor-section-boxed elementor-section-height-default elementor-section-height-default\" data-id=\"396a8df\" data-element_type=\"section\">\n\t\t\t\t\t\t<div class=\"elementor-container elementor-column-gap-default\">\n\t\t\t\t\t\t\t<div class=\"elementor-row\">\n\t\t\t\t\t<div class=\"elementor-column elementor-col-100 elementor-top-column elementor-element elementor-element-27525de\" data-id=\"27525de\" data-element_type=\"column\">\n\t\t\t<div class=\"elementor-column-wrap elementor-element-populated\">\n\t\t\t\t\t\t\t<div class=\"elementor-widget-wrap\">\n\t\t\t\t\t\t<div class=\"elementor-element elementor-element-cb25448 elementor-widget elementor-widget-heading\" data-id=\"cb25448\" data-element_type=\"widget\" data-widget_type=\"heading.default\">\n\t\t\t\t<div class=\"elementor-widget-container\">\n\t\t\t<h2 class=\"elementor-heading-title elementor-size-default\">ALGERAC aux ateliers de la 2\u00e8me Edition du salon SIVECC\n<\/h2>\t\t<\/div>\n\t\t\t\t<\/div>\n\t\t\t\t\t\t<\/div>\n\t\t\t\t\t<\/div>\n\t\t<\/div>\n\t\t\t\t\t\t\t\t<\/div>\n\t\t\t\t\t<\/div>\n\t\t<\/section>\n\t\t\t\t<section class=\"elementor-section elementor-top-section elementor-element elementor-element-b138bbd elementor-section-boxed elementor-section-height-default elementor-section-height-default\" data-id=\"b138bbd\" data-element_type=\"section\">\n\t\t\t\t\t\t<div class=\"elementor-container elementor-column-gap-default\">\n\t\t\t\t\t\t\t<div class=\"elementor-row\">\n\t\t\t\t\t<div class=\"elementor-column elementor-col-100 elementor-top-column elementor-element elementor-element-224bae4\" data-id=\"224bae4\" data-element_type=\"column\">\n\t\t\t<div class=\"elementor-column-wrap elementor-element-populated\">\n\t\t\t\t\t\t\t<div class=\"elementor-widget-wrap\">\n\t\t\t\t\t\t<div class=\"elementor-element elementor-element-1dd02ef elementor-widget elementor-widget-text-editor\" data-id=\"1dd02ef\" data-element_type=\"widget\" data-widget_type=\"text-editor.default\">\n\t\t\t\t<div class=\"elementor-widget-container\">\n\t\t\t\t\t\t\t\t<div class=\"elementor-text-editor elementor-clearfix\">\n\t\t\t\t<p>A l\u2019occasion de la tenue de la seconde \u00e9dition du Salon International de la ventilation, chauffage et climatisation SIVECC qui a eu lieu au Centre International de Conf\u00e9rence CIC Alger du 13 au 16 septembre 2021, le Directeur G\u00e9n\u00e9ral de l\u2019Organisme Alg\u00e9rien d\u2019Accr\u00e9ditation, Monsieur Nour Eddine BOUDISSA a anim\u00e9 un atelier qui se voulait \u00eatre un espace d\u2019\u00e9change et de d\u00e9bat autour des questions li\u00e9es \u00e0 l\u2019accr\u00e9ditation, son int\u00e9r\u00eat et ses enjeux envers l\u2019\u00e9conomie du pays, la sant\u00e9 et la s\u00e9curit\u00e9 du consommateur.<br \/><br \/><\/p><p><a href=\"https:\/\/www.facebook.com\/sivecc\/videos\/278922007137576\" target=\"_blank\" rel=\"noopener\">https:\/\/www.facebook.com\/sivecc\/videos\/278922007137576<\/a><\/p>\t\t\t\t\t<\/div>\n\t\t\t\t\t\t<\/div>\n\t\t\t\t<\/div>\n\t\t\t\t\t\t<\/div>\n\t\t\t\t\t<\/div>\n\t\t<\/div>\n\t\t\t\t\t\t\t\t<\/div>\n\t\t\t\t\t<\/div>\n\t\t<\/section>\n\t\t\t\t\t\t\t\t\t<\/div>\n\t\t\t<\/div>\n\t\t\t\t\t<\/div>","protected":false},"excerpt":{"rendered":"<p>ALGERAC aux ateliers de la 2\u00e8me Edition du salon SIVECC A l\u2019occasion de la tenue de la seconde \u00e9dition du Salon International de la ventilation, chauffage et climatisation SIVECC qui a eu lieu au Centre International de Conf\u00e9rence CIC Alger du 13 au 16 septembre 2021, le Directeur G\u00e9n\u00e9ral de l\u2019Organisme Alg\u00e9rien d\u2019Accr\u00e9ditation, Monsieur Nour&#8230;<\/p>","protected":false},"author":1,"featured_media":0,"parent":0,"menu_order":0,"comment_status":"closed","ping_status":"closed","template":"","meta":{"_kad_post_transparent":"","_kad_post_title":"","_kad_post_layout":"","_kad_post_sidebar_id":"","_kad_post_content_style":"","_kad_post_vertical_padding":"","_kad_post_feature":"","_kad_post_feature_position":"","_kad_post_header":false,"_kad_post_footer":false},"_links":{"self":[{"href":"https:\/\/algerac.dz\/en\/wp-json\/wp\/v2\/pages\/5283"}],"collection":[{"href":"https:\/\/algerac.dz\/en\/wp-json\/wp\/v2\/pages"}],"about":[{"href":"https:\/\/algerac.dz\/en\/wp-json\/wp\/v2\/types\/page"}],"author":[{"embeddable":true,"href":"https:\/\/algerac.dz\/en\/wp-json\/wp\/v2\/users\/1"}],"replies":[{"embeddable":true,"href":"https:\/\/algerac.dz\/en\/wp-json\/wp\/v2\/comments?post=5283"}],"version-history":[{"count":7,"href":"https:\/\/algerac.dz\/en\/wp-json\/wp\/v2\/pages\/5283\/revisions"}],"predecessor-version":[{"id":5793,"href":"https:\/\/algerac.dz\/en\/wp-json\/wp\/v2\/pages\/5283\/revisions\/5793"}],"wp:attachment":[{"href":"https:\/\/algerac.dz\/en\/wp-json\/wp\/v2\/media?parent=5283"}],"curies":[{"name":"wp","href":"https:\/\/api.w.org\/{rel}","templated":true}]}}