{"id":5275,"date":"2021-09-15T16:45:57","date_gmt":"2021-09-15T14:45:57","guid":{"rendered":"https:\/\/algerac.dz\/?page_id=5275"},"modified":"2021-10-11T16:43:22","modified_gmt":"2021-10-11T14:43:22","slug":"seminaire-cnese","status":"publish","type":"page","link":"https:\/\/algerac.dz\/en\/seminaire-cnese\/","title":{"rendered":"S\u00e9minaire CNESE"},"content":{"rendered":"<div data-elementor-type=\"wp-page\" data-elementor-id=\"5275\" class=\"elementor elementor-5275\">\n\t\t\t\t\t\t<div class=\"elementor-inner\">\n\t\t\t\t<div class=\"elementor-section-wrap\">\n\t\t\t\t\t\t\t\t\t<section class=\"elementor-section elementor-top-section elementor-element elementor-element-cfae676 elementor-section-boxed elementor-section-height-default elementor-section-height-default\" data-id=\"cfae676\" data-element_type=\"section\">\n\t\t\t\t\t\t<div class=\"elementor-container elementor-column-gap-default\">\n\t\t\t\t\t\t\t<div class=\"elementor-row\">\n\t\t\t\t\t<div class=\"elementor-column elementor-col-100 elementor-top-column elementor-element elementor-element-18784e9\" data-id=\"18784e9\" data-element_type=\"column\">\n\t\t\t<div class=\"elementor-column-wrap elementor-element-populated\">\n\t\t\t\t\t\t\t<div class=\"elementor-widget-wrap\">\n\t\t\t\t\t\t<div class=\"elementor-element elementor-element-f77e742 elementor-widget elementor-widget-heading\" data-id=\"f77e742\" data-element_type=\"widget\" data-widget_type=\"heading.default\">\n\t\t\t\t<div class=\"elementor-widget-container\">\n\t\t\t<h2 class=\"elementor-heading-title elementor-size-default\">S\u00e9minaire sur la normalisation et le commerce international : ALGERAC plaide pour le renforcement de l\u2019infrastructure qualit\u00e9<\/h2>\t\t<\/div>\n\t\t\t\t<\/div>\n\t\t\t\t\t\t<\/div>\n\t\t\t\t\t<\/div>\n\t\t<\/div>\n\t\t\t\t\t\t\t\t<\/div>\n\t\t\t\t\t<\/div>\n\t\t<\/section>\n\t\t\t\t<section class=\"elementor-section elementor-top-section elementor-element elementor-element-a0aaa61 elementor-section-boxed elementor-section-height-default elementor-section-height-default\" data-id=\"a0aaa61\" data-element_type=\"section\">\n\t\t\t\t\t\t<div class=\"elementor-container elementor-column-gap-default\">\n\t\t\t\t\t\t\t<div class=\"elementor-row\">\n\t\t\t\t\t<div class=\"elementor-column elementor-col-100 elementor-top-column elementor-element elementor-element-9c465ed\" data-id=\"9c465ed\" data-element_type=\"column\">\n\t\t\t<div class=\"elementor-column-wrap elementor-element-populated\">\n\t\t\t\t\t\t\t<div class=\"elementor-widget-wrap\">\n\t\t\t\t\t\t<div class=\"elementor-element elementor-element-e71e713 elementor-widget elementor-widget-text-editor\" data-id=\"e71e713\" data-element_type=\"widget\" data-widget_type=\"text-editor.default\">\n\t\t\t\t<div class=\"elementor-widget-container\">\n\t\t\t\t\t\t\t\t<div class=\"elementor-text-editor elementor-clearfix\">\n\t\t\t\tA l\u2019occasion de son intervention lors du s\u00e9minaire portant sur la normalisation et le commerce international initi\u00e9 par le Conseil National Economique, Social et Environnemental (CNESE) en date du 08 septembre 2021, tenu \u00e0 l\u2019ESHRA, le Directeur G\u00e9n\u00e9ral d\u2019ALGERAC, Monsieur Nour Eddine Boudissa a mis l\u2019accent sur l\u2019urgence aujourd\u2019hui de repenser et de renforcer l\u2019infrastructure qualit\u00e9 national \u00e0 l\u2019effet d\u2019assurer une valorisation optimale de la production nationale, une meilleure comp\u00e9titivit\u00e9 des entreprises et une facilitation d\u2019acc\u00e8s au march\u00e9 ext\u00e9rieur.<br><br>\nDans cet \u00e9tat d\u2019esprit, Monsieur Boudissa a \u00e9voqu\u00e9 le besoin imp\u00e9ratif d\u2019accroitre le nombre de laboratoires accr\u00e9dit\u00e9s et de d\u00e9velopper un r\u00e9seau national multidisciplinaire des organismes d\u2019\u00e9valuation de la conformit\u00e9 accr\u00e9dit\u00e9s qui seraient \u00e0 m\u00eame de jouer le r\u00f4le de r\u00e9gulateur et de contr\u00f4leur des produits aussi bien nationaux que ceux import\u00e9s. Il a \u00e9galement plaid\u00e9 pour la mise en application des textes portant sur la protection du consommateur et la n\u00e9cessit\u00e9 des mesures techniques et r\u00e9glementaires devant \u00eatre mises en place pour une protection optimale et un contr\u00f4le efficace du produit mis en circulation sur le march\u00e9.<br><br>\nEnfin, Monsieur Boudissa a fini par faire valoir l\u2019importance de l\u2019accr\u00e9ditation comme \u00e9tant un outil indispensable pouvant \u00eatre mis au service des pouvoirs publics pour garantir la qualit\u00e9 du produit, la sant\u00e9 et la s\u00e9curit\u00e9 du consommateur, mais \u00e9galement serait un moyen puissant et efficace pour \u00e9riger une infrastructure qualit\u00e9 solide, durable et efficiente.<br><br>\t\t\t\t\t<\/div>\n\t\t\t\t\t\t<\/div>\n\t\t\t\t<\/div>\n\t\t\t\t\t\t<\/div>\n\t\t\t\t\t<\/div>\n\t\t<\/div>\n\t\t\t\t\t\t\t\t<\/div>\n\t\t\t\t\t<\/div>\n\t\t<\/section>\n\t\t\t\t<section class=\"elementor-section elementor-top-section elementor-element elementor-element-846fbb2 elementor-section-boxed elementor-section-height-default elementor-section-height-default\" data-id=\"846fbb2\" data-element_type=\"section\">\n\t\t\t\t\t\t<div class=\"elementor-container elementor-column-gap-default\">\n\t\t\t\t\t\t\t<div class=\"elementor-row\">\n\t\t\t\t\t<div class=\"elementor-column elementor-col-100 elementor-top-column elementor-element elementor-element-e052b06\" data-id=\"e052b06\" data-element_type=\"column\">\n\t\t\t<div class=\"elementor-column-wrap elementor-element-populated\">\n\t\t\t\t\t\t\t<div class=\"elementor-widget-wrap\">\n\t\t\t\t\t\t<div class=\"elementor-element elementor-element-0aa5cdb elementor-arrows-position-inside elementor-pagination-position-outside elementor-widget elementor-widget-image-carousel\" data-id=\"0aa5cdb\" data-element_type=\"widget\" data-settings=\"{&quot;navigation&quot;:&quot;both&quot;,&quot;autoplay&quot;:&quot;yes&quot;,&quot;pause_on_hover&quot;:&quot;yes&quot;,&quot;pause_on_interaction&quot;:&quot;yes&quot;,&quot;autoplay_speed&quot;:5000,&quot;infinite&quot;:&quot;yes&quot;,&quot;speed&quot;:500}\" data-widget_type=\"image-carousel.default\">\n\t\t\t\t<div class=\"elementor-widget-container\">\n\t\t\t\t\t<div class=\"elementor-image-carousel-wrapper swiper-container\" dir=\"ltr\">\n\t\t\t<div class=\"elementor-image-carousel swiper-wrapper\">\n\t\t\t\t\t\t\t\t<div class=\"swiper-slide\"><figure class=\"swiper-slide-inner\"><img decoding=\"async\" class=\"swiper-slide-image\" src=\"https:\/\/algerac.dz\/wp-content\/uploads\/2021\/10\/CNESE_IMG_2786-150x150.jpg\" alt=\"CNESE_IMG_2786\" \/><\/figure><\/div><div class=\"swiper-slide\"><figure class=\"swiper-slide-inner\"><img decoding=\"async\" class=\"swiper-slide-image\" src=\"https:\/\/algerac.dz\/wp-content\/uploads\/2021\/10\/CNESE_IMG_2789-150x150.jpg\" alt=\"CNESE_IMG_2789\" \/><\/figure><\/div>\t\t\t<\/div>\n\t\t\t\t\t\t\t\t\t\t\t\t<div class=\"swiper-pagination\"><\/div>\n\t\t\t\t\t\t\t\t\t\t\t\t\t<div class=\"elementor-swiper-button elementor-swiper-button-prev\">\n\t\t\t\t\t\t<i aria-hidden=\"true\" class=\"eicon-chevron-left\"><\/i>\t\t\t\t\t\t<span class=\"elementor-screen-only\">Previous<\/span>\n\t\t\t\t\t<\/div>\n\t\t\t\t\t<div class=\"elementor-swiper-button elementor-swiper-button-next\">\n\t\t\t\t\t\t<i aria-hidden=\"true\" class=\"eicon-chevron-right\"><\/i>\t\t\t\t\t\t<span class=\"elementor-screen-only\">Next<\/span>\n\t\t\t\t\t<\/div>\n\t\t\t\t\t\t\t\t\t<\/div>\n\t\t\t\t<\/div>\n\t\t\t\t<\/div>\n\t\t\t\t\t\t<\/div>\n\t\t\t\t\t<\/div>\n\t\t<\/div>\n\t\t\t\t\t\t\t\t<\/div>\n\t\t\t\t\t<\/div>\n\t\t<\/section>\n\t\t\t\t\t\t\t\t\t<\/div>\n\t\t\t<\/div>\n\t\t\t\t\t<\/div>","protected":false},"excerpt":{"rendered":"<p>S\u00e9minaire sur la normalisation et le commerce international : ALGERAC plaide pour le renforcement de l\u2019infrastructure qualit\u00e9 A l\u2019occasion de son intervention lors du s\u00e9minaire portant sur la normalisation et le commerce international initi\u00e9 par le Conseil National Economique, Social et Environnemental (CNESE) en date du 08 septembre 2021, tenu \u00e0 l\u2019ESHRA, le Directeur G\u00e9n\u00e9ral&#8230;<\/p>","protected":false},"author":1,"featured_media":0,"parent":0,"menu_order":0,"comment_status":"closed","ping_status":"closed","template":"","meta":{"_kad_post_transparent":"","_kad_post_title":"","_kad_post_layout":"","_kad_post_sidebar_id":"","_kad_post_content_style":"","_kad_post_vertical_padding":"","_kad_post_feature":"","_kad_post_feature_position":"","_kad_post_header":false,"_kad_post_footer":false},"_links":{"self":[{"href":"https:\/\/algerac.dz\/en\/wp-json\/wp\/v2\/pages\/5275"}],"collection":[{"href":"https:\/\/algerac.dz\/en\/wp-json\/wp\/v2\/pages"}],"about":[{"href":"https:\/\/algerac.dz\/en\/wp-json\/wp\/v2\/types\/page"}],"author":[{"embeddable":true,"href":"https:\/\/algerac.dz\/en\/wp-json\/wp\/v2\/users\/1"}],"replies":[{"embeddable":true,"href":"https:\/\/algerac.dz\/en\/wp-json\/wp\/v2\/comments?post=5275"}],"version-history":[{"count":10,"href":"https:\/\/algerac.dz\/en\/wp-json\/wp\/v2\/pages\/5275\/revisions"}],"predecessor-version":[{"id":5802,"href":"https:\/\/algerac.dz\/en\/wp-json\/wp\/v2\/pages\/5275\/revisions\/5802"}],"wp:attachment":[{"href":"https:\/\/algerac.dz\/en\/wp-json\/wp\/v2\/media?parent=5275"}],"curies":[{"name":"wp","href":"https:\/\/api.w.org\/{rel}","templated":true}]}}