{"id":5260,"date":"2021-09-15T16:31:12","date_gmt":"2021-09-15T14:31:12","guid":{"rendered":"https:\/\/algerac.dz\/?page_id=5260"},"modified":"2023-01-25T12:28:00","modified_gmt":"2023-01-25T11:28:00","slug":"veille-reglementaire","status":"publish","type":"page","link":"https:\/\/algerac.dz\/en\/veille-reglementaire\/","title":{"rendered":"Veille R\u00e9glementaire"},"content":{"rendered":"<div data-elementor-type=\"wp-page\" data-elementor-id=\"5260\" class=\"elementor elementor-5260\">\n\t\t\t\t\t\t<div class=\"elementor-inner\">\n\t\t\t\t<div class=\"elementor-section-wrap\">\n\t\t\t\t\t\t\t\t\t<section class=\"elementor-section elementor-top-section elementor-element elementor-element-ee37663 elementor-section-boxed elementor-section-height-default elementor-section-height-default\" data-id=\"ee37663\" data-element_type=\"section\">\n\t\t\t\t\t\t<div class=\"elementor-container elementor-column-gap-default\">\n\t\t\t\t\t\t\t<div class=\"elementor-row\">\n\t\t\t\t\t<div class=\"elementor-column elementor-col-100 elementor-top-column elementor-element elementor-element-a179bc1\" data-id=\"a179bc1\" data-element_type=\"column\">\n\t\t\t<div class=\"elementor-column-wrap elementor-element-populated\">\n\t\t\t\t\t\t\t<div class=\"elementor-widget-wrap\">\n\t\t\t\t\t\t<div class=\"elementor-element elementor-element-d7561d1 elementor-widget elementor-widget-heading\" data-id=\"d7561d1\" data-element_type=\"widget\" data-widget_type=\"heading.default\">\n\t\t\t\t<div class=\"elementor-widget-container\">\n\t\t\t<h2 class=\"elementor-heading-title elementor-size-default\">Veille R\u00e9glementaire<\/h2>\t\t<\/div>\n\t\t\t\t<\/div>\n\t\t\t\t\t\t<\/div>\n\t\t\t\t\t<\/div>\n\t\t<\/div>\n\t\t\t\t\t\t\t\t<\/div>\n\t\t\t\t\t<\/div>\n\t\t<\/section>\n\t\t\t\t<section class=\"elementor-section elementor-top-section elementor-element elementor-element-648d8b3 elementor-section-boxed elementor-section-height-default elementor-section-height-default\" data-id=\"648d8b3\" data-element_type=\"section\">\n\t\t\t\t\t\t<div class=\"elementor-container elementor-column-gap-default\">\n\t\t\t\t\t\t\t<div class=\"elementor-row\">\n\t\t\t\t\t<div class=\"elementor-column elementor-col-100 elementor-top-column elementor-element elementor-element-1e7c27a\" data-id=\"1e7c27a\" data-element_type=\"column\">\n\t\t\t<div class=\"elementor-column-wrap elementor-element-populated\">\n\t\t\t\t\t\t\t<div class=\"elementor-widget-wrap\">\n\t\t\t\t\t\t<div class=\"elementor-element elementor-element-5d15fcb elementor-widget-divider--view-line elementor-widget elementor-widget-divider\" data-id=\"5d15fcb\" data-element_type=\"widget\" data-widget_type=\"divider.default\">\n\t\t\t\t<div class=\"elementor-widget-container\">\n\t\t\t\t\t<div class=\"elementor-divider\">\n\t\t\t<span class=\"elementor-divider-separator\">\n\t\t\t\t\t\t<\/span>\n\t\t<\/div>\n\t\t\t\t<\/div>\n\t\t\t\t<\/div>\n\t\t\t\t\t\t<\/div>\n\t\t\t\t\t<\/div>\n\t\t<\/div>\n\t\t\t\t\t\t\t\t<\/div>\n\t\t\t\t\t<\/div>\n\t\t<\/section>\n\t\t\t\t<section class=\"elementor-section elementor-top-section elementor-element elementor-element-4669018 elementor-section-boxed elementor-section-height-default elementor-section-height-default\" data-id=\"4669018\" data-element_type=\"section\">\n\t\t\t\t\t\t<div class=\"elementor-container elementor-column-gap-default\">\n\t\t\t\t\t\t\t<div class=\"elementor-row\">\n\t\t\t\t\t<div class=\"elementor-column elementor-col-100 elementor-top-column elementor-element elementor-element-21f9014\" data-id=\"21f9014\" data-element_type=\"column\">\n\t\t\t<div class=\"elementor-column-wrap elementor-element-populated\">\n\t\t\t\t\t\t\t<div class=\"elementor-widget-wrap\">\n\t\t\t\t\t\t<div class=\"elementor-element elementor-element-230ff5e elementor-widget elementor-widget-heading\" data-id=\"230ff5e\" data-element_type=\"widget\" data-widget_type=\"heading.default\">\n\t\t\t\t<div class=\"elementor-widget-container\">\n\t\t\t<h2 class=\"elementor-heading-title elementor-size-medium\">Cr\u00e9ation d\u2019un r\u00e9seau de laboratoires d\u2019essais et d\u2019analyses \u00ab RELEAC \u00bb\t<\/h2>\t\t<\/div>\n\t\t\t\t<\/div>\n\t\t\t\t<div class=\"elementor-element elementor-element-0e562b9 elementor-widget elementor-widget-text-editor\" data-id=\"0e562b9\" data-element_type=\"widget\" data-widget_type=\"text-editor.default\">\n\t\t\t\t<div class=\"elementor-widget-container\">\n\t\t\t\t\t\t\t\t<div class=\"elementor-text-editor elementor-clearfix\">\n\t\t\t\tLa cr\u00e9ation du r\u00e9seau de laboratoires d\u2019essais et d\u2019analyses pour la conformit\u00e9 des produits vient d\u2019\u00eatre publi\u00e9e par d\u00e9cret ex\u00e9cutif n\u00b021-424 correspondant au 04 novembre 2021.<br><br>Plac\u00e9 sous l\u2019\u00e9gide du minist\u00e8re charg\u00e9 de la protection du consommateur et de la r\u00e9pression des fraudes, le r\u00e9seau \u00ab RELEAC \u00bb se veut \u00eatre un espace de coordination \u00e0 l\u2019effet d\u2019unifier les comp\u00e9tences et de favoriser le travail collectif pour mener des actions d\u2019int\u00e9r\u00eat commun, dans le cadre du contr\u00f4le de la conformit\u00e9 des produits et de l\u2019am\u00e9lioration de la production nationale.<br><br><a href=\"https:\/\/algerac.dz\/wp-content\/uploads\/2021\/11\/JO_04_11_2021_p17_p18.pdf\" target=\"_blank\" rel=\"noopener\">Consulter le D\u00e9cret Executif correspondant [pdf]<\/a>\t\t\t\t\t<\/div>\n\t\t\t\t\t\t<\/div>\n\t\t\t\t<\/div>\n\t\t\t\t<div class=\"elementor-element elementor-element-c2fc379 elementor-widget-divider--view-line elementor-widget elementor-widget-divider\" data-id=\"c2fc379\" data-element_type=\"widget\" data-widget_type=\"divider.default\">\n\t\t\t\t<div class=\"elementor-widget-container\">\n\t\t\t\t\t<div class=\"elementor-divider\">\n\t\t\t<span class=\"elementor-divider-separator\">\n\t\t\t\t\t\t<\/span>\n\t\t<\/div>\n\t\t\t\t<\/div>\n\t\t\t\t<\/div>\n\t\t\t\t<div class=\"elementor-element elementor-element-4a2dd01 elementor-widget elementor-widget-heading\" data-id=\"4a2dd01\" data-element_type=\"widget\" data-widget_type=\"heading.default\">\n\t\t\t\t<div class=\"elementor-widget-container\">\n\t\t\t<h2 class=\"elementor-heading-title elementor-size-medium\">Executive decree laying down the conditions and procedures for taking samples, carrying out customs analyzes and expertise and paying the related costs<\/h2>\t\t<\/div>\n\t\t\t\t<\/div>\n\t\t\t\t<div class=\"elementor-element elementor-element-280b25e elementor-widget elementor-widget-text-editor\" data-id=\"280b25e\" data-element_type=\"widget\" data-widget_type=\"text-editor.default\">\n\t\t\t\t<div class=\"elementor-widget-container\">\n\t\t\t\t\t\t\t\t<div class=\"elementor-text-editor elementor-clearfix\">\n\t\t\t\tEn vertu du D\u00e9cret ex\u00e9cutif n\u00b0 21-338 du 21 Moharram 1443 correspondant au 30 ao\u00fbt 2021 fixant les conditions et les modalit\u00e9s de pr\u00e9l\u00e8vement d\u2019\u00e9chantillons, d\u2019exercice des analyses et d\u2019expertises en douane et de r\u00e8glement des frais y aff\u00e9rents, l&rsquo;expertise et l&rsquo;analyse des \u00e9chantillons pr\u00e9lev\u00e9s par les services concern\u00e9s sont effectu\u00e9es par des experts et des laboratoires <strong>accr\u00e9dit\u00e9s par l&rsquo;Organisme Alg\u00e9rien d&rsquo;Accr\u00e9ditation (ALGERAC)<\/strong> dont la liste est fix\u00e9e par arr\u00eat\u00e9 du Ministre charg\u00e9 des finances.<br><br><a href=\"https:\/\/algerac.dz\/wp-content\/uploads\/2021\/11\/Decret_Executif_21-338.pdf\" target=\"_blank\" rel=\"noopener\">Consult the corresponding Executive Decree<\/a><br><br>\t\t\t\t\t<\/div>\n\t\t\t\t\t\t<\/div>\n\t\t\t\t<\/div>\n\t\t\t\t\t\t<\/div>\n\t\t\t\t\t<\/div>\n\t\t<\/div>\n\t\t\t\t\t\t\t\t<\/div>\n\t\t\t\t\t<\/div>\n\t\t<\/section>\n\t\t\t\t<section class=\"elementor-section elementor-top-section elementor-element elementor-element-dc26a81 elementor-section-boxed elementor-section-height-default elementor-section-height-default\" data-id=\"dc26a81\" data-element_type=\"section\">\n\t\t\t\t\t\t<div class=\"elementor-container elementor-column-gap-default\">\n\t\t\t\t\t\t\t<div class=\"elementor-row\">\n\t\t\t\t\t<div class=\"elementor-column elementor-col-100 elementor-top-column elementor-element elementor-element-f5544a4\" data-id=\"f5544a4\" data-element_type=\"column\">\n\t\t\t<div class=\"elementor-column-wrap elementor-element-populated\">\n\t\t\t\t\t\t\t<div class=\"elementor-widget-wrap\">\n\t\t\t\t\t\t<div class=\"elementor-element elementor-element-2496f2a elementor-widget-divider--view-line elementor-widget elementor-widget-divider\" data-id=\"2496f2a\" data-element_type=\"widget\" data-widget_type=\"divider.default\">\n\t\t\t\t<div class=\"elementor-widget-container\">\n\t\t\t\t\t<div class=\"elementor-divider\">\n\t\t\t<span class=\"elementor-divider-separator\">\n\t\t\t\t\t\t<\/span>\n\t\t<\/div>\n\t\t\t\t<\/div>\n\t\t\t\t<\/div>\n\t\t\t\t\t\t<\/div>\n\t\t\t\t\t<\/div>\n\t\t<\/div>\n\t\t\t\t\t\t\t\t<\/div>\n\t\t\t\t\t<\/div>\n\t\t<\/section>\n\t\t\t\t<section class=\"elementor-section elementor-top-section elementor-element elementor-element-f952d25 elementor-section-boxed elementor-section-height-default elementor-section-height-default\" data-id=\"f952d25\" data-element_type=\"section\">\n\t\t\t\t\t\t<div class=\"elementor-container elementor-column-gap-default\">\n\t\t\t\t\t\t\t<div class=\"elementor-row\">\n\t\t\t\t\t<div class=\"elementor-column elementor-col-100 elementor-top-column elementor-element elementor-element-b9bcac8\" data-id=\"b9bcac8\" data-element_type=\"column\">\n\t\t\t<div class=\"elementor-column-wrap elementor-element-populated\">\n\t\t\t\t\t\t\t<div class=\"elementor-widget-wrap\">\n\t\t\t\t\t\t<div class=\"elementor-element elementor-element-0af8dfb elementor-widget elementor-widget-heading\" data-id=\"0af8dfb\" data-element_type=\"widget\" data-widget_type=\"heading.default\">\n\t\t\t\t<div class=\"elementor-widget-container\">\n\t\t\t<h2 class=\"elementor-heading-title elementor-size-medium\">Nouvel arr\u00eat\u00e9 minist\u00e9riel fixant les modalit\u00e9s et les conditions d'agr\u00e9ment des organismes de v\u00e9rification de contr\u00f4le (Inspection) des \u00e9quipements fonctionnant sous pression<\/h2>\t\t<\/div>\n\t\t\t\t<\/div>\n\t\t\t\t<div class=\"elementor-element elementor-element-4c1c38e elementor-widget elementor-widget-text-editor\" data-id=\"4c1c38e\" data-element_type=\"widget\" data-widget_type=\"text-editor.default\">\n\t\t\t\t<div class=\"elementor-widget-container\">\n\t\t\t\t\t\t\t\t<div class=\"elementor-text-editor elementor-clearfix\">\n\t\t\t\tLa r\u00e9glementation fixant les modalit\u00e9s et les conditions d&rsquo;agr\u00e9ment et d&rsquo;habilitation des organismes (d\u2019inspection) de v\u00e9rification et de contr\u00f4le r\u00e9glementaire des \u00e9quipements \u00e0 pression (ESP) a \u00e9t\u00e9 \u00a0publi\u00e9e sur le <a href=\"https:\/\/algerac.dz\/wp-content\/uploads\/2020\/12\/JO_N_76.pdf\" target=\"_blank\" rel=\"noopener\">Journal officiel N\u00b0 76 du 17 d\u00e9cembre 2020<\/a>.\n\nLes domaines concern\u00e9s par cette r\u00e9glementation sont\u00a0:\n<ul>\n \t<li>La v\u00e9rification, le contr\u00f4le et l\u2019expertise des \u00e9quipements \u00e0 pression, y compris les requalifications p\u00e9riodiques\u00a0;<\/li>\n \t<li>Le contr\u00f4le non destructif des \u00e9quipements \u00e0 pression, en utilisant les techniques et proc\u00e9d\u00e9s requis;<\/li>\n \t<li>La qualification des soudeurs et modes op\u00e9ratoires de soudage des \u00e9quipements \u00e0 us pression\u00a0;<\/li>\n<\/ul>\nLes principaux \u00e9l\u00e9ments de l\u2019arr\u00eat\u00e9 minist\u00e9riel sont\u00a0:\n<ul>\n \t<li>Le contr\u00f4le et la supervision des \u00e9preuves\/r\u00e9\u00e9preuves y compris les essais m\u00e9caniques requis sur les ESP sont effectu\u00e9s par\u00a0des experts des mines comp\u00e9tents relevant du Minist\u00e8re des Mines.<\/li>\n<\/ul>\nSur d\u00e9cision d\u2019habilitation du minist\u00e8re charg\u00e9 des mines, ils peuvent \u00eatre ex\u00e9cut\u00e9s \u00e9galement sous la supervision :<br><br>\n<ul>\n \t<li style=\"list-style-type: none;\">\n<ul>\n \t<li>des organismes ind\u00e9pendants <strong>accr\u00e9dit\u00e9s <\/strong>et agr\u00e9es par le minist\u00e8re charg\u00e9 des mines<\/li>\n<\/ul>\n<\/li>\n<\/ul>\n<ul>\n \t<li>des organismes <strong>accr\u00e9dit\u00e9s<\/strong> relevant des soci\u00e9t\u00e9s exploitantes des ESP intervenant seulement en interne pour le compte de leurs soci\u00e9t\u00e9s et pour les t\u00e2ches pr\u00e9cises.<\/li>\n<\/ul>\nParmi les principales conditions pour les organismes d\u2019inspection pour se pr\u00e9valoir \u00e0 l\u2019agr\u00e9ment et \u00e0 l\u2019habilitation permettant d\u2019intervenir dans les domaines suscit\u00e9s\u00a0:\n<ul>\n \t<li>D\u00e9tention d\u2019un <strong>certificat d\u2019accr\u00e9ditation<\/strong> d\u00e9livr\u00e9e par ALGERAC<\/li>\n \t<li>Disposer d\u2019un personnel qualifi\u00e9 dans les sp\u00e9cialit\u00e9s techniques avec une exp\u00e9rience d\u2019au moins cinq (05) ans,<\/li>\n<\/ul>\nLes organismes agr\u00e9\u00e9s, non accr\u00e9dit\u00e9s avant la publication du pr\u00e9sent arr\u00eat\u00e9 disposent d\u2019un d\u00e9lai de dix-huit (18) mois pour se conformer aux dispositions d\u00e9finies.\t\t\t\t\t<\/div>\n\t\t\t\t\t\t<\/div>\n\t\t\t\t<\/div>\n\t\t\t\t\t\t<\/div>\n\t\t\t\t\t<\/div>\n\t\t<\/div>\n\t\t\t\t\t\t\t\t<\/div>\n\t\t\t\t\t<\/div>\n\t\t<\/section>\n\t\t\t\t<section class=\"elementor-section elementor-top-section elementor-element elementor-element-c3e36ba elementor-section-boxed elementor-section-height-default elementor-section-height-default\" data-id=\"c3e36ba\" data-element_type=\"section\">\n\t\t\t\t\t\t<div class=\"elementor-container elementor-column-gap-default\">\n\t\t\t\t\t\t\t<div class=\"elementor-row\">\n\t\t\t\t\t<div class=\"elementor-column elementor-col-100 elementor-top-column elementor-element elementor-element-0a47ec8\" data-id=\"0a47ec8\" data-element_type=\"column\">\n\t\t\t<div class=\"elementor-column-wrap elementor-element-populated\">\n\t\t\t\t\t\t\t<div class=\"elementor-widget-wrap\">\n\t\t\t\t\t\t<div class=\"elementor-element elementor-element-95900ff elementor-widget-divider--view-line elementor-widget elementor-widget-divider\" data-id=\"95900ff\" data-element_type=\"widget\" data-widget_type=\"divider.default\">\n\t\t\t\t<div class=\"elementor-widget-container\">\n\t\t\t\t\t<div class=\"elementor-divider\">\n\t\t\t<span class=\"elementor-divider-separator\">\n\t\t\t\t\t\t<\/span>\n\t\t<\/div>\n\t\t\t\t<\/div>\n\t\t\t\t<\/div>\n\t\t\t\t\t\t<\/div>\n\t\t\t\t\t<\/div>\n\t\t<\/div>\n\t\t\t\t\t\t\t\t<\/div>\n\t\t\t\t\t<\/div>\n\t\t<\/section>\n\t\t\t\t\t\t\t\t\t<\/div>\n\t\t\t<\/div>\n\t\t\t\t\t<\/div>","protected":false},"excerpt":{"rendered":"<p>Veille R\u00e9glementaire Cr\u00e9ation d\u2019un r\u00e9seau de laboratoires d\u2019essais et d\u2019analyses \u00ab RELEAC \u00bb La cr\u00e9ation du r\u00e9seau de laboratoires d\u2019essais et d\u2019analyses pour la conformit\u00e9 des produits vient d\u2019\u00eatre publi\u00e9e par d\u00e9cret ex\u00e9cutif n\u00b021-424 correspondant au 04 novembre 2021. Plac\u00e9 sous l\u2019\u00e9gide du minist\u00e8re charg\u00e9 de la protection du consommateur et de la r\u00e9pression des&#8230;<\/p>","protected":false},"author":1,"featured_media":0,"parent":0,"menu_order":0,"comment_status":"closed","ping_status":"closed","template":"elementor_header_footer","meta":{"_kad_post_transparent":"","_kad_post_title":"","_kad_post_layout":"","_kad_post_sidebar_id":"","_kad_post_content_style":"","_kad_post_vertical_padding":"","_kad_post_feature":"","_kad_post_feature_position":"","_kad_post_header":false,"_kad_post_footer":false},"_links":{"self":[{"href":"https:\/\/algerac.dz\/en\/wp-json\/wp\/v2\/pages\/5260"}],"collection":[{"href":"https:\/\/algerac.dz\/en\/wp-json\/wp\/v2\/pages"}],"about":[{"href":"https:\/\/algerac.dz\/en\/wp-json\/wp\/v2\/types\/page"}],"author":[{"embeddable":true,"href":"https:\/\/algerac.dz\/en\/wp-json\/wp\/v2\/users\/1"}],"replies":[{"embeddable":true,"href":"https:\/\/algerac.dz\/en\/wp-json\/wp\/v2\/comments?post=5260"}],"version-history":[{"count":84,"href":"https:\/\/algerac.dz\/en\/wp-json\/wp\/v2\/pages\/5260\/revisions"}],"predecessor-version":[{"id":10801,"href":"https:\/\/algerac.dz\/en\/wp-json\/wp\/v2\/pages\/5260\/revisions\/10801"}],"wp:attachment":[{"href":"https:\/\/algerac.dz\/en\/wp-json\/wp\/v2\/media?parent=5260"}],"curies":[{"name":"wp","href":"https:\/\/api.w.org\/{rel}","templated":true}]}}