{"id":5258,"date":"2021-09-15T16:30:08","date_gmt":"2021-09-15T14:30:08","guid":{"rendered":"https:\/\/algerac.dz\/?page_id=5258"},"modified":"2021-10-11T16:23:48","modified_gmt":"2021-10-11T14:23:48","slug":"evenements-algerac","status":"publish","type":"page","link":"https:\/\/algerac.dz\/en\/evenements-algerac\/","title":{"rendered":"\u00c9v\u00e8nements ALGERAC"},"content":{"rendered":"<div data-elementor-type=\"wp-page\" data-elementor-id=\"5258\" class=\"elementor elementor-5258\">\n\t\t\t\t\t\t<div class=\"elementor-inner\">\n\t\t\t\t<div class=\"elementor-section-wrap\">\n\t\t\t\t\t\t\t\t\t<section class=\"elementor-section elementor-top-section elementor-element elementor-element-81d0b2c elementor-section-boxed elementor-section-height-default elementor-section-height-default\" data-id=\"81d0b2c\" data-element_type=\"section\">\n\t\t\t\t\t\t<div class=\"elementor-container elementor-column-gap-default\">\n\t\t\t\t\t\t\t<div class=\"elementor-row\">\n\t\t\t\t\t<div class=\"elementor-column elementor-col-100 elementor-top-column elementor-element elementor-element-ab3544e\" data-id=\"ab3544e\" data-element_type=\"column\">\n\t\t\t<div class=\"elementor-column-wrap elementor-element-populated\">\n\t\t\t\t\t\t\t<div class=\"elementor-widget-wrap\">\n\t\t\t\t\t\t<div class=\"elementor-element elementor-element-8c95bcf elementor-widget elementor-widget-heading\" data-id=\"8c95bcf\" data-element_type=\"widget\" data-widget_type=\"heading.default\">\n\t\t\t\t<div class=\"elementor-widget-container\">\n\t\t\t<h2 class=\"elementor-heading-title elementor-size-default\">\u00c9v\u00e8nements ALGERAC<\/h2>\t\t<\/div>\n\t\t\t\t<\/div>\n\t\t\t\t\t\t<\/div>\n\t\t\t\t\t<\/div>\n\t\t<\/div>\n\t\t\t\t\t\t\t\t<\/div>\n\t\t\t\t\t<\/div>\n\t\t<\/section>\n\t\t\t\t<section class=\"elementor-section elementor-top-section elementor-element elementor-element-ce3ec04 elementor-section-boxed elementor-section-height-default elementor-section-height-default\" data-id=\"ce3ec04\" data-element_type=\"section\">\n\t\t\t\t\t\t<div class=\"elementor-container elementor-column-gap-default\">\n\t\t\t\t\t\t\t<div class=\"elementor-row\">\n\t\t\t\t\t<div class=\"elementor-column elementor-col-100 elementor-top-column elementor-element elementor-element-ad0a4d2\" data-id=\"ad0a4d2\" data-element_type=\"column\">\n\t\t\t<div class=\"elementor-column-wrap elementor-element-populated\">\n\t\t\t\t\t\t\t<div class=\"elementor-widget-wrap\">\n\t\t\t\t\t\t<div class=\"elementor-element elementor-element-4077481 elementor-widget-divider--view-line elementor-widget elementor-widget-divider\" data-id=\"4077481\" data-element_type=\"widget\" data-widget_type=\"divider.default\">\n\t\t\t\t<div class=\"elementor-widget-container\">\n\t\t\t\t\t<div class=\"elementor-divider\">\n\t\t\t<span class=\"elementor-divider-separator\">\n\t\t\t\t\t\t<\/span>\n\t\t<\/div>\n\t\t\t\t<\/div>\n\t\t\t\t<\/div>\n\t\t\t\t\t\t<\/div>\n\t\t\t\t\t<\/div>\n\t\t<\/div>\n\t\t\t\t\t\t\t\t<\/div>\n\t\t\t\t\t<\/div>\n\t\t<\/section>\n\t\t\t\t<section class=\"elementor-section elementor-top-section elementor-element elementor-element-bdd87e7 elementor-section-boxed elementor-section-height-default elementor-section-height-default\" data-id=\"bdd87e7\" data-element_type=\"section\">\n\t\t\t\t\t\t<div class=\"elementor-container elementor-column-gap-default\">\n\t\t\t\t\t\t\t<div class=\"elementor-row\">\n\t\t\t\t\t<div class=\"elementor-column elementor-col-100 elementor-top-column elementor-element elementor-element-abda58e\" data-id=\"abda58e\" data-element_type=\"column\">\n\t\t\t<div class=\"elementor-column-wrap elementor-element-populated\">\n\t\t\t\t\t\t\t<div class=\"elementor-widget-wrap\">\n\t\t\t\t\t\t<div class=\"elementor-element elementor-element-2f5e5de elementor-widget elementor-widget-heading\" data-id=\"2f5e5de\" data-element_type=\"widget\" data-widget_type=\"heading.default\">\n\t\t\t\t<div class=\"elementor-widget-container\">\n\t\t\t<h2 class=\"elementor-heading-title elementor-size-default\">Signature d\u2019une convention de Coop\u00e9ration entre le CEREFE et ALGERAC<\/h2>\t\t<\/div>\n\t\t\t\t<\/div>\n\t\t\t\t\t\t<\/div>\n\t\t\t\t\t<\/div>\n\t\t<\/div>\n\t\t\t\t\t\t\t\t<\/div>\n\t\t\t\t\t<\/div>\n\t\t<\/section>\n\t\t\t\t<section class=\"elementor-section elementor-top-section elementor-element elementor-element-39efd8b elementor-section-boxed elementor-section-height-default elementor-section-height-default\" data-id=\"39efd8b\" data-element_type=\"section\">\n\t\t\t\t\t\t<div class=\"elementor-container elementor-column-gap-default\">\n\t\t\t\t\t\t\t<div class=\"elementor-row\">\n\t\t\t\t\t<div class=\"elementor-column elementor-col-100 elementor-top-column elementor-element elementor-element-555f4e8\" data-id=\"555f4e8\" data-element_type=\"column\">\n\t\t\t<div class=\"elementor-column-wrap elementor-element-populated\">\n\t\t\t\t\t\t\t<div class=\"elementor-widget-wrap\">\n\t\t\t\t\t\t<div class=\"elementor-element elementor-element-7796814 elementor-widget elementor-widget-text-editor\" data-id=\"7796814\" data-element_type=\"widget\" data-widget_type=\"text-editor.default\">\n\t\t\t\t<div class=\"elementor-widget-container\">\n\t\t\t\t\t\t\t\t<div class=\"elementor-text-editor elementor-clearfix\">\n\t\t\t\tUne convention cadre de coop\u00e9ration portant sur le d\u00e9veloppement et le renforcement de l\u2019infrastructure qualit\u00e9 dans le domaine des \u00e9nergies renouvelables et de l\u2019efficacit\u00e9 \u00e9nerg\u00e9tique a \u00e9t\u00e9 sign\u00e9e lors d\u2019une c\u00e9r\u00e9monie organis\u00e9e le dimanche 10 octobre 2021 entre le Commissariat des Energies renouvelables et de la transition \u00e9nerg\u00e9tique (CEREFE) et le Directeur de l\u2019Organisme Alg\u00e9rien d\u2019Accr\u00e9ditation (ALGERAC).<br><br>\n\n<a href=\"https:\/\/algerac.dz\/wp-content\/uploads\/2021\/10\/Communique_Presse_Ar_CEREFE_ALGERAC_10_10_2021.pdf\" target=\"_blank\" rel=\"noopener\"><strong>T\u00e9l\u00e9charger le communiqu\u00e9 de Presse [Version Arabe_pdf]<\/strong><\/a><br><br>\n\n<a href=\"https:\/\/algerac.dz\/wp-content\/uploads\/2021\/10\/Communique_Presse_Fr_CEREFE_ALGERAC_10_10_2021.pdf\" target=\"_blank\" rel=\"noopener\"><strong><strong>T\u00e9l\u00e9charger le communiqu\u00e9 de Presse [Version Fran\u00e7aise_pdf]<\/strong><\/strong><\/a><br><br>\t\t\t\t\t<\/div>\n\t\t\t\t\t\t<\/div>\n\t\t\t\t<\/div>\n\t\t\t\t\t\t<\/div>\n\t\t\t\t\t<\/div>\n\t\t<\/div>\n\t\t\t\t\t\t\t\t<\/div>\n\t\t\t\t\t<\/div>\n\t\t<\/section>\n\t\t\t\t\t\t\t\t\t<\/div>\n\t\t\t<\/div>\n\t\t\t\t\t<\/div>","protected":false},"excerpt":{"rendered":"<p>\u00c9v\u00e8nements ALGERAC Signature d\u2019une convention de Coop\u00e9ration entre le CEREFE et ALGERAC Une convention cadre de coop\u00e9ration portant sur le d\u00e9veloppement et le renforcement de l\u2019infrastructure qualit\u00e9 dans le domaine des \u00e9nergies renouvelables et de l\u2019efficacit\u00e9 \u00e9nerg\u00e9tique a \u00e9t\u00e9 sign\u00e9e lors d\u2019une c\u00e9r\u00e9monie organis\u00e9e le dimanche 10 octobre 2021 entre le Commissariat des Energies renouvelables&#8230;<\/p>","protected":false},"author":1,"featured_media":0,"parent":0,"menu_order":0,"comment_status":"closed","ping_status":"closed","template":"","meta":{"_kad_post_transparent":"","_kad_post_title":"","_kad_post_layout":"","_kad_post_sidebar_id":"","_kad_post_content_style":"","_kad_post_vertical_padding":"","_kad_post_feature":"","_kad_post_feature_position":"","_kad_post_header":false,"_kad_post_footer":false},"_links":{"self":[{"href":"https:\/\/algerac.dz\/en\/wp-json\/wp\/v2\/pages\/5258"}],"collection":[{"href":"https:\/\/algerac.dz\/en\/wp-json\/wp\/v2\/pages"}],"about":[{"href":"https:\/\/algerac.dz\/en\/wp-json\/wp\/v2\/types\/page"}],"author":[{"embeddable":true,"href":"https:\/\/algerac.dz\/en\/wp-json\/wp\/v2\/users\/1"}],"replies":[{"embeddable":true,"href":"https:\/\/algerac.dz\/en\/wp-json\/wp\/v2\/comments?post=5258"}],"version-history":[{"count":13,"href":"https:\/\/algerac.dz\/en\/wp-json\/wp\/v2\/pages\/5258\/revisions"}],"predecessor-version":[{"id":5782,"href":"https:\/\/algerac.dz\/en\/wp-json\/wp\/v2\/pages\/5258\/revisions\/5782"}],"wp:attachment":[{"href":"https:\/\/algerac.dz\/en\/wp-json\/wp\/v2\/media?parent=5258"}],"curies":[{"name":"wp","href":"https:\/\/api.w.org\/{rel}","templated":true}]}}