{"id":5251,"date":"2021-09-15T16:23:29","date_gmt":"2021-09-15T14:23:29","guid":{"rendered":"https:\/\/algerac.dz\/?page_id=5251"},"modified":"2021-12-09T15:19:25","modified_gmt":"2021-12-09T14:19:25","slug":"actualite-evenements","status":"publish","type":"page","link":"https:\/\/algerac.dz\/en\/actualite-evenements\/","title":{"rendered":"Actualit\u00e9s &#038; \u00c9v\u00e8nements"},"content":{"rendered":"<div data-elementor-type=\"wp-page\" data-elementor-id=\"5251\" class=\"elementor elementor-5251\">\n\t\t\t\t\t\t<div class=\"elementor-inner\">\n\t\t\t\t<div class=\"elementor-section-wrap\">\n\t\t\t\t\t\t\t\t\t<section class=\"elementor-section elementor-top-section elementor-element elementor-element-0d9dc40 elementor-section-boxed elementor-section-height-default elementor-section-height-default\" data-id=\"0d9dc40\" data-element_type=\"section\">\n\t\t\t\t\t\t<div class=\"elementor-container elementor-column-gap-default\">\n\t\t\t\t\t\t\t<div class=\"elementor-row\">\n\t\t\t\t\t<div class=\"elementor-column elementor-col-100 elementor-top-column elementor-element elementor-element-ac81f26\" data-id=\"ac81f26\" data-element_type=\"column\">\n\t\t\t<div class=\"elementor-column-wrap elementor-element-populated\">\n\t\t\t\t\t\t\t<div class=\"elementor-widget-wrap\">\n\t\t\t\t\t\t<div class=\"elementor-element elementor-element-a140427 elementor-widget elementor-widget-heading\" data-id=\"a140427\" data-element_type=\"widget\" data-widget_type=\"heading.default\">\n\t\t\t\t<div class=\"elementor-widget-container\">\n\t\t\t<h2 class=\"elementor-heading-title elementor-size-default\">News<\/h2>\t\t<\/div>\n\t\t\t\t<\/div>\n\t\t\t\t<div class=\"elementor-element elementor-element-cbe3108 elementor-widget-divider--view-line elementor-widget elementor-widget-divider\" data-id=\"cbe3108\" data-element_type=\"widget\" data-widget_type=\"divider.default\">\n\t\t\t\t<div class=\"elementor-widget-container\">\n\t\t\t\t\t<div class=\"elementor-divider\">\n\t\t\t<span class=\"elementor-divider-separator\">\n\t\t\t\t\t\t<\/span>\n\t\t<\/div>\n\t\t\t\t<\/div>\n\t\t\t\t<\/div>\n\t\t\t\t\t\t<\/div>\n\t\t\t\t\t<\/div>\n\t\t<\/div>\n\t\t\t\t\t\t\t\t<\/div>\n\t\t\t\t\t<\/div>\n\t\t<\/section>\n\t\t\t\t<section class=\"elementor-section elementor-top-section elementor-element elementor-element-ba795d9 elementor-section-boxed elementor-section-height-default elementor-section-height-default\" data-id=\"ba795d9\" data-element_type=\"section\">\n\t\t\t\t\t\t<div class=\"elementor-container elementor-column-gap-default\">\n\t\t\t\t\t\t\t<div class=\"elementor-row\">\n\t\t\t\t\t<div class=\"elementor-column elementor-col-100 elementor-top-column elementor-element elementor-element-d45c5fd\" data-id=\"d45c5fd\" data-element_type=\"column\">\n\t\t\t<div class=\"elementor-column-wrap elementor-element-populated\">\n\t\t\t\t\t\t\t<div class=\"elementor-widget-wrap\">\n\t\t\t\t\t\t<div class=\"elementor-element elementor-element-5db9f4f elementor-widget elementor-widget-heading\" data-id=\"5db9f4f\" data-element_type=\"widget\" data-widget_type=\"heading.default\">\n\t\t\t\t<div class=\"elementor-widget-container\">\n\t\t\t<h3 class=\"elementor-heading-title elementor-size-default\">\nS\u00e9minaire WTCA, portant sur la Cyber s\u00e9curit\u00e9 : Intervention d\u2019ALGERAC sur la norme ISO 27001<\/h3>\t\t<\/div>\n\t\t\t\t<\/div>\n\t\t\t\t<div class=\"elementor-element elementor-element-29fdfa5 elementor-widget elementor-widget-text-editor\" data-id=\"29fdfa5\" data-element_type=\"widget\" data-widget_type=\"text-editor.default\">\n\t\t\t\t<div class=\"elementor-widget-container\">\n\t\t\t\t\t\t\t\t<div class=\"elementor-text-editor elementor-clearfix\">\n\t\t\t\tIntervenu \u00e0 l\u2019occasion du s\u00e9minaire, portant sur la Cyber s\u00e9curit\u00e9 : du vol des donn\u00e9es mobiles \u00e0 la manipulation de l\u2019information, organis\u00e9e par la Word Trade Center Algiers le 07 d\u00e9cembre 2021 au CIC Alger, le Directeur G\u00e9n\u00e9ral d\u2019ALGERAC a tenu \u00e0 pr\u00e9ciser qu\u2019il est de tout int\u00e9r\u00eat pour les entreprises, \u00e0 l\u2019\u00e8re des nouvelles technologies qui ne cessent d\u2019\u00e9voluer, de s\u2019int\u00e9resser \u00e0 la norme internationale ISO 27001 qui d\u00e9finit les exigences et les bonnes pratiques menant \u00e0 un syst\u00e8me de gestion efficace de la s\u00e9curit\u00e9 de leurs patrimoines informations.<br><br>\n\nPar ailleurs, le Directeur G\u00e9n\u00e9ral a \u00e9voqu\u00e9 qu\u2019il est d\u2019autant plus indispensable de b\u00e2tir un r\u00e9seau national d\u2019organismes certificateurs accr\u00e9dit\u00e9s pour la port\u00e9e ISO 27001 \u00e0 l\u2019effet de r\u00e9pondre au d\u00e9fi de la s\u00e9curit\u00e9 de l\u2019information et de la protection des donn\u00e9es.\t\t\t\t\t<\/div>\n\t\t\t\t\t\t<\/div>\n\t\t\t\t<\/div>\n\t\t\t\t<div class=\"elementor-element elementor-element-b17f682 elementor-widget-divider--view-line elementor-widget elementor-widget-divider\" data-id=\"b17f682\" data-element_type=\"widget\" data-widget_type=\"divider.default\">\n\t\t\t\t<div class=\"elementor-widget-container\">\n\t\t\t\t\t<div class=\"elementor-divider\">\n\t\t\t<span class=\"elementor-divider-separator\">\n\t\t\t\t\t\t<\/span>\n\t\t<\/div>\n\t\t\t\t<\/div>\n\t\t\t\t<\/div>\n\t\t\t\t<div class=\"elementor-element elementor-element-b9c57dd elementor-widget elementor-widget-heading\" data-id=\"b9c57dd\" data-element_type=\"widget\" data-widget_type=\"heading.default\">\n\t\t\t\t<div class=\"elementor-widget-container\">\n\t\t\t<h3 class=\"elementor-heading-title elementor-size-default\">ALGERAC accr\u00e9dite le Laboratoire d\u2019Essais et d\u2019Analyses de l\u2019Office National de la Recherche G\u00e9ologique et Mini\u00e8re (ORGM) - 25\/11\/2021<\/h3>\t\t<\/div>\n\t\t\t\t<\/div>\n\t\t\t\t<div class=\"elementor-element elementor-element-d0836c3 elementor-widget elementor-widget-text-editor\" data-id=\"d0836c3\" data-element_type=\"widget\" data-widget_type=\"text-editor.default\">\n\t\t\t\t<div class=\"elementor-widget-container\">\n\t\t\t\t\t\t\t\t<div class=\"elementor-text-editor elementor-clearfix\">\n\t\t\t\t<p>En marge de la tenue, le 30 novembre 2021 au CIC Alger, de la journ\u00e9e d&rsquo;information sur la promotion de l&rsquo;investissement minier organis\u00e9e par le minist\u00e8re de l&rsquo;Energie et des Mines, une c\u00e9r\u00e9monie qui a vu la pr\u00e9sence de Monsieur le Ministre de l\u2019Industrie et le Ministre de l\u2019Energie et des Mines a \u00e9t\u00e9 organis\u00e9e \u00e0 l\u2019occasion de la remise par ALGERAC du certificat d\u2019accr\u00e9ditation au profit du Laboratoire d\u2019essais et d\u2019Analyses de l\u2019Office National de la Recherche G\u00e9ologique et Mini\u00e8re (ORGM) de Boumerd\u00e8s d\u00e9sormais accr\u00e9dit\u00e9 selon la norme ISO\/CEI 17025 : 2017 dans le domaine des essais d\u2019analyses physico-chimiques des g\u00e9omat\u00e9riaux.<\/p>\t\t\t\t\t<\/div>\n\t\t\t\t\t\t<\/div>\n\t\t\t\t<\/div>\n\t\t\t\t<div class=\"elementor-element elementor-element-d0734d1 elementor-widget-divider--view-line elementor-widget elementor-widget-divider\" data-id=\"d0734d1\" data-element_type=\"widget\" data-widget_type=\"divider.default\">\n\t\t\t\t<div class=\"elementor-widget-container\">\n\t\t\t\t\t<div class=\"elementor-divider\">\n\t\t\t<span class=\"elementor-divider-separator\">\n\t\t\t\t\t\t<\/span>\n\t\t<\/div>\n\t\t\t\t<\/div>\n\t\t\t\t<\/div>\n\t\t\t\t\t\t<\/div>\n\t\t\t\t\t<\/div>\n\t\t<\/div>\n\t\t\t\t\t\t\t\t<\/div>\n\t\t\t\t\t<\/div>\n\t\t<\/section>\n\t\t\t\t<section class=\"elementor-section elementor-top-section elementor-element elementor-element-f56a4b1 elementor-section-boxed elementor-section-height-default elementor-section-height-default\" data-id=\"f56a4b1\" data-element_type=\"section\">\n\t\t\t\t\t\t<div class=\"elementor-container elementor-column-gap-default\">\n\t\t\t\t\t\t\t<div class=\"elementor-row\">\n\t\t\t\t\t<div class=\"elementor-column elementor-col-100 elementor-top-column elementor-element elementor-element-afda9f3\" data-id=\"afda9f3\" data-element_type=\"column\">\n\t\t\t<div class=\"elementor-column-wrap elementor-element-populated\">\n\t\t\t\t\t\t\t<div class=\"elementor-widget-wrap\">\n\t\t\t\t\t\t<div class=\"elementor-element elementor-element-32d666e elementor-widget elementor-widget-heading\" data-id=\"32d666e\" data-element_type=\"widget\" data-widget_type=\"heading.default\">\n\t\t\t\t<div class=\"elementor-widget-container\">\n\t\t\t<h3 class=\"elementor-heading-title elementor-size-default\">ALGERAC intervient \u00e0 la Journ\u00e9e Technique organis\u00e9e par SONATRACH Activit\u00e9s LQS - 09\/11\/2021<\/h3>\t\t<\/div>\n\t\t\t\t<\/div>\n\t\t\t\t<div class=\"elementor-element elementor-element-34bab89 elementor-widget elementor-widget-text-editor\" data-id=\"34bab89\" data-element_type=\"widget\" data-widget_type=\"text-editor.default\">\n\t\t\t\t<div class=\"elementor-widget-container\">\n\t\t\t\t\t\t\t\t<div class=\"elementor-text-editor elementor-clearfix\">\n\t\t\t\tL\u2019Organisme Alg\u00e9rien d\u2019Accr\u00e9ditation (ALGERAC) a marqu\u00e9 sa pr\u00e9sence \u00e0 la journ\u00e9e technique organis\u00e9e 0 Oran le 09 novembre 2021 d\u00e9di\u00e9e au \u00ab D\u00e9fi de la certification du syst\u00e8me de management de la qualit\u00e9 selon la norme ISO 9001 :2015 et de l\u2019accr\u00e9ditation des laboratoires selon la norme ISO\/CEI 27005 : 2017 au sein des activit\u00e9s LQS \u00bb organis\u00e9e par SONATRACH Activits\u00e9 Liqu\u00e9faction et S\u00e9paration.<br><br>\nA cette occasion, une communication d\u2019ALGERAC a \u00e9t\u00e9 pr\u00e9sent\u00e9e sur l\u2019\u00e9tat des lieux de l\u2019infrastructure qualit\u00e9.<br><br>\nPhotos en PJ\t\t\t\t\t<\/div>\n\t\t\t\t\t\t<\/div>\n\t\t\t\t<\/div>\n\t\t\t\t\t\t<\/div>\n\t\t\t\t\t<\/div>\n\t\t<\/div>\n\t\t\t\t\t\t\t\t<\/div>\n\t\t\t\t\t<\/div>\n\t\t<\/section>\n\t\t\t\t\t\t\t\t\t<\/div>\n\t\t\t<\/div>\n\t\t\t\t\t<\/div>","protected":false},"excerpt":{"rendered":"<p>Actualit\u00e9s S\u00e9minaire WTCA, portant sur la Cyber s\u00e9curit\u00e9 : Intervention d\u2019ALGERAC sur la norme ISO 27001 Intervenu \u00e0 l\u2019occasion du s\u00e9minaire, portant sur la Cyber s\u00e9curit\u00e9 : du vol des donn\u00e9es mobiles \u00e0 la manipulation de l\u2019information, organis\u00e9e par la Word Trade Center Algiers le 07 d\u00e9cembre 2021 au CIC Alger, le Directeur G\u00e9n\u00e9ral d\u2019ALGERAC&#8230;<\/p>","protected":false},"author":1,"featured_media":0,"parent":0,"menu_order":0,"comment_status":"closed","ping_status":"closed","template":"","meta":{"_kad_post_transparent":"","_kad_post_title":"","_kad_post_layout":"","_kad_post_sidebar_id":"","_kad_post_content_style":"","_kad_post_vertical_padding":"","_kad_post_feature":"","_kad_post_feature_position":"","_kad_post_header":false,"_kad_post_footer":false},"_links":{"self":[{"href":"https:\/\/algerac.dz\/en\/wp-json\/wp\/v2\/pages\/5251"}],"collection":[{"href":"https:\/\/algerac.dz\/en\/wp-json\/wp\/v2\/pages"}],"about":[{"href":"https:\/\/algerac.dz\/en\/wp-json\/wp\/v2\/types\/page"}],"author":[{"embeddable":true,"href":"https:\/\/algerac.dz\/en\/wp-json\/wp\/v2\/users\/1"}],"replies":[{"embeddable":true,"href":"https:\/\/algerac.dz\/en\/wp-json\/wp\/v2\/comments?post=5251"}],"version-history":[{"count":63,"href":"https:\/\/algerac.dz\/en\/wp-json\/wp\/v2\/pages\/5251\/revisions"}],"predecessor-version":[{"id":6335,"href":"https:\/\/algerac.dz\/en\/wp-json\/wp\/v2\/pages\/5251\/revisions\/6335"}],"wp:attachment":[{"href":"https:\/\/algerac.dz\/en\/wp-json\/wp\/v2\/media?parent=5251"}],"curies":[{"name":"wp","href":"https:\/\/api.w.org\/{rel}","templated":true}]}}