{"id":5075,"date":"2021-09-15T11:07:45","date_gmt":"2021-09-15T09:07:45","guid":{"rendered":"https:\/\/algerac.dz\/?page_id=5075"},"modified":"2026-04-14T10:23:19","modified_gmt":"2026-04-14T08:23:19","slug":"laboratoires-detalonnage","status":"publish","type":"page","link":"https:\/\/algerac.dz\/en\/laboratoires-detalonnage\/","title":{"rendered":"Calibration laboratories"},"content":{"rendered":"<div data-elementor-type=\"wp-page\" data-elementor-id=\"5075\" class=\"elementor elementor-5075\">\n\t\t\t\t\t\t<div class=\"elementor-inner\">\n\t\t\t\t<div class=\"elementor-section-wrap\">\n\t\t\t\t\t\t\t\t\t<section class=\"elementor-section elementor-top-section elementor-element elementor-element-acbcb81 elementor-section-boxed elementor-section-height-default elementor-section-height-default\" data-id=\"acbcb81\" data-element_type=\"section\">\n\t\t\t\t\t\t<div class=\"elementor-container elementor-column-gap-default\">\n\t\t\t\t\t\t\t<div class=\"elementor-row\">\n\t\t\t\t\t<div class=\"elementor-column elementor-col-100 elementor-top-column elementor-element elementor-element-afe227f\" data-id=\"afe227f\" data-element_type=\"column\">\n\t\t\t<div class=\"elementor-column-wrap elementor-element-populated\">\n\t\t\t\t\t\t\t<div class=\"elementor-widget-wrap\">\n\t\t\t\t\t\t<div class=\"elementor-element elementor-element-cfaa58f elementor-widget-divider--view-line elementor-widget elementor-widget-divider\" data-id=\"cfaa58f\" data-element_type=\"widget\" data-widget_type=\"divider.default\">\n\t\t\t\t<div class=\"elementor-widget-container\">\n\t\t\t\t\t<div class=\"elementor-divider\">\n\t\t\t<span class=\"elementor-divider-separator\">\n\t\t\t\t\t\t<\/span>\n\t\t<\/div>\n\t\t\t\t<\/div>\n\t\t\t\t<\/div>\n\t\t\t\t\t\t<\/div>\n\t\t\t\t\t<\/div>\n\t\t<\/div>\n\t\t\t\t\t\t\t\t<\/div>\n\t\t\t\t\t<\/div>\n\t\t<\/section>\n\t\t\t\t<section class=\"elementor-section elementor-top-section elementor-element elementor-element-1d30fb9 elementor-section-boxed elementor-section-height-default elementor-section-height-default\" data-id=\"1d30fb9\" data-element_type=\"section\">\n\t\t\t\t\t\t<div class=\"elementor-container elementor-column-gap-default\">\n\t\t\t\t\t\t\t<div class=\"elementor-row\">\n\t\t\t\t\t<div class=\"elementor-column elementor-col-100 elementor-top-column elementor-element elementor-element-6a37a83\" data-id=\"6a37a83\" data-element_type=\"column\">\n\t\t\t<div class=\"elementor-column-wrap elementor-element-populated\">\n\t\t\t\t\t\t\t<div class=\"elementor-widget-wrap\">\n\t\t\t\t\t\t<div class=\"elementor-element elementor-element-92a8abe elementor-widget elementor-widget-heading\" data-id=\"92a8abe\" data-element_type=\"widget\" data-widget_type=\"heading.default\">\n\t\t\t\t<div class=\"elementor-widget-container\">\n\t\t\t<h2 class=\"elementor-heading-title elementor-size-default\">Accredited Bodies - Calibration Laboratories<\/h2>\t\t<\/div>\n\t\t\t\t<\/div>\n\t\t\t\t<div class=\"elementor-element elementor-element-84e2245 elementor-widget-divider--view-line elementor-widget elementor-widget-divider\" data-id=\"84e2245\" data-element_type=\"widget\" data-widget_type=\"divider.default\">\n\t\t\t\t<div class=\"elementor-widget-container\">\n\t\t\t\t\t<div class=\"elementor-divider\">\n\t\t\t<span class=\"elementor-divider-separator\">\n\t\t\t\t\t\t<\/span>\n\t\t<\/div>\n\t\t\t\t<\/div>\n\t\t\t\t<\/div>\n\t\t\t\t\t\t<\/div>\n\t\t\t\t\t<\/div>\n\t\t<\/div>\n\t\t\t\t\t\t\t\t<\/div>\n\t\t\t\t\t<\/div>\n\t\t<\/section>\n\t\t\t\t<section class=\"elementor-section elementor-top-section elementor-element elementor-element-46ad21a elementor-section-boxed elementor-section-height-default elementor-section-height-default\" data-id=\"46ad21a\" data-element_type=\"section\">\n\t\t\t\t\t\t<div class=\"elementor-container elementor-column-gap-default\">\n\t\t\t\t\t\t\t<div class=\"elementor-row\">\n\t\t\t\t\t<div class=\"elementor-column elementor-col-100 elementor-top-column elementor-element elementor-element-c6ee6cb\" data-id=\"c6ee6cb\" data-element_type=\"column\">\n\t\t\t<div class=\"elementor-column-wrap elementor-element-populated\">\n\t\t\t\t\t\t\t<div class=\"elementor-widget-wrap\">\n\t\t\t\t\t\t<div class=\"elementor-element elementor-element-3166b99 elementor-widget elementor-widget-text-editor\" data-id=\"3166b99\" data-element_type=\"widget\" data-widget_type=\"text-editor.default\">\n\t\t\t\t<div class=\"elementor-widget-container\">\n\t\t\t\t\t\t\t\t<div class=\"elementor-text-editor elementor-clearfix\">\n\t\t\t\t<table border=\"1\"><tbody><tr><td width=\"99\"><p style=\"text-align: center;\"><strong>Accredited Bodies\u00a0<\/strong><\/p><\/td><td width=\"137\"><p style=\"text-align: center;\"><strong>Certificat et Annexe Technique<\/strong><\/p><\/td><td width=\"86\"><p style=\"text-align: center;\"><strong>Observations<\/strong><\/p><\/td><\/tr><tr><td width=\"99\">Air Alg\u00e9rie &#8211; Division Maintenance et R\u00e9paration<\/td><td width=\"137\"><p style=\"text-align: center;\"><a href=\"http:\/\/algerac.dz\/wp-content\/uploads\/2025\/01\/Certificat_AIR_ALGERIE_1_1_002_Rev06_30_07_2024_sw_Annexe_Technique_Rev08_30_07_2024_sw.pdf\" target=\"_blank\" rel=\"noopener\">Certificat et Annexe Technique 1-1-002<\/a><\/p><\/td><td width=\"86\"><p style=\"text-align: center;\">\/<\/p><\/td><\/tr><tr><td width=\"99\">ESCLAB &#8211; Laboratoire d\u2019Etalonnage<\/td><td width=\"137\"><p style=\"text-align: center;\"><a href=\"https:\/\/algerac.dz\/wp-content\/uploads\/2025\/04\/Certificat_ESCLAB_1_1_003_Rev08_28_01_2025_sw_Annexe_Technique_Rev10_19_03_2025_sw.pdf\" target=\"_blank\" rel=\"noopener\">Certificat et Annexe Technique 1-1-003<\/a><\/p><\/td><td width=\"86\"><p style=\"text-align: center;\">\/<\/p><\/td><\/tr><tr><td width=\"99\">SONELGAZ Services<\/td><td width=\"137\"><p style=\"text-align: center;\"><a href=\"https:\/\/algerac.dz\/wp-content\/uploads\/2025\/03\/Certificat_SONELGAZ_SERVICES_1_1_004_Rev08_19_01_2025_sw_Annexe_Technique_Rev10_19_02_2025_sw.pdf\" target=\"_blank\" rel=\"noopener\">Certificat et Annexe Technique 1-1-004<\/a><\/p><\/td><td width=\"86\"><p style=\"text-align: center;\">\/<\/p><\/td><\/tr><tr><td width=\"99\">SARL\u00a0 ISQ<\/td><td width=\"137\"><p style=\"text-align: center;\"><a href=\"https:\/\/algerac.dz\/wp-content\/uploads\/2024\/08\/Certificat_ISQ_1_1_009_Rev07_09_03_2023_sw_Annexe_Technique_Rev08_27_08_2024_sw.pdf\" target=\"_blank\" rel=\"noopener\">Certificat et Annexe Technique 1-1-009<\/a><\/p><\/td><td width=\"86\"><p style=\"text-align: center;\">\/<\/p><\/td><\/tr><tr><td width=\"99\">RE EL SERVICES &#8211; Laboratoire d\u2019Etalonnage<\/td><td width=\"137\"><p style=\"text-align: center;\"><a href=\"https:\/\/algerac.dz\/wp-content\/uploads\/2026\/02\/Certificat_REEL_SERVICES_1_1_013_Rev04_27_06_2024_sw_Annexe_Technique_Rev08_15_01_2026_sw-1.pdf\" target=\"_blank\" rel=\"noopener\">Certificat et Annexe Technique 1-1-013<\/a><\/p><\/td><td style=\"text-align: center;\" width=\"86\">\/<\/td><\/tr><tr><td width=\"99\">ORFEE &#8211; Groupe BCR &#8211; Laboratoire d&rsquo;Etalonnage<\/td><td width=\"137\"><p style=\"text-align: center;\"><a href=\"https:\/\/algerac.dz\/wp-content\/uploads\/2025\/08\/Certificat_ORFEE_1_1_016_Rev04_08_08_2025_sw_Annexe_Technique_Rev05_08_08_2025_sw-1.pdf\" target=\"_blank\" rel=\"noopener\">Certificat et Annexe Technique 1-1-016<\/a><\/p><\/td><td width=\"86\"><p style=\"text-align: center;\">\/<\/p><\/td><\/tr><tr><td width=\"99\">ALEX &#8211; Contr\u00f4le Technique<\/td><td width=\"137\"><p style=\"text-align: center;\"><a href=\"https:\/\/algerac.dz\/wp-content\/uploads\/2026\/02\/Certificat_ALEX_1_1_017_Rev06_07_01_2026_sw_Annexe_Technique_Rev07_07_01_2026_sw.pdf\" target=\"_blank\" rel=\"noopener\">Certificat et Annexe Technique 1-1-017<\/a><\/p><\/td><td width=\"86\"><p style=\"text-align: center;\">\/<\/p><\/td><\/tr><tr><td width=\"99\">CIDME &#8211; Centre d\u2019Ing\u00e9nierie et de D\u00e9veloppement en M\u00e9canique et \u00c9lectronique &#8211; ANP<\/td><td width=\"137\"><p style=\"text-align: center;\"><a href=\"https:\/\/algerac.dz\/wp-content\/uploads\/2025\/09\/Certificat_CIDIME_1_1_018_Rev03_11_06_2025_sw_Annexe_Technique_Rev07_11_09_2025_sw.pdf\" target=\"_blank\" rel=\"noopener\">Certificat et Annexe Technique 1-1-018<\/a><\/p><\/td><td width=\"86\"><p style=\"text-align: center;\">\/<\/p><\/td><\/tr><tr><td width=\"99\">EGPS &#8211; Laboratoire d\u2019Etalonnage<\/td><td width=\"137\"><p style=\"text-align: center;\"><a href=\"https:\/\/algerac.dz\/wp-content\/uploads\/2025\/11\/Certificat_EGPS_1_1_019_Rev03_31_10_2025_sw_Annexe_Technique_Rev05_31_10_2025_sw.pdf\" target=\"_blank\" rel=\"noopener\">Certificat et Annexe Technique 1-1-019<\/a><\/p><\/td><td width=\"86\"><p style=\"text-align: center;\">\/<\/p><\/td><\/tr><tr><td width=\"99\">SANIAK &#8211; Groupe BCR<\/td><td width=\"137\"><p style=\"text-align: center;\"><a href=\"https:\/\/algerac.dz\/wp-content\/uploads\/2026\/02\/Certificat_SANIAK_1_1_022_Rev_01_14_11_2022_sw_Annexe_Technique_Rev04_09_02_2026_sw.pdf\" target=\"_blank\" rel=\"noopener\">Certificat et Annexe Technique 1-1-022<\/a><\/p><\/td><td width=\"86\"><p style=\"text-align: center;\">\/<\/p><\/td><\/tr><tr><td width=\"99\">ALICEF SPA<\/td><td width=\"137\"><p style=\"text-align: center;\"><a href=\"https:\/\/algerac.dz\/wp-content\/uploads\/2025\/11\/Certificat_ALICEF_1_1_023_Rev06_22_07_2025_sw_Annexe_Technique_Rev08_10_11_2025_sw.pdf\" target=\"_blank\" rel=\"noopener\">Certificat et Annexe Technique 1-1-023<\/a><\/p><\/td><td width=\"86\"><p style=\"text-align: center;\">\/<\/p><\/td><\/tr><tr><td width=\"99\">SARL CENTRE EXPERTISE<\/td><td width=\"137\"><p style=\"text-align: center;\"><a href=\"https:\/\/algerac.dz\/wp-content\/uploads\/2025\/01\/Certificat_CENTRE_EXPERTISE_1_1_024_Rev02_29_12_2023_sw_Annexe_Technique_Rev05_31_12_2024_sw.pdf\" target=\"_blank\" rel=\"noopener\">Certificat et Annexe Technique 1-1-024<\/a><\/p><\/td><td width=\"86\"><p style=\"text-align: center;\">\/<\/p><\/td><\/tr><tr><td width=\"99\">SARL Laboratoires VENUS SAPECO<\/td><td width=\"137\"><p style=\"text-align: center;\"><a href=\"https:\/\/algerac.dz\/wp-content\/uploads\/2024\/03\/Certificat_VENUS_1_1_029_Rev00_29_05_2022_sw_Annexe_Technique_Rev01_24_04_2023_sw.pdf\" target=\"_blank\" rel=\"noopener\">Certificat et Annexe Technique 1-1-029<\/a><\/p><\/td><td width=\"86\"><p style=\"text-align: center;\">\/<\/p><\/td><\/tr><tr><td width=\"99\">EURL ELIDMAGE LILITISSALATE OUA ELMOURAKABA OUA ELMOUAYARA (ITTC)<\/td><td width=\"137\"><p style=\"text-align: center;\"><a href=\"https:\/\/algerac.dz\/wp-content\/uploads\/2025\/11\/Certificat_ITTC_1_1_031_Rev01_21_04_2025_sw_Annexe_Technique_Rev02_22_06_2025_sw.pdf\" target=\"_blank\" rel=\"noopener\">Certificat et Annexe Technique 1-1-031<\/a><\/p><\/td><td width=\"86\"><p style=\"text-align: center;\">\/<\/p><\/td><\/tr><tr><td width=\"99\">SARL BOMARE COMPANY<\/td><td width=\"137\"><p style=\"text-align: center;\"><a href=\"https:\/\/algerac.dz\/wp-content\/uploads\/2026\/01\/Certificat_BOMARE_1_1_033_Rev01_12_08_2025_sw_Annexe_Technique_Rev03_15_01_2026_sw.pdf\" target=\"_blank\" rel=\"noopener\">Certificat et Annexe Technique 1-1-033<\/a><\/p><\/td><td width=\"86\"><p style=\"text-align: center;\">\/<\/p><\/td><\/tr><tr><td width=\"99\"><span class=\"fontstyle0\">EPST Centre de D\u00e9veloppement Des \u00c9nergies Renouvelable &#8211; EPST CDER<\/span><\/td><td width=\"137\"><p style=\"text-align: center;\"><a href=\"https:\/\/algerac.dz\/wp-content\/uploads\/2026\/01\/Certificat_CDER_1_1_034_Rev00_03_08_2023_sw_Annexe_Technique_Rev01_15_01_2026_sw.pdf\" target=\"_blank\" rel=\"noopener\">Certificat et Annexe Technique 1-1-034<\/a><\/p><\/td><td width=\"86\"><p style=\"text-align: center;\">\/<\/p><\/td><\/tr><tr><td width=\"99\"><span class=\"fontstyle0\">Laboratoire Central des Travaux Publics &#8211; LCTP<\/span><\/td><td width=\"137\"><p style=\"text-align: center;\"><a href=\"https:\/\/algerac.dz\/wp-content\/uploads\/2025\/10\/Certificat_LCTP_1_1_035_Rev01_02_10_2025_sw_Annexe_Technique_Rev01_02_10_2025_sw.pdf\" target=\"_blank\" rel=\"noopener\">Certificat et Annexe Technique 1-1-035<\/a><\/p><\/td><td width=\"86\"><p style=\"text-align: center;\">\/<\/p><\/td><\/tr><tr><td width=\"99\"><span class=\"fontstyle0\">EURL PRECISION PLUS METROLOGIE<\/span><\/td><td width=\"137\"><p style=\"text-align: center;\"><a href=\"https:\/\/algerac.dz\/wp-content\/uploads\/2024\/12\/Certificat_Precision_Plus_1_1_036_Rev00_29_04_2024_sw_Annexe_Technique_Rev01_15_12_2024_sw.pdf\" target=\"_blank\" rel=\"noopener\">Certificat et Annexe Technique 1-1-036<\/a><\/p><\/td><td width=\"86\"><p style=\"text-align: center;\">\/<\/p><\/td><\/tr><tr><td width=\"99\"><span class=\"fontstyle0\">EURL CALTEST METROLOGIE<\/span><\/td><td width=\"137\"><p style=\"text-align: center;\"><a href=\"https:\/\/algerac.dz\/wp-content\/uploads\/2026\/02\/Certificat_CALTEST_1_1_037_Rev01_09_12_2025_sw_Annexe_Technique_Rev01_09_12_2025_sw.pdf\" target=\"_blank\" rel=\"noopener\">Certificat et Annexe Technique 1-1-037<\/a><\/p><\/td><td width=\"86\"><p style=\"text-align: center;\">\/<\/p><\/td><\/tr><tr><td width=\"99\"><span class=\"fontstyle0\">Centre de Contr\u00f4le Technique et d\u2019Expertise &#8211; CCTE <\/span><\/td><td width=\"137\"><p style=\"text-align: center;\"><a href=\"https:\/\/algerac.dz\/wp-content\/uploads\/2024\/11\/Certificat_CCTE_1_1_038_Rev00_24_10_2024_sw_Annexe_Technique_Rev00_24_10_2024_sw.pdf\" target=\"_blank\" rel=\"noopener\">Certificat et Annexe Technique 1-1-038<\/a><\/p><\/td><td width=\"86\"><p style=\"text-align: center;\">\/<\/p><\/td><\/tr><tr><td width=\"99\"><span class=\"fontstyle0\">Laboratoire National de l\u2019Habitat et de la Construction EPE\/SPA LNHC<\/span><\/td><td width=\"137\"><p style=\"text-align: center;\"><a href=\"https:\/\/algerac.dz\/wp-content\/uploads\/2025\/09\/Certificat_LNHC_1_1_039_Rev00_11_02_2025_sw_Annexe_Technique_Rev00_11_02_2025_sw_Rec.pdf\" target=\"_blank\" rel=\"noopener\">Certificat et Annexe Technique 1-1-039<\/a><\/p><\/td><td width=\"86\"><p style=\"text-align: center;\">\/<\/p><\/td><\/tr><tr><td width=\"99\"><span class=\"fontstyle0\">Entreprise Nationale De Forage EPE\/ENAFOR\/SPA<\/span><\/td><td width=\"137\"><p style=\"text-align: center;\"><a href=\"https:\/\/algerac.dz\/wp-content\/uploads\/2025\/07\/Certificat_ENAFOR_1_1_040_Rev00_24_06_2025_sw_Annexe_Technique_Rev00_24_06_2025_sw-1.pdf\" target=\"_blank\" rel=\"noopener\">Certificat et Annexe Technique 1-1-040<\/a><\/p><\/td><td width=\"86\"><p style=\"text-align: center;\">\/<\/p><\/td><\/tr><tr><td width=\"99\"><span class=\"fontstyle0\">Direction Maintenance Laghouat MNL \/ Activit\u00e9 TRC \/ SONATRACH<\/span><\/td><td width=\"137\"><p style=\"text-align: center;\"><a href=\"https:\/\/algerac.dz\/wp-content\/uploads\/2025\/11\/Certificat_DML_1_1_041_Rev00_11_09_2025_sw_Annexe_Technique_Rev00_11_09_2025_sw.pdf\" target=\"_blank\" rel=\"noopener\">Certificat et Annexe Technique 1-1-041<\/a><\/p><\/td><td width=\"86\"><p style=\"text-align: center;\">\/<\/p><\/td><\/tr><tr><td width=\"99\"><span class=\"fontstyle0\">EURL LAMEM<\/span><\/td><td width=\"137\"><p style=\"text-align: center;\"><a href=\"https:\/\/algerac.dz\/wp-content\/uploads\/2025\/11\/Certificat_LAMEM_1_1_042_Rev00_06_11_2025_sw_Annexe_Technique_Rev00_06_11_2025_sw.pdf\" target=\"_blank\" rel=\"noopener\">Certificat et Annexe Technique 1-1-042<\/a><\/p><\/td><td width=\"86\"><p style=\"text-align: center;\">\/<\/p><\/td><\/tr><tr><td width=\"99\"><span class=\"fontstyle0\">COSIDER ALREM <\/span><\/td><td width=\"137\"><p style=\"text-align: center;\"><a href=\"https:\/\/algerac.dz\/wp-content\/uploads\/2026\/03\/Certificat_COSIDER_ALREM_1_1_043_Rev00_11_03_2026_sw_Annexe_Technique_Rev00_11_03_2026_sw.pdf\" target=\"_blank\" rel=\"noopener\">Certificat et Annexe Technique 1-1-043<\/a><\/p><\/td><td width=\"86\"><p style=\"text-align: center;\">\/<\/p><\/td><\/tr><\/tbody><\/table>\t\t\t\t\t<\/div>\n\t\t\t\t\t\t<\/div>\n\t\t\t\t<\/div>\n\t\t\t\t\t\t<\/div>\n\t\t\t\t\t<\/div>\n\t\t<\/div>\n\t\t\t\t\t\t\t\t<\/div>\n\t\t\t\t\t<\/div>\n\t\t<\/section>\n\t\t\t\t\t\t\t\t\t<\/div>\n\t\t\t<\/div>\n\t\t\t\t\t<\/div>","protected":false},"excerpt":{"rendered":"<p>Organismes accr\u00e9dit\u00e9s &#8211; Laboratoires d&rsquo;\u00e9talonnage organismes accr\u00e9dit\u00e9s\u00a0 Certificat et Annexe Technique Observations Air Alg\u00e9rie &#8211; Division Maintenance et R\u00e9paration Certificat et Annexe Technique 1-1-002 \/ ESCLAB &#8211; Laboratoire d\u2019Etalonnage Certificat et Annexe Technique 1-1-003 \/ SONELGAZ Services Certificat et Annexe Technique 1-1-004 \/ SARL\u00a0 ISQ Certificat et Annexe Technique 1-1-009 \/ RE EL SERVICES &#8211;&#8230;<\/p>","protected":false},"author":1,"featured_media":0,"parent":0,"menu_order":0,"comment_status":"closed","ping_status":"closed","template":"elementor_header_footer","meta":{"_kad_post_transparent":"","_kad_post_title":"","_kad_post_layout":"","_kad_post_sidebar_id":"","_kad_post_content_style":"","_kad_post_vertical_padding":"","_kad_post_feature":"","_kad_post_feature_position":"","_kad_post_header":false,"_kad_post_footer":false},"_links":{"self":[{"href":"https:\/\/algerac.dz\/en\/wp-json\/wp\/v2\/pages\/5075"}],"collection":[{"href":"https:\/\/algerac.dz\/en\/wp-json\/wp\/v2\/pages"}],"about":[{"href":"https:\/\/algerac.dz\/en\/wp-json\/wp\/v2\/types\/page"}],"author":[{"embeddable":true,"href":"https:\/\/algerac.dz\/en\/wp-json\/wp\/v2\/users\/1"}],"replies":[{"embeddable":true,"href":"https:\/\/algerac.dz\/en\/wp-json\/wp\/v2\/comments?post=5075"}],"version-history":[{"count":1018,"href":"https:\/\/algerac.dz\/en\/wp-json\/wp\/v2\/pages\/5075\/revisions"}],"predecessor-version":[{"id":20380,"href":"https:\/\/algerac.dz\/en\/wp-json\/wp\/v2\/pages\/5075\/revisions\/20380"}],"wp:attachment":[{"href":"https:\/\/algerac.dz\/en\/wp-json\/wp\/v2\/media?parent=5075"}],"curies":[{"name":"wp","href":"https:\/\/api.w.org\/{rel}","templated":true}]}}