{"id":4680,"date":"2021-09-09T11:42:46","date_gmt":"2021-09-09T09:42:46","guid":{"rendered":"https:\/\/algerac.dz\/?page_id=4680"},"modified":"2021-09-09T12:20:51","modified_gmt":"2021-09-09T10:20:51","slug":"politique-qualite","status":"publish","type":"page","link":"https:\/\/algerac.dz\/en\/politique-qualite\/","title":{"rendered":"Politique Qualit\u00e9"},"content":{"rendered":"<div data-elementor-type=\"wp-page\" data-elementor-id=\"4680\" class=\"elementor elementor-4680\">\n\t\t\t\t\t\t<div class=\"elementor-inner\">\n\t\t\t\t<div class=\"elementor-section-wrap\">\n\t\t\t\t\t\t\t\t\t<section class=\"elementor-section elementor-top-section elementor-element elementor-element-592db47 elementor-section-boxed elementor-section-height-default elementor-section-height-default\" data-id=\"592db47\" data-element_type=\"section\">\n\t\t\t\t\t\t<div class=\"elementor-container elementor-column-gap-default\">\n\t\t\t\t\t\t\t<div class=\"elementor-row\">\n\t\t\t\t\t<div class=\"elementor-column elementor-col-100 elementor-top-column elementor-element elementor-element-aa23bd1\" data-id=\"aa23bd1\" data-element_type=\"column\">\n\t\t\t<div class=\"elementor-column-wrap elementor-element-populated\">\n\t\t\t\t\t\t\t<div class=\"elementor-widget-wrap\">\n\t\t\t\t\t\t<div class=\"elementor-element elementor-element-92b3df7 elementor-widget elementor-widget-heading\" data-id=\"92b3df7\" data-element_type=\"widget\" data-widget_type=\"heading.default\">\n\t\t\t\t<div class=\"elementor-widget-container\">\n\t\t\t<h2 class=\"elementor-heading-title elementor-size-default\">Our quality policy<\/h2>\t\t<\/div>\n\t\t\t\t<\/div>\n\t\t\t\t\t\t<\/div>\n\t\t\t\t\t<\/div>\n\t\t<\/div>\n\t\t\t\t\t\t\t\t<\/div>\n\t\t\t\t\t<\/div>\n\t\t<\/section>\n\t\t\t\t<section class=\"elementor-section elementor-top-section elementor-element elementor-element-7d09a5f elementor-section-boxed elementor-section-height-default elementor-section-height-default\" data-id=\"7d09a5f\" data-element_type=\"section\">\n\t\t\t\t\t\t<div class=\"elementor-container elementor-column-gap-default\">\n\t\t\t\t\t\t\t<div class=\"elementor-row\">\n\t\t\t\t\t<div class=\"elementor-column elementor-col-100 elementor-top-column elementor-element elementor-element-a40f1b1\" data-id=\"a40f1b1\" data-element_type=\"column\">\n\t\t\t<div class=\"elementor-column-wrap elementor-element-populated\">\n\t\t\t\t\t\t\t<div class=\"elementor-widget-wrap\">\n\t\t\t\t\t\t<div class=\"elementor-element elementor-element-2f1fe33 elementor-widget elementor-widget-text-editor\" data-id=\"2f1fe33\" data-element_type=\"widget\" data-widget_type=\"text-editor.default\">\n\t\t\t\t<div class=\"elementor-widget-container\">\n\t\t\t\t\t\t\t\t<div class=\"elementor-text-editor elementor-clearfix\">\n\t\t\t\tAccreditation is the main tool to use to demonstrate the technical competence of a conformity assessment body (CAB), such as testing laboratories, analysis laboratories, and calibration laboratories, and inspection bodies and certification bodies (that involves assessing the safety and fitness for use of specific products and materials, a management system or person fulfill the certification requirements).<br><br>\n\nAccreditation is a non-profit-making activity; it ensures not only the free flow of products and services on the domestic, regional and international markets, but also contributes to increase the competitiveness of the national economy.<br><br>\n\nIn order for ALGERAC to accomplish the missions that are assigned to it - those of ensuring confidence, independence and the competence of conformity assessment bodies (CABs) - I, the Director General of ALGERAC, am personally committed to :<br><br>\n\n&#8211; \u00e0 assurer tous les moyens n\u00e9cessaires permettant \u00e0 ALGERAC d\u2019agir en toute objectivit\u00e9, libre de toutes pressions administratives, commerciales, financi\u00e8res ou autres facteurs susceptibles de compromettre l\u2019impartialit\u00e9 dans ses travaux et ses d\u00e9cisions.<br><br>\n\n&#8211; \u00e0 garantir la confidentialit\u00e9 de toutes les informations concernant les organismes d\u2019\u00e9valuation de la conformit\u00e9 accr\u00e9dit\u00e9s ou candidats \u00e0 l\u2019accr\u00e9ditation sauf si la loi l\u2019autorise ou l\u2019interdit apr\u00e8s avoir avis\u00e9 le client.<br><br>\n\n&#8211; \u00e0 mettre en \u0153uvre et \u00e0 am\u00e9liorer r\u00e9guli\u00e8rement l\u2019efficacit\u00e9 de notre syst\u00e8me de management, bas\u00e9 sur des politiques et des proc\u00e9dures, conform\u00e9ment aux exigences de la norme ISO\/CEI 17011 et les documents applicables selon les exigences de l\u2019EA (l\u2019European Cooperation for Accreditation), d\u2019ILAC (d\u2019International Laboratory Accreditation Cooperation), de l\u2019IAF (International Accreditation Forum), de l\u2019ARAC (Arab accredidation cooperation), de l\u2019AFRAC (African Accreditation cooperation), et de l\u2019Institut de normalisation et de m\u00e9trologie pour les pays islamique (SMIIC)) en vue de maintenir notre reconnaissance au niveau national, r\u00e9gional EA et International ILAC pour les activit\u00e9s (inspection, laboratoires essais et \u00e9talonnage) ;<br><br>\n\n&#8211; \u00e0 d\u00e9poser aupr\u00e8s des instances de l\u2019EA, trois demandes de reconnaissance sur les r\u00e9f\u00e9rentiels d\u2019accr\u00e9ditation ISO\/CEI 17021-1, ISO\/CEI 17065 et ISO 15189 respectivement pour les certificateurs syst\u00e8mes de management, les certificateurs produits, proc\u00e9d\u00e9s et services et les Laboratoires de Biologie M\u00e9dicale.<br><br>\n\n&#8211; avec mon \u00e9quipe, \u00e0 mieux r\u00e9pondre aux besoins des parties int\u00e9ress\u00e9es : les organismes d\u2019\u00e9valuation de la conformit\u00e9 accr\u00e9dit\u00e9s et leurs clients (producteurs, prestataires de services, entrepreneurs, installateurs,.., etc.), les pouvoirs publics, les consommateurs, ainsi que les instituts de normalisation, de m\u00e9trologie, de recherche, de d\u00e9veloppement et les institutions en charge de l\u2019innovation ;<br><br>\n\n&#8211; \u00e0 promouvoir la d\u00e9marche d\u2019accr\u00e9ditation au profit des OEC organismes d\u2019\u00e9valuation de la conformit\u00e9 (OEC).<br><br>\n\n&#8211; \u00e0 informer les laboratoires accr\u00e9dit\u00e9s ou candidats \u00e0 l\u2019accr\u00e9ditation \u00e0 participer \u00e0 des essais d&rsquo;aptitudes et d\u2019inter-comparaisons organis\u00e9s par des tiers.<br><br>\n\n&#8211; \u00e0 ce que mon \u00e9quipe poss\u00e8de la qualification et l\u2019expertise n\u00e9cessaire \u00e0 la bonne ex\u00e9cution des t\u00e2ches qui lui sont confi\u00e9es, et qu\u2019elle am\u00e9liore continuellement sa comp\u00e9tence \u00e0 travers des actions de formation continue ;<br><br>\n\n&#8211; \u00e0 encourager la mise en place d\u2019un r\u00e9seau multidisciplinaires d\u2019organismes d\u2019\u00e9valuation de la conformit\u00e9 (OEC) laboratoire, inspection, certification) accr\u00e9dit\u00e9s, en vue de divulguer les bonnes pratiques et d\u2019harmoniser les comp\u00e9tences ;<br><br>\n\n&#8211; \u00e0 encourager le d\u00e9veloppement des comp\u00e9tences m\u00e9trologiques nationales pour soutenir et donner confiance \u00e0 l\u2019\u00e9valuation de la conformit\u00e9 et de r\u00e9pondre aux besoins du march\u00e9 ;<br><br>\n\n&#8211; \u00e0 encourager notre organisation \u00e0 \u00eatre plus actif aux travaux des comit\u00e9s techniques EA\/IAF\/ILAC\/ARAC\/SMIIC\/AFRAC en vue d\u2019assurer la veille normative ;<br><br>\n\nI shall do all I can to organise, maintain and develop any relevant partnership with our foreign partners; directly and through international and regional organisations, and this with the aim of exchanging our experience and earning their trust.<br><br>\n\nThe quality manager is responsible for assuring the implementation and maintenance of the management system, and reporting to the Director General on the pertinence and performance of the system and all possible need to enhance it.<br><br>\n\n<strong>N.BOUDISSA<\/strong><br><br>\n\n<strong>Director General<\/strong><br><br>\n\n<strong>ALGERAC<\/strong>\t\t\t\t\t<\/div>\n\t\t\t\t\t\t<\/div>\n\t\t\t\t<\/div>\n\t\t\t\t\t\t<\/div>\n\t\t\t\t\t<\/div>\n\t\t<\/div>\n\t\t\t\t\t\t\t\t<\/div>\n\t\t\t\t\t<\/div>\n\t\t<\/section>\n\t\t\t\t\t\t\t\t\t<\/div>\n\t\t\t<\/div>\n\t\t\t\t\t<\/div>","protected":false},"excerpt":{"rendered":"<p>Notre Politique Qualit\u00e9 L\u2019accr\u00e9ditation est l\u2019outil principal pour d\u00e9montrer la comp\u00e9tence d\u2019un organisme d\u2019\u00e9valuation de la conformit\u00e9 (OEC), tels que des laboratoires d\u2019essais, d\u2019analyses, d\u2019\u00e9talonnages, des organismes d\u2019inspection et de certification (syst\u00e8mes, produits, de personnes). L\u2019accr\u00e9ditation est une activit\u00e9 volontaire et sans but lucratif, elle garantit non seulement la libre circulation des produits et des&#8230;<\/p>","protected":false},"author":1,"featured_media":0,"parent":0,"menu_order":0,"comment_status":"closed","ping_status":"closed","template":"","meta":{"_kad_post_transparent":"","_kad_post_title":"","_kad_post_layout":"","_kad_post_sidebar_id":"","_kad_post_content_style":"","_kad_post_vertical_padding":"","_kad_post_feature":"","_kad_post_feature_position":"","_kad_post_header":false,"_kad_post_footer":false},"_links":{"self":[{"href":"https:\/\/algerac.dz\/en\/wp-json\/wp\/v2\/pages\/4680"}],"collection":[{"href":"https:\/\/algerac.dz\/en\/wp-json\/wp\/v2\/pages"}],"about":[{"href":"https:\/\/algerac.dz\/en\/wp-json\/wp\/v2\/types\/page"}],"author":[{"embeddable":true,"href":"https:\/\/algerac.dz\/en\/wp-json\/wp\/v2\/users\/1"}],"replies":[{"embeddable":true,"href":"https:\/\/algerac.dz\/en\/wp-json\/wp\/v2\/comments?post=4680"}],"version-history":[{"count":28,"href":"https:\/\/algerac.dz\/en\/wp-json\/wp\/v2\/pages\/4680\/revisions"}],"predecessor-version":[{"id":4721,"href":"https:\/\/algerac.dz\/en\/wp-json\/wp\/v2\/pages\/4680\/revisions\/4721"}],"wp:attachment":[{"href":"https:\/\/algerac.dz\/en\/wp-json\/wp\/v2\/media?parent=4680"}],"curies":[{"name":"wp","href":"https:\/\/api.w.org\/{rel}","templated":true}]}}