{"id":4461,"date":"2021-08-03T15:41:14","date_gmt":"2021-08-03T13:41:14","guid":{"rendered":"https:\/\/algerac.dz\/?page_id=4461"},"modified":"2021-09-30T09:27:21","modified_gmt":"2021-09-30T07:27:21","slug":"procedure-daccreditation","status":"publish","type":"page","link":"https:\/\/algerac.dz\/en\/procedure-daccreditation\/","title":{"rendered":"Accreditation procedure"},"content":{"rendered":"<div data-elementor-type=\"wp-page\" data-elementor-id=\"4461\" class=\"elementor elementor-4461\">\n\t\t\t\t\t\t<div class=\"elementor-inner\">\n\t\t\t\t<div class=\"elementor-section-wrap\">\n\t\t\t\t\t\t\t\t\t<section class=\"elementor-section elementor-top-section elementor-element elementor-element-6718e7a elementor-section-boxed elementor-section-height-default elementor-section-height-default\" data-id=\"6718e7a\" data-element_type=\"section\">\n\t\t\t\t\t\t<div class=\"elementor-container elementor-column-gap-default\">\n\t\t\t\t\t\t\t<div class=\"elementor-row\">\n\t\t\t\t\t<div class=\"elementor-column elementor-col-100 elementor-top-column elementor-element elementor-element-9481a1c\" data-id=\"9481a1c\" data-element_type=\"column\">\n\t\t\t<div class=\"elementor-column-wrap elementor-element-populated\">\n\t\t\t\t\t\t\t<div class=\"elementor-widget-wrap\">\n\t\t\t\t\t\t<div class=\"elementor-element elementor-element-52c55dd elementor-widget elementor-widget-heading\" data-id=\"52c55dd\" data-element_type=\"widget\" data-widget_type=\"heading.default\">\n\t\t\t\t<div class=\"elementor-widget-container\">\n\t\t\t<h2 class=\"elementor-heading-title elementor-size-default\">Accreditation procedure<\/h2>\t\t<\/div>\n\t\t\t\t<\/div>\n\t\t\t\t\t\t<\/div>\n\t\t\t\t\t<\/div>\n\t\t<\/div>\n\t\t\t\t\t\t\t\t<\/div>\n\t\t\t\t\t<\/div>\n\t\t<\/section>\n\t\t\t\t<section class=\"elementor-section elementor-top-section elementor-element elementor-element-e2c0c9e elementor-section-boxed elementor-section-height-default elementor-section-height-default\" data-id=\"e2c0c9e\" data-element_type=\"section\">\n\t\t\t\t\t\t<div class=\"elementor-container elementor-column-gap-default\">\n\t\t\t\t\t\t\t<div class=\"elementor-row\">\n\t\t\t\t\t<div class=\"elementor-column elementor-col-100 elementor-top-column elementor-element elementor-element-9ff1f4a\" data-id=\"9ff1f4a\" data-element_type=\"column\">\n\t\t\t<div class=\"elementor-column-wrap elementor-element-populated\">\n\t\t\t\t\t\t\t<div class=\"elementor-widget-wrap\">\n\t\t\t\t\t\t<div class=\"elementor-element elementor-element-c3781b4 elementor-widget elementor-widget-text-editor\" data-id=\"c3781b4\" data-element_type=\"widget\" data-widget_type=\"text-editor.default\">\n\t\t\t\t<div class=\"elementor-widget-container\">\n\t\t\t\t\t\t\t\t<div class=\"elementor-text-editor elementor-clearfix\">\n\t\t\t\t<p>Comme indiqu\u00e9 dans son document <a href=\"https:\/\/algerac.dz\/wp-content\/uploads\/2020\/12\/PRO-12-Procedure-daccreditation.pdf\" target=\"_blank\" rel=\"noopener\"><u>PRO 12<\/u><\/a>&nbsp; (Proc\u00e9dure d&rsquo;Accr\u00e9ditation ALGERAC), le processus d\u2019accr\u00e9ditation est compos\u00e9 de cinq (05) \u00e9tapes essentielles, pr\u00e9sent\u00e9 comme suit :<\/p>\t\t\t\t\t<\/div>\n\t\t\t\t\t\t<\/div>\n\t\t\t\t<\/div>\n\t\t\t\t<div class=\"elementor-element elementor-element-99b496a elementor-widget elementor-widget-image\" data-id=\"99b496a\" data-element_type=\"widget\" data-widget_type=\"image.default\">\n\t\t\t\t<div class=\"elementor-widget-container\">\n\t\t\t\t\t\t\t\t<div class=\"elementor-image\">\n\t\t\t\t\t\t\t\t\t\t\t\t<img decoding=\"async\" width=\"1024\" height=\"721\" src=\"https:\/\/algerac.dz\/wp-content\/uploads\/2021\/08\/Schema_PRO_12-1024x721.png\" class=\"attachment-large size-large wp-image-4491\" alt=\"\" loading=\"lazy\" srcset=\"https:\/\/algerac.dz\/wp-content\/uploads\/2021\/08\/Schema_PRO_12-1024x721.png 1024w, https:\/\/algerac.dz\/wp-content\/uploads\/2021\/08\/Schema_PRO_12-300x211.png 300w, https:\/\/algerac.dz\/wp-content\/uploads\/2021\/08\/Schema_PRO_12-768x541.png 768w, https:\/\/algerac.dz\/wp-content\/uploads\/2021\/08\/Schema_PRO_12.png 1486w\" sizes=\"(max-width: 1024px) 100vw, 1024px\" \/>\t\t\t\t\t\t\t\t\t\t\t\t\t\t<\/div>\n\t\t\t\t\t\t<\/div>\n\t\t\t\t<\/div>\n\t\t\t\t<div class=\"elementor-element elementor-element-8b23084 elementor-widget elementor-widget-text-editor\" data-id=\"8b23084\" data-element_type=\"widget\" data-widget_type=\"text-editor.default\">\n\t\t\t\t<div class=\"elementor-widget-container\">\n\t\t\t\t\t\t\t\t<div class=\"elementor-text-editor elementor-clearfix\">\n\t\t\t\t<p><a href=\"https:\/\/algerac.dz\/wp-content\/uploads\/2021\/08\/Schema_Procedure_Accreditation_ALGERAC_sw.pdf\" target=\"_blank\" rel=\"noopener\">Lien de t\u00e9l\u00e9chargement : Sch\u00e9ma proc\u00e9dure d&rsquo;accr\u00e9ditation ALGERAC [pdf]<\/a><\/p>\t\t\t\t\t<\/div>\n\t\t\t\t\t\t<\/div>\n\t\t\t\t<\/div>\n\t\t\t\t\t\t<\/div>\n\t\t\t\t\t<\/div>\n\t\t<\/div>\n\t\t\t\t\t\t\t\t<\/div>\n\t\t\t\t\t<\/div>\n\t\t<\/section>\n\t\t\t\t\t\t\t\t\t<\/div>\n\t\t\t<\/div>\n\t\t\t\t\t<\/div>","protected":false},"excerpt":{"rendered":"<p>Proc\u00e9dure d\u2019accr\u00e9ditation Comme indiqu\u00e9 dans son document PRO 12&nbsp; (Proc\u00e9dure d&rsquo;Accr\u00e9ditation ALGERAC), le processus d\u2019accr\u00e9ditation est compos\u00e9 de cinq (05) \u00e9tapes essentielles, pr\u00e9sent\u00e9 comme suit : Lien de t\u00e9l\u00e9chargement : Sch\u00e9ma proc\u00e9dure d&rsquo;accr\u00e9ditation ALGERAC [pdf]<\/p>","protected":false},"author":1,"featured_media":0,"parent":0,"menu_order":0,"comment_status":"closed","ping_status":"closed","template":"","meta":{"_kad_post_transparent":"","_kad_post_title":"","_kad_post_layout":"","_kad_post_sidebar_id":"","_kad_post_content_style":"","_kad_post_vertical_padding":"","_kad_post_feature":"","_kad_post_feature_position":"","_kad_post_header":false,"_kad_post_footer":false},"_links":{"self":[{"href":"https:\/\/algerac.dz\/en\/wp-json\/wp\/v2\/pages\/4461"}],"collection":[{"href":"https:\/\/algerac.dz\/en\/wp-json\/wp\/v2\/pages"}],"about":[{"href":"https:\/\/algerac.dz\/en\/wp-json\/wp\/v2\/types\/page"}],"author":[{"embeddable":true,"href":"https:\/\/algerac.dz\/en\/wp-json\/wp\/v2\/users\/1"}],"replies":[{"embeddable":true,"href":"https:\/\/algerac.dz\/en\/wp-json\/wp\/v2\/comments?post=4461"}],"version-history":[{"count":19,"href":"https:\/\/algerac.dz\/en\/wp-json\/wp\/v2\/pages\/4461\/revisions"}],"predecessor-version":[{"id":5389,"href":"https:\/\/algerac.dz\/en\/wp-json\/wp\/v2\/pages\/4461\/revisions\/5389"}],"wp:attachment":[{"href":"https:\/\/algerac.dz\/en\/wp-json\/wp\/v2\/media?parent=4461"}],"curies":[{"name":"wp","href":"https:\/\/api.w.org\/{rel}","templated":true}]}}