{"id":4456,"date":"2021-08-03T15:39:47","date_gmt":"2021-08-03T13:39:47","guid":{"rendered":"https:\/\/algerac.dz\/?page_id=4456"},"modified":"2022-02-24T08:14:29","modified_gmt":"2022-02-24T07:14:29","slug":"les-referentiels-daccreditation","status":"publish","type":"page","link":"https:\/\/algerac.dz\/en\/les-referentiels-daccreditation\/","title":{"rendered":"Les R\u00e9f\u00e9rentiels d\u2019accr\u00e9ditation"},"content":{"rendered":"<div data-elementor-type=\"wp-page\" data-elementor-id=\"4456\" class=\"elementor elementor-4456\">\n\t\t\t\t\t\t<div class=\"elementor-inner\">\n\t\t\t\t<div class=\"elementor-section-wrap\">\n\t\t\t\t\t\t\t\t\t<section class=\"elementor-section elementor-top-section elementor-element elementor-element-0166bdb elementor-section-boxed elementor-section-height-default elementor-section-height-default\" data-id=\"0166bdb\" data-element_type=\"section\">\n\t\t\t\t\t\t<div class=\"elementor-container elementor-column-gap-default\">\n\t\t\t\t\t\t\t<div class=\"elementor-row\">\n\t\t\t\t\t<div class=\"elementor-column elementor-col-100 elementor-top-column elementor-element elementor-element-2e26b7e\" data-id=\"2e26b7e\" data-element_type=\"column\">\n\t\t\t<div class=\"elementor-column-wrap elementor-element-populated\">\n\t\t\t\t\t\t\t<div class=\"elementor-widget-wrap\">\n\t\t\t\t\t\t<div class=\"elementor-element elementor-element-f6c91af elementor-widget elementor-widget-heading\" data-id=\"f6c91af\" data-element_type=\"widget\" data-widget_type=\"heading.default\">\n\t\t\t\t<div class=\"elementor-widget-container\">\n\t\t\t<h2 class=\"elementor-heading-title elementor-size-default\">Accreditation standards<\/h2>\t\t<\/div>\n\t\t\t\t<\/div>\n\t\t\t\t\t\t<\/div>\n\t\t\t\t\t<\/div>\n\t\t<\/div>\n\t\t\t\t\t\t\t\t<\/div>\n\t\t\t\t\t<\/div>\n\t\t<\/section>\n\t\t\t\t<section class=\"elementor-section elementor-top-section elementor-element elementor-element-9741760 elementor-section-boxed elementor-section-height-default elementor-section-height-default\" data-id=\"9741760\" data-element_type=\"section\">\n\t\t\t\t\t\t<div class=\"elementor-container elementor-column-gap-default\">\n\t\t\t\t\t\t\t<div class=\"elementor-row\">\n\t\t\t\t\t<div class=\"elementor-column elementor-col-100 elementor-top-column elementor-element elementor-element-6c8c074\" data-id=\"6c8c074\" data-element_type=\"column\">\n\t\t\t<div class=\"elementor-column-wrap elementor-element-populated\">\n\t\t\t\t\t\t\t<div class=\"elementor-widget-wrap\">\n\t\t\t\t\t\t<div class=\"elementor-element elementor-element-d37fe8a elementor-widget elementor-widget-text-editor\" data-id=\"d37fe8a\" data-element_type=\"widget\" data-widget_type=\"text-editor.default\">\n\t\t\t\t<div class=\"elementor-widget-container\">\n\t\t\t\t\t\t\t\t<div class=\"elementor-text-editor elementor-clearfix\">\n\t\t\t\t<p>Pour attester de la comp\u00e9tence technique et organisationnelle d\u2019un organisme d\u2019\u00e9valuation de la conformit\u00e9 sollicitant une accr\u00e9ditation, ALGERAC conduit ses \u00e9valuations sur la base de normes et des r\u00e9f\u00e9rentiels d\u2019accr\u00e9ditation internationaux se distinguant comme suite\u00a0:<\/p><table width=\"98%\"><tbody><tr><td width=\"307\"><strong>Accreditation standards<\/strong><\/td><td width=\"307\"><strong>Organisations concerned<\/strong><\/td><\/tr><tr><td width=\"307\">ISO\/IEC 17025<\/td><td width=\"307\">Laboratoires d&rsquo;essai &amp; d&rsquo;\u00e9talonnage et d\u2019analyses<\/td><\/tr><tr><td width=\"307\">ISO 15189<\/td><td width=\"307\">Medical laboratories<\/td><\/tr><tr><td width=\"307\">ISO\/IEC 17020<\/td><td width=\"307\">Organismes d&rsquo;inspection<\/td><\/tr><tr><td width=\"307\">ISO\/IEC 17021<\/td><td width=\"307\">Management system certification bodies<\/td><\/tr><tr><td width=\"307\">ISO\/IEC 17065<\/td><td width=\"307\">Bodies certifying products, processes and services<\/td><\/tr><tr><td width=\"307\">ISO\/IEC 17024<\/td><td width=\"307\">Bodies operating certification of persons<\/td><\/tr><tr><td width=\"307\">ISO\/IEC 17043<\/td><td width=\"307\">Profeciency testing <\/td><\/tr><\/tbody><\/table>\t\t\t\t\t<\/div>\n\t\t\t\t\t\t<\/div>\n\t\t\t\t<\/div>\n\t\t\t\t\t\t<\/div>\n\t\t\t\t\t<\/div>\n\t\t<\/div>\n\t\t\t\t\t\t\t\t<\/div>\n\t\t\t\t\t<\/div>\n\t\t<\/section>\n\t\t\t\t\t\t\t\t\t<\/div>\n\t\t\t<\/div>\n\t\t\t\t\t<\/div>","protected":false},"excerpt":{"rendered":"<p>Les R\u00e9f\u00e9rentiels d\u2019Accr\u00e9ditation Pour attester de la comp\u00e9tence technique et organisationnelle d\u2019un organisme d\u2019\u00e9valuation de la conformit\u00e9 sollicitant une accr\u00e9ditation, ALGERAC conduit ses \u00e9valuations sur la base de normes et des r\u00e9f\u00e9rentiels d\u2019accr\u00e9ditation internationaux se distinguant comme suite\u00a0: R\u00e9f\u00e9rentiels d\u2019accr\u00e9ditation Organismes concern\u00e9s ISO\/CEI 17025 Laboratoires d&rsquo;essai &amp; d&rsquo;\u00e9talonnage et d\u2019analyses ISO 15189 Laboratoires de biologie&#8230;<\/p>","protected":false},"author":1,"featured_media":0,"parent":0,"menu_order":0,"comment_status":"closed","ping_status":"closed","template":"","meta":{"_kad_post_transparent":"","_kad_post_title":"","_kad_post_layout":"","_kad_post_sidebar_id":"","_kad_post_content_style":"","_kad_post_vertical_padding":"","_kad_post_feature":"","_kad_post_feature_position":"","_kad_post_header":false,"_kad_post_footer":false},"_links":{"self":[{"href":"https:\/\/algerac.dz\/en\/wp-json\/wp\/v2\/pages\/4456"}],"collection":[{"href":"https:\/\/algerac.dz\/en\/wp-json\/wp\/v2\/pages"}],"about":[{"href":"https:\/\/algerac.dz\/en\/wp-json\/wp\/v2\/types\/page"}],"author":[{"embeddable":true,"href":"https:\/\/algerac.dz\/en\/wp-json\/wp\/v2\/users\/1"}],"replies":[{"embeddable":true,"href":"https:\/\/algerac.dz\/en\/wp-json\/wp\/v2\/comments?post=4456"}],"version-history":[{"count":25,"href":"https:\/\/algerac.dz\/en\/wp-json\/wp\/v2\/pages\/4456\/revisions"}],"predecessor-version":[{"id":6888,"href":"https:\/\/algerac.dz\/en\/wp-json\/wp\/v2\/pages\/4456\/revisions\/6888"}],"wp:attachment":[{"href":"https:\/\/algerac.dz\/en\/wp-json\/wp\/v2\/media?parent=4456"}],"curies":[{"name":"wp","href":"https:\/\/api.w.org\/{rel}","templated":true}]}}