{"id":4451,"date":"2021-08-03T15:38:32","date_gmt":"2021-08-03T13:38:32","guid":{"rendered":"https:\/\/algerac.dz\/?page_id=4451"},"modified":"2021-09-09T12:33:23","modified_gmt":"2021-09-09T10:33:23","slug":"avantages-de-laccreditation","status":"publish","type":"page","link":"https:\/\/algerac.dz\/en\/avantages-de-laccreditation\/","title":{"rendered":"Avantages de l\u2019accr\u00e9ditation"},"content":{"rendered":"<div data-elementor-type=\"wp-page\" data-elementor-id=\"4451\" class=\"elementor elementor-4451\">\n\t\t\t\t\t\t<div class=\"elementor-inner\">\n\t\t\t\t<div class=\"elementor-section-wrap\">\n\t\t\t\t\t\t\t\t\t<section class=\"elementor-section elementor-top-section elementor-element elementor-element-a41cc7f elementor-section-boxed elementor-section-height-default elementor-section-height-default\" data-id=\"a41cc7f\" data-element_type=\"section\">\n\t\t\t\t\t\t<div class=\"elementor-container elementor-column-gap-default\">\n\t\t\t\t\t\t\t<div class=\"elementor-row\">\n\t\t\t\t\t<div class=\"elementor-column elementor-col-100 elementor-top-column elementor-element elementor-element-bfd6f35\" data-id=\"bfd6f35\" data-element_type=\"column\">\n\t\t\t<div class=\"elementor-column-wrap elementor-element-populated\">\n\t\t\t\t\t\t\t<div class=\"elementor-widget-wrap\">\n\t\t\t\t\t\t<div class=\"elementor-element elementor-element-1ffa907 elementor-widget elementor-widget-heading\" data-id=\"1ffa907\" data-element_type=\"widget\" data-widget_type=\"heading.default\">\n\t\t\t\t<div class=\"elementor-widget-container\">\n\t\t\t<h2 class=\"elementor-heading-title elementor-size-default\">Avantages de l\u2019Accr\u00e9ditation<\/h2>\t\t<\/div>\n\t\t\t\t<\/div>\n\t\t\t\t\t\t<\/div>\n\t\t\t\t\t<\/div>\n\t\t<\/div>\n\t\t\t\t\t\t\t\t<\/div>\n\t\t\t\t\t<\/div>\n\t\t<\/section>\n\t\t\t\t<section class=\"elementor-section elementor-top-section elementor-element elementor-element-f85ac86 elementor-section-boxed elementor-section-height-default elementor-section-height-default\" data-id=\"f85ac86\" data-element_type=\"section\">\n\t\t\t\t\t\t<div class=\"elementor-container elementor-column-gap-default\">\n\t\t\t\t\t\t\t<div class=\"elementor-row\">\n\t\t\t\t\t<div class=\"elementor-column elementor-col-100 elementor-top-column elementor-element elementor-element-9caece3\" data-id=\"9caece3\" data-element_type=\"column\">\n\t\t\t<div class=\"elementor-column-wrap elementor-element-populated\">\n\t\t\t\t\t\t\t<div class=\"elementor-widget-wrap\">\n\t\t\t\t\t\t<div class=\"elementor-element elementor-element-5d64fb7 elementor-widget elementor-widget-text-editor\" data-id=\"5d64fb7\" data-element_type=\"widget\" data-widget_type=\"text-editor.default\">\n\t\t\t\t<div class=\"elementor-widget-container\">\n\t\t\t\t\t\t\t\t<div class=\"elementor-text-editor elementor-clearfix\">\n\t\t\t\t\u2022 \u00catre reconnu pour sa comp\u00e9tence technique et organisationnelle et ses capacit\u00e9s \u00e0 fournir des r\u00e9sultats fiables ;<br><br>\n\u2022 Renforcer son image de marque et sa notori\u00e9t\u00e9 aupr\u00e8s de ses clients.<br><br>\n\u2022 Minimiser les obstacles techniques et financiers pouvant d\u00e9couler des \u00e9changes commerciaux ;<br><br>\n\u2022 D\u00e9velopper continuellement ses performances et ses connaissances a trait \u00e0 son activit\u00e9.<br><br>\n\u2022 Se positionner face \u00e0 la concurrence et se placer \u00e0 l\u2019\u00e9chelle nationale et mondiale.\t\t\t\t\t<\/div>\n\t\t\t\t\t\t<\/div>\n\t\t\t\t<\/div>\n\t\t\t\t\t\t<\/div>\n\t\t\t\t\t<\/div>\n\t\t<\/div>\n\t\t\t\t\t\t\t\t<\/div>\n\t\t\t\t\t<\/div>\n\t\t<\/section>\n\t\t\t\t\t\t\t\t\t<\/div>\n\t\t\t<\/div>\n\t\t\t\t\t<\/div>","protected":false},"excerpt":{"rendered":"<p>Avantages de l\u2019Accr\u00e9ditation \u2022 \u00catre reconnu pour sa comp\u00e9tence technique et organisationnelle et ses capacit\u00e9s \u00e0 fournir des r\u00e9sultats fiables ; \u2022 Renforcer son image de marque et sa notori\u00e9t\u00e9 aupr\u00e8s de ses clients. \u2022 Minimiser les obstacles techniques et financiers pouvant d\u00e9couler des \u00e9changes commerciaux ; \u2022 D\u00e9velopper continuellement ses performances et ses connaissances&#8230;<\/p>","protected":false},"author":1,"featured_media":0,"parent":0,"menu_order":0,"comment_status":"closed","ping_status":"closed","template":"","meta":{"_kad_post_transparent":"","_kad_post_title":"","_kad_post_layout":"","_kad_post_sidebar_id":"","_kad_post_content_style":"","_kad_post_vertical_padding":"","_kad_post_feature":"","_kad_post_feature_position":"","_kad_post_header":false,"_kad_post_footer":false},"_links":{"self":[{"href":"https:\/\/algerac.dz\/en\/wp-json\/wp\/v2\/pages\/4451"}],"collection":[{"href":"https:\/\/algerac.dz\/en\/wp-json\/wp\/v2\/pages"}],"about":[{"href":"https:\/\/algerac.dz\/en\/wp-json\/wp\/v2\/types\/page"}],"author":[{"embeddable":true,"href":"https:\/\/algerac.dz\/en\/wp-json\/wp\/v2\/users\/1"}],"replies":[{"embeddable":true,"href":"https:\/\/algerac.dz\/en\/wp-json\/wp\/v2\/comments?post=4451"}],"version-history":[{"count":10,"href":"https:\/\/algerac.dz\/en\/wp-json\/wp\/v2\/pages\/4451\/revisions"}],"predecessor-version":[{"id":4734,"href":"https:\/\/algerac.dz\/en\/wp-json\/wp\/v2\/pages\/4451\/revisions\/4734"}],"wp:attachment":[{"href":"https:\/\/algerac.dz\/en\/wp-json\/wp\/v2\/media?parent=4451"}],"curies":[{"name":"wp","href":"https:\/\/api.w.org\/{rel}","templated":true}]}}