{"id":4446,"date":"2021-08-03T15:36:58","date_gmt":"2021-08-03T13:36:58","guid":{"rendered":"https:\/\/algerac.dz\/?page_id=4446"},"modified":"2021-09-09T12:24:59","modified_gmt":"2021-09-09T10:24:59","slug":"interet-de-laccreditation","status":"publish","type":"page","link":"https:\/\/algerac.dz\/en\/interet-de-laccreditation\/","title":{"rendered":"Int\u00e9r\u00eat de l\u2019accr\u00e9ditation"},"content":{"rendered":"<div data-elementor-type=\"wp-page\" data-elementor-id=\"4446\" class=\"elementor elementor-4446\">\n\t\t\t\t\t\t<div class=\"elementor-inner\">\n\t\t\t\t<div class=\"elementor-section-wrap\">\n\t\t\t\t\t\t\t\t\t<section class=\"elementor-section elementor-top-section elementor-element elementor-element-947c4d7 elementor-section-boxed elementor-section-height-default elementor-section-height-default\" data-id=\"947c4d7\" data-element_type=\"section\">\n\t\t\t\t\t\t<div class=\"elementor-container elementor-column-gap-default\">\n\t\t\t\t\t\t\t<div class=\"elementor-row\">\n\t\t\t\t\t<div class=\"elementor-column elementor-col-100 elementor-top-column elementor-element elementor-element-40b1f9e\" data-id=\"40b1f9e\" data-element_type=\"column\">\n\t\t\t<div class=\"elementor-column-wrap elementor-element-populated\">\n\t\t\t\t\t\t\t<div class=\"elementor-widget-wrap\">\n\t\t\t\t\t\t<div class=\"elementor-element elementor-element-6d09a04 elementor-widget elementor-widget-heading\" data-id=\"6d09a04\" data-element_type=\"widget\" data-widget_type=\"heading.default\">\n\t\t\t\t<div class=\"elementor-widget-container\">\n\t\t\t<h2 class=\"elementor-heading-title elementor-size-default\">Int\u00e9r\u00eat de l\u2019Accr\u00e9ditation<\/h2>\t\t<\/div>\n\t\t\t\t<\/div>\n\t\t\t\t\t\t<\/div>\n\t\t\t\t\t<\/div>\n\t\t<\/div>\n\t\t\t\t\t\t\t\t<\/div>\n\t\t\t\t\t<\/div>\n\t\t<\/section>\n\t\t\t\t<section class=\"elementor-section elementor-top-section elementor-element elementor-element-21f8677 elementor-section-boxed elementor-section-height-default elementor-section-height-default\" data-id=\"21f8677\" data-element_type=\"section\">\n\t\t\t\t\t\t<div class=\"elementor-container elementor-column-gap-default\">\n\t\t\t\t\t\t\t<div class=\"elementor-row\">\n\t\t\t\t\t<div class=\"elementor-column elementor-col-100 elementor-top-column elementor-element elementor-element-d09f6b8\" data-id=\"d09f6b8\" data-element_type=\"column\">\n\t\t\t<div class=\"elementor-column-wrap elementor-element-populated\">\n\t\t\t\t\t\t\t<div class=\"elementor-widget-wrap\">\n\t\t\t\t\t\t<div class=\"elementor-element elementor-element-77542ab elementor-widget elementor-widget-text-editor\" data-id=\"77542ab\" data-element_type=\"widget\" data-widget_type=\"text-editor.default\">\n\t\t\t\t<div class=\"elementor-widget-container\">\n\t\t\t\t\t\t\t\t<div class=\"elementor-text-editor elementor-clearfix\">\n\t\t\t\tPartant du principe que l\u2019accr\u00e9ditation est un moyen simple pour insuffler au march\u00e9 national un vent de confiance et de s\u00e9curit\u00e9, il lui est \u00e9galement accord\u00e9 un r\u00f4le pr\u00e9pond\u00e9rant pouvant contribuer \u00e0\u00a0:<br><br>\n<ul>\n \t<li>contr\u00f4ler, surveiller et assurer le bon fonctionnement du march\u00e9 national\u00a0;<\/li>\n \t<li>garantir la qualit\u00e9 des produits et services mis en circulation tant au niveau national qu\u2019\u00e0 l\u2019\u00e9chelle internationale par le biais de l&rsquo;application et du respect des normes et des exigences internationales\u00a0;<\/li>\n \t<li>assurer une protection de la sant\u00e9, de l\u2019environnement et garantir la s\u00e9curit\u00e9 des consommateurs\u00a0;<\/li>\n \t<li>faciliter la libre circulation des produits et services\u00a0;<\/li>\n \t<li>renforcer et promouvoir la coop\u00e9ration et l\u2019assistance technique entre organismes d&rsquo;accr\u00e9ditation nationaux.<\/li>\n<\/ul>\t\t\t\t\t<\/div>\n\t\t\t\t\t\t<\/div>\n\t\t\t\t<\/div>\n\t\t\t\t\t\t<\/div>\n\t\t\t\t\t<\/div>\n\t\t<\/div>\n\t\t\t\t\t\t\t\t<\/div>\n\t\t\t\t\t<\/div>\n\t\t<\/section>\n\t\t\t\t\t\t\t\t\t<\/div>\n\t\t\t<\/div>\n\t\t\t\t\t<\/div>","protected":false},"excerpt":{"rendered":"<p>Int\u00e9r\u00eat de l\u2019Accr\u00e9ditation Partant du principe que l\u2019accr\u00e9ditation est un moyen simple pour insuffler au march\u00e9 national un vent de confiance et de s\u00e9curit\u00e9, il lui est \u00e9galement accord\u00e9 un r\u00f4le pr\u00e9pond\u00e9rant pouvant contribuer \u00e0\u00a0: contr\u00f4ler, surveiller et assurer le bon fonctionnement du march\u00e9 national\u00a0; garantir la qualit\u00e9 des produits et services mis en circulation&#8230;<\/p>","protected":false},"author":1,"featured_media":0,"parent":0,"menu_order":0,"comment_status":"closed","ping_status":"closed","template":"","meta":{"_kad_post_transparent":"","_kad_post_title":"","_kad_post_layout":"","_kad_post_sidebar_id":"","_kad_post_content_style":"","_kad_post_vertical_padding":"","_kad_post_feature":"","_kad_post_feature_position":"","_kad_post_header":false,"_kad_post_footer":false},"_links":{"self":[{"href":"https:\/\/algerac.dz\/en\/wp-json\/wp\/v2\/pages\/4446"}],"collection":[{"href":"https:\/\/algerac.dz\/en\/wp-json\/wp\/v2\/pages"}],"about":[{"href":"https:\/\/algerac.dz\/en\/wp-json\/wp\/v2\/types\/page"}],"author":[{"embeddable":true,"href":"https:\/\/algerac.dz\/en\/wp-json\/wp\/v2\/users\/1"}],"replies":[{"embeddable":true,"href":"https:\/\/algerac.dz\/en\/wp-json\/wp\/v2\/comments?post=4446"}],"version-history":[{"count":16,"href":"https:\/\/algerac.dz\/en\/wp-json\/wp\/v2\/pages\/4446\/revisions"}],"predecessor-version":[{"id":4728,"href":"https:\/\/algerac.dz\/en\/wp-json\/wp\/v2\/pages\/4446\/revisions\/4728"}],"wp:attachment":[{"href":"https:\/\/algerac.dz\/en\/wp-json\/wp\/v2\/media?parent=4446"}],"curies":[{"name":"wp","href":"https:\/\/api.w.org\/{rel}","templated":true}]}}