{"id":4439,"date":"2021-08-03T15:32:10","date_gmt":"2021-08-03T13:32:10","guid":{"rendered":"https:\/\/algerac.dz\/?page_id=4439"},"modified":"2021-09-09T12:05:41","modified_gmt":"2021-09-09T10:05:41","slug":"laccreditation-et-la-certification","status":"publish","type":"page","link":"https:\/\/algerac.dz\/en\/laccreditation-et-la-certification\/","title":{"rendered":"L\u2019accr\u00e9ditation et la Certification ?"},"content":{"rendered":"<div data-elementor-type=\"wp-page\" data-elementor-id=\"4439\" class=\"elementor elementor-4439\">\n\t\t\t\t\t\t<div class=\"elementor-inner\">\n\t\t\t\t<div class=\"elementor-section-wrap\">\n\t\t\t\t\t\t\t\t\t<section class=\"elementor-section elementor-top-section elementor-element elementor-element-589a9c6 elementor-section-boxed elementor-section-height-default elementor-section-height-default\" data-id=\"589a9c6\" data-element_type=\"section\">\n\t\t\t\t\t\t<div class=\"elementor-container elementor-column-gap-default\">\n\t\t\t\t\t\t\t<div class=\"elementor-row\">\n\t\t\t\t\t<div class=\"elementor-column elementor-col-100 elementor-top-column elementor-element elementor-element-82b3189\" data-id=\"82b3189\" data-element_type=\"column\">\n\t\t\t<div class=\"elementor-column-wrap elementor-element-populated\">\n\t\t\t\t\t\t\t<div class=\"elementor-widget-wrap\">\n\t\t\t\t\t\t<div class=\"elementor-element elementor-element-f52835d elementor-widget elementor-widget-heading\" data-id=\"f52835d\" data-element_type=\"widget\" data-widget_type=\"heading.default\">\n\t\t\t\t<div class=\"elementor-widget-container\">\n\t\t\t<h2 class=\"elementor-heading-title elementor-size-default\">Accreditation and certification ?<\/h2>\t\t<\/div>\n\t\t\t\t<\/div>\n\t\t\t\t\t\t<\/div>\n\t\t\t\t\t<\/div>\n\t\t<\/div>\n\t\t\t\t\t\t\t\t<\/div>\n\t\t\t\t\t<\/div>\n\t\t<\/section>\n\t\t\t\t<section class=\"elementor-section elementor-top-section elementor-element elementor-element-4ddf0f6 elementor-section-boxed elementor-section-height-default elementor-section-height-default\" data-id=\"4ddf0f6\" data-element_type=\"section\">\n\t\t\t\t\t\t<div class=\"elementor-container elementor-column-gap-default\">\n\t\t\t\t\t\t\t<div class=\"elementor-row\">\n\t\t\t\t\t<div class=\"elementor-column elementor-col-100 elementor-top-column elementor-element elementor-element-e6278bf\" data-id=\"e6278bf\" data-element_type=\"column\">\n\t\t\t<div class=\"elementor-column-wrap elementor-element-populated\">\n\t\t\t\t\t\t\t<div class=\"elementor-widget-wrap\">\n\t\t\t\t\t\t<div class=\"elementor-element elementor-element-2c83159 elementor-widget elementor-widget-text-editor\" data-id=\"2c83159\" data-element_type=\"widget\" data-widget_type=\"text-editor.default\">\n\t\t\t\t<div class=\"elementor-widget-container\">\n\t\t\t\t\t\t\t\t<div class=\"elementor-text-editor elementor-clearfix\">\n\t\t\t\tAccreditation and certification are actually verification procedures which, as a rule, are both often considered as supplementary assessment processes. Nevertheless, they are distinguished by the context in which they are utilised.<br><br>\n\nPar d\u00e9finition, l\u2019accr\u00e9ditation est d\u00e9livr\u00e9e apr\u00e8s \u00e9valuation, par un <strong>organisme d\u2019accr\u00e9ditation<\/strong> reconnu par ses pairs, qui atteste que les <u>organismes d\u2019\u00e9valuation de la conformit\u00e9 <\/u>disposent de la <strong>comp\u00e9tence technique et organisationnelle <\/strong>\u00e0 r\u00e9aliser des essais, des analyses, des activit\u00e9s d\u2019inspection et de certification.<br><br>\n\nAs for certification, it is an attestation delivered after an assessment by an accredited conformity assessment body which confirms with competence and impartiality that a product, service, management system, or person conforms to the required criteria laid out in a recognised standard. <strong>accr\u00e9dit\u00e9 <\/strong>qui t\u00e9moigne avec toute comp\u00e9tence et impartialit\u00e9, <strong>la conformit\u00e9 d\u2019un produit, d\u2019un service, d\u2019un syst\u00e8me de management, ou d\u2019une personne<\/strong> en fonction des normes standards exig\u00e9s.<br><br>\n\nEn sommes\u00a0:<br><br>\n\n<strong>Accr\u00e9ditation = v\u00e9rification de la comp\u00e9tence d\u2019un organisme r\u00e9alisant le contr\u00f4le<\/strong><br><br>\n\n<strong>Certification = v\u00e9rification de la conformit\u00e9 selon des exigences sp\u00e9cifiques<\/strong>\n\n\t\t\t\t\t<\/div>\n\t\t\t\t\t\t<\/div>\n\t\t\t\t<\/div>\n\t\t\t\t\t\t<\/div>\n\t\t\t\t\t<\/div>\n\t\t<\/div>\n\t\t\t\t\t\t\t\t<\/div>\n\t\t\t\t\t<\/div>\n\t\t<\/section>\n\t\t\t\t\t\t\t\t\t<\/div>\n\t\t\t<\/div>\n\t\t\t\t\t<\/div>","protected":false},"excerpt":{"rendered":"<p>Accr\u00e9ditation et Certification ? l\u2019accr\u00e9ditation et la certification sont deux proc\u00e9dures de v\u00e9rification et qui en r\u00e8gle g\u00e9n\u00e9rale sont tous deux souvent consid\u00e9r\u00e9es comme \u00e9tant des processus d\u2019\u00e9valuations compl\u00e9mentaires. Cependant, elles se distinguent par rapport au contexte de leurs utilisations. Par d\u00e9finition, l\u2019accr\u00e9ditation est d\u00e9livr\u00e9e apr\u00e8s \u00e9valuation, par un organisme d\u2019accr\u00e9ditation reconnu par ses pairs,&#8230;<\/p>","protected":false},"author":1,"featured_media":0,"parent":0,"menu_order":0,"comment_status":"closed","ping_status":"closed","template":"","meta":{"_kad_post_transparent":"","_kad_post_title":"","_kad_post_layout":"","_kad_post_sidebar_id":"","_kad_post_content_style":"","_kad_post_vertical_padding":"","_kad_post_feature":"","_kad_post_feature_position":"","_kad_post_header":false,"_kad_post_footer":false},"_links":{"self":[{"href":"https:\/\/algerac.dz\/en\/wp-json\/wp\/v2\/pages\/4439"}],"collection":[{"href":"https:\/\/algerac.dz\/en\/wp-json\/wp\/v2\/pages"}],"about":[{"href":"https:\/\/algerac.dz\/en\/wp-json\/wp\/v2\/types\/page"}],"author":[{"embeddable":true,"href":"https:\/\/algerac.dz\/en\/wp-json\/wp\/v2\/users\/1"}],"replies":[{"embeddable":true,"href":"https:\/\/algerac.dz\/en\/wp-json\/wp\/v2\/comments?post=4439"}],"version-history":[{"count":10,"href":"https:\/\/algerac.dz\/en\/wp-json\/wp\/v2\/pages\/4439\/revisions"}],"predecessor-version":[{"id":4705,"href":"https:\/\/algerac.dz\/en\/wp-json\/wp\/v2\/pages\/4439\/revisions\/4705"}],"wp:attachment":[{"href":"https:\/\/algerac.dz\/en\/wp-json\/wp\/v2\/media?parent=4439"}],"curies":[{"name":"wp","href":"https:\/\/api.w.org\/{rel}","templated":true}]}}