{"id":4434,"date":"2021-08-03T15:30:27","date_gmt":"2021-08-03T13:30:27","guid":{"rendered":"https:\/\/algerac.dz\/?page_id=4434"},"modified":"2022-03-31T22:22:24","modified_gmt":"2022-03-31T20:22:24","slug":"a-propos-de-laccreditation","status":"publish","type":"page","link":"https:\/\/algerac.dz\/en\/a-propos-de-laccreditation\/","title":{"rendered":"A propos de l\u2019accr\u00e9ditation"},"content":{"rendered":"<div data-elementor-type=\"wp-page\" data-elementor-id=\"4434\" class=\"elementor elementor-4434\">\n\t\t\t\t\t\t<div class=\"elementor-inner\">\n\t\t\t\t<div class=\"elementor-section-wrap\">\n\t\t\t\t\t\t\t\t\t<section class=\"elementor-section elementor-top-section elementor-element elementor-element-95c4fd5 elementor-section-boxed elementor-section-height-default elementor-section-height-default\" data-id=\"95c4fd5\" data-element_type=\"section\">\n\t\t\t\t\t\t<div class=\"elementor-container elementor-column-gap-default\">\n\t\t\t\t\t\t\t<div class=\"elementor-row\">\n\t\t\t\t\t<div class=\"elementor-column elementor-col-100 elementor-top-column elementor-element elementor-element-e4208db\" data-id=\"e4208db\" data-element_type=\"column\">\n\t\t\t<div class=\"elementor-column-wrap elementor-element-populated\">\n\t\t\t\t\t\t\t<div class=\"elementor-widget-wrap\">\n\t\t\t\t\t\t<div class=\"elementor-element elementor-element-6bbd44b elementor-widget elementor-widget-heading\" data-id=\"6bbd44b\" data-element_type=\"widget\" data-widget_type=\"heading.default\">\n\t\t\t\t<div class=\"elementor-widget-container\">\n\t\t\t<h2 class=\"elementor-heading-title elementor-size-default\">A propos de l\u2019Accr\u00e9ditation<\/h2>\t\t<\/div>\n\t\t\t\t<\/div>\n\t\t\t\t\t\t<\/div>\n\t\t\t\t\t<\/div>\n\t\t<\/div>\n\t\t\t\t\t\t\t\t<\/div>\n\t\t\t\t\t<\/div>\n\t\t<\/section>\n\t\t\t\t<section class=\"elementor-section elementor-top-section elementor-element elementor-element-5d8b0a6 elementor-section-boxed elementor-section-height-default elementor-section-height-default\" data-id=\"5d8b0a6\" data-element_type=\"section\">\n\t\t\t\t\t\t<div class=\"elementor-container elementor-column-gap-default\">\n\t\t\t\t\t\t\t<div class=\"elementor-row\">\n\t\t\t\t\t<div class=\"elementor-column elementor-col-100 elementor-top-column elementor-element elementor-element-5467a68\" data-id=\"5467a68\" data-element_type=\"column\">\n\t\t\t<div class=\"elementor-column-wrap elementor-element-populated\">\n\t\t\t\t\t\t\t<div class=\"elementor-widget-wrap\">\n\t\t\t\t\t\t<div class=\"elementor-element elementor-element-8d5be14 elementor-widget elementor-widget-text-editor\" data-id=\"8d5be14\" data-element_type=\"widget\" data-widget_type=\"text-editor.default\">\n\t\t\t\t<div class=\"elementor-widget-container\">\n\t\t\t\t\t\t\t\t<div class=\"elementor-text-editor elementor-clearfix\">\n\t\t\t\tPar d\u00e9finition, l\u2019accr\u00e9ditation est une attestation \u00e9mise par une tierce partie au profit d\u2019un organisme d\u2019\u00e9valuation de la conformit\u00e9. Cette attestation apporte la preuve formelle de la comp\u00e9tence de l\u2019organisme \u00e0 ex\u00e9cuter des t\u00e2ches sp\u00e9cifiques d\u2019\u00e9valuation de la conformit\u00e9.<br><br>\n\nEn d\u2019autre terme, un organisme d\u2019\u00e9valuation de la conformit\u00e9 <strong>accr\u00e9dit\u00e9<\/strong> d\u00e9montre en plus de cr\u00e9er un climat de confiance avec ses clients, qu\u2019il\u00a0:<br><br>\n<ul>\n \t<li>it has the qualification and necessary technical competence to perform its operations,<\/li>\n \t<li>it fully masters the processes and systems relating to its missions,<\/li>\n \t<li>it produces reliable and valid results,<\/li>\n \t<li>it complies with the requirements specified internationally.<\/li>\n<\/ul>\nAs a matter of fact, a testing, analysis, calibration or inspection report, or a conformity certificate issued about a system, product, or person is more credible once it is delivered by a body whose impartiality, and technical and organisational competence have been demonstrated according to specific criteria agreed upon internationally.<strong>\u2019impartialit\u00e9<\/strong> et la <strong>comp\u00e9tence technique et organisationnelle<\/strong> ont \u00e9t\u00e9 d\u00e9montr\u00e9es selon des crit\u00e8res sp\u00e9cifiques reconnus \u00e0 l\u2019international.<br><br>\t\t\t\t\t<\/div>\n\t\t\t\t\t\t<\/div>\n\t\t\t\t<\/div>\n\t\t\t\t\t\t<\/div>\n\t\t\t\t\t<\/div>\n\t\t<\/div>\n\t\t\t\t\t\t\t\t<\/div>\n\t\t\t\t\t<\/div>\n\t\t<\/section>\n\t\t\t\t\t\t\t\t\t<\/div>\n\t\t\t<\/div>\n\t\t\t\t\t<\/div>","protected":false},"excerpt":{"rendered":"<p>A propos de l\u2019Accr\u00e9ditation Par d\u00e9finition, l\u2019accr\u00e9ditation est une attestation \u00e9mise par une tierce partie au profit d\u2019un organisme d\u2019\u00e9valuation de la conformit\u00e9. Cette attestation apporte la preuve formelle de la comp\u00e9tence de l\u2019organisme \u00e0 ex\u00e9cuter des t\u00e2ches sp\u00e9cifiques d\u2019\u00e9valuation de la conformit\u00e9. En d\u2019autre terme, un organisme d\u2019\u00e9valuation de la conformit\u00e9 accr\u00e9dit\u00e9 d\u00e9montre en&#8230;<\/p>","protected":false},"author":1,"featured_media":0,"parent":0,"menu_order":0,"comment_status":"closed","ping_status":"closed","template":"","meta":{"_kad_post_transparent":"","_kad_post_title":"","_kad_post_layout":"","_kad_post_sidebar_id":"","_kad_post_content_style":"","_kad_post_vertical_padding":"","_kad_post_feature":"","_kad_post_feature_position":"","_kad_post_header":false,"_kad_post_footer":false},"_links":{"self":[{"href":"https:\/\/algerac.dz\/en\/wp-json\/wp\/v2\/pages\/4434"}],"collection":[{"href":"https:\/\/algerac.dz\/en\/wp-json\/wp\/v2\/pages"}],"about":[{"href":"https:\/\/algerac.dz\/en\/wp-json\/wp\/v2\/types\/page"}],"author":[{"embeddable":true,"href":"https:\/\/algerac.dz\/en\/wp-json\/wp\/v2\/users\/1"}],"replies":[{"embeddable":true,"href":"https:\/\/algerac.dz\/en\/wp-json\/wp\/v2\/comments?post=4434"}],"version-history":[{"count":17,"href":"https:\/\/algerac.dz\/en\/wp-json\/wp\/v2\/pages\/4434\/revisions"}],"predecessor-version":[{"id":7225,"href":"https:\/\/algerac.dz\/en\/wp-json\/wp\/v2\/pages\/4434\/revisions\/7225"}],"wp:attachment":[{"href":"https:\/\/algerac.dz\/en\/wp-json\/wp\/v2\/media?parent=4434"}],"curies":[{"name":"wp","href":"https:\/\/api.w.org\/{rel}","templated":true}]}}