{"id":4416,"date":"2021-08-03T15:10:52","date_gmt":"2021-08-03T13:10:52","guid":{"rendered":"https:\/\/algerac.dz\/?page_id=4416"},"modified":"2021-09-09T11:27:26","modified_gmt":"2021-09-09T09:27:26","slug":"nos-reconnaissances-internationales","status":"publish","type":"page","link":"https:\/\/algerac.dz\/en\/nos-reconnaissances-internationales\/","title":{"rendered":"Nos reconnaissances internationales"},"content":{"rendered":"<div data-elementor-type=\"wp-page\" data-elementor-id=\"4416\" class=\"elementor elementor-4416\">\n\t\t\t\t\t\t<div class=\"elementor-inner\">\n\t\t\t\t<div class=\"elementor-section-wrap\">\n\t\t\t\t\t\t\t\t\t<section class=\"elementor-section elementor-top-section elementor-element elementor-element-3efe7f6 elementor-section-boxed elementor-section-height-default elementor-section-height-default\" data-id=\"3efe7f6\" data-element_type=\"section\">\n\t\t\t\t\t\t<div class=\"elementor-container elementor-column-gap-default\">\n\t\t\t\t\t\t\t<div class=\"elementor-row\">\n\t\t\t\t\t<div class=\"elementor-column elementor-col-100 elementor-top-column elementor-element elementor-element-2c3cf7a\" data-id=\"2c3cf7a\" data-element_type=\"column\">\n\t\t\t<div class=\"elementor-column-wrap elementor-element-populated\">\n\t\t\t\t\t\t\t<div class=\"elementor-widget-wrap\">\n\t\t\t\t\t\t<div class=\"elementor-element elementor-element-2280966 elementor-widget elementor-widget-heading\" data-id=\"2280966\" data-element_type=\"widget\" data-widget_type=\"heading.default\">\n\t\t\t\t<div class=\"elementor-widget-container\">\n\t\t\t<h2 class=\"elementor-heading-title elementor-size-default\">Reconnaissances internationales<\/h2>\t\t<\/div>\n\t\t\t\t<\/div>\n\t\t\t\t\t\t<\/div>\n\t\t\t\t\t<\/div>\n\t\t<\/div>\n\t\t\t\t\t\t\t\t<\/div>\n\t\t\t\t\t<\/div>\n\t\t<\/section>\n\t\t\t\t<section class=\"elementor-section elementor-top-section elementor-element elementor-element-69e5833 elementor-section-boxed elementor-section-height-default elementor-section-height-default\" data-id=\"69e5833\" data-element_type=\"section\">\n\t\t\t\t\t\t<div class=\"elementor-container elementor-column-gap-default\">\n\t\t\t\t\t\t\t<div class=\"elementor-row\">\n\t\t\t\t\t<div class=\"elementor-column elementor-col-100 elementor-top-column elementor-element elementor-element-7f7ddb5\" data-id=\"7f7ddb5\" data-element_type=\"column\">\n\t\t\t<div class=\"elementor-column-wrap elementor-element-populated\">\n\t\t\t\t\t\t\t<div class=\"elementor-widget-wrap\">\n\t\t\t\t\t\t<div class=\"elementor-element elementor-element-795663b elementor-widget elementor-widget-text-editor\" data-id=\"795663b\" data-element_type=\"widget\" data-widget_type=\"text-editor.default\">\n\t\t\t\t<div class=\"elementor-widget-container\">\n\t\t\t\t\t\t\t\t<div class=\"elementor-text-editor elementor-clearfix\">\n\t\t\t\tALGERAC is already a signatory member of a number of agreements of bilateral, multilateral and regional recognition with bodies from the European, Arab and African communities in the areas below :<br><br>\n<ul>\n \t<li>Testing ISO\/17025<\/li>\n \t<li>Calibration ISO\/IEC 17025<\/li>\n \t<li>Inspection ISO\/IEC 17025<\/li>\n<\/ul>\nLe principe \u00e9tant qu\u2019\u00e0 travers la signature de reconnaissances entre deux ou plusieurs pays cela t\u00e9moigne d\u2019une acceptation en commun de l\u2019\u00e9quivalence des certificats \u00e9mis par les organismes accr\u00e9dit\u00e9s nationaux pour l&rsquo;\u00e9valuation de la conformit\u00e9 r\u00e9alis\u00e9e\u00a0 pour un produit et \/ ou service.<br><br>\n\nThese agreements open the door to the international market by significantly reducing technical and financial barriers to economic operators when doing business.<br><br>\n\nMoreover, these agreements are considered as indispensable tools which can be used by government authorities aiming to consolidate the economic development of the country, ensure supervisory role and control of the domestic market, and guarantee consumer and environmental protection.<br><br>\n\n<a href=\"https:\/\/algerac.dz\/wp-content\/uploads\/2021\/08\/Liste_Accords_Reconnaissance_Inter_ALGERAC_sw.pdf\" target=\"_blank\" rel=\"noopener\">Liste des accords de reconnaissances internationales d\u2019ALGERAC<\/a><br><br>\t\t\t\t\t<\/div>\n\t\t\t\t\t\t<\/div>\n\t\t\t\t<\/div>\n\t\t\t\t\t\t<\/div>\n\t\t\t\t\t<\/div>\n\t\t<\/div>\n\t\t\t\t\t\t\t\t<\/div>\n\t\t\t\t\t<\/div>\n\t\t<\/section>\n\t\t\t\t\t\t\t\t\t<\/div>\n\t\t\t<\/div>\n\t\t\t\t\t<\/div>","protected":false},"excerpt":{"rendered":"<p>Reconnaissances internationales ALGERAC est signataire de plusieurs accords de reconnaissance bilat\u00e9raux, multilat\u00e9raux et r\u00e9gionaux avec d\u2019autres organismes relevant de la communaut\u00e9 europ\u00e9enne, arabe et africaine et ce dans les domaines suivants : Essais ISO\/CEI 17025 Etalonnages ISO\/CEI 17025 Inspection ISO\/CEI 17020 Le principe \u00e9tant qu\u2019\u00e0 travers la signature de reconnaissances entre deux ou plusieurs pays&#8230;<\/p>","protected":false},"author":1,"featured_media":0,"parent":0,"menu_order":0,"comment_status":"closed","ping_status":"closed","template":"","meta":{"_kad_post_transparent":"","_kad_post_title":"","_kad_post_layout":"","_kad_post_sidebar_id":"","_kad_post_content_style":"","_kad_post_vertical_padding":"","_kad_post_feature":"","_kad_post_feature_position":"","_kad_post_header":false,"_kad_post_footer":false},"_links":{"self":[{"href":"https:\/\/algerac.dz\/en\/wp-json\/wp\/v2\/pages\/4416"}],"collection":[{"href":"https:\/\/algerac.dz\/en\/wp-json\/wp\/v2\/pages"}],"about":[{"href":"https:\/\/algerac.dz\/en\/wp-json\/wp\/v2\/types\/page"}],"author":[{"embeddable":true,"href":"https:\/\/algerac.dz\/en\/wp-json\/wp\/v2\/users\/1"}],"replies":[{"embeddable":true,"href":"https:\/\/algerac.dz\/en\/wp-json\/wp\/v2\/comments?post=4416"}],"version-history":[{"count":46,"href":"https:\/\/algerac.dz\/en\/wp-json\/wp\/v2\/pages\/4416\/revisions"}],"predecessor-version":[{"id":4672,"href":"https:\/\/algerac.dz\/en\/wp-json\/wp\/v2\/pages\/4416\/revisions\/4672"}],"wp:attachment":[{"href":"https:\/\/algerac.dz\/en\/wp-json\/wp\/v2\/media?parent=4416"}],"curies":[{"name":"wp","href":"https:\/\/api.w.org\/{rel}","templated":true}]}}