{"id":4411,"date":"2021-08-03T15:08:46","date_gmt":"2021-08-03T13:08:46","guid":{"rendered":"https:\/\/algerac.dz\/?page_id=4411"},"modified":"2022-01-19T14:58:14","modified_gmt":"2022-01-19T13:58:14","slug":"nos-structures","status":"publish","type":"page","link":"https:\/\/algerac.dz\/en\/nos-structures\/","title":{"rendered":"Nos Structures"},"content":{"rendered":"<div data-elementor-type=\"wp-page\" data-elementor-id=\"4411\" class=\"elementor elementor-4411\">\n\t\t\t\t\t\t<div class=\"elementor-inner\">\n\t\t\t\t<div class=\"elementor-section-wrap\">\n\t\t\t\t\t\t\t\t\t<section class=\"elementor-section elementor-top-section elementor-element elementor-element-c12b9b7 elementor-section-boxed elementor-section-height-default elementor-section-height-default\" data-id=\"c12b9b7\" data-element_type=\"section\">\n\t\t\t\t\t\t<div class=\"elementor-container elementor-column-gap-default\">\n\t\t\t\t\t\t\t<div class=\"elementor-row\">\n\t\t\t\t\t<div class=\"elementor-column elementor-col-100 elementor-top-column elementor-element elementor-element-6e5c732\" data-id=\"6e5c732\" data-element_type=\"column\">\n\t\t\t<div class=\"elementor-column-wrap elementor-element-populated\">\n\t\t\t\t\t\t\t<div class=\"elementor-widget-wrap\">\n\t\t\t\t\t\t<div class=\"elementor-element elementor-element-ed35ea5 elementor-widget elementor-widget-heading\" data-id=\"ed35ea5\" data-element_type=\"widget\" data-widget_type=\"heading.default\">\n\t\t\t\t<div class=\"elementor-widget-container\">\n\t\t\t<h2 class=\"elementor-heading-title elementor-size-default\">ALGERAC\u2019s support bodies<\/h2>\t\t<\/div>\n\t\t\t\t<\/div>\n\t\t\t\t\t\t<\/div>\n\t\t\t\t\t<\/div>\n\t\t<\/div>\n\t\t\t\t\t\t\t\t<\/div>\n\t\t\t\t\t<\/div>\n\t\t<\/section>\n\t\t\t\t<section class=\"elementor-section elementor-top-section elementor-element elementor-element-c4fdf91 elementor-section-boxed elementor-section-height-default elementor-section-height-default\" data-id=\"c4fdf91\" data-element_type=\"section\">\n\t\t\t\t\t\t<div class=\"elementor-container elementor-column-gap-default\">\n\t\t\t\t\t\t\t<div class=\"elementor-row\">\n\t\t\t\t\t<div class=\"elementor-column elementor-col-100 elementor-top-column elementor-element elementor-element-04a681d\" data-id=\"04a681d\" data-element_type=\"column\">\n\t\t\t<div class=\"elementor-column-wrap elementor-element-populated\">\n\t\t\t\t\t\t\t<div class=\"elementor-widget-wrap\">\n\t\t\t\t\t\t<div class=\"elementor-element elementor-element-c86118e elementor-widget elementor-widget-text-editor\" data-id=\"c86118e\" data-element_type=\"widget\" data-widget_type=\"text-editor.default\">\n\t\t\t\t<div class=\"elementor-widget-container\">\n\t\t\t\t\t\t\t\t<div class=\"elementor-text-editor elementor-clearfix\">\n\t\t\t\t<ul><li style=\"list-style-type: none;\"><ul><li><a href=\"https:\/\/algerac.dz\/wp-content\/uploads\/2021\/08\/GEN_02_Organigramme_ALGERAC_Rev09_sw.pdf\" target=\"_blank\" rel=\"noopener\">Organigramme d&rsquo;ALGERAC<\/a><\/li><\/ul><\/li><\/ul><ul><li style=\"list-style-type: none;\"><ul><li><a href=\"https:\/\/algerac.dz\/wp-content\/uploads\/2021\/08\/Liste_Membres_CAA_15_01_2019_sw-1.pdf\" target=\"_blank\" rel=\"noopener\"> Comit\u00e9 des activit\u00e9s d\u2019Accr\u00e9ditation (CAA) &#8211; Liste des membres &#8211; Mise \u00e0 jour du 15\/01\/2019 [pdf]<\/a><\/li><\/ul><\/li><li style=\"list-style-type: none;\">\u00a0<ul><li><a href=\"https:\/\/algerac.dz\/wp-content\/uploads\/2022\/01\/Composante_CAS_13_01_2022_ALGERAC_sw.pdf\" target=\"_blank\" rel=\"noopener\">Comit\u00e9s d&rsquo;Accr\u00e9ditation Specialis\u00e9s (CAS) &#8211; Liste des membres &#8211; Mise \u00e0 jour du 13\/01\/2022 [pdf]<\/a><\/li><\/ul><\/li><\/ul>\t\t\t\t\t<\/div>\n\t\t\t\t\t\t<\/div>\n\t\t\t\t<\/div>\n\t\t\t\t\t\t<\/div>\n\t\t\t\t\t<\/div>\n\t\t<\/div>\n\t\t\t\t\t\t\t\t<\/div>\n\t\t\t\t\t<\/div>\n\t\t<\/section>\n\t\t\t\t\t\t\t\t\t<\/div>\n\t\t\t<\/div>\n\t\t\t\t\t<\/div>","protected":false},"excerpt":{"rendered":"<p>Organes d&rsquo;appui ALGERAC Organigramme d&rsquo;ALGERAC Comit\u00e9 des activit\u00e9s d\u2019Accr\u00e9ditation (CAA) &#8211; Liste des membres &#8211; Mise \u00e0 jour du 15\/01\/2019 [pdf] \u00a0 Comit\u00e9s d&rsquo;Accr\u00e9ditation Specialis\u00e9s (CAS) &#8211; Liste des membres &#8211; Mise \u00e0 jour du 13\/01\/2022 [pdf]<\/p>","protected":false},"author":1,"featured_media":0,"parent":0,"menu_order":0,"comment_status":"closed","ping_status":"closed","template":"","meta":{"_kad_post_transparent":"","_kad_post_title":"","_kad_post_layout":"","_kad_post_sidebar_id":"","_kad_post_content_style":"","_kad_post_vertical_padding":"","_kad_post_feature":"","_kad_post_feature_position":"","_kad_post_header":false,"_kad_post_footer":false},"_links":{"self":[{"href":"https:\/\/algerac.dz\/en\/wp-json\/wp\/v2\/pages\/4411"}],"collection":[{"href":"https:\/\/algerac.dz\/en\/wp-json\/wp\/v2\/pages"}],"about":[{"href":"https:\/\/algerac.dz\/en\/wp-json\/wp\/v2\/types\/page"}],"author":[{"embeddable":true,"href":"https:\/\/algerac.dz\/en\/wp-json\/wp\/v2\/users\/1"}],"replies":[{"embeddable":true,"href":"https:\/\/algerac.dz\/en\/wp-json\/wp\/v2\/comments?post=4411"}],"version-history":[{"count":43,"href":"https:\/\/algerac.dz\/en\/wp-json\/wp\/v2\/pages\/4411\/revisions"}],"predecessor-version":[{"id":6631,"href":"https:\/\/algerac.dz\/en\/wp-json\/wp\/v2\/pages\/4411\/revisions\/6631"}],"wp:attachment":[{"href":"https:\/\/algerac.dz\/en\/wp-json\/wp\/v2\/media?parent=4411"}],"curies":[{"name":"wp","href":"https:\/\/api.w.org\/{rel}","templated":true}]}}