{"id":4400,"date":"2021-08-03T14:57:30","date_gmt":"2021-08-03T12:57:30","guid":{"rendered":"https:\/\/algerac.dz\/?page_id=4400"},"modified":"2021-08-05T10:01:08","modified_gmt":"2021-08-05T08:01:08","slug":"nos-activites","status":"publish","type":"page","link":"https:\/\/algerac.dz\/en\/nos-activites\/","title":{"rendered":"Our Activities"},"content":{"rendered":"<div data-elementor-type=\"wp-page\" data-elementor-id=\"4400\" class=\"elementor elementor-4400\">\n\t\t\t\t\t\t<div class=\"elementor-inner\">\n\t\t\t\t<div class=\"elementor-section-wrap\">\n\t\t\t\t\t\t\t\t\t<section class=\"elementor-section elementor-top-section elementor-element elementor-element-1c11ad7 elementor-section-boxed elementor-section-height-default elementor-section-height-default\" data-id=\"1c11ad7\" data-element_type=\"section\">\n\t\t\t\t\t\t<div class=\"elementor-container elementor-column-gap-default\">\n\t\t\t\t\t\t\t<div class=\"elementor-row\">\n\t\t\t\t\t<div class=\"elementor-column elementor-col-100 elementor-top-column elementor-element elementor-element-dcc1c9a\" data-id=\"dcc1c9a\" data-element_type=\"column\">\n\t\t\t<div class=\"elementor-column-wrap elementor-element-populated\">\n\t\t\t\t\t\t\t<div class=\"elementor-widget-wrap\">\n\t\t\t\t\t\t<div class=\"elementor-element elementor-element-75b4634 elementor-widget elementor-widget-heading\" data-id=\"75b4634\" data-element_type=\"widget\" data-widget_type=\"heading.default\">\n\t\t\t\t<div class=\"elementor-widget-container\">\n\t\t\t<h2 class=\"elementor-heading-title elementor-size-default\">Our Activities<\/h2>\t\t<\/div>\n\t\t\t\t<\/div>\n\t\t\t\t\t\t<\/div>\n\t\t\t\t\t<\/div>\n\t\t<\/div>\n\t\t\t\t\t\t\t\t<\/div>\n\t\t\t\t\t<\/div>\n\t\t<\/section>\n\t\t\t\t<section class=\"elementor-section elementor-top-section elementor-element elementor-element-b7ee8bf elementor-section-boxed elementor-section-height-default elementor-section-height-default\" data-id=\"b7ee8bf\" data-element_type=\"section\">\n\t\t\t\t\t\t<div class=\"elementor-container elementor-column-gap-default\">\n\t\t\t\t\t\t\t<div class=\"elementor-row\">\n\t\t\t\t\t<div class=\"elementor-column elementor-col-100 elementor-top-column elementor-element elementor-element-0e3db8a\" data-id=\"0e3db8a\" data-element_type=\"column\">\n\t\t\t<div class=\"elementor-column-wrap elementor-element-populated\">\n\t\t\t\t\t\t\t<div class=\"elementor-widget-wrap\">\n\t\t\t\t\t\t<div class=\"elementor-element elementor-element-4fd0867 elementor-widget elementor-widget-text-editor\" data-id=\"4fd0867\" data-element_type=\"widget\" data-widget_type=\"text-editor.default\">\n\t\t\t\t<div class=\"elementor-widget-container\">\n\t\t\t\t\t\t\t\t<div class=\"elementor-text-editor elementor-clearfix\">\n\t\t\t\tALGERAC intervient pour \u00e9valuer la comp\u00e9tence technique et organisationnelle des organismes d&rsquo;\u00e9valuation de la conformit\u00e9 exer\u00e7ant dans les domaines suivants :<br><br>\n\n\u2022 Laboratoires d&rsquo;Essais, d&rsquo;Analyses et d&rsquo;Etalonnages selon le r\u00e9f\u00e9rentiel ISO\/CEI 17025<br><br>\n\n\u2022 Medical laboratories ISO 15189<br><br>\n\n\u2022 Inspection bodies ISO\/IEC 17020<br><br>\n\nBodies providing audit and certification of management systems based on ISO\/IEC 17021 standard<br><br>\n\n\u2022 Bodies certifying products, processes and services ISO\/IEC 17065<br><br>\n\n\u2022 Organismes de Certification Personnes selon le r\u00e9f\u00e9rentiel ISO\/CEI 17024<br><br>\n\n\u2022 Essais d\u2019aptitude selon le r\u00e9f\u00e9rentiel ISO\/CEI 17043<br><br>\t\t\t\t\t<\/div>\n\t\t\t\t\t\t<\/div>\n\t\t\t\t<\/div>\n\t\t\t\t\t\t<\/div>\n\t\t\t\t\t<\/div>\n\t\t<\/div>\n\t\t\t\t\t\t\t\t<\/div>\n\t\t\t\t\t<\/div>\n\t\t<\/section>\n\t\t\t\t\t\t\t\t\t<\/div>\n\t\t\t<\/div>\n\t\t\t\t\t<\/div>","protected":false},"excerpt":{"rendered":"<p>Nos activit\u00e9s ALGERAC intervient pour \u00e9valuer la comp\u00e9tence technique et organisationnelle des organismes d&rsquo;\u00e9valuation de la conformit\u00e9 exer\u00e7ant dans les domaines suivants : \u2022 Laboratoires d&rsquo;Essais, d&rsquo;Analyses et d&rsquo;Etalonnages selon le r\u00e9f\u00e9rentiel ISO\/CEI 17025 \u2022 Laboratoires d\u2019Analyses M\u00e9dicales selon le r\u00e9f\u00e9rentiel ISO 15189 \u2022 Organismes d\u2019Inspection selon le r\u00e9f\u00e9rentiel ISO\/CEI 17020 \u2022 Organismes de Certification&#8230;<\/p>","protected":false},"author":1,"featured_media":0,"parent":0,"menu_order":0,"comment_status":"closed","ping_status":"closed","template":"","meta":{"_kad_post_transparent":"","_kad_post_title":"","_kad_post_layout":"","_kad_post_sidebar_id":"","_kad_post_content_style":"","_kad_post_vertical_padding":"","_kad_post_feature":"","_kad_post_feature_position":"","_kad_post_header":false,"_kad_post_footer":false},"_links":{"self":[{"href":"https:\/\/algerac.dz\/en\/wp-json\/wp\/v2\/pages\/4400"}],"collection":[{"href":"https:\/\/algerac.dz\/en\/wp-json\/wp\/v2\/pages"}],"about":[{"href":"https:\/\/algerac.dz\/en\/wp-json\/wp\/v2\/types\/page"}],"author":[{"embeddable":true,"href":"https:\/\/algerac.dz\/en\/wp-json\/wp\/v2\/users\/1"}],"replies":[{"embeddable":true,"href":"https:\/\/algerac.dz\/en\/wp-json\/wp\/v2\/comments?post=4400"}],"version-history":[{"count":13,"href":"https:\/\/algerac.dz\/en\/wp-json\/wp\/v2\/pages\/4400\/revisions"}],"predecessor-version":[{"id":4534,"href":"https:\/\/algerac.dz\/en\/wp-json\/wp\/v2\/pages\/4400\/revisions\/4534"}],"wp:attachment":[{"href":"https:\/\/algerac.dz\/en\/wp-json\/wp\/v2\/media?parent=4400"}],"curies":[{"name":"wp","href":"https:\/\/api.w.org\/{rel}","templated":true}]}}