{"id":4395,"date":"2021-08-03T14:54:53","date_gmt":"2021-08-03T12:54:53","guid":{"rendered":"https:\/\/algerac.dz\/?page_id=4395"},"modified":"2021-08-05T09:56:22","modified_gmt":"2021-08-05T07:56:22","slug":"nos-missions","status":"publish","type":"page","link":"https:\/\/algerac.dz\/en\/nos-missions\/","title":{"rendered":"Nos Missions"},"content":{"rendered":"<div data-elementor-type=\"wp-page\" data-elementor-id=\"4395\" class=\"elementor elementor-4395\">\n\t\t\t\t\t\t<div class=\"elementor-inner\">\n\t\t\t\t<div class=\"elementor-section-wrap\">\n\t\t\t\t\t\t\t\t\t<section class=\"elementor-section elementor-top-section elementor-element elementor-element-8ffa364 elementor-section-boxed elementor-section-height-default elementor-section-height-default\" data-id=\"8ffa364\" data-element_type=\"section\">\n\t\t\t\t\t\t<div class=\"elementor-container elementor-column-gap-default\">\n\t\t\t\t\t\t\t<div class=\"elementor-row\">\n\t\t\t\t\t<div class=\"elementor-column elementor-col-100 elementor-top-column elementor-element elementor-element-e6f6f4a\" data-id=\"e6f6f4a\" data-element_type=\"column\">\n\t\t\t<div class=\"elementor-column-wrap elementor-element-populated\">\n\t\t\t\t\t\t\t<div class=\"elementor-widget-wrap\">\n\t\t\t\t\t\t<div class=\"elementor-element elementor-element-76a5cac elementor-widget elementor-widget-heading\" data-id=\"76a5cac\" data-element_type=\"widget\" data-widget_type=\"heading.default\">\n\t\t\t\t<div class=\"elementor-widget-container\">\n\t\t\t<h2 class=\"elementor-heading-title elementor-size-default\">Our missions<\/h2>\t\t<\/div>\n\t\t\t\t<\/div>\n\t\t\t\t\t\t<\/div>\n\t\t\t\t\t<\/div>\n\t\t<\/div>\n\t\t\t\t\t\t\t\t<\/div>\n\t\t\t\t\t<\/div>\n\t\t<\/section>\n\t\t\t\t<section class=\"elementor-section elementor-top-section elementor-element elementor-element-dc16a62 elementor-section-boxed elementor-section-height-default elementor-section-height-default\" data-id=\"dc16a62\" data-element_type=\"section\">\n\t\t\t\t\t\t<div class=\"elementor-container elementor-column-gap-default\">\n\t\t\t\t\t\t\t<div class=\"elementor-row\">\n\t\t\t\t\t<div class=\"elementor-column elementor-col-100 elementor-top-column elementor-element elementor-element-c73d317\" data-id=\"c73d317\" data-element_type=\"column\">\n\t\t\t<div class=\"elementor-column-wrap elementor-element-populated\">\n\t\t\t\t\t\t\t<div class=\"elementor-widget-wrap\">\n\t\t\t\t\t\t<div class=\"elementor-element elementor-element-f6d3f18 elementor-widget elementor-widget-text-editor\" data-id=\"f6d3f18\" data-element_type=\"widget\" data-widget_type=\"text-editor.default\">\n\t\t\t\t<div class=\"elementor-widget-container\">\n\t\t\t\t\t\t\t\t<div class=\"elementor-text-editor elementor-clearfix\">\n\t\t\t\t<p>\u2022 Mettre en place les r\u00e8gles et proc\u00e9dures relatives \u00e0 l\u2019accr\u00e9ditation des organismes d\u2019\u00e9valuation de la conformit\u00e9 ,<br \/><br \/>\u2022 Examiner les demandes et d\u00e9livrer les d\u00e9cisions d\u2019accr\u00e9ditation aux organismes d\u2019\u00e9valuation de la conformit\u00e9, conform\u00e9ment aux normes nationales et internationales pertinentes,<br \/><br \/>\u2022 Proc\u00e9der au renouvellement, suspension et retrait des d\u00e9cisions d\u2019accr\u00e9ditation,<br \/><br \/>\u2022 Elaborer des programmes p\u00e9riodiques relatifs \u00e0 l\u2019\u00e9valuation de la conformit\u00e9,<br \/><br \/>\u2022 Conclure toutes conventions et accords en rapport avec ses programmes d\u2019activit\u00e9s avec les organismes \u00e9trangers similaires et de contribuer aux efforts menant \u00e0 des accords de reconnaissance mutuelle,<br \/><br \/>\u2022 Repr\u00e9senter l\u2019Alg\u00e9rie aupr\u00e8s des organismes internationaux et r\u00e9gionaux similaires ;<br \/><br \/>\u2022 Editer et diffuser des revues, brochures ou bulletins sp\u00e9cialis\u00e9s relatifs \u00e0 son objet.<br \/><br \/>\u2022 Mettre en place les r\u00e8gles et proc\u00e9dures relatives \u00e0 l\u2019accr\u00e9ditation des organismes d\u2019\u00e9valuation de la conformit\u00e9 ;<br \/><br \/>\u2022 Examiner les demandes et d\u00e9livrer les d\u00e9cisions d\u2019accr\u00e9ditation aux organismes d\u2019\u00e9valuation de la conformit\u00e9, conform\u00e9ment aux normes nationales et internationales pertinentes ;<br \/><br \/>\u2022 Proc\u00e9der au renouvellement, suspension et retrait des d\u00e9cisions d\u2019accr\u00e9ditation ;<br \/><br \/>\u2022 Elaborer des programmes p\u00e9riodiques relatifs \u00e0 l\u2019\u00e9valuation de la conformit\u00e9 ;<br \/><br \/>\u2022 Conclure toutes conventions et accords en rapport avec ses programmes d\u2019activit\u00e9s avec les organismes \u00e9trangers similaires et de contribuer aux efforts menant \u00e0 des accords de reconnaissance mutuelle ;<br \/><br \/>\u2022 Repr\u00e9senter l\u2019Alg\u00e9rie aupr\u00e8s des organismes internationaux et r\u00e9gionaux similaires ;<br \/><br \/>\u2022 Editer et diffuser des revues, brochures ou bulletins sp\u00e9cialis\u00e9s relatifs \u00e0 son objet.<br \/><br \/><\/p>\t\t\t\t\t<\/div>\n\t\t\t\t\t\t<\/div>\n\t\t\t\t<\/div>\n\t\t\t\t\t\t<\/div>\n\t\t\t\t\t<\/div>\n\t\t<\/div>\n\t\t\t\t\t\t\t\t<\/div>\n\t\t\t\t\t<\/div>\n\t\t<\/section>\n\t\t\t\t\t\t\t\t\t<\/div>\n\t\t\t<\/div>\n\t\t\t\t\t<\/div>","protected":false},"excerpt":{"rendered":"<p>Nos missions \u2022 Mettre en place les r\u00e8gles et proc\u00e9dures relatives \u00e0 l\u2019accr\u00e9ditation des organismes d\u2019\u00e9valuation de la conformit\u00e9 , \u2022 Examiner les demandes et d\u00e9livrer les d\u00e9cisions d\u2019accr\u00e9ditation aux organismes d\u2019\u00e9valuation de la conformit\u00e9, conform\u00e9ment aux normes nationales et internationales pertinentes, \u2022 Proc\u00e9der au renouvellement, suspension et retrait des d\u00e9cisions d\u2019accr\u00e9ditation, \u2022 Elaborer des&#8230;<\/p>","protected":false},"author":1,"featured_media":0,"parent":0,"menu_order":0,"comment_status":"closed","ping_status":"closed","template":"","meta":{"_kad_post_transparent":"","_kad_post_title":"","_kad_post_layout":"","_kad_post_sidebar_id":"","_kad_post_content_style":"","_kad_post_vertical_padding":"","_kad_post_feature":"","_kad_post_feature_position":"","_kad_post_header":false,"_kad_post_footer":false},"_links":{"self":[{"href":"https:\/\/algerac.dz\/en\/wp-json\/wp\/v2\/pages\/4395"}],"collection":[{"href":"https:\/\/algerac.dz\/en\/wp-json\/wp\/v2\/pages"}],"about":[{"href":"https:\/\/algerac.dz\/en\/wp-json\/wp\/v2\/types\/page"}],"author":[{"embeddable":true,"href":"https:\/\/algerac.dz\/en\/wp-json\/wp\/v2\/users\/1"}],"replies":[{"embeddable":true,"href":"https:\/\/algerac.dz\/en\/wp-json\/wp\/v2\/comments?post=4395"}],"version-history":[{"count":10,"href":"https:\/\/algerac.dz\/en\/wp-json\/wp\/v2\/pages\/4395\/revisions"}],"predecessor-version":[{"id":4528,"href":"https:\/\/algerac.dz\/en\/wp-json\/wp\/v2\/pages\/4395\/revisions\/4528"}],"wp:attachment":[{"href":"https:\/\/algerac.dz\/en\/wp-json\/wp\/v2\/media?parent=4395"}],"curies":[{"name":"wp","href":"https:\/\/api.w.org\/{rel}","templated":true}]}}