{"id":4381,"date":"2021-08-03T14:43:34","date_gmt":"2021-08-03T12:43:34","guid":{"rendered":"https:\/\/algerac.dz\/?page_id=4381"},"modified":"2021-08-05T09:51:57","modified_gmt":"2021-08-05T07:51:57","slug":"presentation-algerac","status":"publish","type":"page","link":"https:\/\/algerac.dz\/en\/presentation-algerac\/","title":{"rendered":"Pr\u00e9sentation ALGERAC"},"content":{"rendered":"<div data-elementor-type=\"wp-page\" data-elementor-id=\"4381\" class=\"elementor elementor-4381\">\n\t\t\t\t\t\t<div class=\"elementor-inner\">\n\t\t\t\t<div class=\"elementor-section-wrap\">\n\t\t\t\t\t\t\t\t\t<section class=\"elementor-section elementor-top-section elementor-element elementor-element-0263919 elementor-section-boxed elementor-section-height-default elementor-section-height-default\" data-id=\"0263919\" data-element_type=\"section\">\n\t\t\t\t\t\t<div class=\"elementor-container elementor-column-gap-default\">\n\t\t\t\t\t\t\t<div class=\"elementor-row\">\n\t\t\t\t\t<div class=\"elementor-column elementor-col-100 elementor-top-column elementor-element elementor-element-d673296\" data-id=\"d673296\" data-element_type=\"column\">\n\t\t\t<div class=\"elementor-column-wrap elementor-element-populated\">\n\t\t\t\t\t\t\t<div class=\"elementor-widget-wrap\">\n\t\t\t\t\t\t<div class=\"elementor-element elementor-element-a07632c elementor-widget elementor-widget-heading\" data-id=\"a07632c\" data-element_type=\"widget\" data-widget_type=\"heading.default\">\n\t\t\t\t<div class=\"elementor-widget-container\">\n\t\t\t<h2 class=\"elementor-heading-title elementor-size-xl\">Pr\u00e9sentation ALGERAC<\/h2>\t\t<\/div>\n\t\t\t\t<\/div>\n\t\t\t\t\t\t<\/div>\n\t\t\t\t\t<\/div>\n\t\t<\/div>\n\t\t\t\t\t\t\t\t<\/div>\n\t\t\t\t\t<\/div>\n\t\t<\/section>\n\t\t\t\t<section class=\"elementor-section elementor-top-section elementor-element elementor-element-59515a8 elementor-section-boxed elementor-section-height-default elementor-section-height-default\" data-id=\"59515a8\" data-element_type=\"section\">\n\t\t\t\t\t\t<div class=\"elementor-container elementor-column-gap-default\">\n\t\t\t\t\t\t\t<div class=\"elementor-row\">\n\t\t\t\t\t<div class=\"elementor-column elementor-col-100 elementor-top-column elementor-element elementor-element-1f9e8d6\" data-id=\"1f9e8d6\" data-element_type=\"column\">\n\t\t\t<div class=\"elementor-column-wrap elementor-element-populated\">\n\t\t\t\t\t\t\t<div class=\"elementor-widget-wrap\">\n\t\t\t\t\t\t<div class=\"elementor-element elementor-element-80c2e8d elementor-widget elementor-widget-text-editor\" data-id=\"80c2e8d\" data-element_type=\"widget\" data-widget_type=\"text-editor.default\">\n\t\t\t\t<div class=\"elementor-widget-container\">\n\t\t\t\t\t\t\t\t<div class=\"elementor-text-editor elementor-clearfix\">\n\t\t\t\t<p style=\"text-align: left;\">D\u00e8s l\u2019ann\u00e9e 2000, l\u2019Alg\u00e9rie a pris conscience de l\u2019urgence de la mise en place d\u2019un organisme d\u2019accr\u00e9ditation national op\u00e9rationnel, afin de pouvoir s\u2019adapter aux exigences de la mondialisation.<br \/><br \/><\/p><p>Cr\u00e9\u00e9 par D\u00e9cret ex\u00e9cutif n\u00b0 05 \u2013 466 du 6 d\u00e9cembre 2005 et plac\u00e9 sous l\u2019autorit\u00e9 du Minist\u00e8re de l\u2019Industrie, l&rsquo;organisme Alg\u00e9rien d&rsquo;Accr\u00e9ditation &#8211; ALGERAC &#8211; est le seul organisme national reconnu par ses pairs en charge de d\u00e9livrer apr\u00e8s \u00e9valuation et sur la base de normes internationales, des accr\u00e9ditations au profit des organismes d\u2019\u00e9valuation de la conformit\u00e9 attestant de leurs comp\u00e9tences techniques et organisationnelles \u00e0 r\u00e9aliser des prestations de services d\u2019essais, d\u2019analyses, d\u2019\u00e9talonnage, d\u2019inspection ou de certification.<br \/><br \/><\/p><p>A son tour, ALGERAC est soumis \u00e0 des \u00e9valuations p\u00e9riodiques par ses pairs \u00ab European Accreditation \u2013 EA \u00bb, et fonctionne avec un syst\u00e8me management bas\u00e9 sur des exigences internationales conformes au r\u00e9f\u00e9rentiel ISO\/CEI 17011 et par lequel ALGERAC est somm\u00e9 de respecter les trois (03) crit\u00e8res de base : <strong>impartialit\u00e9, objectivit\u00e9<\/strong> et <strong>ind\u00e9pendance<\/strong>.<br \/><br \/><\/p>\t\t\t\t\t<\/div>\n\t\t\t\t\t\t<\/div>\n\t\t\t\t<\/div>\n\t\t\t\t\t\t<\/div>\n\t\t\t\t\t<\/div>\n\t\t<\/div>\n\t\t\t\t\t\t\t\t<\/div>\n\t\t\t\t\t<\/div>\n\t\t<\/section>\n\t\t\t\t\t\t\t\t\t<\/div>\n\t\t\t<\/div>\n\t\t\t\t\t<\/div>","protected":false},"excerpt":{"rendered":"<p>Pr\u00e9sentation ALGERAC D\u00e8s l\u2019ann\u00e9e 2000, l\u2019Alg\u00e9rie a pris conscience de l\u2019urgence de la mise en place d\u2019un organisme d\u2019accr\u00e9ditation national op\u00e9rationnel, afin de pouvoir s\u2019adapter aux exigences de la mondialisation. Cr\u00e9\u00e9 par D\u00e9cret ex\u00e9cutif n\u00b0 05 \u2013 466 du 6 d\u00e9cembre 2005 et plac\u00e9 sous l\u2019autorit\u00e9 du Minist\u00e8re de l\u2019Industrie, l&rsquo;organisme Alg\u00e9rien d&rsquo;Accr\u00e9ditation &#8211; ALGERAC&#8230;<\/p>","protected":false},"author":1,"featured_media":0,"parent":0,"menu_order":0,"comment_status":"closed","ping_status":"closed","template":"","meta":{"_kad_post_transparent":"","_kad_post_title":"","_kad_post_layout":"","_kad_post_sidebar_id":"","_kad_post_content_style":"","_kad_post_vertical_padding":"","_kad_post_feature":"","_kad_post_feature_position":"","_kad_post_header":false,"_kad_post_footer":false},"_links":{"self":[{"href":"https:\/\/algerac.dz\/en\/wp-json\/wp\/v2\/pages\/4381"}],"collection":[{"href":"https:\/\/algerac.dz\/en\/wp-json\/wp\/v2\/pages"}],"about":[{"href":"https:\/\/algerac.dz\/en\/wp-json\/wp\/v2\/types\/page"}],"author":[{"embeddable":true,"href":"https:\/\/algerac.dz\/en\/wp-json\/wp\/v2\/users\/1"}],"replies":[{"embeddable":true,"href":"https:\/\/algerac.dz\/en\/wp-json\/wp\/v2\/comments?post=4381"}],"version-history":[{"count":19,"href":"https:\/\/algerac.dz\/en\/wp-json\/wp\/v2\/pages\/4381\/revisions"}],"predecessor-version":[{"id":4522,"href":"https:\/\/algerac.dz\/en\/wp-json\/wp\/v2\/pages\/4381\/revisions\/4522"}],"wp:attachment":[{"href":"https:\/\/algerac.dz\/en\/wp-json\/wp\/v2\/media?parent=4381"}],"curies":[{"name":"wp","href":"https:\/\/api.w.org\/{rel}","templated":true}]}}