{"id":37,"date":"2022-02-19T16:03:04","date_gmt":"2022-02-19T16:03:04","guid":{"rendered":"https:\/\/algerac.dz\/documentation\/"},"modified":"2022-02-19T16:03:04","modified_gmt":"2022-02-19T16:03:04","slug":"documentation","status":"publish","type":"page","link":"https:\/\/algerac.dz\/en\/documentation\/","title":{"rendered":"Documentation"},"content":{"rendered":"<p>ALGERAC publishes documents that establish the requirements, policies and conditions linked to accreditation requests expressed by each type of conformity assessment bodies.<\/p>\n<p>De m\u00eame, pour les organisations internationales &#8211; EuropeanCooperation for Accreditation (EA) et International LaboratoryCooperation (ILAC) qui publient des documents obligatoires et des guides applicables aux diff\u00e9rentes normes d\u2019accr\u00e9ditation.<\/p>\n<p>ALGERAC\u2019s documents are indexed as shown below :<\/p>\n<ul>\n<li id=\"inscription-laccrditation\">\n                                                            Inscription \u00e0 l&rsquo;accr\u00e9ditation\n                                                    <\/li>\n<li id=\"procdures\">\n                                                            Procedures\n                                                    <\/li>\n<li id=\"documents-gnraux\">\n                                                            General documents\n                                                    <\/li>\n<li id=\"formulaires\">\n                                                            Forms\n                                                    <\/li>\n<li id=\"veille-normative\">\n                                                            veille normative\n                                                    <\/li>\n<\/ul>\n<table width=\"945\">\n<tbody>\n<tr>\n<td width=\"189\">\n<h2>Testing laboratories<\/h2>\n<ul>\n<li>DOC 01 Request for Accreditation Rev 07<\/li>\n<li>DOC 02 Accreditation Agreement Rev 10<\/li>\n<li>DOC 07 Preleminary Visit Request Rev 03<\/li>\n<li>FOR 05 Renseignement techniques pour les laboratoires d&rsquo;essais et d&rsquo;analyses R\u00e9v 04<\/li>\n<\/ul>\n<h2>Calibration laboratories<\/h2>\n<ul>\n<li>DOC 01 Request for Accreditation Rev 07<\/li>\n<li>DOC 02 Accreditation Agreement Rev 10<\/li>\n<li>DOC 07 Preleminary Visit Request Rev 03<\/li>\n<li>FOR 06 Renseignements techniques pour les laboratoires d&rsquo;\u00e9talonnage R\u00e9v 03<\/li>\n<\/ul>\n<h2>Medical laboratories<\/h2>\n<ul>\n<li>DOC 01-1 Medical Laboratory Accreditation Request -1-1<\/li>\n<li>DOC 02 Accreditation Agreement Rev 10<\/li>\n<li>DOC 07 Preleminary Visit Request Rev 03<\/li>\n<li>FOR 05-1 Renseignements techniques pour les laboratoires de biologie m\u00e9dicale-1-1<\/li>\n<li>FOR 05-2 Auto-evaluation questionnaire ISO 15189-1<\/li>\n<\/ul>\n<h2>Inspection bodies<\/h2>\n<ul>\n<li>DOC 01 Request for Accreditation Rev 07<\/li>\n<li>DOC 02 Accreditation Agreement Rev 10<\/li>\n<li>DOC 07 Preleminary Visit Request Rev 03<\/li>\n<li>FOR 04 Inspection technical information Rev 08<\/li>\n<\/ul>\n<p>FOR 04-1 Accreditation questionnaire in the inspection field according to ISO\/IEC 17020: 2012 standard Rev 02<\/p>\n<h2>Management system certification bodies<\/h2>\n<ul>\n<li>DOC 01 Request for Accreditation Rev 07<\/li>\n<li>DOC 02 Accreditation Agreement Rev 10<\/li>\n<li>DOC 07 Preleminary Visit Request Rev 03<\/li>\n<li>FOR 07 Renseignements techniques pour les organismes de certification R\u00e9v 06<\/li>\n<li>FOR 07-1 Feuille de revue du dossier d&rsquo;organisation certifi\u00e9e R\u00e9v 01<\/li>\n<li>FOR 07-3 Questionnaire d\u2019audit dans le domaine de la certification<\/li>\n<\/ul>\n<h2><strong>Bodies certifying products and services<\/strong><\/h2>\n<ul>\n<li>DOC 01-2 Demande d\u2019accr\u00e9ditation Organismes de Certification Produits, Proc\u00e9d\u00e9s, Services<\/li>\n<li>DOC 02 Accreditation Agreement Rev 10<\/li>\n<li>DOC 07 Preleminary Visit Request Rev 03<\/li>\n<li>FOR 07-5 Technical information about bodies certifying products, processes and services Rev 00<\/li>\n<\/ul>\n<\/td>\n<\/tr>\n<\/tbody>\n<\/table>\n<table width=\"945\">\n<tbody>\n<tr>\n<td width=\"189\">\n<ul>\n<li>PRO 06 S\u00e9lection, Qualification et Suivi Comp\u00e9tences Evaluateurs Experts R\u00e9v 11<\/li>\n<li>PRO 07 Proc\u00e9dure gestion des comit\u00e9s d&rsquo;accr\u00e9ditation<\/li>\n<li>PRO 12 Proc\u00e9dure d&rsquo;accr\u00e9ditation<\/li>\n<li>Annexe 03 &#8211; PRO 12 Proc\u00e9dure d&rsquo;accr\u00e9ditation<\/li>\n<li>PRO 16 D\u00e9cision d&rsquo;accr\u00e9ditation R\u00e9v 02<\/li>\n<li>PRO 17 D\u00e9veloppement extension d\u2019un programme d\u2019accr\u00e9ditation d\u2019ALGERAC<\/li>\n<li>PRO 18 Tarifs et frais d&rsquo;accr\u00e9ditation<\/li>\n<li>Annexe PRO 18 \u2013 Tarifs d\u2019accr\u00e9ditation\u00a0<\/li>\n<li>\u00e9valuation de la conformit\u00e9<\/li>\n<li>PRO 19 R\u00e8gles d&rsquo;utilisation du symbole d&rsquo;accr\u00e9ditation R\u00e9v 04<\/li>\n<li>PRO 21 Complaint processing procedure Rev 01<\/li>\n<li>PRO 22 Recusal processing Rev 00<\/li>\n<li>PRO 23 Proc\u00e9dure suspension, r\u00e9duction et retrait d\u2019une accr\u00e9ditation R\u00e9v 02<\/li>\n<li>PRO 25 Proc\u00e9dure de surveillance, de renouvellement et d&rsquo;extension de la port\u00e9e d&rsquo;accr\u00e9ditation<\/li>\n<li>PRO 26 Proc\u00e9dure d&rsquo;accr\u00e9ditation des OEC Multi Sites R\u00e9v 02<\/li>\n<li>PRO 27 Proc\u00e9dure de transition<\/li>\n<li>PRO 29 Proc\u00e9dure d&rsquo;\u00e9valuation \u00e0 distance<\/li>\n<\/ul>\n<\/td>\n<\/tr>\n<\/tbody>\n<\/table>\n<table width=\"945\">\n<tbody>\n<tr>\n<td width=\"189\">\n<ul>\n<li>GEN 03 Politique sur la tra\u00e7abilit\u00e9 des r\u00e9sultats de mesures d&rsquo;ALGERAC R\u00e9v 06<\/li>\n<li>GEN 04 R\u00e8glement int\u00e9rieur de la Commission de Recours R\u00e9v 04<\/li>\n<li>GEN 05 Politique inter comparaison R\u00e9v 05<\/li>\n<li>GEN 06 ALGERAC\u2019s cross-country policy Rev 03<\/li>\n<li>GEN 07 Sectorial diagram policy Rev 01<\/li>\n<li>GEN 09 Politique Qualit\u00e9 d&rsquo;ALGERAC R\u00e9v 04<\/li>\n<li>GEN 10 Politique sur les incertitudes dans le domaine d\u2019\u00e9talonnage d\u2019ALGERAC R\u00e9v 02<\/li>\n<li>GEN 11 Policy for rxpressing and evaluating medical accreditation scopes Rev 01<\/li>\n<li>GEN 14 Competence matrix Rev 12<\/li>\n<li>GEN 15 R\u00e8glement int\u00e9rieur du CAA R\u00e9v 00<\/li>\n<li>GEN 16 R\u00e8glement int\u00e9rieur des CAS<\/li>\n<li>GEN 17 Politique de gestion des risques d\u2019ALGERAC<\/li>\n<li>GEN 18 ALGERAC\u2019s policy on opinions and interpretations Rev 01<\/li>\n<li>GEN 19 Politique g\u00e9n\u00e9rale relative aux activit\u00e9s r\u00e8glement\u00e9es<\/li>\n<li>GEN 20 ALGERAC\u2019s policy on the description of the scope for inspecting bodies Rev 01<\/li>\n<li>GEN 21 Politique Expression et \u00e9valuation des port\u00e9es fixes et flexibles pour les Laboratoires d\u2019Essais et d\u2019Etalonnages<\/li>\n<\/ul>\n<\/td>\n<\/tr>\n<\/tbody>\n<\/table>\n<table width=\"945\">\n<tbody>\n<tr>\n<td width=\"189\">\n<ul>\n<li>FOR 20 Curriculum vitae Rev 03<\/li>\n<li>FOR 76 R\u00e8gles d&rsquo;utilisation de la marque combin\u00e9e ILAC MRA \u2013 ALGERAC R\u00e9v 01<\/li>\n<\/ul>\n<\/td>\n<\/tr>\n<\/tbody>\n<\/table>\n<p>EA-INF\/01 Liste des publications de l&rsquo;EA.<\/p>","protected":false},"excerpt":{"rendered":"<p>ALGERAC publie des documents qui \u00e9tablissent les exigences, les politiques et les conditions li\u00e9s aux demandes d\u2019accr\u00e9ditation \u00e9mises par chacun des types d\u2019organismes d\u2019\u00e9valuation de la conformit\u00e9. De m\u00eame, pour les organisations internationales &#8211; EuropeanCooperation for Accreditation (EA) et International LaboratoryCooperation (ILAC) qui publient des documents obligatoires et des guides applicables aux diff\u00e9rentes normes d\u2019accr\u00e9ditation&#8230;.<\/p>","protected":false},"author":1,"featured_media":0,"parent":0,"menu_order":0,"comment_status":"closed","ping_status":"closed","template":"","meta":{"_kad_post_transparent":"","_kad_post_title":"hide","_kad_post_layout":"fullwidth","_kad_post_sidebar_id":"","_kad_post_content_style":"unboxed","_kad_post_vertical_padding":"hide","_kad_post_feature":"hide","_kad_post_feature_position":"","_kad_post_header":false,"_kad_post_footer":false},"_links":{"self":[{"href":"https:\/\/algerac.dz\/en\/wp-json\/wp\/v2\/pages\/37"}],"collection":[{"href":"https:\/\/algerac.dz\/en\/wp-json\/wp\/v2\/pages"}],"about":[{"href":"https:\/\/algerac.dz\/en\/wp-json\/wp\/v2\/types\/page"}],"author":[{"embeddable":true,"href":"https:\/\/algerac.dz\/en\/wp-json\/wp\/v2\/users\/1"}],"replies":[{"embeddable":true,"href":"https:\/\/algerac.dz\/en\/wp-json\/wp\/v2\/comments?post=37"}],"version-history":[{"count":0,"href":"https:\/\/algerac.dz\/en\/wp-json\/wp\/v2\/pages\/37\/revisions"}],"wp:attachment":[{"href":"https:\/\/algerac.dz\/en\/wp-json\/wp\/v2\/media?parent=37"}],"curies":[{"name":"wp","href":"https:\/\/api.w.org\/{rel}","templated":true}]}}