{"id":3666,"date":"2021-05-19T10:35:50","date_gmt":"2021-05-19T08:35:50","guid":{"rendered":"https:\/\/algerac.dz\/?page_id=3666"},"modified":"2021-05-19T10:41:47","modified_gmt":"2021-05-19T08:41:47","slug":"journee_sadeg","status":"publish","type":"page","link":"https:\/\/algerac.dz\/en\/journee_sadeg\/","title":{"rendered":"Journ\u00e9e_SADEG"},"content":{"rendered":"<div data-elementor-type=\"wp-page\" data-elementor-id=\"3666\" class=\"elementor elementor-3666\">\n\t\t\t\t\t\t<div class=\"elementor-inner\">\n\t\t\t\t<div class=\"elementor-section-wrap\">\n\t\t\t\t\t\t\t\t\t<section class=\"elementor-section elementor-top-section elementor-element elementor-element-282db0a elementor-section-boxed elementor-section-height-default elementor-section-height-default\" data-id=\"282db0a\" data-element_type=\"section\">\n\t\t\t\t\t\t<div class=\"elementor-container elementor-column-gap-default\">\n\t\t\t\t\t\t\t<div class=\"elementor-row\">\n\t\t\t\t\t<div class=\"elementor-column elementor-col-100 elementor-top-column elementor-element elementor-element-eb8cd26\" data-id=\"eb8cd26\" data-element_type=\"column\">\n\t\t\t<div class=\"elementor-column-wrap elementor-element-populated\">\n\t\t\t\t\t\t\t<div class=\"elementor-widget-wrap\">\n\t\t\t\t\t\t<div class=\"elementor-element elementor-element-551b152 elementor-widget elementor-widget-heading\" data-id=\"551b152\" data-element_type=\"widget\" data-widget_type=\"heading.default\">\n\t\t\t\t<div class=\"elementor-widget-container\">\n\t\t\t<h2 class=\"elementor-heading-title elementor-size-default\">Organisation d'une journ\u00e9e d'information et de sensibilisation sur l'accr\u00e9ditation au profit du Groupe SADEG<\/h2>\t\t<\/div>\n\t\t\t\t<\/div>\n\t\t\t\t<div class=\"elementor-element elementor-element-159ac44 elementor-widget elementor-widget-image\" data-id=\"159ac44\" data-element_type=\"widget\" data-widget_type=\"image.default\">\n\t\t\t\t<div class=\"elementor-widget-container\">\n\t\t\t\t\t\t\t\t<div class=\"elementor-image\">\n\t\t\t\t\t\t\t\t\t\t\t\t<img decoding=\"async\" width=\"474\" height=\"163\" src=\"https:\/\/algerac.dz\/wp-content\/uploads\/2021\/04\/Logo_SADEG_ALGERAC.png\" class=\"attachment-large size-large wp-image-3474\" alt=\"\" loading=\"lazy\" srcset=\"https:\/\/algerac.dz\/wp-content\/uploads\/2021\/04\/Logo_SADEG_ALGERAC.png 474w, https:\/\/algerac.dz\/wp-content\/uploads\/2021\/04\/Logo_SADEG_ALGERAC-300x103.png 300w\" sizes=\"(max-width: 474px) 100vw, 474px\" \/>\t\t\t\t\t\t\t\t\t\t\t\t\t\t<\/div>\n\t\t\t\t\t\t<\/div>\n\t\t\t\t<\/div>\n\t\t\t\t<div class=\"elementor-element elementor-element-997d0c6 elementor-widget elementor-widget-text-editor\" data-id=\"997d0c6\" data-element_type=\"widget\" data-widget_type=\"text-editor.default\">\n\t\t\t\t<div class=\"elementor-widget-container\">\n\t\t\t\t\t\t\t\t<div class=\"elementor-text-editor elementor-clearfix\">\n\t\t\t\tUne journ\u00e9e d\u2019information et de sensibilisation sur l\u2019accr\u00e9ditation a \u00e9t\u00e9 organis\u00e9e le 18 mai 2021 par l\u2019Organisme Alg\u00e9rien d\u2019Accr\u00e9ditation \u2013 ALGERAC- et anim\u00e9e par son Directeur G\u00e9n\u00e9ral Monsieur Nour Eddine BOUDISSA au profit de la Soci\u00e9t\u00e9 Alg\u00e9rienne de Distribution de l\u2019Electricit\u00e9 et du Gaz &#8211; Groupe SADEG- \u00e0 son si\u00e8ge.<br><br>Cette rencontre qui a vu la participation d\u2019une vingtaine de directeurs r\u00e9gionaux et centraux s\u2019inscrit dans la cadre de la convention sign\u00e9e entre ALGERAC et le Groupe SADEG visant \u00e0 promouvoir une coop\u00e9ration technique en vue de renforcer la comp\u00e9tence du groupe SADEG et aboutir \u00e0 l\u2019accr\u00e9ditation de ses entit\u00e9s op\u00e9rationnelles.\t\t\t\t\t<\/div>\n\t\t\t\t\t\t<\/div>\n\t\t\t\t<\/div>\n\t\t\t\t\t\t<\/div>\n\t\t\t\t\t<\/div>\n\t\t<\/div>\n\t\t\t\t\t\t\t\t<\/div>\n\t\t\t\t\t<\/div>\n\t\t<\/section>\n\t\t\t\t\t\t\t\t\t<\/div>\n\t\t\t<\/div>\n\t\t\t\t\t<\/div>","protected":false},"excerpt":{"rendered":"<p>Organisation d&rsquo;une journ\u00e9e d&rsquo;information et de sensibilisation sur l&rsquo;accr\u00e9ditation au profit du Groupe SADEG Une journ\u00e9e d\u2019information et de sensibilisation sur l\u2019accr\u00e9ditation a \u00e9t\u00e9 organis\u00e9e le 18 mai 2021 par l\u2019Organisme Alg\u00e9rien d\u2019Accr\u00e9ditation \u2013 ALGERAC- et anim\u00e9e par son Directeur G\u00e9n\u00e9ral Monsieur Nour Eddine BOUDISSA au profit de la Soci\u00e9t\u00e9 Alg\u00e9rienne de Distribution de l\u2019Electricit\u00e9&#8230;<\/p>","protected":false},"author":1,"featured_media":0,"parent":0,"menu_order":0,"comment_status":"closed","ping_status":"closed","template":"","meta":{"_kad_post_transparent":"","_kad_post_title":"","_kad_post_layout":"","_kad_post_sidebar_id":"","_kad_post_content_style":"","_kad_post_vertical_padding":"","_kad_post_feature":"","_kad_post_feature_position":"","_kad_post_header":false,"_kad_post_footer":false},"_links":{"self":[{"href":"https:\/\/algerac.dz\/en\/wp-json\/wp\/v2\/pages\/3666"}],"collection":[{"href":"https:\/\/algerac.dz\/en\/wp-json\/wp\/v2\/pages"}],"about":[{"href":"https:\/\/algerac.dz\/en\/wp-json\/wp\/v2\/types\/page"}],"author":[{"embeddable":true,"href":"https:\/\/algerac.dz\/en\/wp-json\/wp\/v2\/users\/1"}],"replies":[{"embeddable":true,"href":"https:\/\/algerac.dz\/en\/wp-json\/wp\/v2\/comments?post=3666"}],"version-history":[{"count":4,"href":"https:\/\/algerac.dz\/en\/wp-json\/wp\/v2\/pages\/3666\/revisions"}],"predecessor-version":[{"id":3670,"href":"https:\/\/algerac.dz\/en\/wp-json\/wp\/v2\/pages\/3666\/revisions\/3670"}],"wp:attachment":[{"href":"https:\/\/algerac.dz\/en\/wp-json\/wp\/v2\/media?parent=3666"}],"curies":[{"name":"wp","href":"https:\/\/api.w.org\/{rel}","templated":true}]}}