{"id":3515,"date":"2021-04-18T16:29:03","date_gmt":"2021-04-18T14:29:03","guid":{"rendered":"https:\/\/algerac.dz\/?page_id=3515"},"modified":"2021-04-18T17:00:50","modified_gmt":"2021-04-18T15:00:50","slug":"convention_anad","status":"publish","type":"page","link":"https:\/\/algerac.dz\/en\/convention_anad\/","title":{"rendered":"Convention_ANAD"},"content":{"rendered":"<div data-elementor-type=\"wp-page\" data-elementor-id=\"3515\" class=\"elementor elementor-3515\">\n\t\t\t\t\t\t<div class=\"elementor-inner\">\n\t\t\t\t<div class=\"elementor-section-wrap\">\n\t\t\t\t\t\t\t\t\t<section class=\"elementor-section elementor-top-section elementor-element elementor-element-2edfb86 elementor-section-boxed elementor-section-height-default elementor-section-height-default\" data-id=\"2edfb86\" data-element_type=\"section\">\n\t\t\t\t\t\t<div class=\"elementor-container elementor-column-gap-default\">\n\t\t\t\t\t\t\t<div class=\"elementor-row\">\n\t\t\t\t\t<div class=\"elementor-column elementor-col-100 elementor-top-column elementor-element elementor-element-e1834e7\" data-id=\"e1834e7\" data-element_type=\"column\">\n\t\t\t<div class=\"elementor-column-wrap elementor-element-populated\">\n\t\t\t\t\t\t\t<div class=\"elementor-widget-wrap\">\n\t\t\t\t\t\t<div class=\"elementor-element elementor-element-01893d6 elementor-widget elementor-widget-heading\" data-id=\"01893d6\" data-element_type=\"widget\" data-widget_type=\"heading.default\">\n\t\t\t\t<div class=\"elementor-widget-container\">\n\t\t\t<h2 class=\"elementor-heading-title elementor-size-default\">Signature d\u2019une convention de coop\u00e9ration entre l\u2019Agence Nationale d'Appui et de D\u00e9veloppement de l'Entrepreneuriat (Anade ex Ansej) et l\u2019Organisme Alg\u00e9rien d\u2019Accr\u00e9ditation (ALGERAC).<\/h2>\t\t<\/div>\n\t\t\t\t<\/div>\n\t\t\t\t\t\t<\/div>\n\t\t\t\t\t<\/div>\n\t\t<\/div>\n\t\t\t\t\t\t\t\t<\/div>\n\t\t\t\t\t<\/div>\n\t\t<\/section>\n\t\t\t\t<section class=\"elementor-section elementor-top-section elementor-element elementor-element-e31a1de elementor-section-boxed elementor-section-height-default elementor-section-height-default\" data-id=\"e31a1de\" data-element_type=\"section\">\n\t\t\t\t\t\t<div class=\"elementor-container elementor-column-gap-default\">\n\t\t\t\t\t\t\t<div class=\"elementor-row\">\n\t\t\t\t\t<div class=\"elementor-column elementor-col-100 elementor-top-column elementor-element elementor-element-6eded2c\" data-id=\"6eded2c\" data-element_type=\"column\">\n\t\t\t<div class=\"elementor-column-wrap elementor-element-populated\">\n\t\t\t\t\t\t\t<div class=\"elementor-widget-wrap\">\n\t\t\t\t\t\t<div class=\"elementor-element elementor-element-c0ad1c7 elementor-widget elementor-widget-text-editor\" data-id=\"c0ad1c7\" data-element_type=\"widget\" data-widget_type=\"text-editor.default\">\n\t\t\t\t<div class=\"elementor-widget-container\">\n\t\t\t\t\t\t\t\t<div class=\"elementor-text-editor elementor-clearfix\">\n\t\t\t\tUne c\u00e9r\u00e9monie de signature d\u2019une convention de coop\u00e9ration a \u00e9t\u00e9 organis\u00e9e En date du 14 avril 2021 au si\u00e8ge de l\u2019ANADE en pr\u00e9sence de M. Mohamed Cherif BOUZIANE, Directeur G\u00e9n\u00e9ral de l\u2019ANADE et M. Nour Eddine BOUDISSA, Directeur G\u00e9n\u00e9ral \u00ab ALGERAC \u00bb<br><br>\n\nCet accord s\u2019inscrit dans le cadre des objectifs fix\u00e9s dans le plan d\u2019action du gouvernement, notamment la nouvelle strat\u00e9gie de soutien et d\u2019encouragement du d\u00e9veloppement des micros entreprises qui vise \u00e0 accompagner les micro entreprises dans le d\u00e9veloppement de leurs performances \u00e0 travers l\u2019int\u00e9gration d\u2019une d\u00e9marche qualit\u00e9 et plus particuli\u00e8rement \u00e0 l\u2019adoption d\u2019une d\u00e9marche d\u2019accr\u00e9ditation dans leurs organismes. Ceci en vue de leur permettre d\u2019acqu\u00e9rir les bonnes pratiques de gestion, d\u2019augmenter leurs comp\u00e9titivit\u00e9 et ainsi garantir la qualit\u00e9 de leurs produits et services pour leurs commercialisation \u00e0 l\u2019international.\t\t\t\t\t<\/div>\n\t\t\t\t\t\t<\/div>\n\t\t\t\t<\/div>\n\t\t\t\t\t\t<\/div>\n\t\t\t\t\t<\/div>\n\t\t<\/div>\n\t\t\t\t\t\t\t\t<\/div>\n\t\t\t\t\t<\/div>\n\t\t<\/section>\n\t\t\t\t<section class=\"elementor-section elementor-top-section elementor-element elementor-element-81fc035 elementor-section-boxed elementor-section-height-default elementor-section-height-default\" data-id=\"81fc035\" data-element_type=\"section\">\n\t\t\t\t\t\t<div class=\"elementor-container elementor-column-gap-default\">\n\t\t\t\t\t\t\t<div class=\"elementor-row\">\n\t\t\t\t\t<div class=\"elementor-column elementor-col-100 elementor-top-column elementor-element elementor-element-1e40737\" data-id=\"1e40737\" data-element_type=\"column\">\n\t\t\t<div class=\"elementor-column-wrap elementor-element-populated\">\n\t\t\t\t\t\t\t<div class=\"elementor-widget-wrap\">\n\t\t\t\t\t\t<div class=\"elementor-element elementor-element-ae4d29c elementor-widget elementor-widget-heading\" data-id=\"ae4d29c\" data-element_type=\"widget\" data-widget_type=\"heading.default\">\n\t\t\t\t<div class=\"elementor-widget-container\">\n\t\t\t<h2 class=\"elementor-heading-title elementor-size-default\">Photos de l'\u00e9v\u00e9nement<\/h2>\t\t<\/div>\n\t\t\t\t<\/div>\n\t\t\t\t<div class=\"elementor-element elementor-element-d5e424b elementor-widget elementor-widget-image-gallery\" data-id=\"d5e424b\" data-element_type=\"widget\" data-widget_type=\"image-gallery.default\">\n\t\t\t\t<div class=\"elementor-widget-container\">\n\t\t\t\t\t<div class=\"elementor-image-gallery\">\n\t\t\t<div id='gallery-1' class='gallery galleryid-3515 gallery-columns-2 gallery-size-thumbnail'><figure class='gallery-item'>\n\t\t\t<div class='gallery-icon landscape'>\n\t\t\t\t<a data-elementor-open-lightbox=\"yes\" data-elementor-lightbox-slideshow=\"d5e424b\" data-elementor-lightbox-title=\"anad_01\" data-e-action-hash=\"#elementor-action%3Aaction%3Dlightbox%26settings%3DeyJpZCI6MzUzNywidXJsIjoiaHR0cHM6XC9cL2FsZ2VyYWMuZHpcL3dwLWNvbnRlbnRcL3VwbG9hZHNcLzIwMjFcLzA0XC9hbmFkXzAxLmpwZyIsInNsaWRlc2hvdyI6ImQ1ZTQyNGIifQ%3D%3D\" href='https:\/\/algerac.dz\/wp-content\/uploads\/2021\/04\/anad_01.jpg'><img width=\"150\" height=\"150\" src=\"https:\/\/algerac.dz\/wp-content\/uploads\/2021\/04\/anad_01-150x150.jpg\" class=\"attachment-thumbnail size-thumbnail\" alt=\"\" decoding=\"async\" loading=\"lazy\" \/><\/a>\n\t\t\t<\/div><\/figure><figure class='gallery-item'>\n\t\t\t<div class='gallery-icon landscape'>\n\t\t\t\t<a data-elementor-open-lightbox=\"yes\" data-elementor-lightbox-slideshow=\"d5e424b\" data-elementor-lightbox-title=\"anad_02\" data-e-action-hash=\"#elementor-action%3Aaction%3Dlightbox%26settings%3DeyJpZCI6MzUzOCwidXJsIjoiaHR0cHM6XC9cL2FsZ2VyYWMuZHpcL3dwLWNvbnRlbnRcL3VwbG9hZHNcLzIwMjFcLzA0XC9hbmFkXzAyLmpwZyIsInNsaWRlc2hvdyI6ImQ1ZTQyNGIifQ%3D%3D\" href='https:\/\/algerac.dz\/wp-content\/uploads\/2021\/04\/anad_02.jpg'><img width=\"150\" height=\"150\" src=\"https:\/\/algerac.dz\/wp-content\/uploads\/2021\/04\/anad_02-150x150.jpg\" class=\"attachment-thumbnail size-thumbnail\" alt=\"\" decoding=\"async\" loading=\"lazy\" \/><\/a>\n\t\t\t<\/div><\/figure>\n\t\t<\/div>\n\t\t<\/div>\n\t\t\t\t<\/div>\n\t\t\t\t<\/div>\n\t\t\t\t\t\t<\/div>\n\t\t\t\t\t<\/div>\n\t\t<\/div>\n\t\t\t\t\t\t\t\t<\/div>\n\t\t\t\t\t<\/div>\n\t\t<\/section>\n\t\t\t\t\t\t\t\t\t<\/div>\n\t\t\t<\/div>\n\t\t\t\t\t<\/div>","protected":false},"excerpt":{"rendered":"<p>Signature d\u2019une convention de coop\u00e9ration entre l\u2019Agence Nationale d&rsquo;Appui et de D\u00e9veloppement de l&rsquo;Entrepreneuriat (Anade ex Ansej) et l\u2019Organisme Alg\u00e9rien d\u2019Accr\u00e9ditation (ALGERAC). Une c\u00e9r\u00e9monie de signature d\u2019une convention de coop\u00e9ration a \u00e9t\u00e9 organis\u00e9e En date du 14 avril 2021 au si\u00e8ge de l\u2019ANADE en pr\u00e9sence de M. Mohamed Cherif BOUZIANE, Directeur G\u00e9n\u00e9ral de l\u2019ANADE et&#8230;<\/p>","protected":false},"author":1,"featured_media":0,"parent":0,"menu_order":0,"comment_status":"closed","ping_status":"closed","template":"","meta":{"_kad_post_transparent":"","_kad_post_title":"","_kad_post_layout":"","_kad_post_sidebar_id":"","_kad_post_content_style":"","_kad_post_vertical_padding":"","_kad_post_feature":"","_kad_post_feature_position":"","_kad_post_header":false,"_kad_post_footer":false},"_links":{"self":[{"href":"https:\/\/algerac.dz\/en\/wp-json\/wp\/v2\/pages\/3515"}],"collection":[{"href":"https:\/\/algerac.dz\/en\/wp-json\/wp\/v2\/pages"}],"about":[{"href":"https:\/\/algerac.dz\/en\/wp-json\/wp\/v2\/types\/page"}],"author":[{"embeddable":true,"href":"https:\/\/algerac.dz\/en\/wp-json\/wp\/v2\/users\/1"}],"replies":[{"embeddable":true,"href":"https:\/\/algerac.dz\/en\/wp-json\/wp\/v2\/comments?post=3515"}],"version-history":[{"count":10,"href":"https:\/\/algerac.dz\/en\/wp-json\/wp\/v2\/pages\/3515\/revisions"}],"predecessor-version":[{"id":3541,"href":"https:\/\/algerac.dz\/en\/wp-json\/wp\/v2\/pages\/3515\/revisions\/3541"}],"wp:attachment":[{"href":"https:\/\/algerac.dz\/en\/wp-json\/wp\/v2\/media?parent=3515"}],"curies":[{"name":"wp","href":"https:\/\/api.w.org\/{rel}","templated":true}]}}