{"id":3459,"date":"2021-04-12T12:32:00","date_gmt":"2021-04-12T10:32:00","guid":{"rendered":"https:\/\/algerac.dz\/?page_id=3459"},"modified":"2021-04-12T15:35:23","modified_gmt":"2021-04-12T13:35:23","slug":"convention_sadeg","status":"publish","type":"page","link":"https:\/\/algerac.dz\/en\/convention_sadeg\/","title":{"rendered":"Convention_SADEG"},"content":{"rendered":"<div data-elementor-type=\"wp-page\" data-elementor-id=\"3459\" class=\"elementor elementor-3459\">\n\t\t\t\t\t\t<div class=\"elementor-inner\">\n\t\t\t\t<div class=\"elementor-section-wrap\">\n\t\t\t\t\t\t\t\t\t<section class=\"elementor-section elementor-top-section elementor-element elementor-element-282db0a elementor-section-boxed elementor-section-height-default elementor-section-height-default\" data-id=\"282db0a\" data-element_type=\"section\">\n\t\t\t\t\t\t<div class=\"elementor-container elementor-column-gap-default\">\n\t\t\t\t\t\t\t<div class=\"elementor-row\">\n\t\t\t\t\t<div class=\"elementor-column elementor-col-100 elementor-top-column elementor-element elementor-element-eb8cd26\" data-id=\"eb8cd26\" data-element_type=\"column\">\n\t\t\t<div class=\"elementor-column-wrap elementor-element-populated\">\n\t\t\t\t\t\t\t<div class=\"elementor-widget-wrap\">\n\t\t\t\t\t\t<div class=\"elementor-element elementor-element-551b152 elementor-widget elementor-widget-heading\" data-id=\"551b152\" data-element_type=\"widget\" data-widget_type=\"heading.default\">\n\t\t\t\t<div class=\"elementor-widget-container\">\n\t\t\t<h2 class=\"elementor-heading-title elementor-size-default\">Signature d\u2019une convention de coop\u00e9ration entre la Soci\u00e9t\u00e9 de Distribution de l\u2019Electricit\u00e9 et de Gaz (SADEG) et l\u2019Organisme Alg\u00e9rien d\u2019Accr\u00e9ditation (ALGERAC)<\/h2>\t\t<\/div>\n\t\t\t\t<\/div>\n\t\t\t\t<div class=\"elementor-element elementor-element-159ac44 elementor-widget elementor-widget-image\" data-id=\"159ac44\" data-element_type=\"widget\" data-widget_type=\"image.default\">\n\t\t\t\t<div class=\"elementor-widget-container\">\n\t\t\t\t\t\t\t\t<div class=\"elementor-image\">\n\t\t\t\t\t\t\t\t\t\t\t\t<img decoding=\"async\" width=\"474\" height=\"163\" src=\"https:\/\/algerac.dz\/wp-content\/uploads\/2021\/04\/Logo_SADEG_ALGERAC.png\" class=\"attachment-large size-large wp-image-3474\" alt=\"\" loading=\"lazy\" srcset=\"https:\/\/algerac.dz\/wp-content\/uploads\/2021\/04\/Logo_SADEG_ALGERAC.png 474w, https:\/\/algerac.dz\/wp-content\/uploads\/2021\/04\/Logo_SADEG_ALGERAC-300x103.png 300w\" sizes=\"(max-width: 474px) 100vw, 474px\" \/>\t\t\t\t\t\t\t\t\t\t\t\t\t\t<\/div>\n\t\t\t\t\t\t<\/div>\n\t\t\t\t<\/div>\n\t\t\t\t<div class=\"elementor-element elementor-element-997d0c6 elementor-widget elementor-widget-text-editor\" data-id=\"997d0c6\" data-element_type=\"widget\" data-widget_type=\"text-editor.default\">\n\t\t\t\t<div class=\"elementor-widget-container\">\n\t\t\t\t\t\t\t\t<div class=\"elementor-text-editor elementor-clearfix\">\n\t\t\t\tUne convention cadre de coop\u00e9ration a \u00e9t\u00e9 sign\u00e9e le 08 avril 2021 au si\u00e8ge de la SADEG sis \u00e0 Gu\u00e9 de Constantine, Alger entre Monsieur Mourad ADJAL, Pr\u00e9sident Directeur G\u00e9n\u00e9ral de la \u00ab SADEG \u00bb et Monsieur Nour Eddine BOUDISSA, Directeur G\u00e9n\u00e9ral \u00ab ALGERAC \u00bb, avec pour objectif de nouer un partenariat strat\u00e9gique, visant \u00e0 promouvoir et \u00e0 renforcer une coop\u00e9ration essentiellement technique, en vue d\u2019aboutir \u00e0 l\u2019accr\u00e9ditation des entit\u00e9s op\u00e9rationnelles de la SADEG.<br><br>Cet accord de coop\u00e9ration de 05 ans pr\u00e9cise les modalit\u00e9s de collaboration suivants lesquelles les deux entit\u00e9s s\u2019engagent \u00e0 coop\u00e9rer, en vue de promouvoir une synergie constructive, une collaboration fructueuse et des \u00e9changes dans les domaines techniques et scientifiques li\u00e9s aux activit\u00e9s d\u2019\u00e9valuation de conformit\u00e9.\t\t\t\t\t<\/div>\n\t\t\t\t\t\t<\/div>\n\t\t\t\t<\/div>\n\t\t\t\t<div class=\"elementor-element elementor-element-caecf2c elementor-widget elementor-widget-heading\" data-id=\"caecf2c\" data-element_type=\"widget\" data-widget_type=\"heading.default\">\n\t\t\t\t<div class=\"elementor-widget-container\">\n\t\t\t<h2 class=\"elementor-heading-title elementor-size-default\">Photos de l'\u00e9v\u00e9nement<\/h2>\t\t<\/div>\n\t\t\t\t<\/div>\n\t\t\t\t<div class=\"elementor-element elementor-element-4f81002 elementor-widget elementor-widget-image-gallery\" data-id=\"4f81002\" data-element_type=\"widget\" data-widget_type=\"image-gallery.default\">\n\t\t\t\t<div class=\"elementor-widget-container\">\n\t\t\t\t\t<div class=\"elementor-image-gallery\">\n\t\t\t<div id='gallery-1' class='gallery galleryid-3459 gallery-columns-4 gallery-size-thumbnail'><figure class='gallery-item'>\n\t\t\t<div class='gallery-icon landscape'>\n\t\t\t\t<a data-elementor-open-lightbox=\"yes\" data-elementor-lightbox-slideshow=\"4f81002\" data-elementor-lightbox-title=\"sadeg_04_2021_03\" data-e-action-hash=\"#elementor-action%3Aaction%3Dlightbox%26settings%3DeyJpZCI6MzQ5NCwidXJsIjoiaHR0cHM6XC9cL2FsZ2VyYWMuZHpcL3dwLWNvbnRlbnRcL3VwbG9hZHNcLzIwMjFcLzA0XC9zYWRlZ18wNF8yMDIxXzAzLTIuanBnIiwic2xpZGVzaG93IjoiNGY4MTAwMiJ9\" href='https:\/\/algerac.dz\/wp-content\/uploads\/2021\/04\/sadeg_04_2021_03-2.jpg'><img width=\"150\" height=\"150\" src=\"https:\/\/algerac.dz\/wp-content\/uploads\/2021\/04\/sadeg_04_2021_03-2-150x150.jpg\" class=\"attachment-thumbnail size-thumbnail\" alt=\"\" decoding=\"async\" loading=\"lazy\" \/><\/a>\n\t\t\t<\/div><\/figure><figure class='gallery-item'>\n\t\t\t<div class='gallery-icon landscape'>\n\t\t\t\t<a data-elementor-open-lightbox=\"yes\" data-elementor-lightbox-slideshow=\"4f81002\" data-elementor-lightbox-title=\"sadeg_04_2021_04\" data-e-action-hash=\"#elementor-action%3Aaction%3Dlightbox%26settings%3DeyJpZCI6MzQ5NSwidXJsIjoiaHR0cHM6XC9cL2FsZ2VyYWMuZHpcL3dwLWNvbnRlbnRcL3VwbG9hZHNcLzIwMjFcLzA0XC9zYWRlZ18wNF8yMDIxXzA0LTIuanBnIiwic2xpZGVzaG93IjoiNGY4MTAwMiJ9\" href='https:\/\/algerac.dz\/wp-content\/uploads\/2021\/04\/sadeg_04_2021_04-2.jpg'><img width=\"150\" height=\"150\" src=\"https:\/\/algerac.dz\/wp-content\/uploads\/2021\/04\/sadeg_04_2021_04-2-150x150.jpg\" class=\"attachment-thumbnail size-thumbnail\" alt=\"\" decoding=\"async\" loading=\"lazy\" \/><\/a>\n\t\t\t<\/div><\/figure><figure class='gallery-item'>\n\t\t\t<div class='gallery-icon landscape'>\n\t\t\t\t<a data-elementor-open-lightbox=\"yes\" data-elementor-lightbox-slideshow=\"4f81002\" data-elementor-lightbox-title=\"sadeg_04_2021_02\" data-e-action-hash=\"#elementor-action%3Aaction%3Dlightbox%26settings%3DeyJpZCI6MzQ5MywidXJsIjoiaHR0cHM6XC9cL2FsZ2VyYWMuZHpcL3dwLWNvbnRlbnRcL3VwbG9hZHNcLzIwMjFcLzA0XC9zYWRlZ18wNF8yMDIxXzAyLTIuanBnIiwic2xpZGVzaG93IjoiNGY4MTAwMiJ9\" href='https:\/\/algerac.dz\/wp-content\/uploads\/2021\/04\/sadeg_04_2021_02-2.jpg'><img width=\"150\" height=\"150\" src=\"https:\/\/algerac.dz\/wp-content\/uploads\/2021\/04\/sadeg_04_2021_02-2-150x150.jpg\" class=\"attachment-thumbnail size-thumbnail\" alt=\"\" decoding=\"async\" loading=\"lazy\" \/><\/a>\n\t\t\t<\/div><\/figure><figure class='gallery-item'>\n\t\t\t<div class='gallery-icon landscape'>\n\t\t\t\t<a data-elementor-open-lightbox=\"yes\" data-elementor-lightbox-slideshow=\"4f81002\" data-elementor-lightbox-title=\"sadeg_04_2021_01\" data-e-action-hash=\"#elementor-action%3Aaction%3Dlightbox%26settings%3DeyJpZCI6MzQ5MiwidXJsIjoiaHR0cHM6XC9cL2FsZ2VyYWMuZHpcL3dwLWNvbnRlbnRcL3VwbG9hZHNcLzIwMjFcLzA0XC9zYWRlZ18wNF8yMDIxXzAxLTIuanBnIiwic2xpZGVzaG93IjoiNGY4MTAwMiJ9\" href='https:\/\/algerac.dz\/wp-content\/uploads\/2021\/04\/sadeg_04_2021_01-2.jpg'><img width=\"150\" height=\"150\" src=\"https:\/\/algerac.dz\/wp-content\/uploads\/2021\/04\/sadeg_04_2021_01-2-150x150.jpg\" class=\"attachment-thumbnail size-thumbnail\" alt=\"\" decoding=\"async\" loading=\"lazy\" \/><\/a>\n\t\t\t<\/div><\/figure>\n\t\t<\/div>\n\t\t<\/div>\n\t\t\t\t<\/div>\n\t\t\t\t<\/div>\n\t\t\t\t\t\t<\/div>\n\t\t\t\t\t<\/div>\n\t\t<\/div>\n\t\t\t\t\t\t\t\t<\/div>\n\t\t\t\t\t<\/div>\n\t\t<\/section>\n\t\t\t\t\t\t\t\t\t<\/div>\n\t\t\t<\/div>\n\t\t\t\t\t<\/div>","protected":false},"excerpt":{"rendered":"<p>Signature d\u2019une convention de coop\u00e9ration entre la Soci\u00e9t\u00e9 de Distribution de l\u2019Electricit\u00e9 et de Gaz (SADEG) et l\u2019Organisme Alg\u00e9rien d\u2019Accr\u00e9ditation (ALGERAC) Une convention cadre de coop\u00e9ration a \u00e9t\u00e9 sign\u00e9e le 08 avril 2021 au si\u00e8ge de la SADEG sis \u00e0 Gu\u00e9 de Constantine, Alger entre Monsieur Mourad ADJAL, Pr\u00e9sident Directeur G\u00e9n\u00e9ral de la \u00ab SADEG&#8230;<\/p>","protected":false},"author":1,"featured_media":0,"parent":0,"menu_order":0,"comment_status":"closed","ping_status":"closed","template":"","meta":{"_kad_post_transparent":"","_kad_post_title":"","_kad_post_layout":"","_kad_post_sidebar_id":"","_kad_post_content_style":"","_kad_post_vertical_padding":"","_kad_post_feature":"","_kad_post_feature_position":"","_kad_post_header":false,"_kad_post_footer":false},"_links":{"self":[{"href":"https:\/\/algerac.dz\/en\/wp-json\/wp\/v2\/pages\/3459"}],"collection":[{"href":"https:\/\/algerac.dz\/en\/wp-json\/wp\/v2\/pages"}],"about":[{"href":"https:\/\/algerac.dz\/en\/wp-json\/wp\/v2\/types\/page"}],"author":[{"embeddable":true,"href":"https:\/\/algerac.dz\/en\/wp-json\/wp\/v2\/users\/1"}],"replies":[{"embeddable":true,"href":"https:\/\/algerac.dz\/en\/wp-json\/wp\/v2\/comments?post=3459"}],"version-history":[{"count":26,"href":"https:\/\/algerac.dz\/en\/wp-json\/wp\/v2\/pages\/3459\/revisions"}],"predecessor-version":[{"id":3521,"href":"https:\/\/algerac.dz\/en\/wp-json\/wp\/v2\/pages\/3459\/revisions\/3521"}],"wp:attachment":[{"href":"https:\/\/algerac.dz\/en\/wp-json\/wp\/v2\/media?parent=3459"}],"curies":[{"name":"wp","href":"https:\/\/api.w.org\/{rel}","templated":true}]}}