{"id":3091,"date":"2021-02-07T10:31:08","date_gmt":"2021-02-07T09:31:08","guid":{"rendered":"https:\/\/algerac.dz\/?page_id=3091"},"modified":"2021-10-05T12:22:12","modified_gmt":"2021-10-05T10:22:12","slug":"recrutement-eval_exp","status":"publish","type":"page","link":"https:\/\/algerac.dz\/en\/recrutement-eval_exp\/","title":{"rendered":"Recrutement Evaluateurs \/ Experts"},"content":{"rendered":"<div data-elementor-type=\"wp-page\" data-elementor-id=\"3091\" class=\"elementor elementor-3091\">\n\t\t\t\t\t\t<div class=\"elementor-inner\">\n\t\t\t\t<div class=\"elementor-section-wrap\">\n\t\t\t\t\t\t\t\t\t<section class=\"elementor-section elementor-top-section elementor-element elementor-element-edd28a3 elementor-section-boxed elementor-section-height-default elementor-section-height-default\" data-id=\"edd28a3\" data-element_type=\"section\">\n\t\t\t\t\t\t<div class=\"elementor-container elementor-column-gap-default\">\n\t\t\t\t\t\t\t<div class=\"elementor-row\">\n\t\t\t\t\t<div class=\"elementor-column elementor-col-100 elementor-top-column elementor-element elementor-element-d96946d\" data-id=\"d96946d\" data-element_type=\"column\">\n\t\t\t<div class=\"elementor-column-wrap elementor-element-populated\">\n\t\t\t\t\t\t\t<div class=\"elementor-widget-wrap\">\n\t\t\t\t\t\t<div class=\"elementor-element elementor-element-0ad6f82 elementor-widget elementor-widget-heading\" data-id=\"0ad6f82\" data-element_type=\"widget\" data-widget_type=\"heading.default\">\n\t\t\t\t<div class=\"elementor-widget-container\">\n\t\t\t<h2 class=\"elementor-heading-title elementor-size-default\"><b>Become an ALGERAC Expert \/ Evaluator \/ Trainer<\/b><\/h2>\t\t<\/div>\n\t\t\t\t<\/div>\n\t\t\t\t<div class=\"elementor-element elementor-element-f566b8b elementor-widget elementor-widget-text-editor\" data-id=\"f566b8b\" data-element_type=\"widget\" data-widget_type=\"text-editor.default\">\n\t\t\t\t<div class=\"elementor-widget-container\">\n\t\t\t\t\t\t\t\t<div class=\"elementor-text-editor elementor-clearfix\">\n\t\t\t\tEach year, ALGERAC launches a call for applications for the recruitment of assessor, expert and trainer with skills and know-how in the fields of testing and calibration laboratories, inspection and certification. .<br><br>\nQue vous soyez, expert, \u00e9valuateur, enseignant, formateur, chercheur, ou salari\u00e9 qualifi\u00e9 au sein d\u2019un \u00e9tablissement et que vous disposez des capacit\u00e9s n\u00e9cessaires \u00e0 mener en toute autonomie des missions d\u2019\u00e9valuation de courte dur\u00e9e d&rsquo;organismes d\u2019\u00e9valuation de la conformit\u00e9, nous vous invitons \u00e0 rejoindre ALGERAC et contribuer \u00e0 travers vos connaissances et votre savoir-faire.<br><br>\n\n<b>Terms :<\/b><br><br>\n\u2022 Being active or not having left the activity for more than 02 years.<br>\n\u2022 Be under 65 years old.<br>\n\u2022 Possess diplomas, qualifications and references in a defined field of competence.<br>\n\u2022 Be available to carry out short-term assignments.<br>\n\u2022 Demonstrate independence, objectivity, impartiality and confidentiality.<br>\n\u2022 Possess verbal and written communication skills.<br>\n\u2022 Mastering the regulatory framework and methods relating to evaluation would be an added value.<br><br>\n\n<a href=\"https:\/\/algerac.dz\/wp-content\/uploads\/2020\/12\/PRO-06-Selection-Qualification-et-Suivi-Competences-Evaluateurs-Experts-Rev-11.pdf\" target=\"_blank\" rel=\"noopener\"><span style=\"color: #ff0000;\"><b>Voir les crit\u00e8res et exigences de s\u00e9lection de candidat (PR06) &#8211; [pdf]<\/b><\/span><\/a><br><br>\n\n<b>Advantages :<\/b><br><br>\nBeing an expert, evaluator or trainer within ALGERAC allows you to:<br><br>\n\u2022 Develop your contact network by meeting other national and international experts;<br>\n\u2022 To enrich your personal experience;<br>\n\u2022 To perfect your knowledge and know-how thanks to the various technical aspects to be studied and evaluated;<br>\n\u2022 To benefit from free training in the areas of intervention;<br>\n\u2022 A daily remuneration corresponding to the ALGERAC remuneration grid.<br><br>\n\n<b>Registration procedure:<\/b><br><br>\nTo register on the national file of experts, evaluators and trainers of ALGERAC, you just have to fill in and return the application form <a href=\"https:\/\/algerac.dz\/wp-content\/uploads\/2019\/10\/FOR-20-Curriculum-vitae.docx\" target=\"_blank\" rel=\"noopener\">FOR 20<\/a> \u00e0 l&rsquo;adresse mail suivante : <span style=\"color: #ff0000;\">contact@algerac.dz<\/span><br><br>\t\t\t\t\t<\/div>\n\t\t\t\t\t\t<\/div>\n\t\t\t\t<\/div>\n\t\t\t\t\t\t<\/div>\n\t\t\t\t\t<\/div>\n\t\t<\/div>\n\t\t\t\t\t\t\t\t<\/div>\n\t\t\t\t\t<\/div>\n\t\t<\/section>\n\t\t\t\t\t\t\t\t\t<\/div>\n\t\t\t<\/div>\n\t\t\t\t\t<\/div>","protected":false},"excerpt":{"rendered":"<p>Devenir Expert \/ Evaluateur \/ Formateur d&rsquo;ALGERAC Chaque ann\u00e9e, ALGERAC lance un appel \u00e0 candidature pour le recrutement d\u2019\u00e9valuateur, d\u2019expert et de formateur disposant de comp\u00e9tences et savoir-faire dans les domaines de laboratoires d\u2019essais et d\u2019\u00e9talonnage, de l\u2019inspection et de la certification. Que vous soyez, expert, \u00e9valuateur, enseignant, formateur, chercheur, ou salari\u00e9 qualifi\u00e9 au sein&#8230;<\/p>","protected":false},"author":1,"featured_media":0,"parent":0,"menu_order":0,"comment_status":"closed","ping_status":"closed","template":"","meta":{"_kad_post_transparent":"","_kad_post_title":"","_kad_post_layout":"","_kad_post_sidebar_id":"","_kad_post_content_style":"","_kad_post_vertical_padding":"","_kad_post_feature":"","_kad_post_feature_position":"","_kad_post_header":false,"_kad_post_footer":false},"_links":{"self":[{"href":"https:\/\/algerac.dz\/en\/wp-json\/wp\/v2\/pages\/3091"}],"collection":[{"href":"https:\/\/algerac.dz\/en\/wp-json\/wp\/v2\/pages"}],"about":[{"href":"https:\/\/algerac.dz\/en\/wp-json\/wp\/v2\/types\/page"}],"author":[{"embeddable":true,"href":"https:\/\/algerac.dz\/en\/wp-json\/wp\/v2\/users\/1"}],"replies":[{"embeddable":true,"href":"https:\/\/algerac.dz\/en\/wp-json\/wp\/v2\/comments?post=3091"}],"version-history":[{"count":35,"href":"https:\/\/algerac.dz\/en\/wp-json\/wp\/v2\/pages\/3091\/revisions"}],"predecessor-version":[{"id":5559,"href":"https:\/\/algerac.dz\/en\/wp-json\/wp\/v2\/pages\/3091\/revisions\/5559"}],"wp:attachment":[{"href":"https:\/\/algerac.dz\/en\/wp-json\/wp\/v2\/media?parent=3091"}],"curies":[{"name":"wp","href":"https:\/\/api.w.org\/{rel}","templated":true}]}}