{"id":2343,"date":"2020-12-24T11:39:28","date_gmt":"2020-12-24T10:39:28","guid":{"rendered":"https:\/\/algerac.dz\/?page_id=2343"},"modified":"2020-12-24T11:54:07","modified_gmt":"2020-12-24T10:54:07","slug":"important_03","status":"publish","type":"page","link":"https:\/\/algerac.dz\/en\/important_03\/","title":{"rendered":"Important_03"},"content":{"rendered":"<div data-elementor-type=\"wp-page\" data-elementor-id=\"2343\" class=\"elementor elementor-2343\">\n\t\t\t\t\t\t<div class=\"elementor-inner\">\n\t\t\t\t<div class=\"elementor-section-wrap\">\n\t\t\t\t\t\t\t\t\t<section class=\"elementor-section elementor-top-section elementor-element elementor-element-983af93 elementor-section-boxed elementor-section-height-default elementor-section-height-default\" data-id=\"983af93\" data-element_type=\"section\">\n\t\t\t\t\t\t<div class=\"elementor-container elementor-column-gap-default\">\n\t\t\t\t\t\t\t<div class=\"elementor-row\">\n\t\t\t\t\t<div class=\"elementor-column elementor-col-100 elementor-top-column elementor-element elementor-element-569d7de\" data-id=\"569d7de\" data-element_type=\"column\">\n\t\t\t<div class=\"elementor-column-wrap elementor-element-populated\">\n\t\t\t\t\t\t\t<div class=\"elementor-widget-wrap\">\n\t\t\t\t\t\t<div class=\"elementor-element elementor-element-de478cd elementor-widget elementor-widget-heading\" data-id=\"de478cd\" data-element_type=\"widget\" data-widget_type=\"heading.default\">\n\t\t\t\t<div class=\"elementor-widget-container\">\n\t\t\t<h2 class=\"elementor-heading-title elementor-size-default\">Atelier de formation portant sur la r\u00e9vision d\u2019ILAC P15<\/h2>\t\t<\/div>\n\t\t\t\t<\/div>\n\t\t\t\t<div class=\"elementor-element elementor-element-5cb53eb elementor-widget elementor-widget-text-editor\" data-id=\"5cb53eb\" data-element_type=\"widget\" data-widget_type=\"text-editor.default\">\n\t\t\t\t<div class=\"elementor-widget-container\">\n\t\t\t\t\t\t\t\t<div class=\"elementor-text-editor elementor-clearfix\">\n\t\t\t\t<span style=\"color: #000000;\">Un atelier de formation initi\u00e9e par l\u2019AFRAC (African Accr\u00e9ditation Cooperation) a \u00e9t\u00e9 organis\u00e9 en audiovisuel les 17 et 18 d\u00e9cembre 2020 sur la nouvelle version ILAC P15 \u00ab application de l\u2019ISO\/CEI 17020 : 2012 pour l\u2019accr\u00e9ditation des organismes d\u2019inspection \u00bb.<br><br>Anim\u00e9 par Eng. Mahmoud EItayeb, cet atelier a vu la participation d\u2019une centaine d\u2019invit\u00e9s dont des organismes d\u2019inspection alg\u00e9riens accr\u00e9dit\u00e9s par ALGERAC, des \u00e9valuateurs et des cadres d\u2019ALGERAC.<br><br>Cet atelier a pour objectif principal de sensibiliser les participants sur les derni\u00e8res \u00e9volutions du document ILAC P15 et les<\/span> <span style=\"color: #000000;\">informer des principaux changements op\u00e9r\u00e9s au niveau des textes a trait aux exigences en mati\u00e8re de comp\u00e9tences, des structures, des ressources, du syst\u00e8me de management et des m\u00e9thodes et des proc\u00e9dures d\u2019inspection int\u00e9grant la possibilit\u00e9 de recourir aux nouvelles technologies qui peuvent \u00eatre utilis\u00e9es dans la r\u00e9alisation d\u2019une inspection.<\/span>\t\t\t\t\t<\/div>\n\t\t\t\t\t\t<\/div>\n\t\t\t\t<\/div>\n\t\t\t\t\t\t<\/div>\n\t\t\t\t\t<\/div>\n\t\t<\/div>\n\t\t\t\t\t\t\t\t<\/div>\n\t\t\t\t\t<\/div>\n\t\t<\/section>\n\t\t\t\t\t\t\t\t\t<\/div>\n\t\t\t<\/div>\n\t\t\t\t\t<\/div>","protected":false},"excerpt":{"rendered":"<p>Atelier de formation portant sur la r\u00e9vision d\u2019ILAC P15 Un atelier de formation initi\u00e9e par l\u2019AFRAC (African Accr\u00e9ditation Cooperation) a \u00e9t\u00e9 organis\u00e9 en audiovisuel les 17 et 18 d\u00e9cembre 2020 sur la nouvelle version ILAC P15 \u00ab application de l\u2019ISO\/CEI 17020 : 2012 pour l\u2019accr\u00e9ditation des organismes d\u2019inspection \u00bb. Anim\u00e9 par Eng. Mahmoud EItayeb, cet&#8230;<\/p>","protected":false},"author":1,"featured_media":0,"parent":0,"menu_order":0,"comment_status":"closed","ping_status":"closed","template":"","meta":{"_kad_post_transparent":"","_kad_post_title":"","_kad_post_layout":"","_kad_post_sidebar_id":"","_kad_post_content_style":"","_kad_post_vertical_padding":"","_kad_post_feature":"","_kad_post_feature_position":"","_kad_post_header":false,"_kad_post_footer":false},"_links":{"self":[{"href":"https:\/\/algerac.dz\/en\/wp-json\/wp\/v2\/pages\/2343"}],"collection":[{"href":"https:\/\/algerac.dz\/en\/wp-json\/wp\/v2\/pages"}],"about":[{"href":"https:\/\/algerac.dz\/en\/wp-json\/wp\/v2\/types\/page"}],"author":[{"embeddable":true,"href":"https:\/\/algerac.dz\/en\/wp-json\/wp\/v2\/users\/1"}],"replies":[{"embeddable":true,"href":"https:\/\/algerac.dz\/en\/wp-json\/wp\/v2\/comments?post=2343"}],"version-history":[{"count":7,"href":"https:\/\/algerac.dz\/en\/wp-json\/wp\/v2\/pages\/2343\/revisions"}],"predecessor-version":[{"id":2351,"href":"https:\/\/algerac.dz\/en\/wp-json\/wp\/v2\/pages\/2343\/revisions\/2351"}],"wp:attachment":[{"href":"https:\/\/algerac.dz\/en\/wp-json\/wp\/v2\/media?parent=2343"}],"curies":[{"name":"wp","href":"https:\/\/api.w.org\/{rel}","templated":true}]}}