{"id":2325,"date":"2020-12-24T11:01:29","date_gmt":"2020-12-24T10:01:29","guid":{"rendered":"https:\/\/algerac.dz\/?page_id=2325"},"modified":"2020-12-24T13:43:18","modified_gmt":"2020-12-24T12:43:18","slug":"important_02","status":"publish","type":"page","link":"https:\/\/algerac.dz\/en\/home\/important_02\/","title":{"rendered":"Important_02"},"content":{"rendered":"<div data-elementor-type=\"wp-page\" data-elementor-id=\"2325\" class=\"elementor elementor-2325\">\n\t\t\t\t\t\t<div class=\"elementor-inner\">\n\t\t\t\t<div class=\"elementor-section-wrap\">\n\t\t\t\t\t\t\t\t\t<section class=\"elementor-section elementor-top-section elementor-element elementor-element-2def324 elementor-section-boxed elementor-section-height-default elementor-section-height-default\" data-id=\"2def324\" data-element_type=\"section\">\n\t\t\t\t\t\t<div class=\"elementor-container elementor-column-gap-default\">\n\t\t\t\t\t\t\t<div class=\"elementor-row\">\n\t\t\t\t\t<div class=\"elementor-column elementor-col-100 elementor-top-column elementor-element elementor-element-1ffb496\" data-id=\"1ffb496\" data-element_type=\"column\">\n\t\t\t<div class=\"elementor-column-wrap elementor-element-populated\">\n\t\t\t\t\t\t\t<div class=\"elementor-widget-wrap\">\n\t\t\t\t\t\t<div class=\"elementor-element elementor-element-4b0545d elementor-widget elementor-widget-heading\" data-id=\"4b0545d\" data-element_type=\"widget\" data-widget_type=\"heading.default\">\n\t\t\t\t<div class=\"elementor-widget-container\">\n\t\t\t<h2 class=\"elementor-heading-title elementor-size-large\">\u00c9valuation des laboratoires d\u2019analyses<\/h2>\t\t<\/div>\n\t\t\t\t<\/div>\n\t\t\t\t<div class=\"elementor-element elementor-element-dd995c1 elementor-widget elementor-widget-text-editor\" data-id=\"dd995c1\" data-element_type=\"widget\" data-widget_type=\"text-editor.default\">\n\t\t\t\t<div class=\"elementor-widget-container\">\n\t\t\t\t\t\t\t\t<div class=\"elementor-text-editor elementor-clearfix\">\n\t\t\t\t<p><span style=\"color: #000000;\">Dans le contexte d\u2019\u00e9pid\u00e9mie du COVID 19, marqu\u00e9 par une n\u00e9cessit\u00e9 absolue de garantir la qualit\u00e9 des services et des produits mis \u00e0 la consommation du public, notamment dans les secteurs de la sant\u00e9 et de l\u2019agroalimentaire, ALGERAC se mobilise \u00e0 l\u2019effet de poursuivre ses activit\u00e9s et de se conformer \u00e0 la feuille de route pour laquelle elle<\/span> <span style=\"color: #000000;\">s\u2019est engag\u00e9e \u00e0 r\u00e9aliser en mati\u00e8re d\u2019accr\u00e9ditation des<\/span> <span style=\"color: #000000;\">organismes d\u2019\u00e9valuation de la conformit\u00e9.<\/span><\/p><p><span style=\"color: #000000;\">Dans cette d\u00e9marche, ALGERAC lance une s\u00e9rie d\u2019\u00e9valuation de plusieurs laboratoires install\u00e9s sur le territoire national en charge du contr\u00f4le de la qualit\u00e9 des produits men\u00e9e par des<\/span> <span style=\"color: #000000;\">\u00e9valuateurs et des experts mandat\u00e9s.<\/span><\/p><p><span style=\"color: #000000;\">Ces \u00e9valuations projet\u00e9es jusqu\u2019au mois de janvier 2021 visent \u00e0 \u00e9valuer chacune des structures aussi bien en terme organisationnel qu\u2019en terme de comp\u00e9tence technique en r\u00e9f\u00e9rence<\/span> <span style=\"color: #000000;\">avec la norme ISO \/CEI 17025.<\/span><\/p>\t\t\t\t\t<\/div>\n\t\t\t\t\t\t<\/div>\n\t\t\t\t<\/div>\n\t\t\t\t\t\t<\/div>\n\t\t\t\t\t<\/div>\n\t\t<\/div>\n\t\t\t\t\t\t\t\t<\/div>\n\t\t\t\t\t<\/div>\n\t\t<\/section>\n\t\t\t\t\t\t\t\t\t<\/div>\n\t\t\t<\/div>\n\t\t\t\t\t<\/div>","protected":false},"excerpt":{"rendered":"<p>\u00c9valuation des laboratoires d\u2019analyses Dans le contexte d\u2019\u00e9pid\u00e9mie du COVID 19, marqu\u00e9 par une n\u00e9cessit\u00e9 absolue de garantir la qualit\u00e9 des services et des produits mis \u00e0 la consommation du public, notamment dans les secteurs de la sant\u00e9 et de l\u2019agroalimentaire, ALGERAC se mobilise \u00e0 l\u2019effet de poursuivre ses activit\u00e9s et de se conformer \u00e0&#8230;<\/p>","protected":false},"author":1,"featured_media":0,"parent":287,"menu_order":0,"comment_status":"closed","ping_status":"closed","template":"","meta":{"_kad_post_transparent":"","_kad_post_title":"","_kad_post_layout":"","_kad_post_sidebar_id":"","_kad_post_content_style":"","_kad_post_vertical_padding":"","_kad_post_feature":"","_kad_post_feature_position":"","_kad_post_header":false,"_kad_post_footer":false},"_links":{"self":[{"href":"https:\/\/algerac.dz\/en\/wp-json\/wp\/v2\/pages\/2325"}],"collection":[{"href":"https:\/\/algerac.dz\/en\/wp-json\/wp\/v2\/pages"}],"about":[{"href":"https:\/\/algerac.dz\/en\/wp-json\/wp\/v2\/types\/page"}],"author":[{"embeddable":true,"href":"https:\/\/algerac.dz\/en\/wp-json\/wp\/v2\/users\/1"}],"replies":[{"embeddable":true,"href":"https:\/\/algerac.dz\/en\/wp-json\/wp\/v2\/comments?post=2325"}],"version-history":[{"count":16,"href":"https:\/\/algerac.dz\/en\/wp-json\/wp\/v2\/pages\/2325\/revisions"}],"predecessor-version":[{"id":2366,"href":"https:\/\/algerac.dz\/en\/wp-json\/wp\/v2\/pages\/2325\/revisions\/2366"}],"up":[{"embeddable":true,"href":"https:\/\/algerac.dz\/en\/wp-json\/wp\/v2\/pages\/287"}],"wp:attachment":[{"href":"https:\/\/algerac.dz\/en\/wp-json\/wp\/v2\/media?parent=2325"}],"curies":[{"name":"wp","href":"https:\/\/api.w.org\/{rel}","templated":true}]}}