{"id":2270,"date":"2020-12-24T05:17:05","date_gmt":"2020-12-24T04:17:05","guid":{"rendered":"https:\/\/algerac.dz\/?page_id=2270"},"modified":"2020-12-24T05:32:55","modified_gmt":"2020-12-24T04:32:55","slug":"ilac_p15","status":"publish","type":"page","link":"https:\/\/algerac.dz\/en\/home\/ilac_p15\/","title":{"rendered":"ILAC_P15"},"content":{"rendered":"<div data-elementor-type=\"wp-page\" data-elementor-id=\"2270\" class=\"elementor elementor-2270\">\n\t\t\t\t\t\t<div class=\"elementor-inner\">\n\t\t\t\t<div class=\"elementor-section-wrap\">\n\t\t\t\t\t\t\t\t\t<section class=\"elementor-section elementor-top-section elementor-element elementor-element-0058150 elementor-section-boxed elementor-section-height-default elementor-section-height-default\" data-id=\"0058150\" data-element_type=\"section\">\n\t\t\t\t\t\t<div class=\"elementor-container elementor-column-gap-default\">\n\t\t\t\t\t\t\t<div class=\"elementor-row\">\n\t\t\t\t\t<div class=\"elementor-column elementor-col-100 elementor-top-column elementor-element elementor-element-4d93f9d\" data-id=\"4d93f9d\" data-element_type=\"column\">\n\t\t\t<div class=\"elementor-column-wrap elementor-element-populated\">\n\t\t\t\t\t\t\t<div class=\"elementor-widget-wrap\">\n\t\t\t\t\t\t<div class=\"elementor-element elementor-element-3290478 elementor-widget elementor-widget-heading\" data-id=\"3290478\" data-element_type=\"widget\" data-widget_type=\"heading.default\">\n\t\t\t\t<div class=\"elementor-widget-container\">\n\t\t\t<h2 class=\"elementor-heading-title elementor-size-default\"><b>Nouvelle version de ILAC P15 \u00ab Application de l'ISO \/ CEI 17020:2012 pour l'accr\u00e9ditation des organismes d'inspection \u00bb\n<\/b><\/h2>\t\t<\/div>\n\t\t\t\t<\/div>\n\t\t\t\t<div class=\"elementor-element elementor-element-cb8d3d9 elementor-widget elementor-widget-text-editor\" data-id=\"cb8d3d9\" data-element_type=\"widget\" data-widget_type=\"text-editor.default\">\n\t\t\t\t<div class=\"elementor-widget-container\">\n\t\t\t\t\t\t\t\t<div class=\"elementor-text-editor elementor-clearfix\">\n\t\t\t\t<p><span style=\"color: #000000;\">Une nouvelle version de ILAC P15 \u00ab Application de l&rsquo;ISO \/ CEI 17020: 2012 pour l&rsquo;accr\u00e9ditation des organismes<\/span> <span style=\"color: #000000;\">d&rsquo;inspection \u00bb, disponible sur<a href=\"https:\/\/ilac.org\"> https:\/\/ilac.org<\/a>, a \u00e9t\u00e9 publi\u00e9e au mois de mai 2020.<br \/><br \/><\/span><span style=\"color: #000000;\">La p\u00e9riode de transition, confirm\u00e9e par l\u2019ILAC<\/span> <span style=\"color: #000000;\">\u2018International Laboratory Accreditation Cooperation), est de 18 mois \u00e0 compter de la date de sa publication sur le site web de l&rsquo;ILAC, soit<\/span> <span style=\"color: #000000;\">novembre 2021.<\/span><\/p>\t\t\t\t\t<\/div>\n\t\t\t\t\t\t<\/div>\n\t\t\t\t<\/div>\n\t\t\t\t\t\t<\/div>\n\t\t\t\t\t<\/div>\n\t\t<\/div>\n\t\t\t\t\t\t\t\t<\/div>\n\t\t\t\t\t<\/div>\n\t\t<\/section>\n\t\t\t\t\t\t\t\t\t<\/div>\n\t\t\t<\/div>\n\t\t\t\t\t<\/div>","protected":false},"excerpt":{"rendered":"<p>Nouvelle version de ILAC P15 \u00ab Application de l&rsquo;ISO \/ CEI 17020:2012 pour l&rsquo;accr\u00e9ditation des organismes d&rsquo;inspection \u00bb Une nouvelle version de ILAC P15 \u00ab Application de l&rsquo;ISO \/ CEI 17020: 2012 pour l&rsquo;accr\u00e9ditation des organismes d&rsquo;inspection \u00bb, disponible sur https:\/\/ilac.org, a \u00e9t\u00e9 publi\u00e9e au mois de mai 2020. La p\u00e9riode de transition, confirm\u00e9e par&#8230;<\/p>","protected":false},"author":1,"featured_media":0,"parent":287,"menu_order":0,"comment_status":"closed","ping_status":"closed","template":"","meta":{"_kad_post_transparent":"","_kad_post_title":"","_kad_post_layout":"","_kad_post_sidebar_id":"","_kad_post_content_style":"","_kad_post_vertical_padding":"","_kad_post_feature":"","_kad_post_feature_position":"","_kad_post_header":false,"_kad_post_footer":false},"_links":{"self":[{"href":"https:\/\/algerac.dz\/en\/wp-json\/wp\/v2\/pages\/2270"}],"collection":[{"href":"https:\/\/algerac.dz\/en\/wp-json\/wp\/v2\/pages"}],"about":[{"href":"https:\/\/algerac.dz\/en\/wp-json\/wp\/v2\/types\/page"}],"author":[{"embeddable":true,"href":"https:\/\/algerac.dz\/en\/wp-json\/wp\/v2\/users\/1"}],"replies":[{"embeddable":true,"href":"https:\/\/algerac.dz\/en\/wp-json\/wp\/v2\/comments?post=2270"}],"version-history":[{"count":18,"href":"https:\/\/algerac.dz\/en\/wp-json\/wp\/v2\/pages\/2270\/revisions"}],"predecessor-version":[{"id":2567,"href":"https:\/\/algerac.dz\/en\/wp-json\/wp\/v2\/pages\/2270\/revisions\/2567"}],"up":[{"embeddable":true,"href":"https:\/\/algerac.dz\/en\/wp-json\/wp\/v2\/pages\/287"}],"wp:attachment":[{"href":"https:\/\/algerac.dz\/en\/wp-json\/wp\/v2\/media?parent=2270"}],"curies":[{"name":"wp","href":"https:\/\/api.w.org\/{rel}","templated":true}]}}