{"id":2146,"date":"2020-12-19T11:36:08","date_gmt":"2020-12-19T10:36:08","guid":{"rendered":"https:\/\/algerac.dz\/?page_id=2146"},"modified":"2020-12-19T12:40:22","modified_gmt":"2020-12-19T11:40:22","slug":"laccreditation","status":"publish","type":"page","link":"https:\/\/algerac.dz\/en\/home\/laccreditation\/","title":{"rendered":"L&rsquo;Accr\u00e9ditation"},"content":{"rendered":"<div data-elementor-type=\"wp-page\" data-elementor-id=\"2146\" class=\"elementor elementor-2146\">\n\t\t\t\t\t\t<div class=\"elementor-inner\">\n\t\t\t\t<div class=\"elementor-section-wrap\">\n\t\t\t\t\t\t\t\t\t<section class=\"elementor-section elementor-top-section elementor-element elementor-element-15ac7f7 elementor-section-boxed elementor-section-height-default elementor-section-height-default\" data-id=\"15ac7f7\" data-element_type=\"section\">\n\t\t\t\t\t\t<div class=\"elementor-container elementor-column-gap-default\">\n\t\t\t\t\t\t\t<div class=\"elementor-row\">\n\t\t\t\t\t<div class=\"elementor-column elementor-col-100 elementor-top-column elementor-element elementor-element-22f5569\" data-id=\"22f5569\" data-element_type=\"column\">\n\t\t\t<div class=\"elementor-column-wrap elementor-element-populated\">\n\t\t\t\t\t\t\t<div class=\"elementor-widget-wrap\">\n\t\t\t\t\t\t<div class=\"elementor-element elementor-element-947286d elementor-widget elementor-widget-heading\" data-id=\"947286d\" data-element_type=\"widget\" data-widget_type=\"heading.default\">\n\t\t\t\t<div class=\"elementor-widget-container\">\n\t\t\t<h2 class=\"elementor-heading-title elementor-size-xl\">L'accr\u00e9ditation ?<\/h2>\t\t<\/div>\n\t\t\t\t<\/div>\n\t\t\t\t<div class=\"elementor-element elementor-element-dfc230a elementor-widget elementor-widget-text-editor\" data-id=\"dfc230a\" data-element_type=\"widget\" data-widget_type=\"text-editor.default\">\n\t\t\t\t<div class=\"elementor-widget-container\">\n\t\t\t\t\t\t\t\t<div class=\"elementor-text-editor elementor-clearfix\">\n\t\t\t\t<br>L\u2019accr\u00e9ditation consiste en une attestation \u00e9mise par une tierce partie au profit d\u2019un organisme d\u2019\u00e9valuation de la conformit\u00e9.<br><br> Cette attestation apporte la preuve formelle de la comp\u00e9tence de l\u2019organisme \u00e0 ex\u00e9cuter des t\u00e2ches sp\u00e9cifiques d\u2019\u00e9valuation de la conformit\u00e9.<br><br>\nD\u00e8s l\u2019ann\u00e9e 2000, l\u2019Alg\u00e9rie a pris conscience de l\u2019urgence de la mise en place d\u2019un organisme d\u2019accr\u00e9ditation national op\u00e9rationnel, afin de pouvoir s\u2019adapter aux exigences de la mondialisation.<br><br>\nALGERAC a pour mission l\u2019accr\u00e9ditation des OEC qui veulent associer une r\u00e9f\u00e9rence cr\u00e9dible \u00e0 leur comp\u00e9tence technique.<br><br>\nL\u2019accr\u00e9ditation n\u2019est pas seulement un facteur de promotion \u00e0 l\u2019exportation,mais peut aussi se r\u00e9v\u00e9ler un instrument au service des pouvoirs publics, dont le r\u00f4le ne cesse de se renforcer dans le cadre du d\u00e9veloppement \u00e9conomique.<br><br>\nEn effet, un rapport d\u2019essai ou d\u2019\u00e9talonnage, un certificat de conformit\u00e9 d\u2019un syst\u00e8me, d\u2019un produit, d\u2019un proc\u00e9d\u00e9 ou d\u2019une personne, deviennent plus cr\u00e9dibles s\u2019ils sont d\u00e9livr\u00e9s par un organisme dont l\u2019impartialit\u00e9 et la comp\u00e9tence technique sont d\u00e9montr\u00e9es selon des crit\u00e8res objectifs et reconnus internationalement par les march\u00e9s.<br><br>\nLa fonction de surveillance du march\u00e9 visant la protection des int\u00e9r\u00eats des consommateurs ainsi que de l\u2019environnement, demeure du ressort des pouvoirs publics.<br><br>\nAinsi, l\u2019accr\u00e9ditation contribue \u00e0 l\u2019\u00e9limination des barri\u00e8res techniques au commerce.<br><br>\t\t\t\t\t<\/div>\n\t\t\t\t\t\t<\/div>\n\t\t\t\t<\/div>\n\t\t\t\t\t\t<\/div>\n\t\t\t\t\t<\/div>\n\t\t<\/div>\n\t\t\t\t\t\t\t\t<\/div>\n\t\t\t\t\t<\/div>\n\t\t<\/section>\n\t\t\t\t\t\t\t\t\t<\/div>\n\t\t\t<\/div>\n\t\t\t\t\t<\/div>","protected":false},"excerpt":{"rendered":"<p>L&rsquo;accr\u00e9ditation ? L\u2019accr\u00e9ditation consiste en une attestation \u00e9mise par une tierce partie au profit d\u2019un organisme d\u2019\u00e9valuation de la conformit\u00e9. Cette attestation apporte la preuve formelle de la comp\u00e9tence de l\u2019organisme \u00e0 ex\u00e9cuter des t\u00e2ches sp\u00e9cifiques d\u2019\u00e9valuation de la conformit\u00e9. D\u00e8s l\u2019ann\u00e9e 2000, l\u2019Alg\u00e9rie a pris conscience de l\u2019urgence de la mise en place d\u2019un&#8230;<\/p>","protected":false},"author":1,"featured_media":0,"parent":287,"menu_order":0,"comment_status":"closed","ping_status":"closed","template":"elementor_header_footer","meta":{"_kad_post_transparent":"","_kad_post_title":"","_kad_post_layout":"","_kad_post_sidebar_id":"","_kad_post_content_style":"","_kad_post_vertical_padding":"","_kad_post_feature":"","_kad_post_feature_position":"","_kad_post_header":false,"_kad_post_footer":false},"_links":{"self":[{"href":"https:\/\/algerac.dz\/en\/wp-json\/wp\/v2\/pages\/2146"}],"collection":[{"href":"https:\/\/algerac.dz\/en\/wp-json\/wp\/v2\/pages"}],"about":[{"href":"https:\/\/algerac.dz\/en\/wp-json\/wp\/v2\/types\/page"}],"author":[{"embeddable":true,"href":"https:\/\/algerac.dz\/en\/wp-json\/wp\/v2\/users\/1"}],"replies":[{"embeddable":true,"href":"https:\/\/algerac.dz\/en\/wp-json\/wp\/v2\/comments?post=2146"}],"version-history":[{"count":22,"href":"https:\/\/algerac.dz\/en\/wp-json\/wp\/v2\/pages\/2146\/revisions"}],"predecessor-version":[{"id":2170,"href":"https:\/\/algerac.dz\/en\/wp-json\/wp\/v2\/pages\/2146\/revisions\/2170"}],"up":[{"embeddable":true,"href":"https:\/\/algerac.dz\/en\/wp-json\/wp\/v2\/pages\/287"}],"wp:attachment":[{"href":"https:\/\/algerac.dz\/en\/wp-json\/wp\/v2\/media?parent=2146"}],"curies":[{"name":"wp","href":"https:\/\/api.w.org\/{rel}","templated":true}]}}