{"id":2101,"date":"2020-12-19T09:34:43","date_gmt":"2020-12-19T08:34:43","guid":{"rendered":"https:\/\/algerac.dz\/?page_id=2101"},"modified":"2021-08-03T12:53:30","modified_gmt":"2021-08-03T10:53:30","slug":"qui_sommes_nous","status":"publish","type":"page","link":"https:\/\/algerac.dz\/en\/qui_sommes_nous\/","title":{"rendered":"Qui_sommes_nous"},"content":{"rendered":"<div data-elementor-type=\"wp-page\" data-elementor-id=\"2101\" class=\"elementor elementor-2101\">\n\t\t\t\t\t\t<div class=\"elementor-inner\">\n\t\t\t\t<div class=\"elementor-section-wrap\">\n\t\t\t\t\t\t\t\t\t<section class=\"elementor-section elementor-top-section elementor-element elementor-element-cc4503f elementor-section-boxed elementor-section-height-default elementor-section-height-default\" data-id=\"cc4503f\" data-element_type=\"section\">\n\t\t\t\t\t\t<div class=\"elementor-container elementor-column-gap-default\">\n\t\t\t\t\t\t\t<div class=\"elementor-row\">\n\t\t\t\t\t<div class=\"elementor-column elementor-col-100 elementor-top-column elementor-element elementor-element-0c7cd7d\" data-id=\"0c7cd7d\" data-element_type=\"column\">\n\t\t\t<div class=\"elementor-column-wrap elementor-element-populated\">\n\t\t\t\t\t\t\t<div class=\"elementor-widget-wrap\">\n\t\t\t\t\t\t<div class=\"elementor-element elementor-element-3da7166 elementor-widget elementor-widget-heading\" data-id=\"3da7166\" data-element_type=\"widget\" data-widget_type=\"heading.default\">\n\t\t\t\t<div class=\"elementor-widget-container\">\n\t\t\t<h2 class=\"elementor-heading-title elementor-size-default\">Organisme Alg\u00e9rien d'Accr\u00e9ditation<br>\nALGERAC<\/h2>\t\t<\/div>\n\t\t\t\t<\/div>\n\t\t\t\t\t\t<\/div>\n\t\t\t\t\t<\/div>\n\t\t<\/div>\n\t\t\t\t\t\t\t\t<\/div>\n\t\t\t\t\t<\/div>\n\t\t<\/section>\n\t\t\t\t<section class=\"elementor-section elementor-top-section elementor-element elementor-element-793805cf elementor-section-boxed elementor-section-height-default elementor-section-height-default\" data-id=\"793805cf\" data-element_type=\"section\">\n\t\t\t\t\t\t<div class=\"elementor-container elementor-column-gap-default\">\n\t\t\t\t\t\t\t<div class=\"elementor-row\">\n\t\t\t\t\t<div class=\"elementor-column elementor-col-100 elementor-top-column elementor-element elementor-element-59d0c551\" data-id=\"59d0c551\" data-element_type=\"column\">\n\t\t\t<div class=\"elementor-column-wrap elementor-element-populated\">\n\t\t\t\t\t\t\t<div class=\"elementor-widget-wrap\">\n\t\t\t\t\t\t<div class=\"elementor-element elementor-element-3a1a707 elementor-widget elementor-widget-text-editor\" data-id=\"3a1a707\" data-element_type=\"widget\" data-widget_type=\"text-editor.default\">\n\t\t\t\t<div class=\"elementor-widget-container\">\n\t\t\t\t\t\t\t\t<div class=\"elementor-text-editor elementor-clearfix\">\n\t\t\t\t<p><!-- wp:paragraph --><\/p>\n<p><!-- \/wp:paragraph --><\/p>\n<p><!-- wp:paragraph --><\/p>\n<h4 style=\"text-align: left;\"><span style=\"color: #000000;\"><strong>Pr\u00e9sentation de l\u2019Organisme Alg\u00e9rien d\u2019Accr\u00e9ditation <\/strong><\/span><\/h4>\n<h6>\u00a0<\/h6>\n<p class=\"has-normal-font-size\"><strong><span style=\"color: #000000;\">Statut juridique de l\u2019organisme Alg\u00e9rien d\u2019Accr\u00e9ditation (ALGERAC)<br><br><\/span><\/strong><span style=\"color: #000000;\">Le D\u00e9cret de cr\u00e9ation N\u00b0 05-466 du 5 D\u00e9cembre 2005, pr\u00e9cise en particulier qu\u2019ALGERAC est un\u00e9tablissement public \u00e0 caract\u00e8re industriel et commercial (EPIC), dot\u00e9 de la personnalit\u00e9 morale et del\u2019autonomie financi\u00e8re.<\/span><br \/><span style=\"color: #000000;\"><br>ALGERAC est r\u00e9gi par des Lois et des r\u00e8glements en vigueur, applicables \u00e0 l\u2019administration dans sesrelations avec l\u2019\u00e9tat et il est r\u00e9put\u00e9 commer\u00e7ant dans ses relations avec les tierces parties.<br><br>ALGERAC est plac\u00e9 sous l\u2019autorit\u00e9 du minist\u00e8re charg\u00e9 de la normalisation (Minist\u00e8re de l&rsquo;Industrie).<br><br>ALGERAC dispose des pleins pouvoirs de d\u00e9cision concernant l\u2019accr\u00e9ditation, incluant son octroi, son maintien, son extension, sa r\u00e9duction, sa suspension et son retrait.<\/p>\n<p><!-- \/wp:paragraph --><\/p>\t\t\t\t\t<\/div>\n\t\t\t\t\t\t<\/div>\n\t\t\t\t<\/div>\n\t\t\t\t\t\t<\/div>\n\t\t\t\t\t<\/div>\n\t\t<\/div>\n\t\t\t\t\t\t\t\t<\/div>\n\t\t\t\t\t<\/div>\n\t\t<\/section>\n\t\t\t\t\t\t\t\t\t<\/div>\n\t\t\t<\/div>\n\t\t\t\t\t<\/div>","protected":false},"excerpt":{"rendered":"<p>Organisme Alg\u00e9rien d&rsquo;Accr\u00e9ditation ALGERAC Pr\u00e9sentation de l\u2019Organisme Alg\u00e9rien d\u2019Accr\u00e9ditation \u00a0 Statut juridique de l\u2019organisme Alg\u00e9rien d\u2019Accr\u00e9ditation (ALGERAC) Le D\u00e9cret de cr\u00e9ation N\u00b0 05-466 du 5 D\u00e9cembre 2005, pr\u00e9cise en particulier qu\u2019ALGERAC est un\u00e9tablissement public \u00e0 caract\u00e8re industriel et commercial (EPIC), dot\u00e9 de la personnalit\u00e9 morale et del\u2019autonomie financi\u00e8re. ALGERAC est r\u00e9gi par des Lois et&#8230;<\/p>","protected":false},"author":1,"featured_media":0,"parent":0,"menu_order":0,"comment_status":"closed","ping_status":"closed","template":"","meta":{"_kad_post_transparent":"","_kad_post_title":"","_kad_post_layout":"","_kad_post_sidebar_id":"","_kad_post_content_style":"","_kad_post_vertical_padding":"","_kad_post_feature":"","_kad_post_feature_position":"","_kad_post_header":false,"_kad_post_footer":false},"_links":{"self":[{"href":"https:\/\/algerac.dz\/en\/wp-json\/wp\/v2\/pages\/2101"}],"collection":[{"href":"https:\/\/algerac.dz\/en\/wp-json\/wp\/v2\/pages"}],"about":[{"href":"https:\/\/algerac.dz\/en\/wp-json\/wp\/v2\/types\/page"}],"author":[{"embeddable":true,"href":"https:\/\/algerac.dz\/en\/wp-json\/wp\/v2\/users\/1"}],"replies":[{"embeddable":true,"href":"https:\/\/algerac.dz\/en\/wp-json\/wp\/v2\/comments?post=2101"}],"version-history":[{"count":39,"href":"https:\/\/algerac.dz\/en\/wp-json\/wp\/v2\/pages\/2101\/revisions"}],"predecessor-version":[{"id":4329,"href":"https:\/\/algerac.dz\/en\/wp-json\/wp\/v2\/pages\/2101\/revisions\/4329"}],"wp:attachment":[{"href":"https:\/\/algerac.dz\/en\/wp-json\/wp\/v2\/media?parent=2101"}],"curies":[{"name":"wp","href":"https:\/\/api.w.org\/{rel}","templated":true}]}}