{"id":2091,"date":"2020-12-03T12:35:59","date_gmt":"2020-12-03T11:35:59","guid":{"rendered":"https:\/\/algerac.dz\/?page_id=2091"},"modified":"2021-03-30T11:26:32","modified_gmt":"2021-03-30T09:26:32","slug":"important_home","status":"publish","type":"page","link":"https:\/\/algerac.dz\/en\/home\/important_home\/","title":{"rendered":"IMPORTANT"},"content":{"rendered":"<div data-elementor-type=\"wp-page\" data-elementor-id=\"2091\" class=\"elementor elementor-2091\">\n\t\t\t\t\t\t<div class=\"elementor-inner\">\n\t\t\t\t<div class=\"elementor-section-wrap\">\n\t\t\t\t\t\t\t\t\t<section class=\"elementor-section elementor-top-section elementor-element elementor-element-73dd344 elementor-section-boxed elementor-section-height-default elementor-section-height-default\" data-id=\"73dd344\" data-element_type=\"section\">\n\t\t\t\t\t\t<div class=\"elementor-container elementor-column-gap-default\">\n\t\t\t\t\t\t\t<div class=\"elementor-row\">\n\t\t\t\t\t<div class=\"elementor-column elementor-col-100 elementor-top-column elementor-element elementor-element-422a941\" data-id=\"422a941\" data-element_type=\"column\">\n\t\t\t<div class=\"elementor-column-wrap elementor-element-populated\">\n\t\t\t\t\t\t\t<div class=\"elementor-widget-wrap\">\n\t\t\t\t\t\t<div class=\"elementor-element elementor-element-78964b5 elementor-widget elementor-widget-heading\" data-id=\"78964b5\" data-element_type=\"widget\" data-widget_type=\"heading.default\">\n\t\t\t\t<div class=\"elementor-widget-container\">\n\t\t\t<h2 class=\"elementor-heading-title elementor-size-default\">Accreditation of inspection bodies operating in the field of pressure equipment<\/h2>\t\t<\/div>\n\t\t\t\t<\/div>\n\t\t\t\t<div class=\"elementor-element elementor-element-8ed077b elementor-widget elementor-widget-text-editor\" data-id=\"8ed077b\" data-element_type=\"widget\" data-widget_type=\"text-editor.default\">\n\t\t\t\t<div class=\"elementor-widget-container\">\n\t\t\t\t\t\t\t\t<div class=\"elementor-text-editor elementor-clearfix\">\n\t\t\t\t<p><span style=\"color: #000000;\">En vertu de l\u2019Arr\u00eat\u00e9 du 26 Rabie El Aouel 1442 correspondant au 12 novembre 2020 fixant les modalit\u00e9s et les conditions d\u2019agr\u00e9ment et d\u2019habilitation des organismes de v\u00e9rification et de contr\u00f4le des \u00e9quipements fonctionnant sous pressions, les organismes d\u2019inspection qui \u0153uvrent dans ce secteur d\u2019activit\u00e9 sont tenus d\u2019entamer dans les meilleurs d\u00e9lais le processus d\u2019accr\u00e9ditation afin d\u2019\u00eatre en accord avec les \u00e9ch\u00e9ances suivantes :<\/span><\/p><p><span style=\"color: #000000;\">&#8211; Avant le 18 juillet 2021 :<\/span><\/p><p><span style=\"color: #000000;\">Recevabilit\u00e9 technique reconnue par ALGERAC du dossier de demande d\u2019accr\u00e9ditation<\/span><br \/><br \/><\/p><p><span style=\"color: #000000;\">&#8211; Avant le 16 juin 2022 :<\/span><\/p><p><span style=\"color: #000000;\">Obtention de l\u2019accr\u00e9ditation<\/span><br \/><br \/><\/p><p><span style=\"color: #000000;\">Si les dates limites ci-dessus de sont pas respect\u00e9es, les agr\u00e9ments seront suspendus et les organismes devront cesser d\u2019intervenir dans ce domaine.\u00a0<\/span><\/p>\t\t\t\t\t<\/div>\n\t\t\t\t\t\t<\/div>\n\t\t\t\t<\/div>\n\t\t\t\t\t\t<\/div>\n\t\t\t\t\t<\/div>\n\t\t<\/div>\n\t\t\t\t\t\t\t\t<\/div>\n\t\t\t\t\t<\/div>\n\t\t<\/section>\n\t\t\t\t\t\t\t\t\t<\/div>\n\t\t\t<\/div>\n\t\t\t\t\t<\/div>","protected":false},"excerpt":{"rendered":"<p>Accr\u00e9ditation des organismes d\u2019inspection exer\u00e7ant dans le domaine des \u00e9quipements sous pression En vertu de l\u2019Arr\u00eat\u00e9 du 26 Rabie El Aouel 1442 correspondant au 12 novembre 2020 fixant les modalit\u00e9s et les conditions d\u2019agr\u00e9ment et d\u2019habilitation des organismes de v\u00e9rification et de contr\u00f4le des \u00e9quipements fonctionnant sous pressions, les organismes d\u2019inspection qui \u0153uvrent dans ce&#8230;<\/p>","protected":false},"author":1,"featured_media":0,"parent":287,"menu_order":0,"comment_status":"closed","ping_status":"closed","template":"","meta":{"_kad_post_transparent":"","_kad_post_title":"","_kad_post_layout":"","_kad_post_sidebar_id":"","_kad_post_content_style":"","_kad_post_vertical_padding":"","_kad_post_feature":"","_kad_post_feature_position":"","_kad_post_header":false,"_kad_post_footer":false},"_links":{"self":[{"href":"https:\/\/algerac.dz\/en\/wp-json\/wp\/v2\/pages\/2091"}],"collection":[{"href":"https:\/\/algerac.dz\/en\/wp-json\/wp\/v2\/pages"}],"about":[{"href":"https:\/\/algerac.dz\/en\/wp-json\/wp\/v2\/types\/page"}],"author":[{"embeddable":true,"href":"https:\/\/algerac.dz\/en\/wp-json\/wp\/v2\/users\/1"}],"replies":[{"embeddable":true,"href":"https:\/\/algerac.dz\/en\/wp-json\/wp\/v2\/comments?post=2091"}],"version-history":[{"count":35,"href":"https:\/\/algerac.dz\/en\/wp-json\/wp\/v2\/pages\/2091\/revisions"}],"predecessor-version":[{"id":3392,"href":"https:\/\/algerac.dz\/en\/wp-json\/wp\/v2\/pages\/2091\/revisions\/3392"}],"up":[{"embeddable":true,"href":"https:\/\/algerac.dz\/en\/wp-json\/wp\/v2\/pages\/287"}],"wp:attachment":[{"href":"https:\/\/algerac.dz\/en\/wp-json\/wp\/v2\/media?parent=2091"}],"curies":[{"name":"wp","href":"https:\/\/api.w.org\/{rel}","templated":true}]}}