{"id":18848,"date":"2025-07-29T10:19:44","date_gmt":"2025-07-29T08:19:44","guid":{"rendered":"https:\/\/algerac.dz\/?page_id=18848"},"modified":"2025-07-29T11:13:57","modified_gmt":"2025-07-29T09:13:57","slug":"appel-a-candidature-pour-le-recrutement-dexperts-metrologues","status":"publish","type":"page","link":"https:\/\/algerac.dz\/en\/appel-a-candidature-pour-le-recrutement-dexperts-metrologues\/","title":{"rendered":"Appel \u00e0 candidature pour le recrutement d\u2019Experts M\u00e9trologues"},"content":{"rendered":"<div data-elementor-type=\"wp-page\" data-elementor-id=\"18848\" class=\"elementor elementor-18848\">\n\t\t\t\t\t\t<div class=\"elementor-inner\">\n\t\t\t\t<div class=\"elementor-section-wrap\">\n\t\t\t\t\t\t\t\t\t<section class=\"elementor-section elementor-top-section elementor-element elementor-element-d1b553f elementor-section-boxed elementor-section-height-default elementor-section-height-default\" data-id=\"d1b553f\" data-element_type=\"section\">\n\t\t\t\t\t\t<div class=\"elementor-container elementor-column-gap-default\">\n\t\t\t\t\t\t\t<div class=\"elementor-row\">\n\t\t\t\t\t<div class=\"elementor-column elementor-col-100 elementor-top-column elementor-element elementor-element-dc6f0e9\" data-id=\"dc6f0e9\" data-element_type=\"column\">\n\t\t\t<div class=\"elementor-column-wrap elementor-element-populated\">\n\t\t\t\t\t\t\t<div class=\"elementor-widget-wrap\">\n\t\t\t\t\t\t<div class=\"elementor-element elementor-element-f700621 elementor-widget-divider--view-line elementor-widget elementor-widget-divider\" data-id=\"f700621\" data-element_type=\"widget\" data-widget_type=\"divider.default\">\n\t\t\t\t<div class=\"elementor-widget-container\">\n\t\t\t\t\t<div class=\"elementor-divider\">\n\t\t\t<span class=\"elementor-divider-separator\">\n\t\t\t\t\t\t<\/span>\n\t\t<\/div>\n\t\t\t\t<\/div>\n\t\t\t\t<\/div>\n\t\t\t\t\t\t<\/div>\n\t\t\t\t\t<\/div>\n\t\t<\/div>\n\t\t\t\t\t\t\t\t<\/div>\n\t\t\t\t\t<\/div>\n\t\t<\/section>\n\t\t\t\t<section class=\"elementor-section elementor-top-section elementor-element elementor-element-53fa5d9 elementor-section-boxed elementor-section-height-default elementor-section-height-default\" data-id=\"53fa5d9\" data-element_type=\"section\">\n\t\t\t\t\t\t<div class=\"elementor-container elementor-column-gap-default\">\n\t\t\t\t\t\t\t<div class=\"elementor-row\">\n\t\t\t\t\t<div class=\"elementor-column elementor-col-100 elementor-top-column elementor-element elementor-element-74e8c7a\" data-id=\"74e8c7a\" data-element_type=\"column\">\n\t\t\t<div class=\"elementor-column-wrap elementor-element-populated\">\n\t\t\t\t\t\t\t<div class=\"elementor-widget-wrap\">\n\t\t\t\t\t\t<div class=\"elementor-element elementor-element-d7d9ad0 elementor-widget elementor-widget-text-editor\" data-id=\"d7d9ad0\" data-element_type=\"widget\" data-widget_type=\"text-editor.default\">\n\t\t\t\t<div class=\"elementor-widget-container\">\n\t\t\t\t\t\t\t\t<div class=\"elementor-text-editor elementor-clearfix\">\n\t\t\t\t<h4><strong>Appel \u00e0 candidature pour le recrutement d\u2019Experts M\u00e9trologues<\/strong><\/h4>\t\t\t\t\t<\/div>\n\t\t\t\t\t\t<\/div>\n\t\t\t\t<\/div>\n\t\t\t\t\t\t<\/div>\n\t\t\t\t\t<\/div>\n\t\t<\/div>\n\t\t\t\t\t\t\t\t<\/div>\n\t\t\t\t\t<\/div>\n\t\t<\/section>\n\t\t\t\t<section class=\"elementor-section elementor-top-section elementor-element elementor-element-d4e2e95 elementor-section-boxed elementor-section-height-default elementor-section-height-default\" data-id=\"d4e2e95\" data-element_type=\"section\">\n\t\t\t\t\t\t<div class=\"elementor-container elementor-column-gap-default\">\n\t\t\t\t\t\t\t<div class=\"elementor-row\">\n\t\t\t\t\t<div class=\"elementor-column elementor-col-100 elementor-top-column elementor-element elementor-element-2a561bc\" data-id=\"2a561bc\" data-element_type=\"column\">\n\t\t\t<div class=\"elementor-column-wrap elementor-element-populated\">\n\t\t\t\t\t\t\t<div class=\"elementor-widget-wrap\">\n\t\t\t\t\t\t<div class=\"elementor-element elementor-element-9194df7 elementor-widget elementor-widget-text-editor\" data-id=\"9194df7\" data-element_type=\"widget\" data-widget_type=\"text-editor.default\">\n\t\t\t\t<div class=\"elementor-widget-container\">\n\t\t\t\t\t\t\t\t<div class=\"elementor-text-editor elementor-clearfix\">\n\t\t\t\t<p>ALGERAC lance un appel \u00e0 candidature pour le recrutement d\u2019Experts M\u00e9trologues dans les domaines suivants :<\/p><ul><li>Pyrom\u00e9trie : \u00c9talonnage de thermom\u00e8tres infrarouges (thermom\u00e9trie sans contact) \u00e0 l\u2019aide de sources planes et de sources \u00e0 cavit\u00e9.<\/li><li>Extensom\u00e8tre : \u00c9talonnage des extensom\u00e8tres selon les normes ISO 9513 :2013 et ASTM E83-16.<\/li><li>Mesure de force : \u00c9talonnage des capteurs de force, dynamom\u00e8tres et anneaux dynamom\u00e9triques conform\u00e9ment \u00e0 la norme ISO 376 :2011.<\/li><li>Acoustique et vibrations : \u00c9talonnage et mesures selon les normes en vigueur.<\/li><li>\u00c9lectricit\u00e9 : \u00c9talonnage d\u2019\u00e9quipements \u00e9lectriques par transposition thermique en utilisant des diviseurs Kelvin-Varley.ci-apr\u00e8s.<\/li><\/ul><p><strong>Crit\u00e8res de s\u00e9lection :<\/strong><\/p><ul><li>Titulaire d\u2019une Licence ou niveau sup\u00e9rieur dans les domaines suivants \u00ab\u00a0\u00e9lectronique, m\u00e9canique, g\u00e9nie des proc\u00e9d\u00e9s ou tout autre domaine pertinent.<\/li><li>\u00catre actuellement en activit\u00e9 ou ne pas avoir quitt\u00e9 l\u2019activit\u00e9 professionnelle depuis plus de trois (03) ans ;<\/li><\/ul><p><strong>\u00a0<\/strong><strong style=\"background-color: transparent; color: var(--global-palette4); font-family: var(--global-body-font-family);\">Pour postuler :<\/strong><\/p><p>Merci de t\u00e9l\u00e9charger le formulaire \u00a0<a href=\"https:\/\/algerac.dz\/wp-content\/uploads\/2024\/09\/FOR_20_Curriculum_vitae_Rev03_27_03_2024_sw.docx\" target=\"_blank\" rel=\"noopener\"><strong>FOR 20\u00a0 Curriculum Vitae<\/strong><\/a> , le renseigner et le retourner \u00e0 : <a href=\"mailto:recrutement@algerac.dz\"><strong>recrutement@algerac.dz<\/strong><\/a>, en pr\u00e9cisant en objet \u00ab\u00a0<strong>Candidature Experts M\u00e9trologues\u00a0<\/strong>\u00bb<\/p><p><strong>Important\u00a0:\u00a0 \u00a0<\/strong><span style=\"background-color: transparent; color: var(--global-palette4); font-family: var(--global-body-font-family);\">Il ne sera r\u00e9pondu qu\u2019aux candidatures retenues.<\/span><\/p>\t\t\t\t\t<\/div>\n\t\t\t\t\t\t<\/div>\n\t\t\t\t<\/div>\n\t\t\t\t\t\t<\/div>\n\t\t\t\t\t<\/div>\n\t\t<\/div>\n\t\t\t\t\t\t\t\t<\/div>\n\t\t\t\t\t<\/div>\n\t\t<\/section>\n\t\t\t\t<section class=\"elementor-section elementor-top-section elementor-element elementor-element-d9be91e elementor-section-boxed elementor-section-height-default elementor-section-height-default\" data-id=\"d9be91e\" data-element_type=\"section\">\n\t\t\t\t\t\t<div class=\"elementor-container elementor-column-gap-default\">\n\t\t\t\t\t\t\t<div class=\"elementor-row\">\n\t\t\t\t\t<div class=\"elementor-column elementor-col-100 elementor-top-column elementor-element elementor-element-accf42d\" data-id=\"accf42d\" data-element_type=\"column\">\n\t\t\t<div class=\"elementor-column-wrap elementor-element-populated\">\n\t\t\t\t\t\t\t<div class=\"elementor-widget-wrap\">\n\t\t\t\t\t\t<div class=\"elementor-element elementor-element-6373d3b elementor-widget-divider--view-line elementor-widget elementor-widget-divider\" data-id=\"6373d3b\" data-element_type=\"widget\" data-widget_type=\"divider.default\">\n\t\t\t\t<div class=\"elementor-widget-container\">\n\t\t\t\t\t<div class=\"elementor-divider\">\n\t\t\t<span class=\"elementor-divider-separator\">\n\t\t\t\t\t\t<\/span>\n\t\t<\/div>\n\t\t\t\t<\/div>\n\t\t\t\t<\/div>\n\t\t\t\t\t\t<\/div>\n\t\t\t\t\t<\/div>\n\t\t<\/div>\n\t\t\t\t\t\t\t\t<\/div>\n\t\t\t\t\t<\/div>\n\t\t<\/section>\n\t\t\t\t\t\t\t\t\t<\/div>\n\t\t\t<\/div>\n\t\t\t\t\t<\/div>","protected":false},"excerpt":{"rendered":"<p>Appel \u00e0 candidature pour le recrutement d\u2019Experts M\u00e9trologues ALGERAC lance un appel \u00e0 candidature pour le recrutement d\u2019Experts M\u00e9trologues dans les domaines suivants : Pyrom\u00e9trie : \u00c9talonnage de thermom\u00e8tres infrarouges (thermom\u00e9trie sans contact) \u00e0 l\u2019aide de sources planes et de sources \u00e0 cavit\u00e9. Extensom\u00e8tre : \u00c9talonnage des extensom\u00e8tres selon les normes ISO 9513 :2013 et&#8230;<\/p>","protected":false},"author":1,"featured_media":0,"parent":0,"menu_order":0,"comment_status":"closed","ping_status":"closed","template":"","meta":{"_kad_post_transparent":"","_kad_post_title":"hide","_kad_post_layout":"fullwidth","_kad_post_sidebar_id":"","_kad_post_content_style":"unboxed","_kad_post_vertical_padding":"hide","_kad_post_feature":"hide","_kad_post_feature_position":"","_kad_post_header":false,"_kad_post_footer":false},"_links":{"self":[{"href":"https:\/\/algerac.dz\/en\/wp-json\/wp\/v2\/pages\/18848"}],"collection":[{"href":"https:\/\/algerac.dz\/en\/wp-json\/wp\/v2\/pages"}],"about":[{"href":"https:\/\/algerac.dz\/en\/wp-json\/wp\/v2\/types\/page"}],"author":[{"embeddable":true,"href":"https:\/\/algerac.dz\/en\/wp-json\/wp\/v2\/users\/1"}],"replies":[{"embeddable":true,"href":"https:\/\/algerac.dz\/en\/wp-json\/wp\/v2\/comments?post=18848"}],"version-history":[{"count":40,"href":"https:\/\/algerac.dz\/en\/wp-json\/wp\/v2\/pages\/18848\/revisions"}],"predecessor-version":[{"id":18909,"href":"https:\/\/algerac.dz\/en\/wp-json\/wp\/v2\/pages\/18848\/revisions\/18909"}],"wp:attachment":[{"href":"https:\/\/algerac.dz\/en\/wp-json\/wp\/v2\/media?parent=18848"}],"curies":[{"name":"wp","href":"https:\/\/api.w.org\/{rel}","templated":true}]}}