{"id":17,"date":"2022-02-19T15:51:23","date_gmt":"2022-02-19T15:51:23","guid":{"rendered":"https:\/\/algerac.dz\/laccreditation\/"},"modified":"2022-02-19T15:51:23","modified_gmt":"2022-02-19T15:51:23","slug":"laccreditation","status":"publish","type":"page","link":"https:\/\/algerac.dz\/en\/laccreditation\/","title":{"rendered":"Accreditation"},"content":{"rendered":"<p>Par d\u00e9finition, l\u2019accr\u00e9ditation est une attestation \u00e9mise par une tierce partie au profit d\u2019un organisme d\u2019\u00e9valuation de la conformit\u00e9. Cette attestation apporte la preuve formelle de la comp\u00e9tence de l\u2019organisme \u00e0 ex\u00e9cuter des t\u00e2ches sp\u00e9cifiques d\u2019\u00e9valuation de la conformit\u00e9.<\/p>\n<p>En d\u2019autre terme, un organisme d\u2019\u00e9valuation de la conformit\u00e9\u00a0<strong>accr\u00e9dit\u00e9<\/strong>\u00a0d\u00e9montre en plus de cr\u00e9er un climat de confiance avec ses clients, qu\u2019il\u00a0:<\/p>\n<ul>\n<li>it has the qualification and necessary technical competence to perform its operations,<\/li>\n<li>it fully masters the processes and systems relating to its missions,<\/li>\n<li>it produces reliable and valid results,<\/li>\n<li>it complies with the requirements specified internationally.<\/li>\n<\/ul>\n<p class=\" translation-block\">As a matter of fact, a testing, analysis, calibration or inspection report, or a conformity certificate issued about a system, product, or person is more credible once it is delivered by a body whose impartiality, and technical and organisational competence have been demonstrated according to specific criteria agreed upon internationally.<\/p>\n<ul>\n<li id=\"accrditation-et-certification-\">\n                                                            Accreditation and certification ?\n                                                    <\/li>\n<li id=\"avantages-et-intrt-de-laccrditation\">\n                                                            Benefits of accreditation\n                                                    <\/li>\n<li id=\"les-rfrentiels-daccrditation\">\n                                                            Accreditation standards\n                                                    <\/li>\n<li id=\"procdure-daccrditation\">\n                                                            Accreditation procedure\n                                                    <\/li>\n<li id=\"tarifs-daccrditation\">\n                                                            Tarifs d&rsquo;Accr\u00e9ditation\n                                                    <\/li>\n<\/ul>\n<p>Accreditation and certification are actually verification procedures which, as a rule, are both often considered as supplementary assessment processes. Nevertheless, they are distinguished by the context in which they are utilised.<\/p>\n<p class=\" translation-block\">Accreditation is awarded by an accreditation body, following an assessment, and serves as a recognition that the conformity assessment bodies have the necessary technical and organisational competence to perform testings, analyses, and inspection and certification activities.<\/p>\n<p class=\" translation-block\">As for certification, it is an attestation delivered after an assessment by an accredited conformity assessment body which confirms with competence and impartiality that a product, service, management system, or person conforms to the required criteria laid out in a recognised standard.<\/p>\n<p>Based on the notion that accreditation is a simple tool that brings into the national market an atmosphere of confidence and security, it is also awarded a key role that can contribute to:<\/p>\n<ul>\n<li>control, monitor, and regulate the national market,\u00a0<\/li>\n<li>ensure the quality of products and services in use,<\/li>\n<li>guarantee the health and safety of the consumer, and the protection of the environment,<\/li>\n<li>facilitate the free flow of goods and services.<\/li>\n<\/ul>\n<p>An organisation that is accredited and recognised for its competence should be able to :<\/p>\n<ul>\n<li>Further improve its brand image and reputation among clients,<\/li>\n<li>Minimise the technical and financial barriers that may result from (cross-border) trading,<\/li>\n<li>Continuously develop knowledge and performance relating to its scope of activities,<\/li>\n<li>Bravely face competition and climb the national and international business ladder.<\/li>\n<\/ul>\n<section data-id=\"0166bdb\" data-element_type=\"section\">\n<p>So as to confirm a conformity assessment body seeking accreditation has the technical and organisational competence, ALGERAC performs assessments on the basis of the requirements of international accreditation standards and rules as defined below :<\/p>\n<p>\u00a0<\/p>\n<\/section>\n<section data-id=\"9741760\" data-element_type=\"section\">\n<table border=\"1\" width=\"98%\">\n<tbody>\n<tr>\n<td width=\"307\"><strong>Accreditation standards<\/strong><\/td>\n<td width=\"307\"><strong>Organisations concerned<\/strong><\/td>\n<\/tr>\n<tr>\n<td width=\"307\">ISO\/IEC 17025<\/td>\n<td width=\"307\">Testing &amp; and  calibration, and analysis laboratories<\/td>\n<\/tr>\n<tr>\n<td width=\"307\">ISO 15189<\/td>\n<td width=\"307\">Medical laboratories<\/td>\n<\/tr>\n<tr>\n<td width=\"307\">ISO\/IEC 17020<\/td>\n<td width=\"307\">Inspection bodies<\/td>\n<\/tr>\n<tr>\n<td width=\"307\">ISO\/IEC 17021<\/td>\n<td width=\"307\">Management system certification bodies<\/td>\n<\/tr>\n<tr>\n<td width=\"307\">ISO\/IEC 17065<\/td>\n<td width=\"307\">Bodies certifying products, processes and services<\/td>\n<\/tr>\n<tr>\n<td width=\"307\">ISO\/IEC 17024<\/td>\n<td width=\"307\">Bodies operating certification of persons<\/td>\n<\/tr>\n<tr>\n<td width=\"307\">ISO\/IEC 17043<\/td>\n<td width=\"307\">Profeciency testing<\/td>\n<\/tr>\n<\/tbody>\n<\/table>\n<\/section>\n<section data-id=\"6718e7a\" data-element_type=\"section\">\n<p>As mentioned in document PRO 12 (ALGERAC accreditation procedure), the accreditation process consists of five (05) essential steps defined as follows:<\/p>\n<\/section>\n<section data-id=\"e2c0c9e\" data-element_type=\"section\">\n<p><style>.elementor-548 .elementor-element.elementor-element-6715e90 .eael-adv-accordion .eael-accordion-list .eael-accordion-header .fa-accordion-icon{font-size:16px;margin-left:10px;color:#333;}.elementor-548 .elementor-element.elementor-element-6715e90 .eael-adv-accordion .eael-accordion-list .eael-accordion-header .eael-accordion-tab-title{color:#333;}.elementor-548 .elementor-element.elementor-element-6715e90 .eael-adv-accordion .eael-accordion-list .eael-accordion-header .fa-accordion-icon-svg svg{color:#333;fill:#333;}.elementor-548 .elementor-element.elementor-element-6715e90 .eael-adv-accordion .eael-accordion-list .eael-accordion-header:hover .eael-accordion-tab-title{color:#fff;}.elementor-548 .elementor-element.elementor-element-6715e90 .eael-adv-accordion .eael-accordion-list .eael-accordion-header:hover .fa-accordion-icon{color:#fff;}.elementor-548 .elementor-element.elementor-element-6715e90 .eael-adv-accordion .eael-accordion-list .eael-accordion-header:hover .fa-accordion-icon svg{color:#fff;fill:#fff;}.elementor-548 .elementor-element.elementor-element-6715e90 .eael-adv-accordion .eael-accordion-list .eael-accordion-header.active{color:#fff;}.elementor-548 .elementor-element.elementor-element-6715e90 .eael-adv-accordion .eael-accordion-list .eael-accordion-header.active .eael-accordion-tab-title{color:#fff;}.elementor-548 .elementor-element.elementor-element-6715e90 .eael-adv-accordion .eael-accordion-list .eael-accordion-header.active .fa-accordion-icon{color:#fff;}.elementor-548 .elementor-element.elementor-element-6715e90 .eael-adv-accordion .eael-accordion-list .eael-accordion-header.active .fa-accordion-icon svg{color:#fff;fill:#fff;}.elementor-548 .elementor-element.elementor-element-6715e90 .eael-adv-accordion .eael-accordion-list .eael-accordion-content{color:#333;}.elementor-548 .elementor-element.elementor-element-6715e90 .eael-adv-accordion .eael-accordion-list .eael-accordion-header .fa-toggle, .elementor-548 .elementor-element.elementor-element-6715e90 .eael-adv-accordion .eael-accordion-list .eael-accordion-header > .fa-toggle-svg{font-size:16px;}.elementor-548 .elementor-element.elementor-element-6715e90 .eael-adv-accordion .eael-accordion-list .eael-accordion-header .fa-toggle{color:#444;}.elementor-548 .elementor-element.elementor-element-6715e90 .eael-adv-accordion .eael-accordion-list .eael-accordion-header .fa-toggle svg{color:#444;fill:#444;}.elementor-548 .elementor-element.elementor-element-6715e90 .eael-adv-accordion .eael-accordion-list .eael-accordion-header.active .fa-toggle{color:#fff;}.elementor-548 .elementor-element.elementor-element-6715e90 .eael-adv-accordion .eael-accordion-list .eael-accordion-header.active .fa-toggle svg{color:#fff;fill:#fff;}<\/style>\n<section data-id=\"507425f3\" data-element_type=\"section\">\n                Stage 1 : request reception<\/p>\n<table border=\"1\" width=\"718\" cellspacing=\"10\" cellpadding=\"10\" align=\"center\">\n<tbody align=\"center\">\n<tr>\n<td width=\"143\"><b>File deposited<\/b><\/td>\n<td width=\"144\"><b>eligibility <\/b><br \/>\n<b>recevabilit\u00e9<\/b><\/td>\n<td width=\"143\"><b>Quotation forwarding &amp; payment of fees<\/b><\/td>\n<td width=\"144\"><b>Visite pr\u00e9liminaire (facultative)<\/b><\/td>\n<td width=\"144\"><b>Signing of accreditation agreement<\/b><\/td>\n<\/tr>\n<\/tbody>\n<\/table>\n<p>                Stage 2 : Preparation of assessing team<\/p>\n<table border=\"1\" width=\"718\" cellspacing=\"10\" cellpadding=\"10\" align=\"center\">\n<tbody align=\"center\">\n<tr>\n<td width=\"175\"><b>Notification of assessing team<\/b><\/td>\n<td width=\"178\"><b>Approval <\/b><br \/>\n<b>and\/or <\/b><br \/>\n<b>recusal<\/b><\/td>\n<td width=\"179\"><b>Designation of assessing team<\/b><\/td>\n<td width=\"179\"><b>Transfer of mission orders to the team. <\/b><\/td>\n<\/tr>\n<\/tbody>\n<\/table>\n<p>                Stage 3 : On-site preparation and assessment<\/p>\n<table border=\"1\" width=\"718\" cellspacing=\"10\" cellpadding=\"10\" align=\"center\">\n<tbody align=\"center\">\n<tr>\n<td width=\"140\"><b>Establishment of assessment plan by assessing team<\/b><\/td>\n<td width=\"143\"><b>Approval by ALGERAC of assessment plan and transmitting it to CAB<\/b><\/td>\n<td width=\"143\"><b>Performing on-site assessment<\/b><\/td>\n<td width=\"143\"><b>Presentation of assessment findings<\/b><\/td>\n<td width=\"144\"><b>Evaluation and correction of the gaps.<\/b><\/td>\n<\/tr>\n<\/tbody>\n<\/table>\n<p>                Stage 4 : Decision-making<\/p>\n<table border=\"1\" width=\"718\" cellspacing=\"10\" cellpadding=\"10\" align=\"center\">\n<tbody align=\"center\">\n<tr>\n<td width=\"175\"><b>Transmitting assessment report to ALGERAC<\/b><\/td>\n<td width=\"179\"><b>Presentation and examination of assessment file by SAC<\/b><\/td>\n<td width=\"178\"><b>SAC making decision<\/b><\/td>\n<td width=\"178\"><b>Approval of certificate and technical annex<\/b><\/td>\n<\/tr>\n<\/tbody>\n<\/table>\n<p>                Stage 5 : Surveillance evaluation<\/p>\n<table border=\"1\" width=\"718\" cellspacing=\"10\" cellpadding=\"10\" align=\"center\">\n<tbody align=\"center\">\n<tr>\n<td width=\"175\"><b>Surveillance plan implementation<\/b><\/td>\n<td width=\"178\"><b>Performing of phases II, III and IV<\/b><\/td>\n<td width=\"179\"><b>Decision-taking <\/b><\/td>\n<td width=\"179\"><b>Notification of CAB<\/b><\/td>\n<\/tr>\n<\/tbody>\n<\/table>\n<\/section>\n<\/section>\n<h1>Accreditation quotations<\/h1>\n<p>For any request of accreditation, conformity assessment bodies are required to pay the corresponding fees according to procedure <u>PRO 18 established by ALGERAC.<\/u> of ALGERAC.<\/p>\n<ul>\n<li style=\"list-style-type: none;\">\n<ul>\n<li><a href=\"http:\/\/www.http:\/\/http:\/\/algerac.dz\/wp-content\/uploads\/2022\/02\/telechargement-1-1.jpg.dz\/wp-content\/uploads\/2022\/02\/telechargement-1.jpg.crea-buzz.com\/wp-content\/uploads\/2022\/03\/Tarification-Labo.docx\">Charging condition applying to (testing, analysis, calibration and medical) laboratories<\/a><\/li>\n<li><a href=\"http:\/\/www.http:\/\/http:\/\/algerac.dz\/wp-content\/uploads\/2022\/02\/telechargement-1-1.jpg.dz\/wp-content\/uploads\/2022\/02\/telechargement-1.jpg.crea-buzz.com\/wp-content\/uploads\/2022\/03\/Tarification-Inspection.docx\">Charging conditions applying to inspection bodies<\/a><\/li>\n<li><a href=\"http:\/\/www.http:\/\/http:\/\/algerac.dz\/wp-content\/uploads\/2022\/02\/telechargement-1-1.jpg.dz\/wp-content\/uploads\/2022\/02\/telechargement-1.jpg.crea-buzz.com\/wp-content\/uploads\/2022\/03\/Tarification-Certification-Produits-1.docx\">Charging conditions applying to bodies certifying products, procedures and services<\/a><\/li>\n<li><a href=\"http:\/\/www.http:\/\/http:\/\/algerac.dz\/wp-content\/uploads\/2022\/02\/telechargement-1-1.jpg.dz\/wp-content\/uploads\/2022\/02\/telechargement-1.jpg.crea-buzz.com\/wp-content\/uploads\/2022\/03\/Tarification-Certification-1.docx\">Charging conditions applying to management system certification bodies<\/a><\/li>\n<\/ul>\n<\/li>\n<\/ul>\n<p>Pour les demandes d&rsquo;accr\u00e9ditation \u00e9manant des organismes install\u00e9s \u00e0 l&rsquo;international, nous vous invitons \u00e0 formuler votre demande \u00e0 <a href=\"mailto:contact@http:\/\/http:\/\/algerac.dz\/wp-content\/uploads\/2022\/02\/telechargement-1-1.jpg.dz\/wp-content\/uploads\/2022\/02\/telechargement-1.jpg.dz\">contact@http:\/\/http:\/\/algerac.dz\/wp-content\/uploads\/2022\/02\/telechargement-1-1.jpg.dz\/wp-content\/uploads\/2022\/02\/telechargement-1.jpg.dz<\/a><\/p>\n<p>Le r\u00e8glement s&rsquo;effectue au nom de l\u2019Organisme Alg\u00e9rien d\u2019Accr\u00e9ditation par les moyens suivants :<\/p>\n<ul>\n<li>Bank or postal cheque,<\/li>\n<li>Bank or postal transfer,<\/li>\n<li>Remitment to ALGERAC\u2019s bank account.<\/li>\n<\/ul>","protected":false},"excerpt":{"rendered":"<p>Par d\u00e9finition, l\u2019accr\u00e9ditation est une attestation \u00e9mise par une tierce partie au profit d\u2019un organisme d\u2019\u00e9valuation de la conformit\u00e9. Cette attestation apporte la preuve formelle de la comp\u00e9tence de l\u2019organisme \u00e0 ex\u00e9cuter des t\u00e2ches sp\u00e9cifiques d\u2019\u00e9valuation de la conformit\u00e9. En d\u2019autre terme, un organisme d\u2019\u00e9valuation de la conformit\u00e9\u00a0accr\u00e9dit\u00e9\u00a0d\u00e9montre en plus de cr\u00e9er un climat de&#8230;<\/p>","protected":false},"author":1,"featured_media":0,"parent":0,"menu_order":0,"comment_status":"closed","ping_status":"closed","template":"","meta":{"_kad_post_transparent":"","_kad_post_title":"hide","_kad_post_layout":"fullwidth","_kad_post_sidebar_id":"","_kad_post_content_style":"unboxed","_kad_post_vertical_padding":"hide","_kad_post_feature":"hide","_kad_post_feature_position":"","_kad_post_header":false,"_kad_post_footer":false},"_links":{"self":[{"href":"https:\/\/algerac.dz\/en\/wp-json\/wp\/v2\/pages\/17"}],"collection":[{"href":"https:\/\/algerac.dz\/en\/wp-json\/wp\/v2\/pages"}],"about":[{"href":"https:\/\/algerac.dz\/en\/wp-json\/wp\/v2\/types\/page"}],"author":[{"embeddable":true,"href":"https:\/\/algerac.dz\/en\/wp-json\/wp\/v2\/users\/1"}],"replies":[{"embeddable":true,"href":"https:\/\/algerac.dz\/en\/wp-json\/wp\/v2\/comments?post=17"}],"version-history":[{"count":0,"href":"https:\/\/algerac.dz\/en\/wp-json\/wp\/v2\/pages\/17\/revisions"}],"wp:attachment":[{"href":"https:\/\/algerac.dz\/en\/wp-json\/wp\/v2\/media?parent=17"}],"curies":[{"name":"wp","href":"https:\/\/api.w.org\/{rel}","templated":true}]}}