{"id":10790,"date":"2023-01-25T12:26:54","date_gmt":"2023-01-25T11:26:54","guid":{"rendered":"https:\/\/algerac.dz\/?page_id=10790"},"modified":"2023-01-25T12:34:20","modified_gmt":"2023-01-25T11:34:20","slug":"expertise_douanes","status":"publish","type":"page","link":"https:\/\/algerac.dz\/en\/expertise_douanes\/","title":{"rendered":"Expertise_Douanes"},"content":{"rendered":"<div data-elementor-type=\"wp-page\" data-elementor-id=\"10790\" class=\"elementor elementor-10790\">\n\t\t\t\t\t\t<div class=\"elementor-inner\">\n\t\t\t\t<div class=\"elementor-section-wrap\">\n\t\t\t\t\t\t\t\t\t<section class=\"elementor-section elementor-top-section elementor-element elementor-element-557d43b elementor-section-boxed elementor-section-height-default elementor-section-height-default\" data-id=\"557d43b\" data-element_type=\"section\">\n\t\t\t\t\t\t<div class=\"elementor-container elementor-column-gap-default\">\n\t\t\t\t\t\t\t<div class=\"elementor-row\">\n\t\t\t\t\t<div class=\"elementor-column elementor-col-100 elementor-top-column elementor-element elementor-element-cf01f07\" data-id=\"cf01f07\" data-element_type=\"column\">\n\t\t\t<div class=\"elementor-column-wrap elementor-element-populated\">\n\t\t\t\t\t\t\t<div class=\"elementor-widget-wrap\">\n\t\t\t\t\t\t<div class=\"elementor-element elementor-element-372e8f5 elementor-widget elementor-widget-heading\" data-id=\"372e8f5\" data-element_type=\"widget\" data-widget_type=\"heading.default\">\n\t\t\t\t<div class=\"elementor-widget-container\">\n\t\t\t<h2 class=\"elementor-heading-title elementor-size-default\">Executive decree laying down the conditions and procedures for taking samples, carrying out customs analyzes and expertise and paying the related costs<\/h2>\t\t<\/div>\n\t\t\t\t<\/div>\n\t\t\t\t<div class=\"elementor-element elementor-element-5de646e elementor-widget elementor-widget-text-editor\" data-id=\"5de646e\" data-element_type=\"widget\" data-widget_type=\"text-editor.default\">\n\t\t\t\t<div class=\"elementor-widget-container\">\n\t\t\t\t\t\t\t\t<div class=\"elementor-text-editor elementor-clearfix\">\n\t\t\t\t<p class=\" translation-block\">Pursuant to Executive Decree No. 21-338 of 21 Moharram 1443 corresponding to August 30, 2021 setting the conditions and procedures for taking samples, carrying out customs analyzes and expertise and paying the related costs, the expertise and analysis of the samples taken by the departments concerned are carried out by experts and laboratories accredited by the Algerian Accreditation Body (ALGERAC), the list of which is fixed by order of the Minister in charge of finance.<\/p><p><a href=\"https:\/\/algerac.dz\/wp-content\/uploads\/2021\/11\/Decret_Executif_21-338.pdf\" target=\"_blank\" rel=\"noopener\">Consult the corresponding Executive Decree<\/a><\/p><p>\u00a0<\/p>\t\t\t\t\t<\/div>\n\t\t\t\t\t\t<\/div>\n\t\t\t\t<\/div>\n\t\t\t\t\t\t<\/div>\n\t\t\t\t\t<\/div>\n\t\t<\/div>\n\t\t\t\t\t\t\t\t<\/div>\n\t\t\t\t\t<\/div>\n\t\t<\/section>\n\t\t\t\t\t\t\t\t\t<\/div>\n\t\t\t<\/div>\n\t\t\t\t\t<\/div>","protected":false},"excerpt":{"rendered":"<p>D\u00e9cret ex\u00e9cutif fixant les conditions et les modalit\u00e9s de pr\u00e9l\u00e8vement d\u2019\u00e9chantillons, d\u2019exercice des analyses et d\u2019expertises en douane et de r\u00e8glement des frais y aff\u00e9rents En vertu du D\u00e9cret ex\u00e9cutif n\u00b0 21-338 du 21 Moharram 1443 correspondant au 30 ao\u00fbt 2021 fixant les conditions et les modalit\u00e9s de pr\u00e9l\u00e8vement d\u2019\u00e9chantillons, d\u2019exercice des analyses et d\u2019expertises&#8230;<\/p>","protected":false},"author":1,"featured_media":0,"parent":0,"menu_order":0,"comment_status":"closed","ping_status":"closed","template":"","meta":{"_kad_post_transparent":"","_kad_post_title":"hide","_kad_post_layout":"fullwidth","_kad_post_sidebar_id":"","_kad_post_content_style":"unboxed","_kad_post_vertical_padding":"hide","_kad_post_feature":"hide","_kad_post_feature_position":"","_kad_post_header":false,"_kad_post_footer":false},"_links":{"self":[{"href":"https:\/\/algerac.dz\/en\/wp-json\/wp\/v2\/pages\/10790"}],"collection":[{"href":"https:\/\/algerac.dz\/en\/wp-json\/wp\/v2\/pages"}],"about":[{"href":"https:\/\/algerac.dz\/en\/wp-json\/wp\/v2\/types\/page"}],"author":[{"embeddable":true,"href":"https:\/\/algerac.dz\/en\/wp-json\/wp\/v2\/users\/1"}],"replies":[{"embeddable":true,"href":"https:\/\/algerac.dz\/en\/wp-json\/wp\/v2\/comments?post=10790"}],"version-history":[{"count":10,"href":"https:\/\/algerac.dz\/en\/wp-json\/wp\/v2\/pages\/10790\/revisions"}],"predecessor-version":[{"id":10804,"href":"https:\/\/algerac.dz\/en\/wp-json\/wp\/v2\/pages\/10790\/revisions\/10804"}],"wp:attachment":[{"href":"https:\/\/algerac.dz\/en\/wp-json\/wp\/v2\/media?parent=10790"}],"curies":[{"name":"wp","href":"https:\/\/api.w.org\/{rel}","templated":true}]}}